{"id":62,"date":"2014-02-10T19:52:54","date_gmt":"2014-02-10T19:52:54","guid":{"rendered":"http:\/\/kursy-udt.kwiaty0.pl\/?page_id=62"},"modified":"2022-06-15T15:35:44","modified_gmt":"2022-06-15T13:35:44","slug":"uber-das-unternehmen","status":"publish","type":"page","link":"https:\/\/odk-ergon.pl\/de\/o-firmie\/","title":{"rendered":"\u00dcber das Unternehmen"},"content":{"rendered":"<div style=\"float: left; padding-right: 10px;\"><div id=\"metaslider-id-636\" style=\"max-width: 200px;\" class=\"ml-slider-3-108-0 metaslider metaslider-flex metaslider-636 ml-slider ms-theme-default nav-hidden\" role=\"region\" aria-label=\"\u00fcber-unternehmen-verkauf\" data-height=\"150\" data-width=\"200\">\n    <div id=\"metaslider_container_636\">\n        <div id=\"metaslider_636\" class=\"flexslider\">\n            <ul class='slides'>\n                <li style=\"display: block; width: 100%;\" class=\"slide-651 ms-image\" aria-roledescription=\"slide\" data-date=\"2014-04-13 12:21:19\" data-filename=\"01-sale-szkoleniowe1.jpeg\" data-slide-type=\"image\"><img loading=\"lazy\" decoding=\"async\" src=\"https:\/\/odk-ergon.pl\/wp-content\/uploads\/2014\/04\/01-sale-szkoleniowe1.jpeg\" height=\"150\" width=\"200\" alt=\"\" class=\"slider-636 slide-651 msDefaultImage\" \/><\/li>\n                <li style=\"display: none; width: 100%;\" class=\"slide-652 ms-image\" aria-roledescription=\"slide\" data-date=\"2014-04-13 12:21:19\" data-filename=\"02-sala-szkoleniowa1.jpeg\" data-slide-type=\"image\"><img loading=\"lazy\" decoding=\"async\" src=\"https:\/\/odk-ergon.pl\/wp-content\/uploads\/2014\/04\/02-sala-szkoleniowa1.jpeg\" height=\"150\" width=\"200\" alt=\"\" class=\"slider-636 slide-652 msDefaultImage\" \/><\/li>\n                <li style=\"display: none; width: 100%;\" class=\"slide-653 ms-image\" aria-roledescription=\"slide\" data-date=\"2014-04-13 12:21:21\" data-filename=\"03-sala-szkolenia-udt1.jpeg\" data-slide-type=\"image\"><img loading=\"lazy\" decoding=\"async\" src=\"https:\/\/odk-ergon.pl\/wp-content\/uploads\/2014\/04\/03-sala-szkolenia-udt1.jpeg\" height=\"150\" width=\"200\" alt=\"\" class=\"slider-636 slide-653 msDefaultImage\" \/><\/li>\n            <\/ul>\n        <\/div>\n        \n    <\/div>\n<\/div><\/div>\n<div class=\"wyjustuj\">\n<p>Das ERGON Personalschulungszentrum hat \u00fcber 15 Jahre Erfahrung in der Durchf\u00fchrung von professionellen Schulungen f\u00fcr Mitarbeiter. Wir bieten Kurse f\u00fcr Personen an, die sich beruflich qualifizieren m\u00f6chten. Wir sind spezialisiert auf G1-, G2-, G3-Schulungen und viele mehr. Wir f\u00fchren auch Schulungen durch, dank denen Sie UDT-, IP-, OHS- sowie Brandschutz- und Erste-Hilfe-Lizenzen erhalten k\u00f6nnen. Wir stellen ein professionelles Team von Trainern und Dozenten zur Verf\u00fcgung, dank dessen Wissen auf zug\u00e4ngliche Weise vermittelt wird.<\/p>\n<p>Unser Angebot umfasst Vorbereitungskurse f\u00fcr Pr\u00fcfungen, die vom T\u00dcV durchgef\u00fchrt werden, sowie verschiedene Arten von Positionspr\u00fcfungen, die beispielsweise vom Polnischen Elektroinstallationsverband (PSE) sowie vom Verband der Polnischen Mechaniker durchgef\u00fchrt werden Ingenieure (SIMP) und der Verband der Ingenieure und Techniker der Lebensmittelindustrie ( SITPS oder SITSpo\u017c). Wir bereiten uns auf Pr\u00fcfungen vor, die von anderen Einheiten durchgef\u00fchrt werden, die vom Energy Regulatory Office (ERO) ernannt werden. In unserem Land haben wir es mit vielen Pr\u00fcfungsaussch\u00fcssen zu tun, die von der Energieregulierungsbeh\u00f6rde eingesetzt werden. Wenn es um Energieprobleme und die Auswahl der Ger\u00e4te geht, k\u00fcmmert sich die UDT, die Zertifizierungsstelle f\u00fcr RES-Installateure. Daher lohnt es sich, auf unsere Professionalit\u00e4t zu vertrauen, dank derer jeder die entsprechenden Kenntnisse und F\u00e4higkeiten erwerben wird, die einen effizienten und sicheren Betrieb von Maschinen auf verschiedenen Arten von Positionen erm\u00f6glichen. Unsere Kurse finden haupts\u00e4chlich in Warschau statt, hier ist unser Hauptsitz, aber wir stehen Kunden in ganz Polen zur Verf\u00fcgung.<\/p>\n<div style=\"float: right; padding-left: 10px;\"><div id=\"metaslider-id-644\" style=\"max-width: 200px;\" class=\"ml-slider-3-108-0 metaslider metaslider-flex metaslider-644 ml-slider ms-theme-default nav-hidden nav-hidden\" role=\"region\" aria-label=\"\u00fcber-unternehmen-verkauf2\" data-height=\"150\" data-width=\"200\">\n    <div id=\"metaslider_container_644\">\n        <div id=\"metaslider_644\" class=\"flexslider\">\n            <ul class='slides'>\n                <li style=\"display: block; width: 100%;\" class=\"slide-648 ms-image\" aria-roledescription=\"slide\" data-date=\"2014-04-13 12:20:45\" data-filename=\"04-uprawnienia-udt-sale2.jpeg\" data-slide-type=\"image\"><img loading=\"lazy\" decoding=\"async\" src=\"https:\/\/odk-ergon.pl\/wp-content\/uploads\/2014\/04\/04-uprawnienia-udt-sale2.jpeg\" height=\"150\" width=\"200\" alt=\"\" class=\"slider-644 slide-648 msDefaultImage\" \/><\/li>\n                <li style=\"display: none; width: 100%;\" class=\"slide-649 ms-image\" aria-roledescription=\"slide\" data-date=\"2014-04-13 12:20:45\" data-filename=\"05-foto-szkolenia2.jpeg\" data-slide-type=\"image\"><img loading=\"lazy\" decoding=\"async\" src=\"https:\/\/odk-ergon.pl\/wp-content\/uploads\/2014\/04\/05-foto-szkolenia2.jpeg\" height=\"150\" width=\"200\" alt=\"\" class=\"slider-644 slide-649 msDefaultImage\" \/><\/li>\n                <li style=\"display: none; width: 100%;\" class=\"slide-650 ms-image\" aria-roledescription=\"slide\" data-date=\"2014-04-13 12:20:46\" data-filename=\"06-pic-ergon-warszawa2.jpeg\" data-slide-type=\"image\"><img loading=\"lazy\" decoding=\"async\" src=\"https:\/\/odk-ergon.pl\/wp-content\/uploads\/2014\/04\/06-pic-ergon-warszawa2.jpeg\" height=\"150\" width=\"200\" alt=\"\" class=\"slider-644 slide-650 msDefaultImage\" \/><\/li>\n            <\/ul>\n        <\/div>\n        \n    <\/div>\n<\/div><\/div>\n<p>Unser <a href=\"https:\/\/odk-ergon.pl\/de\/cennik\/\">Angebot<\/a> umfasst Schulungen f\u00fcr elektrische Qualifikationen wie G1-, G2-, G3-Schulungen und viele andere Einrichtungen, die vom Energy Regulatory Office (ERO) eingerichtet wurden. Abschlusspr\u00fcfungen k\u00f6nnen vor Kommissionen im ganzen Land abgelegt werden. Bei der HDS-Ausbildung zielen sie auf die Qualifizierung f\u00fcr den Beruf des hydraulischen Autokranf\u00fchrers ab. Wir haben auch Hakenliftschulungen, die von Kranqualifikationen gegeben werden, sowie Kranf\u00fchrerqualifikationen und andere UDT-Schulungen. Alle von uns durchgef\u00fchrten Kurse entsprechen unserem urspr\u00fcnglichen Lehrplan und sind auf die UDT-Pr\u00fcfungsanforderungen zugeschnitten. Daher sind unsere Trainings immer voll wirksam und garantieren eine hohe Erfolgsquote. Viele Studenten haben uns bereits vertraut, und 98% von ihnen w\u00fcrden unseren Unterricht anderen Menschen empfehlen.<\/p>\n<p>Unser ERGON Personalschulungszentrum strotzt vor Professionalit\u00e4t. Wir sind eine juristische Person, die unter der Nummer 699 \/ K \/ 95r im Register der Schulen und nicht \u00f6ffentlichen Einrichtungen der Hauptstadt Warschau eingetragen ist. Wir sind eine nicht-\u00f6ffentliche Bildungseinrichtung, die Bildungsaktivit\u00e4ten durchf\u00fchrt.<\/p>\n<p>Wir laden Sie ein, unser gesamtes Schulungsangebot kennenzulernen und unsere professionellen Dienstleistungen in Anspruch zu nehmen. Wir bieten Kurse an <a href=\"https:\/\/odk-ergon.pl\/de\/szkolenia\/szkolenia-na-suwnice\/uprawnienia\/\">UDT-Qualifikationen<\/a> und ein Kurs auf <a href=\"https:\/\/odk-ergon.pl\/de\/szkolenia\/uprawnienia-udt-tdt\/podeste-ruchome\/\">mobile Plattformen<\/a> und ADR.<\/p>\n<p><strong>Das Team des ERGON Personalschulungszentrums<\/strong><br \/>\n<em>Die Informationen auf der Website stellen kein kommerzielles Angebot dar und wurden entwickelt, damit der Schulungsteilnehmer die M\u00f6glichkeit kennt, Rechte von verschiedenen K\u00f6rperschaften in Polen zu erhalten.<\/em><\/p>\n<\/div>","protected":false},"excerpt":{"rendered":"<p>O\u015brodek Doskonalenia Kadr ERGON posiada ponad 15-letnie do\u015bwiadczenie w prowadzeniu profesjonalnych szkole\u0144 dla pracownik\u00f3w. Zapewniamy kursy dla os\u00f3b, kt\u00f3re chc\u0105 uzyska uprawnienia zawodowe. Nasz\u0105 specjalno\u015bci\u0105 s\u0105 szkolenia G1, G2, G3 oraz wiele innych. Prowadzimy tak\u017ce szkolenia, dzi\u0119ki kt\u00f3rym mo\u017cna uzyska\u0107 uprawnienia elektryczne UDT, IP, BHP, a tak\u017ce P.PO\u017b oraz zwi\u0105zane z pierwsz\u0105 pomoc\u0105. Zapewniamy profesjonaln\u0105 kadr\u0119 szkoleniowc\u00f3w i wyk\u0142adowc\u00f3w, dzi\u0119ki kt\u00f3rym wiedza przekazywana jest w przyst\u0119pny spos\u00f3b. W naszej ofercie znajduj\u0105 si\u0119 kursy przygotowuj\u0105ce do egzamin\u00f3w, jakie przeprowadza Urz\u0105d Dozoru Technicznego, a tak\u017ce r\u00f3\u017cnorodnych typ\u00f3w egzamin\u00f3w stanowiskowych, jakie prowadzi chocia\u017cby Polskie Stowarzyszenie Elektroinstalacyjne (PSE), a tak\u017ce Stowarzyszenie In\u017cynier\u00f3w Mechanik\u00f3w Polskich (SIMP) oraz Stowarzyszenie In\u017cynier\u00f3w i Technik\u00f3w Przemys\u0142u Spo\u017cywczego (SITPS lub SITSpo\u017c). Przygotowujemy do egzamin\u00f3w, jakie przeprowadzane s\u0105 przez pozosta\u0142e jednostki powo\u0142ywane przez Urz\u0105d Regulacji Energetyki (URE). W naszym kraju mamy do czynienia z wieloma komisjami egzaminacyjnymi, jakie powo\u0142uje URE. Je\u015bli chodzi o problemy energetyczne i dob\u00f3r urz\u0105dze\u0144, zajmuje si\u0119 tym UDT, to jednostka jaka jednocze\u015bnie certyfikuje instalator\u00f3w OZE. Warto, zatem zaufa\u0107 naszemu profesjonalizmowi, dzi\u0119ki czemu ka\u017cdy zyska odpowiedni\u0105 wiedz\u0119 i umiej\u0119tno\u015bci, jakie pozwol\u0105 na sprawne i bezpieczne operowanie maszynami na rozmaitych typach stanowisk. Nasze kursy to g\u0142\u00f3wnie Warszawa, tutaj mie\u015bci si\u0119 nasza siedziba, pozostajemy jednak do dyspozycji klient\u00f3w na terenie ca\u0142ej Polski. Nasza oferta zawiera szkolenia na uprawnienia elektryczne, jak chocia\u017cby szkolenia G1, G2, G3 i wiele innych instytucji, jakie s\u0105 powo\u0142ywane przez Urz\u0105d Regulacji Energetyki (URE). Ko\u0144cowe egzaminy mo\u017cna zdawa\u0107 przed komisjami na terenie ca\u0142ego kraju. Je\u015bli chodzi o szkolenia HDS, to s\u0105 one przeznaczone do uzyskania uprawnie\u0144 do pracy w przypadku stanowiska operatora [&hellip;]<\/p>\n","protected":false},"author":1,"featured_media":0,"parent":0,"menu_order":0,"comment_status":"closed","ping_status":"closed","template":"","meta":{"sfsi_plus_gutenberg_text_before_share":"","sfsi_plus_gutenberg_show_text_before_share":"","sfsi_plus_gutenberg_icon_type":"","sfsi_plus_gutenberg_icon_alignemt":"","sfsi_plus_gutenburg_max_per_row":"","footnotes":""},"class_list":["post-62","page","type-page","status-publish","hentry","has_no_thumb"],"aioseo_notices":[],"_links":{"self":[{"href":"https:\/\/odk-ergon.pl\/de\/wp-json\/wp\/v2\/pages\/62","targetHints":{"allow":["GET"]}}],"collection":[{"href":"https:\/\/odk-ergon.pl\/de\/wp-json\/wp\/v2\/pages"}],"about":[{"href":"https:\/\/odk-ergon.pl\/de\/wp-json\/wp\/v2\/types\/page"}],"author":[{"embeddable":true,"href":"https:\/\/odk-ergon.pl\/de\/wp-json\/wp\/v2\/users\/1"}],"replies":[{"embeddable":true,"href":"https:\/\/odk-ergon.pl\/de\/wp-json\/wp\/v2\/comments?post=62"}],"version-history":[{"count":51,"href":"https:\/\/odk-ergon.pl\/de\/wp-json\/wp\/v2\/pages\/62\/revisions"}],"predecessor-version":[{"id":2253,"href":"https:\/\/odk-ergon.pl\/de\/wp-json\/wp\/v2\/pages\/62\/revisions\/2253"}],"wp:attachment":[{"href":"https:\/\/odk-ergon.pl\/de\/wp-json\/wp\/v2\/media?parent=62"}],"curies":[{"name":"wp","href":"https:\/\/api.w.org\/{rel}","templated":true}]}}