{"id":1193,"date":"2014-08-07T14:54:19","date_gmt":"2014-08-07T14:54:19","guid":{"rendered":"http:\/\/odk-ergon.pl\/?page_id=1193"},"modified":"2014-08-10T18:26:00","modified_gmt":"2014-08-10T18:26:00","slug":"safety-services","status":"publish","type":"page","link":"https:\/\/odk-ergon.pl\/en\/uslugi-bhp\/","title":{"rendered":"Health and safety services"},"content":{"rendered":"<div class=\"wyjustuj\">\n<strong><a href=\"https:\/\/odk-ergon.pl\/en\/cennik\/\">Offer<\/a> ERGON Center<\/strong><br \/>\nOur health and safety inspector will comprehensively take care of health and safety in your company. At ODK ERGON, OHS services include the following works:<\/p>\n<ul>\n<li><a href=\"\/en\/safety-services\/bhp-service\/\">OHS services - including, inter alia, OHS supervision, conducting initial and periodic training, preparing the necessary documents - occupational risk assessments, job training<\/a><\/li>\n<li><a href=\"\/en\/safety-services\/management\/\">management in the framework of occupational health and safety according to PN-N-18001 and OHSAS 18001 standards<\/a><\/li>\n<li><a href=\"\/en\/safety-services\/risk-assessment\/\">occupational risk assessment - we use various methodologies<\/a><\/li>\n<li><a href=\"\/en\/safety-services\/accident-proceedings\/\">post-accident proceedings - determining the causes of accidents and preparing documentation<\/a><\/li>\n<li><a href=\"\/en\/safety-services\/environmental-research\/\">environmental tests - measurements at the workplace<\/a><\/li>\n<li><a href=\"\/en\/safety-services\/audit-safety-and-fire-protection\/\">OHS and fire protection audit<\/a><\/li>\n<li><a href=\"\/en\/safety-services\/certification-machines\/\">machine certification<\/a><\/li>\n<li><a href=\"\/en\/safety-services\/assessment-of-positions-for-disabled-people\/\">assessment of workplaces for disabled people<\/a><\/li>\n<li><a href=\"\/en\/safety-services\/ergonomic-evaluation\/\">ergonomic assessment<\/a><\/li>\n<li><a href=\"\/en\/safety-services\/psychosocial-risk-assessment\/\">assessment of psychosocial risks<\/a><\/li>\n<\/ul>\n<div style=\"float:left; padding-right:10px;\"><img decoding=\"async\" src=\"\/wp-content\/uploads\/2014\/08\/uslugi-bhp-ergon-warszawa.jpg\" alt=\"\"><\/div>\n<p>The ERGON Kadr Training Center is a comprehensive health and safety service for companies. Our main goal is to provide support to our clients, always in accordance with the latest legal regulations, at affordable prices and in a reliable, timely and professional manner. You cannot save on safety, because it is responsible for the proper operation of the entire enterprise - that is why it is so important to develop appropriate instructions and training employees to ensure that all activities are carried out in accordance with the recommendations and reduce the risk of accidents at work. Our health and safety specialist will help you to ensure safety and work hygiene in the company. Now, in accordance with the regulations of the European Union, employers are obliged to provide their employees, and also themselves, with the appropriate preparation to take up work in each position. However, not only do we conduct initial and periodic training, but also our offer includes a full range of occupational health and safety activities that are required of entrepreneurs. Our employees have all the necessary health and safety qualifications, thanks to which they can provide a full range of services. We also meet all the requirements of the Work Safety Consulting Department.<\/p>\n<p><strong>Comprehensive solutions<\/strong><br \/>\nWe have over 20 years of experience in the OHS industry in Warsaw. As a health and safety company, we initially offered advisory and supervisory services, then expanded them to include training services. Now we provide our clients with full assistance, always individually tailored. We operate as OHS outsourcing - we provide services as a subcontractor, i.e. an external company. As a result, our clients do not have to employ their own employees who are responsible for occupational health and safety issues in the company.<\/p>\n<p><strong>Individually selected service at affordable prices<\/strong><br \/>\nWe do not operate like other health and safety companies, but we focus on precisely and individually tailored solutions, and the wide range of our services allows us to provide them with full support to virtually every enterprise, regardless of its nature of activity.<\/p>\n<p>At the same time, our services are distinguished by an attractive price. We do not use rigid price lists for services, and for each client we prepare a special service quote in accordance with his wishes. When choosing our service, you do not have to overpay - as an outsourcing company, we are always available when needed, but at the same time our services are not associated with such high costs as employing our own employees who would work in this area.<\/p>\n<p>We provide services mainly in Warsaw, where the headquarters of ODK ERGON is located, but we are also able to reach you throughout the Masovian Voivodeship and Poland. We are a flexible company, adapted to the expectations and needs of customers, which is why cooperation with us is always successful, as evidenced by our positive references and the constantly growing number of customers. If you have any questions related to our services, please contact us via the contact form via e-mail or by phone. We will try to answer them as soon as possible.<\/p>\n<p>ERGON Personnel Training Center - OHS services Warsaw - we encourage you to use our services!<\/p>\n<\/div>","protected":false},"excerpt":{"rendered":"<p>Oferta O\u015brodka ERGON Nasz inspektor BHP zadba wszechstronnie o bezpiecze\u0144stwo i higien\u0119 pracy w Pa\u0144stwa firmie. W ODK ERGON us\u0142ugi BHP obejmuj\u0105 nast\u0119puj\u0105ce prace: obs\u0142uga BHP \u2013 w tym mi\u0119dzy innymi nadz\u00f3r BHP, prowadzenie szkole\u0144 wst\u0119pnych i okresowych, sporz\u0105dzanie niezb\u0119dnych dokument\u00f3w \u2013 oceny ryzyka zawodowego, instrukta\u017ce stanowiskowe zarz\u0105dzanie w ramach bezpiecze\u0144stwa i higieny pracy wg norm PN-N-18001 i OHSAS 18001 oceny ryzyka zawodowego \u2013 wykorzystujemy r\u00f3\u017cne metodologie post\u0119powanie powypadkowe \u2013 ustalanie przyczyn wypadk\u00f3w i sporz\u0105dzanie dokumentacji badania \u015brodowiskowe \u2013 pomiary na stanowisku pracy audyt BHP i PPO\u017b certyfikacja maszyn ocena stanowisk pracy dla os\u00f3b niepe\u0142nosprawnych ocena ergonomiczna ocena zagro\u017ce\u0144 psychospo\u0142ecznych O\u015brodek Doskonalenia Kadr ERGON to kompleksowa obs\u0142uga BHP dla firm. Naszym g\u0142\u00f3wnym celem jest niesienie wsparcia naszym klientom, zawsze zgodnie z najnowszymi przepisami prawa, w przyst\u0119pnych cenach oraz rzetelnie, terminowo i profesjonalnie.Na bezpiecze\u0144stwie nie mo\u017cna oszcz\u0119dza\u0107, poniewa\u017c to ono odpowiedzialne jest za prawid\u0142owe dzia\u0142anie ca\u0142ego przedsi\u0119biorstwa \u2013 w\u0142a\u015bnie dlatego tak wa\u017cne jest wypracowanie odpowiednich instrukcji oraz przeszkolenie pracownik\u00f3w, aby wszystkie czynno\u015bci realizowane by\u0142y zgodnie z zaleceniami i zmniejsza\u0142y ryzyko wyst\u0105pienia wypadk\u00f3w przy pracy.Nasz specjalista ds. BHP pomo\u017ce Pa\u0144stwu w zadbaniu o bezpiecze\u0144stwo i hien\u0119 pracy w firmie. Teraz, zgodnie z przepisami Unii Europejskiej, pracodawcy maj\u0105 obowi\u0105zek zapewni\u0107 swoim pracownikom, a tak\u017ce sobie, odpowiednie przygotowanie do podj\u0119cia pracy na ka\u017cdym stanowisku. Jednak nie tylko prowadzimy szkolenia wst\u0119pne i okresowe, ale dodatkowo nasza oferta w\u0142\u0105cza pe\u0142n\u0105 gam\u0119 czynno\u015bci w ramach bezpiecze\u0144stwa i higieny pracy, kt\u00f3re wymagane s\u0105 od przedsi\u0119biorc\u00f3w. Nasi pracownicy posiadaj\u0105 wszystkie niezb\u0119dne uprawnienia BHP, dzi\u0119ki kt\u00f3rym mog\u0105 \u015bwiadczy\u0107 pe\u0142en zakres us\u0142ug. Tak\u017ce spe\u0142niamy wszystkie wymogi [&hellip;]<\/p>\n","protected":false},"author":1,"featured_media":0,"parent":0,"menu_order":6,"comment_status":"closed","ping_status":"closed","template":"","meta":{"sfsi_plus_gutenberg_text_before_share":"","sfsi_plus_gutenberg_show_text_before_share":"","sfsi_plus_gutenberg_icon_type":"","sfsi_plus_gutenberg_icon_alignemt":"","sfsi_plus_gutenburg_max_per_row":"","footnotes":""},"class_list":["post-1193","page","type-page","status-publish","hentry","has_thumb"],"aioseo_notices":[],"_links":{"self":[{"href":"https:\/\/odk-ergon.pl\/en\/wp-json\/wp\/v2\/pages\/1193","targetHints":{"allow":["GET"]}}],"collection":[{"href":"https:\/\/odk-ergon.pl\/en\/wp-json\/wp\/v2\/pages"}],"about":[{"href":"https:\/\/odk-ergon.pl\/en\/wp-json\/wp\/v2\/types\/page"}],"author":[{"embeddable":true,"href":"https:\/\/odk-ergon.pl\/en\/wp-json\/wp\/v2\/users\/1"}],"replies":[{"embeddable":true,"href":"https:\/\/odk-ergon.pl\/en\/wp-json\/wp\/v2\/comments?post=1193"}],"version-history":[{"count":7,"href":"https:\/\/odk-ergon.pl\/en\/wp-json\/wp\/v2\/pages\/1193\/revisions"}],"predecessor-version":[{"id":1517,"href":"https:\/\/odk-ergon.pl\/en\/wp-json\/wp\/v2\/pages\/1193\/revisions\/1517"}],"wp:attachment":[{"href":"https:\/\/odk-ergon.pl\/en\/wp-json\/wp\/v2\/media?parent=1193"}],"curies":[{"name":"wp","href":"https:\/\/api.w.org\/{rel}","templated":true}]}}