{"id":1220,"date":"2014-08-07T15:08:17","date_gmt":"2014-08-07T15:08:17","guid":{"rendered":"http:\/\/odk-ergon.pl\/?page_id=1220"},"modified":"2021-07-17T20:45:38","modified_gmt":"2021-07-17T19:45:38","slug":"first-aid-course-warszawa","status":"publish","type":"page","link":"https:\/\/odk-ergon.pl\/en\/szkolenia\/kurs-pierwszej-pomocy-warszawa\/","title":{"rendered":"First aid course"},"content":{"rendered":"<div style=\"float: left; padding-right: 10px;\"><img decoding=\"async\" src=\"\/wp-content\/uploads\/2014\/08\/medycyna_m.jpg\" alt=\"\" \/><\/div>\n<div class=\"wyjustuj\">\n<p>At the ERGON Personnel Training Center, we offer first aid training at our headquarters in the city of Warsaw and on the move in any place you choose. We conduct a qualified first aid course based on the latest legal regulations. Those of you who want to choose a first aid course are welcome to use our services!<\/p>\n<p>According to Art. 209 \u00a7 1 point 2 of the Labor Code, all employers are required to appoint employees who will undergo a first aid course and whose tasks in the workplace will include first aid. On the basis of these regulations, we offer you a first aid training in our Center, which will help you meet the legal requirements presented.<\/p>\n<p>Each &quot;First aid in life and health emergency&quot; classes includes theoretical and practical parts. A specially developed curriculum allows students to get acquainted with all aspects of the topic. During the classes, we use special training equipment, including modern mannequins, including phantoms, thanks to which the qualified first aid course provides participants with complete competences. Experienced lifeguard instructors with many years of experience in the profession watch over the course all the time.<\/p>\n<p>Form of classes: lectures and practical exercises<br \/>\nDuration of classes: 5 lessons of 45 minutes<br \/>\nPlace of classes: Warsaw or other places indicated by the client<\/p>\n<h2><strong>Standard topics covered in our First Aid courses include:<\/strong><\/h2>\n<ul>\n<li>legal aspects<\/li>\n<li>the contents of the first aid kit<\/li>\n<li>emergency numbers with a description of the rules for calling an ambulance<\/li>\n<li>adequate security of the place of the event<\/li>\n<li>rules for evacuating the injured<\/li>\n<li>presentation of the method of cardiopulmonary resuscitation (checking the basic life activities of the victim, his state of consciousness, principles of heart massage, mouth-to-mouth ventilation)<\/li>\n<li>presentation of the method of cardiopulmonary resuscitation in children<\/li>\n<li>the rules of positioning the casualty in a safe side position<\/li>\n<li>rules related to the treatment of various types of injuries - bleeding, burns, frostbite, fractures, injuries of the abdominal cavity, head, chest, foreign bodies in the wound, traumatic amputation<\/li>\n<li>rules of conduct in the following cases - epilepsy, poisoning, fainting, myocardial infarction, choking, electric shock or lightning<\/li>\n<\/ul>\n<h3><strong>Our First Aid course includes the following practical lessons:<\/strong><\/h3>\n<ul>\n<li>cardiopulmonary resuscitation<\/li>\n<li>selection of casualties and organization of evacuation<\/li>\n<li>proceedings in traffic accidents<\/li>\n<li>determining the safe side position<\/li>\n<li>rules of conduct in the case of suspected spine damage<\/li>\n<li>proceedings in the case of drowning, fainting, electric shock, choking, epilepsy attacks<\/li>\n<\/ul>\n<p>We run first aid courses as open - they are available to anyone interested, and also closed - for designated groups of employees or other established groups. In the case of closed groups, we are able to prepare a qualified first aid course individually tailored to the needs of the client. We run courses at our headquarters in the city of Warsaw, but also according to your wishes, we are able to reach the place in the Masovian Voivodeship and all over Poland.<\/p>\n<p>We make sure that the price of our classes is always affordable for you. In the case of organizing training for a larger group, we offer attractive discounts. Please contact us and our employees will prepare a service quote for you. We will also answer all your questions related to the classes.<\/p>\n<p>The classes &quot;First aid in life and health emergency&quot; provide useful skills that are worth knowing, because it is thanks to them that you can help the injured and save lives. With us, you can get to know them comprehensively in theory and in practice, and from specialists in their field.<\/p>\n<p>We invite you to trainings in ours <a href=\"https:\/\/odk-ergon.pl\/en\/o-firmie\/\">ERGON Personnel Training Center<\/a>!<\/p>\n<\/div>","protected":false},"excerpt":{"rendered":"<p>W O\u015brodku Doskonalenia Kadr ERGON oferujemy Pa\u0144stwu szkolenia pierwsza pomoc w naszej siedzibie w mie\u015bcie Warszawa oraz wyjazdowo w dowolnie wskazanym miejscu. Prowadzimy kurs kwalifikowanej pierwszej pomocy na bazie najnowszych przepis\u00f3w prawa. Tych z Pa\u0144stwa, kt\u00f3rzy chc\u0105 wybra\u0107 kurs pierwszej pomocy, zapraszamy do skorzystania z naszych us\u0142ug! Wed\u0142ug art. 209 \u00a7 1 pkt. 2 Kodeksu pracy wszyscy pracodawcy s\u0105 zobowi\u0105zani do wyznaczenia pracownik\u00f3w, kt\u00f3rzy odb\u0119d\u0105 kurs pierwszej pomocy i do kt\u00f3rych zada\u0144 w zak\u0142adzie pracy b\u0119dzie nale\u017ca\u0142a pierwsza pomoc. Na podstawie tych przepis\u00f3w proponujemy Pa\u0144stwu zrealizowanie szkolenia pierwsza pomoc w naszym O\u015brodku, kt\u00f3re pomo\u017ce Pa\u0144stwu w spe\u0142nieniu przedstawionych wymog\u00f3w prawnych. Ka\u017cde zaj\u0119cia \u201ePierwsza pomoc w stanach zagro\u017cenia \u017cycia i zdrowia\u201d w\u0142\u0105czaj\u0105 cz\u0119\u015b\u0107 teoretyczn\u0105 oraz cz\u0119\u015b\u0107 praktyczn\u0105. Specjalnie dopracowany program nauczania pozwala kursantom na zapoznanie si\u0119 ze wszystkimi aspektami tematu. Podczas zaj\u0119\u0107 wykorzystujemy specjalny sprz\u0119t szkoleniowy, w tym nowoczesne manekiny, w tym fantomy, dzi\u0119ki kt\u00f3rym kurs kwalifikowanej pierwszej pomocy przekazuje kompletne kompetencje uczestnikom. Nad przebiegiem przez ca\u0142y czas czuwaj\u0105 do\u015bwiadczeni instruktorzy ratownicy z wieloletnim sta\u017cem w zawodzie. Forma zaj\u0119\u0107: wyk\u0142ady i \u0107wiczenia praktyczne Czas trwania zaj\u0119\u0107: 5 lekcji po 45 minut Miejsce zaj\u0119\u0107: Warszawa lub inne wskazane przez klienta Standardowy zakres tematyczny, kt\u00f3ry obejmuj\u0105 nasze kursy pierwszej pomocy, to mi\u0119dzy innymi: aspekty prawne zawarto\u015b\u0107 apteczki numery ratunkowe wraz z opisem zasad wzywania karetki pogotowia ratunkowego odpowiednie zabezpieczenie miejsca zdarzenia regu\u0142y prowadzenia ewakuacji os\u00f3b poszkodowanych przedstawienie metody resuscytacji kr\u0105\u017ceniowo-oddechowej (sprawdzanie podstawowych czynno\u015bci \u017cyciowych poszkodowanego, jego stanu \u015bwiadomo\u015bci, zasady wykonania masa\u017cu serca, prowadzenia wentylacji usta-usta) przedstawienie metody resuscytacji kr\u0105\u017ceniowo-oddechowej u dzieci zasady ustawiania poszkodowanego w pozycji bocznej bezpiecznej [&hellip;]<\/p>\n","protected":false},"author":1,"featured_media":1408,"parent":65,"menu_order":1,"comment_status":"closed","ping_status":"closed","template":"","meta":{"sfsi_plus_gutenberg_text_before_share":"","sfsi_plus_gutenberg_show_text_before_share":"","sfsi_plus_gutenberg_icon_type":"","sfsi_plus_gutenberg_icon_alignemt":"","sfsi_plus_gutenburg_max_per_row":"","footnotes":""},"class_list":["post-1220","page","type-page","status-publish","has-post-thumbnail","hentry","has_thumb"],"aioseo_notices":[],"_links":{"self":[{"href":"https:\/\/odk-ergon.pl\/en\/wp-json\/wp\/v2\/pages\/1220","targetHints":{"allow":["GET"]}}],"collection":[{"href":"https:\/\/odk-ergon.pl\/en\/wp-json\/wp\/v2\/pages"}],"about":[{"href":"https:\/\/odk-ergon.pl\/en\/wp-json\/wp\/v2\/types\/page"}],"author":[{"embeddable":true,"href":"https:\/\/odk-ergon.pl\/en\/wp-json\/wp\/v2\/users\/1"}],"replies":[{"embeddable":true,"href":"https:\/\/odk-ergon.pl\/en\/wp-json\/wp\/v2\/comments?post=1220"}],"version-history":[{"count":6,"href":"https:\/\/odk-ergon.pl\/en\/wp-json\/wp\/v2\/pages\/1220\/revisions"}],"predecessor-version":[{"id":1808,"href":"https:\/\/odk-ergon.pl\/en\/wp-json\/wp\/v2\/pages\/1220\/revisions\/1808"}],"up":[{"embeddable":true,"href":"https:\/\/odk-ergon.pl\/en\/wp-json\/wp\/v2\/pages\/65"}],"wp:featuredmedia":[{"embeddable":true,"href":"https:\/\/odk-ergon.pl\/en\/wp-json\/wp\/v2\/media\/1408"}],"wp:attachment":[{"href":"https:\/\/odk-ergon.pl\/en\/wp-json\/wp\/v2\/media?parent=1220"}],"curies":[{"name":"wp","href":"https:\/\/api.w.org\/{rel}","templated":true}]}}