{"id":1245,"date":"2014-08-07T15:25:10","date_gmt":"2014-08-07T15:25:10","guid":{"rendered":"http:\/\/odk-ergon.pl\/?page_id=1245"},"modified":"2021-07-17T20:38:31","modified_gmt":"2021-07-17T19:38:31","slug":"permissions-fire","status":"publish","type":"page","link":"https:\/\/odk-ergon.pl\/en\/baza-wiedzy\/uprawnienia-ppoz\/","title":{"rendered":"Fire safety permissions"},"content":{"rendered":"<div style=\"float: left; padding-right: 10px;\"><img decoding=\"async\" src=\"\/wp-content\/uploads\/2014\/08\/uprawnienia-pozarowe.jpg\" alt=\"\" \/><\/div>\n<div class=\"wyjustuj\">\n<p>In order to obtain appropriate fire protection qualifications, one must, in particular, have appropriate education.<\/p>\n<h2><strong>Permissions can be obtained in two ways:<\/strong><\/h2>\n<ul>\n<li>graduation from a firefighting school, for example the Main School of Fire Service in Warsaw or the School of Aspirants of the State Fire Service in Krak\u00f3w, Pozna\u0144 at the Central School of the State Fire Service in Cz\u0119stochowa. After completing education at the Warsaw school, the participant obtains the title of fire engineer, while in the case of aspirant schools it is the title of fire technician<\/li>\n<li>completion of courses organized by training centers and fire schools located at the Provincial Headquarters of the State Fire Service. After completing the course, the participant receives the title of fire protection specialist if he \/ she attended a course organized by the Main School of Fire Service. For other schools, he receives the title of a fire protection inspector<\/li>\n<\/ul>\n<h2><strong>Inspector and fire protection specialist<\/strong><\/h2>\n<p>The differences between the two positions lie in different powers. The inspector is authorized to carry out activities within the scope of <a href=\"https:\/\/odk-ergon.pl\/en\/szkolenia\/szkolenie-ppoz-przeciwpozarowe\/\">Fire<\/a>which relate to the obligations of the owner of a building, construction object or a given area, while a specialist in this field has broader qualifications that entitle him to work also in other areas, for example in a commune or voivodeship.<\/p>\n<p>The validity of the obtained fire protection qualifications is 5 years. After this period, you should refresh your knowledge by participating in the next training.<\/p>\n<\/div>","protected":false},"excerpt":{"rendered":"<p>In order to obtain the appropriate fire protection qualifications, one must, in particular, have appropriate education. Permissions can be obtained in two ways: graduation from a fire school, for example the Main School of Fire Service in Warsaw or the School of Aspirants of the State Fire Service in Krak\u00f3w, Pozna\u0144 at the Central School of the State Fire Service in Cz\u0119stochowa. After completing education at the Warsaw school, the participant obtains the title of fire engineer, while in the case of aspirant schools, it is the title of fire technician - completion of courses organized by training centers and fire schools located at the Provincial Headquarters of the State Fire Service. After completing the course, the participant receives the title of fire protection specialist if he \/ she attended a course organized by the Main School of Fire Service. For the remaining schools, he receives the title of a fire protection inspector. Inspector and a fire protection specialist. The differences between the two positions lie in different powers. The inspector is authorized to carry out activities in the field of fire protection that relate to the obligations of the owner of the building, construction object or a given area, while a specialist in this field has broader qualifications that authorize him to work also in other areas, for example in a commune or voivodeship. The obtained fire protection qualifications are valid for 5 years. After this period, you should refresh your knowledge by participating in the next training.<\/p>","protected":false},"author":1,"featured_media":1372,"parent":1226,"menu_order":5,"comment_status":"closed","ping_status":"closed","template":"","meta":{"sfsi_plus_gutenberg_text_before_share":"","sfsi_plus_gutenberg_show_text_before_share":"","sfsi_plus_gutenberg_icon_type":"","sfsi_plus_gutenberg_icon_alignemt":"","sfsi_plus_gutenburg_max_per_row":"","footnotes":""},"class_list":["post-1245","page","type-page","status-publish","has-post-thumbnail","hentry","has_thumb"],"aioseo_notices":[],"_links":{"self":[{"href":"https:\/\/odk-ergon.pl\/en\/wp-json\/wp\/v2\/pages\/1245","targetHints":{"allow":["GET"]}}],"collection":[{"href":"https:\/\/odk-ergon.pl\/en\/wp-json\/wp\/v2\/pages"}],"about":[{"href":"https:\/\/odk-ergon.pl\/en\/wp-json\/wp\/v2\/types\/page"}],"author":[{"embeddable":true,"href":"https:\/\/odk-ergon.pl\/en\/wp-json\/wp\/v2\/users\/1"}],"replies":[{"embeddable":true,"href":"https:\/\/odk-ergon.pl\/en\/wp-json\/wp\/v2\/comments?post=1245"}],"version-history":[{"count":4,"href":"https:\/\/odk-ergon.pl\/en\/wp-json\/wp\/v2\/pages\/1245\/revisions"}],"predecessor-version":[{"id":1803,"href":"https:\/\/odk-ergon.pl\/en\/wp-json\/wp\/v2\/pages\/1245\/revisions\/1803"}],"up":[{"embeddable":true,"href":"https:\/\/odk-ergon.pl\/en\/wp-json\/wp\/v2\/pages\/1226"}],"wp:featuredmedia":[{"embeddable":true,"href":"https:\/\/odk-ergon.pl\/en\/wp-json\/wp\/v2\/media\/1372"}],"wp:attachment":[{"href":"https:\/\/odk-ergon.pl\/en\/wp-json\/wp\/v2\/media?parent=1245"}],"curies":[{"name":"wp","href":"https:\/\/api.w.org\/{rel}","templated":true}]}}