{"id":1567,"date":"2016-11-19T19:40:52","date_gmt":"2016-11-19T19:40:52","guid":{"rendered":"http:\/\/odk-ergon.pl\/?page_id=1567"},"modified":"2022-06-15T13:43:53","modified_gmt":"2022-06-15T11:43:53","slug":"training-sep","status":"publish","type":"page","link":"https:\/\/odk-ergon.pl\/en\/szkolenia\/szkolenia-sep\/","title":{"rendered":"G1, G2, G3 trainings"},"content":{"rendered":"<div style=\"float: left; margin-right: 5px; margin-bottom: 10px; text-align: justify;\"><div id=\"metaslider-id-1537\" style=\"max-width: 200px;\" class=\"ml-slider-3-108-0 metaslider metaslider-flex metaslider-1537 ml-slider ms-theme-default nav-hidden\" role=\"region\" aria-label=\"VULTURE\" data-height=\"150\" data-width=\"200\">\n    <div id=\"metaslider_container_1537\">\n        <div id=\"metaslider_1537\" class=\"flexslider\">\n            <ul class='slides'>\n                <li style=\"display: block; width: 100%;\" class=\"slide-1538 ms-image\" aria-roledescription=\"slide\" data-date=\"2016-11-19 19:03:38\" data-filename=\"current-1391747_640-200x150.jpg\" data-slide-type=\"image\"><img loading=\"lazy\" decoding=\"async\" src=\"https:\/\/odk-ergon.pl\/wp-content\/uploads\/2016\/11\/current-1391747_640-200x150.jpg\" height=\"150\" width=\"200\" alt=\"\" class=\"slider-1537 slide-1538 msDefaultImage\" \/><\/li>\n                <li style=\"display: none; width: 100%;\" class=\"slide-1398 ms-image\" aria-roledescription=\"slide\" data-date=\"2014-08-08 13:13:08\" data-filename=\"1-certyfikacja-maszyn.jpg\" data-slide-type=\"image\"><img loading=\"lazy\" decoding=\"async\" src=\"https:\/\/odk-ergon.pl\/wp-content\/uploads\/2014\/08\/1-certyfikacja-maszyn.jpg\" height=\"150\" width=\"200\" alt=\"\" class=\"slider-1537 slide-1398 msDefaultImage\" \/><\/li>\n                <li style=\"display: none; width: 100%;\" class=\"slide-1539 ms-image\" aria-roledescription=\"slide\" data-date=\"2016-11-19 19:04:45\" data-filename=\"electrician-1080573_640-200x150.jpg\" data-slide-type=\"image\"><img loading=\"lazy\" decoding=\"async\" src=\"https:\/\/odk-ergon.pl\/wp-content\/uploads\/2016\/11\/electrician-1080573_640-200x150.jpg\" height=\"150\" width=\"200\" alt=\"\" class=\"slider-1537 slide-1539 msDefaultImage\" \/><\/li>\n                <li style=\"display: none; width: 100%;\" class=\"slide-1540 ms-image\" aria-roledescription=\"slide\" data-date=\"2016-11-19 19:05:08\" data-filename=\"electric-948208_640-e1479583762925-200x150.jpg\" data-slide-type=\"image\"><img loading=\"lazy\" decoding=\"async\" src=\"https:\/\/odk-ergon.pl\/wp-content\/uploads\/2016\/11\/electric-948208_640-e1479583762925-200x150.jpg\" height=\"150\" width=\"200\" alt=\"\" class=\"slider-1537 slide-1540 msDefaultImage\" \/><\/li>\n            <\/ul>\n        <\/div>\n        \n    <\/div>\n<\/div><\/div>\n<p><a href=\"https:\/\/odk-ergon.pl\/en\/o-firmie\/\">ERGON Personnel Training Center<\/a> are professional preparation courses for exams before SEP, PSE, SIMP and SITPS committees, which ensure obtaining the right, as well as professional certificates awarded by the Polish Association of Electrical Installations (PSE). It is therefore worthwhile to bet on our modern preparation courses for exams before SEP, PSE, SIMP and SITPS committees. We also provide courses that allow you to obtain certificates awarded by the Association of Polish Mechanics Engineers (SIMP), the Association of Food Industry Engineers and Technicians (SITPS or SITSpo\u017c) and many other committees appointed by the Energy Regulatory Office (URE).<br \/>\n<strong>We provide, among others:<\/strong><\/p>\n<ul>\n<li>G-1 course - in the field of power engineering,<\/li>\n<li>G-2 course - in the field of heat,<\/li>\n<li>G-3 course - in the field of gases.<\/li>\n<\/ul>\n<p>The Association of Polish Electrical Engineers is an organization known as SEP, dealing with the integration of people working in the profession of electrician. Its mission is also to educate and popularize issues in the field of power engineering.<\/p>\n<p>As for the Polish Electrical Installation Association, the beginnings date back to 2007, when it was initiated by the largest companies dealing with electrical installations in Poland.<\/p>\n<p>The Association of Polish Mechanics Engineers and Technicians was founded in 1926 by Professor Henryk Mierzejewski. This group includes engineers and technicians, as well as mechanics of various specialties.<\/p>\n<p>In the case of the Association of Food Industry Engineers and Technicians, the history dates back to 1946. It is an entity whose task is to develop science and technology in relation to the food economy.<\/p>\n<p>All associations have separate examination boards. Final exams are carried out in accordance with the standards of energy law. In this way, you can obtain electrical building qualifications and certificates necessary for this profession.<\/p>\n<p>The Ministry of Energy deals with issues related to the broadly understood energy industry. We are dealing here with arrangements in terms of energy policy and strategy, as well as in terms of the energy market and alternative energy sources. UDT, in turn, deals with the selection of appropriate devices.<\/p>\n<p>The energy law regulates that people who want to work with power grid installations should have appropriate electrical qualifications. Most often, we deal with such requirements as qualifications that can be obtained through a course preparing for exams before SEP, PSE, SIMP, SITPS committees. Finally, we are dealing with an exam that can be taken in committees all over Poland, and then the appropriate qualifications are obtained.<\/p>\n<p>In our center, we offer modern and effective training to prepare for exams before SEP, PSE, SIMP, SITPS, and many others. At the end, anyone can get the privileges they want. This is a necessary condition for people who want to obtain electrical qualifications up to 1 kV.<br \/>\nThe preparation for exams organized by us before SEP, PSE, SIMP, SITPS and many other committees is both practical and theoretical. We have here issues related to energy, heating and gas installations. During our classes, everyone can gain appropriate preparation to be eligible for exams before SEP, PSE, SIMP, SITPS committees, and also learn a lot, which can then be used in later work.<\/p>\n<h2>G-1 course - electric power engineering<\/h2>\n<p>We encourage you to take part in our training courses which prepare you to obtain the 1 kV license. In this way, you can work with the operation and supervision of devices and power networks. As part of this training, each student can gain knowledge in the field of:<\/p>\n<ul>\n<li>\u00a0manual and documentation of operation and techniques,<\/li>\n<li>\u00a0control and measurement works,<\/li>\n<li>\u00a0design and operation as well as technical conditions of devices, networks and installations,<\/li>\n<li>\u00a0connections for installations and devices,<\/li>\n<li>\u00a0networking and device installation support.<\/li>\n<\/ul>\n<h2>G-2 course - warm<\/h2>\n<p>As part of this training, we provide specific theoretical knowledge and practical classes, thanks to which you can learn how to work with the operation and supervision of devices, the work of which is based on heat. As part of these classes, the student will gain knowledge in the following areas:<\/p>\n<ul>\n<li>Health and Safety i <a href=\"https:\/\/odk-ergon.pl\/en\/szkolenia\/kurs-pierwszej-pomocy-warszawa\/\">first aid<\/a>,<\/li>\n<li>control and measurements,<\/li>\n<li>technical and operational manual and documentation<\/li>\n<li>operating rules,<\/li>\n<li>programming of networks, devices and installations,<\/li>\n<li>technical conditions for devices, networks and installations,<\/li>\n<li>connecting installations and devices to the network.<\/li>\n<\/ul>\n<h2>G-3 course - gases<\/h2>\n<h3>Energy qualifications of ODK Ergon<\/h3>\n<p>The training is dedicated to people who want to deal with the operation and supervision of networks, installations and gas devices. Their function is to produce, process, as well as store, transport and consume gas. As part of this course, the participant will gain knowledge in the field of:<\/p>\n<ul>\n<li>OHS and first aid,<\/li>\n<li>measurements and controls,<\/li>\n<li>operating regulations,<\/li>\n<li>operating and technical manuals and documentation,<\/li>\n<li>design and operation of devices, networks and installations,<\/li>\n<li>programming of installations, networks and devices,<\/li>\n<li>connection and assembly of devices, installation in the network.<\/li>\n<\/ul>\n<p>Today, the license is issued for 5 years, then you need to undergo another refresher training and pass the final exam.<\/p>\n<p>Our center is full of professionalism and specific courses dedicated to workplaces, corresponding to the needs of our clients. We encourage you to take advantage of our offer in the field of closed training, provided by electrical building qualifications, as well as the knowledge and practice that we care about the most.<\/p>\n<p>We employ the best, qualified specialists, thanks to whom everyone can sign up for exam preparation courses before SEP, PSE, SIMP, SITPS committees, <a href=\"https:\/\/odk-ergon.pl\/en\/cennik\/\">price<\/a> it is very beneficial, so it is worth trusting our company.<\/p>\n<p>ERGON Personnel Training Center in Warsaw and the whole of Poland. Always the lowest prices! <a href=\"https:\/\/odk-ergon.pl\/en\/kontakt\/\">We cordially invite you!<\/a><\/p>\n<p><em>The information on the website does not constitute a commercial offer and has been developed so that the trainee can be aware of the possibility of obtaining qualifications from various electrician training entities.<\/em><\/p>","protected":false},"excerpt":{"rendered":"<p>O\u015brodek Doskonalenia Kadr ERGON to profesjonalne kursy przygotowuj\u0105ce do egzamin\u00f3w przed komisjami SEP, PSE, SIMP, SITPS, jakie zapewniaj\u0105 uzyskanie uprawnienia, a tak\u017ce certyfikaty zawodowe przyznawane przez Polskie Stowarzyszenie Elektroinstalacyjne (PSE). Warto, zatem postawi\u0107 na nasze nowoczesne kursy przygotowuj\u0105ce do egzamin\u00f3w przed komisjami SEP, PSE, SIMP, SITPS. Zapewniamy tak\u017ce kursy, dzi\u0119ki kt\u00f3rym mo\u017cna zyska\u0107 certyfikaty nadawane przez Stowarzyszenie In\u017cynier\u00f3w Mechanik\u00f3w Polskich (SIMP), Stowarzyszenie In\u017cynier\u00f3w i Technik\u00f3w Przemys\u0142u Spo\u017cywczego (SITPS lub SITSpo\u017c) oraz wiele innych komisji, jakie s\u0105 powo\u0142ywane przez Urz\u0105d Regulacji Energetyki (URE). Zapewniamy mi\u0119dzy innymi: kurs G-1 \u2013 z zakresu elektroenergetyki, kurs G-2 \u2013 z zakresu ciep\u0142a, kurs G-3 \u2013 z zakresu gaz\u00f3w. Stowarzyszenie Elektryk\u00f3w Polskich to organizacja, znana pod nazw\u0105 SEP, zajmuje si\u0119 integracj\u0105 os\u00f3b pracuj\u0105cych w zawodzie elektryka. Jego misj\u0105 jest tak\u017ce edukacja i popularyzowanie zagadnie\u0144 z zakresu elektroenergetyki. Je\u015bli chodzi o Polskie Stowarzyszenie Elektroinstalacyjne, to pocz\u0105tki si\u0119gaj\u0105 2007 roku, kiedy to zosta\u0142o zainicjowane przez najwi\u0119ksze firmy zajmuj\u0105ce si\u0119 instalacjami elektrycznymi w Polsce. Stowarzyszenie In\u017cynier\u00f3w i Technik\u00f3w Mechanik\u00f3w Polskich zosta\u0142o za\u0142o\u017cone w 1926 roku przez profesora Henryka Mierzejewskiego. W tym gronie znajduj\u0105 si\u0119 in\u017cynierowie i technicy, a tak\u017ce mechanicy z r\u00f3\u017cnorodnych specjalno\u015bci. W przypadku Stowarzyszenia In\u017cynier\u00f3w i Technik\u00f3w Przemys\u0142u Spo\u017cywczego, mamy do czynienia z histori\u0105 si\u0119gaj\u0105c\u0105 1946 roku. To podmiot, kt\u00f3rego zadaniem jest rozw\u00f3j nauki i techniki w odniesieniu do gospodarki \u017cywno\u015bciowej. Wszystkie stowarzyszenia posiadaj\u0105 osobne komisje egzaminacyjne. Egzaminy ko\u0144cowe s\u0105 przeprowadzane zgodnie ze standardami prawa energetycznego. W ten spos\u00f3b mo\u017cna uzyska\u0107 uprawnienia budowlane elektryczne i niezb\u0119dne w tym zawodzie certyfikaty. Ministerstwo Energii zajmuje si\u0119 zagadnieniami zwi\u0105zanymi z szeroko poj\u0119t\u0105 bran\u017c\u0105 energii. Mamy [&hellip;]<\/p>\n","protected":false},"author":1,"featured_media":1588,"parent":65,"menu_order":0,"comment_status":"closed","ping_status":"closed","template":"","meta":{"sfsi_plus_gutenberg_text_before_share":"","sfsi_plus_gutenberg_show_text_before_share":"","sfsi_plus_gutenberg_icon_type":"","sfsi_plus_gutenberg_icon_alignemt":"","sfsi_plus_gutenburg_max_per_row":"","footnotes":""},"class_list":["post-1567","page","type-page","status-publish","has-post-thumbnail","hentry","has_thumb"],"aioseo_notices":[],"_links":{"self":[{"href":"https:\/\/odk-ergon.pl\/en\/wp-json\/wp\/v2\/pages\/1567","targetHints":{"allow":["GET"]}}],"collection":[{"href":"https:\/\/odk-ergon.pl\/en\/wp-json\/wp\/v2\/pages"}],"about":[{"href":"https:\/\/odk-ergon.pl\/en\/wp-json\/wp\/v2\/types\/page"}],"author":[{"embeddable":true,"href":"https:\/\/odk-ergon.pl\/en\/wp-json\/wp\/v2\/users\/1"}],"replies":[{"embeddable":true,"href":"https:\/\/odk-ergon.pl\/en\/wp-json\/wp\/v2\/comments?post=1567"}],"version-history":[{"count":16,"href":"https:\/\/odk-ergon.pl\/en\/wp-json\/wp\/v2\/pages\/1567\/revisions"}],"predecessor-version":[{"id":2242,"href":"https:\/\/odk-ergon.pl\/en\/wp-json\/wp\/v2\/pages\/1567\/revisions\/2242"}],"up":[{"embeddable":true,"href":"https:\/\/odk-ergon.pl\/en\/wp-json\/wp\/v2\/pages\/65"}],"wp:featuredmedia":[{"embeddable":true,"href":"https:\/\/odk-ergon.pl\/en\/wp-json\/wp\/v2\/media\/1588"}],"wp:attachment":[{"href":"https:\/\/odk-ergon.pl\/en\/wp-json\/wp\/v2\/media?parent=1567"}],"curies":[{"name":"wp","href":"https:\/\/api.w.org\/{rel}","templated":true}]}}