{"id":1585,"date":"2016-11-19T20:13:00","date_gmt":"2016-11-19T20:13:00","guid":{"rendered":"http:\/\/odk-ergon.pl\/?page_id=1585"},"modified":"2022-06-15T15:36:33","modified_gmt":"2022-06-15T13:36:33","slug":"categories-sep","status":"publish","type":"page","link":"https:\/\/odk-ergon.pl\/en\/baza-wiedzy\/kategorie-sep\/","title":{"rendered":"Categories G1, G2, G3"},"content":{"rendered":"<p><a href=\"http:\/\/odk-ergon.pl\/wp-content\/uploads\/2016\/11\/wire-1098059_640.jpg\"><img loading=\"lazy\" decoding=\"async\" class=\"size-medium wp-image-1588 alignleft\" src=\"http:\/\/odk-ergon.pl\/wp-content\/uploads\/2016\/11\/wire-1098059_640-300x168.jpg\" alt=\"wire-1098059_640\" width=\"300\" height=\"168\" srcset=\"https:\/\/odk-ergon.pl\/wp-content\/uploads\/2016\/11\/wire-1098059_640-300x168.jpg 300w, https:\/\/odk-ergon.pl\/wp-content\/uploads\/2016\/11\/wire-1098059_640-624x351.jpg 624w, https:\/\/odk-ergon.pl\/wp-content\/uploads\/2016\/11\/wire-1098059_640.jpg 640w\" sizes=\"auto, (max-width: 300px) 100vw, 300px\" \/><\/a>If you want to operate devices, networks and energy installations, you must have SEP, PSE, SIMP, SITPS and many others. We provide professional SEP, PSE, SIMP, SITPS courses, thanks to which everyone can take the exam properly prepared.<\/p>\n<p>Today, individual powers are granted by the following entities: Association of Polish Electrical Engineers, Polish Electrical Installation Association (PSE), Association of Polish Mechanics Engineers (SIMP), Association of Food Industry Engineers and Technicians (SITPS or SITSpo\u017c), and many others. Final exams can be taken all over the country. Therefore, we encourage you to take advantage of our offer.<\/p>\n<p>At our SEP, PSE, SIMP, SITPS training and other courses, we provide:<\/p>\n<ul>\n<li>G-1 course for the power industry,<\/li>\n<li>G-2 course for heat,<\/li>\n<li>G-3 course for gases.<\/li>\n<\/ul>\n<p>Each type of training is conducted with the use of various devices.<\/p>\n<p>Today, the Ministry of Energy deals with all matters in the field of energy policy, as well as the energy market and the use of individual energy sources. In addition, it also functions in this respect <a href=\"https:\/\/odk-ergon.pl\/en\/szkolenia\/szkolenia-na-suwnice\/uprawnienia\/\">UDT<\/a>.<\/p>\n<p>In the case of SEP, PSE, SIMP, SITPS G-1 training in the field of power engineering, power generating devices, grids and power installations with voltages below and above 1kV are used. We also provide generating sets with a power above 50W, as well as electric networks for street lighting, or devices that are used for electrolysis, electrothermal equipment, as well as explosion-proof devices, electric traction networks, as well as modern measuring and control devices, so it is worth saving our training.<\/p>\n<p>When it comes to <a href=\"https:\/\/odk-ergon.pl\/en\/szkolenia\/szkolenia-sep\/\">SEP training<\/a>, PSE, SIMP, SITPS G-2 in the field of heat, devices for the production, processing, consumption and transmission of heat are used. These can be, for example, steam and water boilers, as well as installations and heat networks, including auxiliary devices with a power above 50kW. These are also water and steam turbines, air conditioning, ventilation and industrial equipment used to produce hot water and steam. We also work with blowers, pumps and fans as well as suction cups and compressors with a power above 20kW.<\/p>\n<p>The SEP, PSE, SIMP, SITPS G-3 trainings in the field of gas installations and networks are primarily modern gas generators, equipment for the treatment and transmission of gas fuels, as well as gas transmission networks with a pressure higher than 0.5 MPa. They are also storage devices, distribution networks, as well as gas turbines, fuel receivers and other measuring and control devices.<\/p>\n<p>The ERGON company offers professional electrical training in the field of G-1, G-2, G-3, as well as excellent preparation for exams that are taken before SEP, PSE, SIMP, SITPS.<\/p>\n<p>The information on the website does not constitute a commercial offer and has been developed so that the person undertaking the training could be aware of the possibility of obtaining qualifications from various electrician training entities in Poland.<\/p>","protected":false},"excerpt":{"rendered":"<p>Je\u015bli chcemy obs\u0142ugiwa\u0107 urz\u0105dzenia, sieci oraz instalacje energetyczne, nale\u017cy posiada\u0107 uprawnienia SEP, PSE, SIMP, SITPS oraz wiele innych. Zapewniamy profesjonalne kursy SEP, PSE, SIMP, SITPS, dzi\u0119ki kt\u00f3rym ka\u017cdy mo\u017ce odpowiednio przygotowany podej\u015b\u0107 do egzaminu. Dzisiaj poszczeg\u00f3lne uprawnienia przyznaj\u0105 nast\u0119puj\u0105ce podmioty: Stowarzyszenie Elektryk\u00f3w Polskich, Polskie Stowarzyszenie Elektroinstalacyjne (PSE), Stowarzyszenie In\u017cynier\u00f3w Mechanik\u00f3w Polskich (SIMP), Stowarzyszenie In\u017cynier\u00f3w i Technik\u00f3w Przemys\u0142u Spo\u017cywczego (SITPS lub SITSpo\u017c), a tak\u017ce wiele innych. Egzaminy ko\u0144cowe mo\u017cna zdawa\u0107 na terenie ca\u0142ego kraju. Zach\u0119camy, zatem do skorzystania z naszej oferty. Na naszym szkoleniu SEP, PSE, SIMP, SITPS oraz innych kurs\u00f3w, zapewniamy: kurs G-1 dla elektroenergetyki, kurs G-2 dla ciep\u0142a, kurs G-3 dla gaz\u00f3w. Ka\u017cdy rodzaj szkolenia jest prowadzony z wykorzystaniem urozmaiconych urz\u0105dze\u0144. Dzisiaj Ministerstwo Energii zajmuje si\u0119 prowadzeniem wszelkich spraw w zakresie polityki energetycznej, a tak\u017ce rynku energii oraz wykorzystania poszczeg\u00f3lnych \u017ar\u00f3de\u0142 energii. Dodatkowo w tym zakresie funkcjonuje tak\u017ce UDT. W przypadku szkole\u0144\u00a0 SEP, PSE, SIMP, SITPS G-1 w zakresie elektroenergetyki, wykorzystywane s\u0105 urz\u0105dzenia pr\u0105dotw\u00f3rcze, sieci i instalacji elektroenergetyczne o napi\u0119ciu poni\u017cej i powy\u017cej 1kV. Zapewniamy tak\u017ce zespo\u0142y pr\u0105dotw\u00f3rcze z moc\u0105 powy\u017cej 50W, a tak\u017ce sieci elektryczne dotycz\u0105ce o\u015bwietlenia ulic, czy te\u017c urz\u0105dzenia, jakie wykorzystuje si\u0119 do elektrolizy, sprz\u0119t elektrotermiczny, a tak\u017ce urz\u0105dzenia przewciwwybuchowe, elektryczne sieci trakcyjne, a tak\u017ce nowoczesne urz\u0105dzenia pomiarowe i kontrolne, dlatego warto zapisa\u0107 si\u0119 na nasze szkolenia. Je\u015bli chodzi o szkolenia SEP, PSE, SIMP, SITPS G-2 w zakresie ciep\u0142a wykorzystywane s\u0105 urz\u0105dzenia zajmuj\u0105ce si\u0119 wytwarzaniem, przetwarzaniem, zu\u017cywaniem i przesy\u0142aniem ciep\u0142a. Mog\u0105 to by\u0107 chocia\u017cby kot\u0142y parowe i wodne, a tak\u017ce instalacje i sieci cieplne, \u0142\u0105cznie z urz\u0105dzeniami pomocniczymi, jakie maj\u0105 moc [&hellip;]<\/p>\n","protected":false},"author":1,"featured_media":0,"parent":1226,"menu_order":0,"comment_status":"closed","ping_status":"closed","template":"","meta":{"sfsi_plus_gutenberg_text_before_share":"","sfsi_plus_gutenberg_show_text_before_share":"","sfsi_plus_gutenberg_icon_type":"","sfsi_plus_gutenberg_icon_alignemt":"","sfsi_plus_gutenburg_max_per_row":"","footnotes":""},"class_list":["post-1585","page","type-page","status-publish","hentry","has_thumb"],"aioseo_notices":[],"_links":{"self":[{"href":"https:\/\/odk-ergon.pl\/en\/wp-json\/wp\/v2\/pages\/1585","targetHints":{"allow":["GET"]}}],"collection":[{"href":"https:\/\/odk-ergon.pl\/en\/wp-json\/wp\/v2\/pages"}],"about":[{"href":"https:\/\/odk-ergon.pl\/en\/wp-json\/wp\/v2\/types\/page"}],"author":[{"embeddable":true,"href":"https:\/\/odk-ergon.pl\/en\/wp-json\/wp\/v2\/users\/1"}],"replies":[{"embeddable":true,"href":"https:\/\/odk-ergon.pl\/en\/wp-json\/wp\/v2\/comments?post=1585"}],"version-history":[{"count":7,"href":"https:\/\/odk-ergon.pl\/en\/wp-json\/wp\/v2\/pages\/1585\/revisions"}],"predecessor-version":[{"id":2254,"href":"https:\/\/odk-ergon.pl\/en\/wp-json\/wp\/v2\/pages\/1585\/revisions\/2254"}],"up":[{"embeddable":true,"href":"https:\/\/odk-ergon.pl\/en\/wp-json\/wp\/v2\/pages\/1226"}],"wp:attachment":[{"href":"https:\/\/odk-ergon.pl\/en\/wp-json\/wp\/v2\/media?parent=1585"}],"curies":[{"name":"wp","href":"https:\/\/api.w.org\/{rel}","templated":true}]}}