{"id":1606,"date":"2017-10-03T00:14:23","date_gmt":"2017-10-03T00:14:23","guid":{"rendered":"http:\/\/odk-ergon.pl\/?page_id=1606"},"modified":"2023-03-13T10:14:38","modified_gmt":"2023-03-13T09:14:38","slug":"altitude-course","status":"publish","type":"page","link":"https:\/\/odk-ergon.pl\/en\/szkolenia\/kurs-wysokosciowy\/","title":{"rendered":"Altitude course"},"content":{"rendered":"<div class=\"wyjustuj\">\n<p><a href=\"https:\/\/odk-ergon.pl\/en\/o-firmie\/\">ERGON Personnel Training Center<\/a> invites you to a professional altitude course. Our <a href=\"https:\/\/odk-ergon.pl\/en\/cennik\/\">offer<\/a> is aimed at people who are interested in working at height. The qualification obtained after successfully passing the course makes it possible to find employment as an industrial climber and in many other occupations involving work at height.<a href=\"https:\/\/odk-ergon.pl\/en\/szkolenia\/kurs-wysokosciowy\/kursy-wysokosciowe\/\">Altitude courses<\/a> are divided into two types - rope access and construction access. These are aimed at both employees of companies offering mountaineering services and individuals.<\/p>\n<h2><strong>Rope access training<\/strong><\/h2>\n<p>Rope access includes the use of ropes in belaying, in access to the workplace, and on traverses. These classes are aimed at people who want to perform the following duties - tree pruning, tree felling, installation of advertisements and other assembly works, washing windows at heights, removing snow from roofs, painting the facade, servicing masts.<\/p>\n<div class=\"filmw\">\n<div class=\"responsive-youtube\" style=\"text-align: center;\"><iframe loading=\"lazy\" title=\"YouTube video player\" src=\"https:\/\/www.youtube.com\/embed\/esNZek7JXgI\" width=\"560\" height=\"315\" frameborder=\"0\" allowfullscreen=\"allowfullscreen\"><\/iframe><\/div>\n<\/div>\n<h2><strong>Building access training<\/strong><\/h2>\n<p>Building access, on the other hand, is a technique that applies to work on platforms, scaffolding, ladders, when it is necessary to climb over structural elements in order to get to the workplace. They are aimed at people working in areas such as roofing, telecommunications, construction, and electricity.<\/p>\n<p>After the end of the course, the participants take the exam and, after successfully passing it, receive a certificate confirming their entitlement to height. These rights are valid for a period of 3 years. After the deadline, it is necessary to attend a reminder course.<br \/>\n<div style=\"width: 640px;\" class=\"wp-video\"><video id=\"video-1606-1\" width=\"640\" height=\"360\" poster=\"https:\/\/odk-ergon.pl\/wp-content\/uploads\/2023\/03\/20230127_030434_0000.jpg\" preload=\"metadata\" controls=\"controls\"><source type=\"video\/mp4\" src=\"https:\/\/odk-ergon.pl\/wp-content\/uploads\/2023\/03\/ACCEPTED-alpinista-4K-odk-ergon.mp4?_=1\" \/><a href=\"https:\/\/odk-ergon.pl\/wp-content\/uploads\/2023\/03\/ACCEPTED-alpinista-4K-odk-ergon.mp4\">https:\/\/odk-ergon.pl\/wp-content\/uploads\/2023\/03\/ACCEPTED-alpinista-4K-odk-ergon.mp4<\/a><\/video><\/div>\n<h3><strong>Schedule<\/strong><\/h3>\n<p>Our altitude course is comprehensive and includes both theoretical and practical parts. Thanks to this, participants can obtain comprehensive preparation for work at height as an industrial climber.<\/p>\n<p>Classes are conducted by experienced instructors with many years of experience. We use modern and proven teaching methods, which translates into high learning efficiency and very good passing of exams among our students.<\/p>\n<p><strong>During the classes, the following topics are discussed:<\/strong><\/p>\n<ul>\n<li>legal and health and safety requirements for work at height<\/li>\n<li>characteristics of mountaineering works and related risks<\/li>\n<li>selection, use and control of equipment<\/li>\n<li>individual and collective insurance<\/li>\n<li>rescue techniques<\/li>\n<li>Health and safety when working at height<\/li>\n<li>practical exercises<\/li>\n<\/ul>\n<p>Classes are organized in an open and closed form. We are always at your disposal if you have additional questions related to our classes.<\/p>\n<p>We cordially invite you to a mountaineering course at our ERGON Personnel Training Center!<\/p>\n<\/div>","protected":false},"excerpt":{"rendered":"<p>O\u015brodek Doskonalenia Kadr ERGON zaprasza na profesjonalny kurs wysoko\u015bciowy. Nasza oferta skierowana jest do os\u00f3b, kt\u00f3re interesuje praca na wysoko\u015bci. Uprawnienia uzyskane po pozytywnym zaliczeniu kursu pozwalaj\u0105 na znalezienie zatrudnienia jako alpinista przemys\u0142owy oraz w wielu innych zawodach zwi\u0105zanych z prac\u0105 na wysoko\u015bci.Kursy wysoko\u015bciowe dzielimy na dwa rodzaje \u2013 z dost\u0119pu linowego oraz z dost\u0119pu budowlanego. S\u0105 one skierowane zar\u00f3wno do pracownik\u00f3w firm oferuj\u0105cych us\u0142ugi alpinistyczne, jak i do os\u00f3b indywidualnych. Szkolenia z dost\u0119pu linowego Dost\u0119p linowy obejmuje korzystanie z lin w asekuracji, w doj\u015bciu do miejsca pracy, a tak\u017ce na trawersach. Zaj\u0119cia te adresowane s\u0105 do os\u00f3b chc\u0105cych wykonywa\u0107 nast\u0119puj\u0105ce obowi\u0105zki \u2013 przycinanie drzew, \u015bcinka drzew, monta\u017c reklam i inne prace monta\u017cowe, mycie okien na wysoko\u015bci, od\u015bnie\u017canie dach\u00f3w, malowanie elewacji, obs\u0142uga maszt\u00f3w. Szkolenia z dost\u0119pu budowlanego Dost\u0119p budowlany jest natomiast technik\u0105, kt\u00f3ra dotyczy pracy na podestach, rusztowaniach, drabinach, gdy konieczne jest wspi\u0119cie si\u0119 po elementach konstrukcji, aby dosta\u0107 si\u0119 do stanowiska pracy. S\u0105 skierowane do os\u00f3b pracuj\u0105cych w dziedzinach takich jak dekarstwo, telekomunikacja, budownictwo, elektroenergetyka. Po zako\u0144czeniu kursu uczestnicy przyst\u0119puj\u0105 do egzaminu i po jego pozytywnym zaliczeniu otrzymuj\u0105 za\u015bwiadczenie potwierdzaj\u0105ce uprawnienia wysoko\u015bciowe. Uprawnienia te wa\u017cne s\u0105 przez okres 3 lat. Po up\u0142ywie terminu konieczne jest wzi\u0119cie udzia\u0142u w kursie przypominaj\u0105cym. Program zaj\u0119\u0107 Nasz kurs wysoko\u015bciowy prowadzony jest kompleksowo i obejmuje zar\u00f3wno cz\u0119\u015b\u0107 teoretyczn\u0105, jak i praktyczn\u0105. Dzi\u0119ki temu uczestnicy mog\u0105 uzyska\u0107 kompleksowe przygotowanie do prowadzenia prac na wysoko\u015bci jako alpinista przemys\u0142owy. Zaj\u0119cia prowadzone s\u0105 przez do\u015bwiadczonych instruktor\u00f3w z wieloletnim do\u015bwiadczeniem. Stosujemy nowoczesne i sprawdzone metody nauczania, co przek\u0142ada si\u0119 na wysok\u0105 skuteczno\u015b\u0107 nauki oraz [&hellip;]<\/p>\n","protected":false},"author":1,"featured_media":1654,"parent":65,"menu_order":0,"comment_status":"closed","ping_status":"closed","template":"page-templates\/template-podkategorie.php","meta":{"sfsi_plus_gutenberg_text_before_share":"","sfsi_plus_gutenberg_show_text_before_share":"","sfsi_plus_gutenberg_icon_type":"","sfsi_plus_gutenberg_icon_alignemt":"","sfsi_plus_gutenburg_max_per_row":"","footnotes":""},"class_list":["post-1606","page","type-page","status-publish","has-post-thumbnail","hentry","has_thumb"],"aioseo_notices":[],"_links":{"self":[{"href":"https:\/\/odk-ergon.pl\/en\/wp-json\/wp\/v2\/pages\/1606","targetHints":{"allow":["GET"]}}],"collection":[{"href":"https:\/\/odk-ergon.pl\/en\/wp-json\/wp\/v2\/pages"}],"about":[{"href":"https:\/\/odk-ergon.pl\/en\/wp-json\/wp\/v2\/types\/page"}],"author":[{"embeddable":true,"href":"https:\/\/odk-ergon.pl\/en\/wp-json\/wp\/v2\/users\/1"}],"replies":[{"embeddable":true,"href":"https:\/\/odk-ergon.pl\/en\/wp-json\/wp\/v2\/comments?post=1606"}],"version-history":[{"count":7,"href":"https:\/\/odk-ergon.pl\/en\/wp-json\/wp\/v2\/pages\/1606\/revisions"}],"predecessor-version":[{"id":3086,"href":"https:\/\/odk-ergon.pl\/en\/wp-json\/wp\/v2\/pages\/1606\/revisions\/3086"}],"up":[{"embeddable":true,"href":"https:\/\/odk-ergon.pl\/en\/wp-json\/wp\/v2\/pages\/65"}],"wp:featuredmedia":[{"embeddable":true,"href":"https:\/\/odk-ergon.pl\/en\/wp-json\/wp\/v2\/media\/1654"}],"wp:attachment":[{"href":"https:\/\/odk-ergon.pl\/en\/wp-json\/wp\/v2\/media?parent=1606"}],"curies":[{"name":"wp","href":"https:\/\/api.w.org\/{rel}","templated":true}]}}