{"id":1616,"date":"2017-12-04T15:41:10","date_gmt":"2017-12-04T15:41:10","guid":{"rendered":"http:\/\/odk-ergon.pl\/?page_id=1616"},"modified":"2023-03-13T10:09:46","modified_gmt":"2023-03-13T09:09:46","slug":"training-on-cranes","status":"publish","type":"page","link":"https:\/\/odk-ergon.pl\/en\/szkolenia\/szkolenia-na-suwnice\/","title":{"rendered":"Training for overhead traveling cranes - get UDT qualifications from ERGON!"},"content":{"rendered":"<h2><strong><a href=\"https:\/\/odk-ergon.pl\/wp-content\/uploads\/2017\/12\/images-1.jpg\"><img loading=\"lazy\" decoding=\"async\" class=\"size-full wp-image-1664 alignleft\" src=\"https:\/\/odk-ergon.pl\/wp-content\/uploads\/2017\/12\/images-1.jpg\" alt=\"\" width=\"250\" height=\"187\" srcset=\"https:\/\/odk-ergon.pl\/wp-content\/uploads\/2017\/12\/images-1.jpg 250w, https:\/\/odk-ergon.pl\/wp-content\/uploads\/2017\/12\/images-1-200x150.jpg 200w\" sizes=\"auto, (max-width: 250px) 100vw, 250px\" \/><\/a>Training for overhead cranes <\/strong><\/h2>\n<p>The ERGON Kadr Training Center invites you to a crane course granting UDT qualifications. We train in the city of Warsaw and in our regional centers throughout Poland. Our UDT courses are a guarantee of satisfaction - we train professionally, comprehensively and at affordable prices!<\/p>\n<p>Courses for gantries are aimed at people who want to obtain knowledge and skills in the efficient and safe operation of gantries. After the end of the classes, participants take the exam before the UDT commission. After passing it, the participant obtains the authorization for overhead traveling cranes.<\/p>\n<h3><strong>Classes are conducted in two categories: <\/strong><\/h3>\n<ul>\n<li>II S - cranes, hoists and winches operated from the working level and stationary workshop cranes<\/li>\n<li>IS - cranes, hoists and winches operated from the working level or from the cabin, and stationary workshop cranes<\/li>\n<\/ul>\n<div class=\"filmw\">\n<div class=\"responsive-youtube\" style=\"text-align: center;\"><iframe loading=\"lazy\" title=\"YouTube video player\" src=\"https:\/\/www.youtube.com\/embed\/sfP7oV2iCs4\" width=\"560\" height=\"315\" frameborder=\"0\" allowfullscreen=\"allowfullscreen\"><\/iframe><\/div>\n<\/div>\n<p><strong>Schedule<\/strong><\/p>\n<p>Our crane training courses are divided into theoretical and practical parts. Thanks to them, the participants learn everything that is necessary on the crane stand.<\/p>\n<p>We use activating teaching methods, and our instructors are people with many years of experience. Thanks to this, our center can be proud of such a high pass rate of UDT exams.<br \/>\n<div style=\"width: 640px;\" class=\"wp-video\"><video id=\"video-1616-1\" width=\"640\" height=\"360\" poster=\"https:\/\/odk-ergon.pl\/wp-content\/uploads\/2023\/03\/20230127_111528_0000.jpg\" preload=\"metadata\" controls=\"controls\"><source type=\"video\/mp4\" src=\"https:\/\/odk-ergon.pl\/wp-content\/uploads\/2023\/03\/ACCEPTED-suwnice-4K-odk-ergon.mp4?_=1\" \/><a href=\"https:\/\/odk-ergon.pl\/wp-content\/uploads\/2023\/03\/ACCEPTED-suwnice-4K-odk-ergon.mp4\">https:\/\/odk-ergon.pl\/wp-content\/uploads\/2023\/03\/ACCEPTED-suwnice-4K-odk-ergon.mp4<\/a><\/video><\/div>\n<strong>The following issues are discussed during the classes: <\/strong><\/p>\n<ul>\n<li>technical supervision of the device<\/li>\n<li>information on the construction and operation of the device<\/li>\n<li>duties as an operator<\/li>\n<li>principles of occupational health and safety<\/li>\n<\/ul>\n<p><strong>Requirements to participate in the training: <\/strong><\/p>\n<ul>\n<li>age at least 18 years<\/li>\n<li>at least basic education<\/li>\n<li>no health contraindications to work as a crane operator confirmed by a medical certificate<\/li>\n<\/ul>\n<p>We encourage you to sign up for the crane course - the price in our ERGON Center is affordable. We organize classes in the city of Warsaw and in other cities throughout the country. The current schedule is available on our website or by phone.<\/p>\n<p>Our offer also includes other training courses, including G1, G2, G3 courses, initial and periodic health and safety training, and altitude courses. We also provide health and safety services and <a href=\"https:\/\/odk-ergon.pl\/en\/szkolenia\/szkolenie-ppoz-przeciwpozarowe\/\">Fire<\/a>. We invite you to choose our services!<\/p>\n<div class=\"button_styl\" style=\"float: right; padding-left: 15px; padding-bottom: 8px; margin-bottom: 5px;\"><a class=\"myButton myButton_maly\" href=\"https:\/\/platformaedukacji.pl\/login\/signup.php\" target=\"_blank\" rel=\"nofollow noopener\"><span style=\"color: white;\">Sign up for training<\/span><\/a><\/div>\n<div style=\"padding-top: 70px;\">\n<h2>More information:<\/h2>\n<div style=\"text-align: center; font-size: 85%; line-height: 120%;\">\n<div style=\"float: left; margin-right: 40px; height: 290px;\">\n<p><a href=\"\/en\/training\/training-on-cranes\/action-prohibited\/\"><img decoding=\"async\" style=\"width: 300px; height: 225px;\" src=\"\/wp-content\/uploads\/2017\/12\/zabronione_m.jpg\" alt=\"\" \/><\/a><\/p>\n<div style=\"width: 300px; font-size: 130%;\"><strong><a href=\"https:\/\/odk-ergon.pl\/en\/szkolenia\/szkolenia-na-suwnice\/czynnosci-zabronione\/\">Prohibited activities<\/a><\/strong><\/div>\n<p>&nbsp;<\/p>\n<\/div>\n<div style=\"float: left; margin-right: 40px; height: 290px;\">\n<p><a href=\"\/en\/training\/training-on-cranes\/crane-operator\/\"><img decoding=\"async\" style=\"width: 300px; height: 225px;\" src=\"\/wp-content\/uploads\/2017\/12\/Foto-suwnice-200x150.jpg\" alt=\"\" \/><\/a><\/p>\n<div style=\"width: 300px; font-size: 130%;\"><strong>Crane operator<\/strong><\/div>\n<p>&nbsp;<\/p>\n<\/div>\n<\/div>\n<div style=\"clear: both;\"><\/div>\n<div style=\"text-align: center; font-size: 85%; line-height: 120%;\">\n<div style=\"float: left; margin-right: 40px; height: 290px;\">\n<p><a href=\"\/en\/training\/training-on-cranes\/basic-crane-structures\/\"><img decoding=\"async\" style=\"width: 300px; height: 225px;\" src=\"\/wp-content\/uploads\/2017\/12\/220_Suwnica_bramowa_jaworzno-1-200x150.jpg\" alt=\"\" \/><\/a><\/p>\n<div style=\"width: 300px; font-size: 130%;\"><strong><a href=\"https:\/\/odk-ergon.pl\/en\/szkolenia\/szkolenia-na-suwnice\/podstawowe-konstrukcje-suwnic\/\">Basic crane structures<\/a><\/strong><\/div>\n<p>&nbsp;<\/p>\n<\/div>\n<div style=\"float: left; margin-right: 40px; height: 290px;\">\n<p><a href=\"\/en\/training\/training-on-cranes\/regulations\/\"><img decoding=\"async\" style=\"width: 300px; height: 225px;\" src=\"\/wp-content\/uploads\/2017\/12\/12-0-200x150.jpg\" alt=\"\" \/><\/a><\/p>\n<div style=\"width: 300px; font-size: 130%;\"><strong>Provisions related to <a href=\"https:\/\/odk-ergon.pl\/en\/szkolenia\/szkolenia-na-suwnice\/przepisy\/\">use of overhead cranes<\/a><\/strong><\/div>\n<p>&nbsp;<\/p>\n<\/div>\n<\/div>\n<div style=\"text-align: center; font-size: 85%; line-height: 120%;\">\n<div style=\"float: left; margin-right: 40px; height: 290px;\">\n<p><a href=\"\/en\/training\/\"><img decoding=\"async\" style=\"width: 300px; height: 225px;\" src=\"\/wp-content\/uploads\/2014\/04\/suwnice.jpeg\" alt=\"\" \/><\/a><\/p>\n<div style=\"width: 300px; font-size: 130%;\"><strong><a href=\"https:\/\/odk-ergon.pl\/en\/szkolenia\/szkolenia-na-suwnice\/uprawnienia\/\">UDT qualifications for overhead cranes<\/a><\/strong><\/div>\n<p>&nbsp;<\/p>\n<\/div>\n<\/div>\n<div style=\"text-align: center; font-size: 85%; line-height: 120%;\">\n<div style=\"float: left; margin-right: 40px; height: 290px;\">\n<p><a href=\"\/en\/training\/training-on-cranes\/entitlements\/\"><img decoding=\"async\" style=\"width: 300px; height: 225px;\" src=\"\/wp-content\/uploads\/2017\/10\/welder-working-at-height2-200x150.jpg\" alt=\"\" \/><\/a><\/p>\n<div style=\"width: 300px; font-size: 130%;\"><strong>Course for overhead traveling cranes<\/strong><\/div>\n<p>&nbsp;<\/p>\n<\/div>\n<\/div>\n<\/div>\n<p><a href=\"https:\/\/odk-ergon.pl\/wp-content\/uploads\/2022\/11\/32-suwnice-odk-ergon.pl_.png\"><img loading=\"lazy\" decoding=\"async\" class=\"aligncenter wp-image-2548\" src=\"https:\/\/odk-ergon.pl\/wp-content\/uploads\/2022\/11\/32-suwnice-odk-ergon.pl_-300x175.png\" alt=\"\" width=\"750\" height=\"438\" srcset=\"https:\/\/odk-ergon.pl\/wp-content\/uploads\/2022\/11\/32-suwnice-odk-ergon.pl_-300x175.png 300w, https:\/\/odk-ergon.pl\/wp-content\/uploads\/2022\/11\/32-suwnice-odk-ergon.pl_-1024x597.png 1024w, https:\/\/odk-ergon.pl\/wp-content\/uploads\/2022\/11\/32-suwnice-odk-ergon.pl_-768x448.png 768w, https:\/\/odk-ergon.pl\/wp-content\/uploads\/2022\/11\/32-suwnice-odk-ergon.pl_-18x12.png 18w, https:\/\/odk-ergon.pl\/wp-content\/uploads\/2022\/11\/32-suwnice-odk-ergon.pl_-624x364.png 624w, https:\/\/odk-ergon.pl\/wp-content\/uploads\/2022\/11\/32-suwnice-odk-ergon.pl_.png 1200w\" sizes=\"auto, (max-width: 750px) 100vw, 750px\" \/><\/a><\/p>","protected":false},"excerpt":{"rendered":"<p>Szkolenia na suwnice O\u015brodek Doskonalenia Kadr ERGON zaprasza na kurs na suwnice nadaj\u0105cy uprawnienia UDT. Szkolimy w mie\u015bcie Warszawa i w naszych o\u015brodkach regionalnych na terenie ca\u0142ej Polski. Nasze kursy UDT to gwarancja zadowolenia \u2013 szkolimy profesjonalnie, kompleksowo i w przyst\u0119pnych cenach! Kursy na suwnice skierowane s\u0105 do os\u00f3b chc\u0105cych uzyska\u0107 wiedz\u0119 i umiej\u0119tno\u015bci dotycz\u0105ce sprawnej i bezpiecznej obs\u0142ugi suwnic. Po zako\u0144czeniu zaj\u0119\u0107 uczestnicy podchodz\u0105 do egzaminu przed komisj\u0105 UDT. Po jej pozytywnym zaliczeniu uczestnik otrzymuje uprawnienia na suwnice. Zaj\u0119cia prowadzone s\u0105 w dw\u00f3ch kategoriach: II S \u2013 suwnice, wci\u0105gniki i wci\u0105garki obs\u0142ugiwane z poziomu roboczego oraz \u017curawie stacjonarne warsztatowe I S \u2013 suwnice, wci\u0105gniki i wci\u0105garki obs\u0142ugiwane z poziomu roboczego lub z kabiny oraz \u017curawie stacjonarne warsztatowe Program zaj\u0119\u0107 Prowadzone przez nas szkolenia na suwnice s\u0105 podzielone na cz\u0119\u015b\u0107 teoretyczn\u0105 i praktyczn\u0105. Dzi\u0119ki nim uczestnicy dowiaduj\u0105 si\u0119 wszystkiego, co niezb\u0119dne jest na stanowisku suwnicowego. Stosujemy aktywizuj\u0105ce metody nauczania, a nasi instruktorzy to osoby posiadaj\u0105ce wieloletnie do\u015bwiadczenie. Dzi\u0119ki temu nasz \u015brodek mo\u017ce szczyci\u0107 si\u0119 tak wysok\u0105 zdawalno\u015bci\u0105 egzamin\u00f3w UDT. W trakcie zaj\u0119\u0107 poruszane s\u0105 nast\u0119puj\u0105ce kwestie: doz\u00f3r techniczny urz\u0105dzenia informacje budowie i dzia\u0142aniu urz\u0105dzenia obowi\u0105zki na stanowisku operatora zasady bezpiecze\u0144stwa i higieny pracy Wymagania do wzi\u0119cia udzia\u0142u w szkoleniu: wiek co najmniej 18 lat wykszta\u0142cenie co najmniej podstawowe brak przeciwwskaza\u0144 zdrowotnych do pracy na stanowisku operatora suwnic po\u015bwiadczony za\u015bwiadczeniem lekarskim Zach\u0119camy do zapisania si\u0119 na kurs na suwnice \u2013 cena w naszym O\u015brodku ERGON jest przyst\u0119pna. Zaj\u0119cia organizujemy w mie\u015bcie Warszawa oraz w innych miastach na terenie ca\u0142ego kraju. Aktualny harmonogram dost\u0119pny jest na naszej [&hellip;]<\/p>\n","protected":false},"author":1,"featured_media":1664,"parent":65,"menu_order":0,"comment_status":"closed","ping_status":"closed","template":"","meta":{"sfsi_plus_gutenberg_text_before_share":"","sfsi_plus_gutenberg_show_text_before_share":"","sfsi_plus_gutenberg_icon_type":"","sfsi_plus_gutenberg_icon_alignemt":"","sfsi_plus_gutenburg_max_per_row":"","footnotes":""},"class_list":["post-1616","page","type-page","status-publish","has-post-thumbnail","hentry","has_thumb"],"aioseo_notices":[],"_links":{"self":[{"href":"https:\/\/odk-ergon.pl\/en\/wp-json\/wp\/v2\/pages\/1616","targetHints":{"allow":["GET"]}}],"collection":[{"href":"https:\/\/odk-ergon.pl\/en\/wp-json\/wp\/v2\/pages"}],"about":[{"href":"https:\/\/odk-ergon.pl\/en\/wp-json\/wp\/v2\/types\/page"}],"author":[{"embeddable":true,"href":"https:\/\/odk-ergon.pl\/en\/wp-json\/wp\/v2\/users\/1"}],"replies":[{"embeddable":true,"href":"https:\/\/odk-ergon.pl\/en\/wp-json\/wp\/v2\/comments?post=1616"}],"version-history":[{"count":18,"href":"https:\/\/odk-ergon.pl\/en\/wp-json\/wp\/v2\/pages\/1616\/revisions"}],"predecessor-version":[{"id":3083,"href":"https:\/\/odk-ergon.pl\/en\/wp-json\/wp\/v2\/pages\/1616\/revisions\/3083"}],"up":[{"embeddable":true,"href":"https:\/\/odk-ergon.pl\/en\/wp-json\/wp\/v2\/pages\/65"}],"wp:featuredmedia":[{"embeddable":true,"href":"https:\/\/odk-ergon.pl\/en\/wp-json\/wp\/v2\/media\/1664"}],"wp:attachment":[{"href":"https:\/\/odk-ergon.pl\/en\/wp-json\/wp\/v2\/media?parent=1616"}],"curies":[{"name":"wp","href":"https:\/\/api.w.org\/{rel}","templated":true}]}}