{"id":1624,"date":"2017-12-04T15:48:59","date_gmt":"2017-12-04T15:48:59","guid":{"rendered":"http:\/\/odk-ergon.pl\/?page_id=1624"},"modified":"2022-11-24T13:06:31","modified_gmt":"2022-11-24T12:06:31","slug":"crane-operator","status":"publish","type":"page","link":"https:\/\/odk-ergon.pl\/en\/szkolenia\/szkolenia-na-suwnice\/operator-suwnicy\/","title":{"rendered":"Crane operator - requirements"},"content":{"rendered":"<div style=\"float: left; margin-right: 5px; margin-bottom: 10px; text-align: justify;\"><div id=\"metaslider-id-1675\" style=\"max-width: 200px;\" class=\"ml-slider-3-108-0 metaslider metaslider-flex metaslider-1675 ml-slider ms-theme-default nav-hidden\" role=\"region\" aria-label=\"crane4\" data-height=\"150\" data-width=\"200\">\n    <div id=\"metaslider_container_1675\">\n        <div id=\"metaslider_1675\" class=\"flexslider\">\n            <ul class='slides'>\n                <li style=\"display: block; width: 100%;\" class=\"slide-1677 ms-image\" aria-roledescription=\"slide\" data-date=\"2017-12-18 13:30:26\" data-filename=\"Foto-suwnice-200x150.jpg\" data-slide-type=\"image\"><img loading=\"lazy\" decoding=\"async\" src=\"https:\/\/odk-ergon.pl\/wp-content\/uploads\/2017\/12\/Foto-suwnice-200x150.jpg\" height=\"150\" width=\"200\" alt=\"\" class=\"slider-1675 slide-1677 msDefaultImage\" \/><\/li>\n            <\/ul>\n        <\/div>\n        \n    <\/div>\n<\/div><\/div>\n<h2><strong>Crane operator - requirements <\/strong><\/h2>\n<p>Overhead cranes are used, among others, in industrial halls, sidings, storage yards and shipyard slipways. People working with cranes must meet certain requirements. The employer may not allow an employee to work without the required qualifications and skills.<\/p>\n<p>A person who wants to work as a crane operator must enroll in a crane course. In order to enroll in the classes, you must meet the relevant requirements, the fulfillment of which is also needed in the crane profession.<\/p>\n<div class=\"filmw\">\n<div class=\"responsive-youtube\" style=\"text-align: center;\"><iframe loading=\"lazy\" title=\"YouTube video player\" src=\"https:\/\/www.youtube.com\/embed\/sfP7oV2iCs4\" width=\"560\" height=\"315\" frameborder=\"0\" allowfullscreen=\"allowfullscreen\"><\/iframe><\/div>\n<\/div>\n<p><strong>Requirements for enrolling in a crane course: <\/strong><\/p>\n<ul>\n<li>18 years of age or older<\/li>\n<li>education to the least basic<\/li>\n<li>no contraindications to work as a crane operator confirmed by an appropriate medical certificate<\/li>\n<\/ul>\n<p>Operators should have the relevant qualifications confirmed by a qualification certificate from the Office of Technical Inspection. The qualifications can be obtained after passing the UDT training exam for cranes.<\/p>\n<p><strong>There are two categories of crane licenses according to UDT: <\/strong><\/p>\n<ul>\n<li><a href=\"https:\/\/odk-ergon.pl\/en\/szkolenia\/szkolenia-na-suwnice\/\">II S.<\/a> - cranes, hoists and winches operated from the working level and stationary workshop cranes<\/li>\n<li>IS - cranes, hoists and winches operated from the working level or from the cabin, and stationary workshop cranes<\/li>\n<\/ul>\n<p>The crane operator should also meet other requirements depending on the company he or she will be employed by. Among other things, the employee should have knowledge of the applicable regulations, be familiar with the operation of safety equipment, and should have received health and safety training in terms of general health and safety instruction and position instruction.<\/p>\n<p>The ERGON Kadr Training Center invites you to a crane course - the price and dates of classes and locations are available on our website. We conduct classes in the city of Warsaw and in other locations. We guarantee comprehensive service, high pass rate and low prices. Please contact us if you have any additional questions.<\/p>\n<div class=\"button_styl\" style=\"float: right; padding-left: 15px; padding-bottom: 8px; margin-bottom: 5px;\"><a class=\"myButton myButton_maly\" href=\"https:\/\/platformaedukacji.pl\/login\/signup.php\" target=\"_blank\" rel=\"nofollow noopener\"><span style=\"color: white;\">Sign up for training<\/span><\/a><\/div>\n<div style=\"padding-top: 70px;\">\n<h2>More information:<\/h2>\n<div style=\"text-align: center; font-size: 85%; line-height: 120%;\">\n<div style=\"float: left; margin-right: 40px; height: 290px;\">\n<p><a href=\"\/en\/training\/training-on-cranes\/action-prohibited\/\"><img decoding=\"async\" style=\"width: 300px; height: 225px;\" src=\"\/wp-content\/uploads\/2017\/12\/zabronione_m.jpg\" alt=\"\" \/><\/a><\/p>\n<div style=\"width: 300px; font-size: 130%;\"><strong><a href=\"https:\/\/odk-ergon.pl\/en\/szkolenia\/szkolenia-na-suwnice\/czynnosci-zabronione\/\">Prohibited activities<\/a><\/strong><\/div>\n<p>&nbsp;<\/p>\n<\/div>\n<div style=\"float: left; margin-right: 40px; height: 290px;\">\n<p><a href=\"\/en\/training\/training-on-cranes\/crane-operator\/\"><img decoding=\"async\" style=\"width: 300px; height: 225px;\" src=\"\/wp-content\/uploads\/2017\/12\/Foto-suwnice-200x150.jpg\" alt=\"\" \/><\/a><\/p>\n<div style=\"width: 300px; font-size: 130%;\"><strong>Crane operator<\/strong><\/div>\n<p>&nbsp;<\/p>\n<\/div>\n<\/div>\n<div style=\"clear: both;\"><\/div>\n<div style=\"text-align: center; font-size: 85%; line-height: 120%;\">\n<div style=\"float: left; margin-right: 40px; height: 290px;\">\n<p><a href=\"\/en\/training\/training-on-cranes\/basic-crane-structures\/\"><img decoding=\"async\" style=\"width: 300px; height: 225px;\" src=\"\/wp-content\/uploads\/2017\/12\/220_Suwnica_bramowa_jaworzno-1-200x150.jpg\" alt=\"\" \/><\/a><\/p>\n<div style=\"width: 300px; font-size: 130%;\"><strong><a href=\"https:\/\/odk-ergon.pl\/en\/szkolenia\/szkolenia-na-suwnice\/podstawowe-konstrukcje-suwnic\/\">Basic crane structures<\/a><\/strong><\/div>\n<p>&nbsp;<\/p>\n<\/div>\n<div style=\"float: left; margin-right: 40px; height: 290px;\">\n<p><a href=\"\/en\/training\/training-on-cranes\/regulations\/\"><img decoding=\"async\" style=\"width: 300px; height: 225px;\" src=\"\/wp-content\/uploads\/2017\/12\/12-0-200x150.jpg\" alt=\"\" \/><\/a><\/p>\n<div style=\"width: 300px; font-size: 130%;\"><strong>Provisions related to <a href=\"https:\/\/odk-ergon.pl\/en\/szkolenia\/szkolenia-na-suwnice\/przepisy\/\">use of overhead cranes<\/a><\/strong><\/div>\n<p>&nbsp;<\/p>\n<\/div>\n<\/div>\n<div style=\"text-align: center; font-size: 85%; line-height: 120%;\">\n<div style=\"float: left; margin-right: 40px; height: 290px;\">\n<p><a href=\"\/en\/training\/training-on-cranes\/\"><img decoding=\"async\" style=\"width: 300px; height: 225px;\" src=\"\/wp-content\/uploads\/2014\/04\/suwnice.jpeg\" alt=\"\" \/><\/a><\/p>\n<div style=\"width: 300px; font-size: 130%;\"><strong><a href=\"https:\/\/odk-ergon.pl\/en\/szkolenia\/szkolenia-na-suwnice\/uprawnienia\/\">UDT qualifications for overhead cranes<\/a><\/strong><\/div>\n<p>&nbsp;<\/p>\n<\/div>\n<\/div>\n<div style=\"text-align: center; font-size: 85%; line-height: 120%;\">\n<div style=\"float: left; margin-right: 40px; height: 290px;\">\n<p><a href=\"\/en\/training\/training-on-cranes\/entitlements\/\"><img decoding=\"async\" style=\"width: 300px; height: 225px;\" src=\"\/wp-content\/uploads\/2017\/10\/welder-working-at-height2-200x150.jpg\" alt=\"\" \/><\/a><\/p>\n<div style=\"width: 300px; font-size: 130%;\"><strong>Course for overhead traveling cranes<\/strong><\/div>\n<p>&nbsp;<\/p>\n<\/div>\n<\/div>\n<\/div>\n<p><a href=\"https:\/\/odk-ergon.pl\/wp-content\/uploads\/2022\/11\/32-suwnice-odk-ergon.pl_.png\"><img loading=\"lazy\" decoding=\"async\" class=\"aligncenter wp-image-2548\" src=\"https:\/\/odk-ergon.pl\/wp-content\/uploads\/2022\/11\/32-suwnice-odk-ergon.pl_-300x175.png\" alt=\"\" width=\"750\" height=\"438\" srcset=\"https:\/\/odk-ergon.pl\/wp-content\/uploads\/2022\/11\/32-suwnice-odk-ergon.pl_-300x175.png 300w, https:\/\/odk-ergon.pl\/wp-content\/uploads\/2022\/11\/32-suwnice-odk-ergon.pl_-1024x597.png 1024w, https:\/\/odk-ergon.pl\/wp-content\/uploads\/2022\/11\/32-suwnice-odk-ergon.pl_-768x448.png 768w, https:\/\/odk-ergon.pl\/wp-content\/uploads\/2022\/11\/32-suwnice-odk-ergon.pl_-18x12.png 18w, https:\/\/odk-ergon.pl\/wp-content\/uploads\/2022\/11\/32-suwnice-odk-ergon.pl_-624x364.png 624w, https:\/\/odk-ergon.pl\/wp-content\/uploads\/2022\/11\/32-suwnice-odk-ergon.pl_.png 1200w\" sizes=\"auto, (max-width: 750px) 100vw, 750px\" \/><\/a><\/p>","protected":false},"excerpt":{"rendered":"<p>Operator suwnicy \u2013 wymagania Suwnice stosowane s\u0105 mi\u0119dzy innymi w halach przemys\u0142owych, na bocznicach, sk\u0142adowiskach czy na pochylniach stoczniowych. Osoby pracuj\u0105ce z suwnicami musz\u0105 spe\u0142ni\u0107 okre\u015blone wymagania. Pracodawca nie mo\u017ce dopu\u015bci\u0107 do pracy pracownika bez wymaganych kwalifikacji i umiej\u0119tno\u015bci. Osoba chc\u0105ca pracowa\u0107 jako operator suwnicy musi zapisa\u0107 si\u0119 na kurs na suwnice. W celu zapisania si\u0119 na zaj\u0119cia nale\u017cy spe\u0142ni\u0107 odpowiednie wymagania, kt\u00f3rych spe\u0142nienie jest potrzebne r\u00f3wnie\u017c w zawodzie suwnicowego. Wymagania do zapisania si\u0119 na kurs na suwnic\u0119: uko\u0144czone 18 lat wykszta\u0142cenie do najmniej podstawowe brak przeciwwskaza\u0144 do pracy w zawodzie operatora suwnicy potwierdzony odpowiednim za\u015bwiadczeniem lekarskim Operatorzy powinni posiada\u0107 stosowne kwalifikacje potwierdzone za\u015bwiadczeniem kwalifikacyjnym Urz\u0119du Dozoru Technicznego. Uprawnienia mo\u017cna uzyska\u0107 po zaliczeniu egzaminu ko\u0144cz\u0105cego szkolenia UDT na suwnice. Wyr\u00f3\u017cniamy dwie kategorie uprawnie\u0144 na suwnice wed\u0142ug UDT: II S \u2013 suwnice, wci\u0105gniki i wci\u0105garki obs\u0142ugiwane z poziomu roboczego oraz \u017curawie stacjonarne warsztatowe I S \u2013 suwnice, wci\u0105gniki i wci\u0105garki obs\u0142ugiwane z poziomu roboczego lub z kabiny oraz \u017curawie stacjonarne warsztatowe Operator suwnicy powinien r\u00f3wnie\u017c spe\u0142ni\u0107 inne wymagania w zale\u017cno\u015bci od tego, w jakiej firmie b\u0119dzie zatrudniony. Mi\u0119dzy innymi pracownik powinien posiada\u0107 wiedz\u0119 w zakresie obowi\u0105zuj\u0105cych przepis\u00f3w, zna\u0107 zasady dzia\u0142ania urz\u0105dze\u0144 zabezpieczaj\u0105cych, powinien on przej\u015b\u0107 szkolenia BHP w zakresie instrukta\u017cu og\u00f3lnego BHP oraz instrukta\u017cu stanowiskowego. O\u015brodek Doskonalenia Kadr ERGON zaprasza na kurs na suwnice \u2013 cena i terminy zaj\u0119\u0107 wraz z lokalizacjami dost\u0119pne s\u0105 na naszej stronie internetowej. Prowadzimy zaj\u0119cia w mie\u015bcie Warszawa i w innych lokacjach. Gwarantujemy kompleksow\u0105 obs\u0142ug\u0119, wysok\u0105 zdawalno\u015b\u0107 i niskie ceny. Prosimy o kontakt w razie dodatkowych pyta\u0144. Zapisz si\u0119 na szkolenie [&hellip;]<\/p>\n","protected":false},"author":1,"featured_media":1676,"parent":1616,"menu_order":0,"comment_status":"closed","ping_status":"closed","template":"","meta":{"sfsi_plus_gutenberg_text_before_share":"","sfsi_plus_gutenberg_show_text_before_share":"","sfsi_plus_gutenberg_icon_type":"","sfsi_plus_gutenberg_icon_alignemt":"","sfsi_plus_gutenburg_max_per_row":"","footnotes":""},"class_list":["post-1624","page","type-page","status-publish","has-post-thumbnail","hentry","has_thumb"],"aioseo_notices":[],"_links":{"self":[{"href":"https:\/\/odk-ergon.pl\/en\/wp-json\/wp\/v2\/pages\/1624","targetHints":{"allow":["GET"]}}],"collection":[{"href":"https:\/\/odk-ergon.pl\/en\/wp-json\/wp\/v2\/pages"}],"about":[{"href":"https:\/\/odk-ergon.pl\/en\/wp-json\/wp\/v2\/types\/page"}],"author":[{"embeddable":true,"href":"https:\/\/odk-ergon.pl\/en\/wp-json\/wp\/v2\/users\/1"}],"replies":[{"embeddable":true,"href":"https:\/\/odk-ergon.pl\/en\/wp-json\/wp\/v2\/comments?post=1624"}],"version-history":[{"count":10,"href":"https:\/\/odk-ergon.pl\/en\/wp-json\/wp\/v2\/pages\/1624\/revisions"}],"predecessor-version":[{"id":2552,"href":"https:\/\/odk-ergon.pl\/en\/wp-json\/wp\/v2\/pages\/1624\/revisions\/2552"}],"up":[{"embeddable":true,"href":"https:\/\/odk-ergon.pl\/en\/wp-json\/wp\/v2\/pages\/1616"}],"wp:featuredmedia":[{"embeddable":true,"href":"https:\/\/odk-ergon.pl\/en\/wp-json\/wp\/v2\/media\/1676"}],"wp:attachment":[{"href":"https:\/\/odk-ergon.pl\/en\/wp-json\/wp\/v2\/media?parent=1624"}],"curies":[{"name":"wp","href":"https:\/\/api.w.org\/{rel}","templated":true}]}}