{"id":1626,"date":"2017-12-04T15:50:29","date_gmt":"2017-12-04T15:50:29","guid":{"rendered":"http:\/\/odk-ergon.pl\/?page_id=1626"},"modified":"2022-11-24T13:07:54","modified_gmt":"2022-11-24T12:07:54","slug":"action-prohibited","status":"publish","type":"page","link":"https:\/\/odk-ergon.pl\/en\/szkolenia\/szkolenia-na-suwnice\/czynnosci-zabronione\/","title":{"rendered":"Activities prohibited in the work of the crane operator"},"content":{"rendered":"<div style=\"float: left; margin-right: 5px; margin-bottom: 10px; text-align: justify;\"><div id=\"metaslider-id-1671\" style=\"max-width: 200px;\" class=\"ml-slider-3-108-0 metaslider metaslider-flex metaslider-1671 ml-slider ms-theme-default nav-hidden\" role=\"region\" aria-label=\"crane3\" data-height=\"150\" data-width=\"200\">\n    <div id=\"metaslider_container_1671\">\n        <div id=\"metaslider_1671\" class=\"flexslider\">\n            <ul class='slides'>\n                <li style=\"display: block; width: 100%;\" class=\"slide-1673 ms-image\" aria-roledescription=\"slide\" data-date=\"2017-12-18 13:28:43\" data-filename=\"zabronione_m.jpg\" data-slide-type=\"image\"><img loading=\"lazy\" decoding=\"async\" src=\"https:\/\/odk-ergon.pl\/wp-content\/uploads\/2017\/12\/zabronione_m.jpg\" height=\"150\" width=\"200\" alt=\"\" class=\"slider-1671 slide-1673 msDefaultImage\" \/><\/li>\n            <\/ul>\n        <\/div>\n        \n    <\/div>\n<\/div><\/div>\n<h2><strong>Crane operator - prohibited activities <\/strong><\/h2>\n<p>Working as a crane operator requires meeting certain conditions. Compliance with health and safety regulations is particularly important as it can reduce the risk of accidents at work.<\/p>\n<p>A person employed as a crane operator must have <a href=\"https:\/\/odk-ergon.pl\/en\/szkolenia\/szkolenia-na-suwnice\/\">UDT qualifications<\/a> - Office of Technical Inspection. In order to obtain them, you must complete the crane course and pass the exam before the UDT commission.<\/p>\n<p>During the work, the gantry crane must remember to obey the rules of health and safety and UDT. The operator must also be careful not to perform any prohibited activities.<\/p>\n<div class=\"filmw\">\n<div class=\"responsive-youtube\" style=\"text-align: center;\"><iframe loading=\"lazy\" title=\"YouTube video player\" src=\"https:\/\/www.youtube.com\/embed\/sfP7oV2iCs4\" width=\"560\" height=\"315\" frameborder=\"0\" allowfullscreen=\"allowfullscreen\"><\/iframe><\/div>\n<\/div>\n<p><strong>During work, the crane operator is forbidden to:<\/strong><\/p>\n<ul>\n<li>use a defective device or without a valid UDT decision authorizing it to work<\/li>\n<li>work under the influence of alcohol, other intoxicants, drugs that may affect psychophysical fitness<\/li>\n<li>use damaged or mismatched slings<\/li>\n<li>maintain the crane during its operation<\/li>\n<li>carry out repairs and adjustments on their own accord<\/li>\n<li>lift loads higher than the equipment&#039;s allowable capacity<\/li>\n<li>lift loads carrying people<\/li>\n<li>lift loads beyond the reach of the machine, also by pulling them diagonally<\/li>\n<li>lift loads attached to the surface, for example welded, bolted, frozen or buried<\/li>\n<li>move loads over people and over workplaces<\/li>\n<li>use overload protection when weighing the load<\/li>\n<li>leave the load on the gripping device<\/li>\n<li>stop tractor, trolley or bridge by running over safety limit switches<\/li>\n<\/ul>\n<p>Persons wishing to obtain a UDT licence are invited to attend a course on cranes - <a href=\"https:\/\/odk-ergon.pl\/en\/cennik\/\">price<\/a>The dates and locations of classes are shown on our website. Together with us, you can obtain the authorisations for cranes without difficulty. We are available in the city of Warsaw and other locations. If you have any questions, we remain at your disposal.<\/p>\n<div class=\"button_styl\" style=\"float: right; padding-left: 15px; padding-bottom: 8px; margin-bottom: 5px;\"><a class=\"myButton myButton_maly\" href=\"https:\/\/platformaedukacji.pl\/login\/signup.php\" target=\"_blank\" rel=\"nofollow noopener\"><span style=\"color: white;\">Sign up for training<\/span><\/a><\/div>\n<div style=\"padding-top: 70px;\">\n<h2>More information:<\/h2>\n<div style=\"text-align: center; font-size: 85%; line-height: 120%;\">\n<div style=\"float: left; margin-right: 40px; height: 290px;\">\n<p><a href=\"\/en\/training\/training-on-cranes\/action-prohibited\/\"><img decoding=\"async\" style=\"width: 300px; height: 225px;\" src=\"\/wp-content\/uploads\/2017\/12\/zabronione_m.jpg\" alt=\"\" \/><\/a><\/p>\n<div style=\"width: 300px; font-size: 130%;\"><strong>Prohibited activities<\/strong><\/div>\n<p>&nbsp;<\/p>\n<\/div>\n<div style=\"float: left; margin-right: 40px; height: 290px;\">\n<p><a href=\"\/en\/training\/training-on-cranes\/crane-operator\/\"><img decoding=\"async\" style=\"width: 300px; height: 225px;\" src=\"\/wp-content\/uploads\/2017\/12\/Foto-suwnice-200x150.jpg\" alt=\"\" \/><\/a><\/p>\n<div style=\"width: 300px; font-size: 130%;\"><strong>Crane operator<\/strong><\/div>\n<p>&nbsp;<\/p>\n<\/div>\n<\/div>\n<div style=\"clear: both;\"><\/div>\n<div style=\"text-align: center; font-size: 85%; line-height: 120%;\">\n<div style=\"float: left; margin-right: 40px; height: 290px;\">\n<p><a href=\"\/en\/training\/training-on-cranes\/basic-crane-structures\/\"><img decoding=\"async\" style=\"width: 300px; height: 225px;\" src=\"\/wp-content\/uploads\/2017\/12\/220_Suwnica_bramowa_jaworzno-1-200x150.jpg\" alt=\"\" \/><\/a><\/p>\n<div style=\"width: 300px; font-size: 130%;\"><strong><a href=\"https:\/\/odk-ergon.pl\/en\/szkolenia\/szkolenia-na-suwnice\/podstawowe-konstrukcje-suwnic\/\">Basic crane structures<\/a><\/strong><\/div>\n<p>&nbsp;<\/p>\n<\/div>\n<div style=\"float: left; margin-right: 40px; height: 290px;\">\n<p><a href=\"\/en\/training\/training-on-cranes\/regulations\/\"><img decoding=\"async\" style=\"width: 300px; height: 225px;\" src=\"\/wp-content\/uploads\/2017\/12\/12-0-200x150.jpg\" alt=\"\" \/><\/a><\/p>\n<div style=\"width: 300px; font-size: 130%;\"><strong>Provisions related to <a href=\"https:\/\/odk-ergon.pl\/en\/szkolenia\/szkolenia-na-suwnice\/przepisy\/\">use of overhead cranes<\/a><\/strong><\/div>\n<p>&nbsp;<\/p>\n<\/div>\n<\/div>\n<div style=\"text-align: center; font-size: 85%; line-height: 120%;\">\n<div style=\"float: left; margin-right: 40px; height: 290px;\">\n<p><a href=\"\/en\/training\/\"><img decoding=\"async\" style=\"width: 300px; height: 225px;\" src=\"\/wp-content\/uploads\/2014\/04\/suwnice.jpeg\" alt=\"\" \/><\/a><\/p>\n<div style=\"width: 300px; font-size: 130%;\"><strong><a href=\"https:\/\/odk-ergon.pl\/en\/szkolenia\/szkolenia-na-suwnice\/uprawnienia\/\">UDT qualifications for overhead cranes<\/a><\/strong><\/div>\n<p>&nbsp;<\/p>\n<\/div>\n<\/div>\n<div style=\"text-align: center; font-size: 85%; line-height: 120%;\">\n<div style=\"float: left; margin-right: 40px; height: 290px;\">\n<p><a href=\"\/en\/training\/training-on-cranes\/entitlements\/\"><img decoding=\"async\" style=\"width: 300px; height: 225px;\" src=\"\/wp-content\/uploads\/2017\/10\/welder-working-at-height2-200x150.jpg\" alt=\"\" \/><\/a><\/p>\n<div style=\"width: 300px; font-size: 130%;\"><strong>Course for overhead traveling cranes<\/strong><\/div>\n<p>&nbsp;<\/p>\n<\/div>\n<\/div>\n<\/div>\n<p><a href=\"https:\/\/odk-ergon.pl\/wp-content\/uploads\/2022\/11\/32-suwnice-odk-ergon.pl_.png\"><img loading=\"lazy\" decoding=\"async\" class=\"aligncenter wp-image-2548\" src=\"https:\/\/odk-ergon.pl\/wp-content\/uploads\/2022\/11\/32-suwnice-odk-ergon.pl_-300x175.png\" alt=\"\" width=\"750\" height=\"438\" srcset=\"https:\/\/odk-ergon.pl\/wp-content\/uploads\/2022\/11\/32-suwnice-odk-ergon.pl_-300x175.png 300w, https:\/\/odk-ergon.pl\/wp-content\/uploads\/2022\/11\/32-suwnice-odk-ergon.pl_-1024x597.png 1024w, https:\/\/odk-ergon.pl\/wp-content\/uploads\/2022\/11\/32-suwnice-odk-ergon.pl_-768x448.png 768w, https:\/\/odk-ergon.pl\/wp-content\/uploads\/2022\/11\/32-suwnice-odk-ergon.pl_-18x12.png 18w, https:\/\/odk-ergon.pl\/wp-content\/uploads\/2022\/11\/32-suwnice-odk-ergon.pl_-624x364.png 624w, https:\/\/odk-ergon.pl\/wp-content\/uploads\/2022\/11\/32-suwnice-odk-ergon.pl_.png 1200w\" sizes=\"auto, (max-width: 750px) 100vw, 750px\" \/><\/a><\/p>","protected":false},"excerpt":{"rendered":"<p>Operator suwnicy \u2013 czynno\u015bci zabronione Praca w zawodzie operatora suwnicy wymaga spe\u0142nienia odpowiednich warunk\u00f3w. Przestrzeganie przepis\u00f3w BHP jest szczeg\u00f3lnie istotne, poniewa\u017c dzi\u0119ki temu mo\u017cna zmniejszy\u0107 ryzyko wypadk\u00f3w przy pracy. Osoba zatrudniona jako suwnicowy musi posiada\u0107 uprawnienia UDT \u2013 Urz\u0119du Dozoru Technicznego. W celu ich uzyskania nale\u017cy uko\u0144czy kurs na suwnic\u0119 i pozytywnie zaliczy\u0107 egzamin przed komisj\u0105 UDT. W trakcie pracy suwnicowy musi pami\u0119ta\u0107 o przestrzeganiu zasad BHP oraz UDT. Operator musi r\u00f3wnie\u017c uwa\u017ca\u0107, o tym, aby nie wykonywa\u0107 czynno\u015bci zabronionych. Podczas pracy operatorowi suwnicy zabrania si\u0119: korzysta\u0107 z urz\u0105dzenia niesprawnego lub bez wa\u017cnej decyzji UDT dopuszczaj\u0105cej je do pracy pracowa\u0107 pod wp\u0142ywem alkoholu, pozosta\u0142ych substancji odurzaj\u0105cych, lek\u00f3w mog\u0105cych wp\u0142ywa\u0107 na sprawno\u015b\u0107 psychofizyczn\u0105 korzysta\u0107 z uszkodzonych lub niedopasowanych zawiesi prowadzi\u0107 konserwacj\u0119 suwnicy podczas jej pracy samowolnie przeprowadza\u0107 naprawy i regulacje podnosi\u0107 \u0142adunki wy\u017csze ni\u017c dopuszczalny ud\u017awig urz\u0105dzenia podnosi\u0107 \u0142adunki, na kt\u00f3rych znajduj\u0105 si\u0119 ludzie podnosi\u0107 \u0142adunki poza zasi\u0119giem urz\u0105dzenia, tak\u017ce przez ci\u0105gni\u0119cie ich uko\u015bnie podnosi\u0107 \u0142adunki przytwierdzone do powierzchni, na przyk\u0142ad przyspawane, przykr\u0119cone, przymarzni\u0119te lub przysypane przenosi\u0107 \u0142adunki nad osobami oraz nad stanowiskami pracy stosowa\u0107 zabezpieczenia przed przeci\u0105\u017ceniem przy wa\u017ceniu \u0142adunku zostawi\u0107 \u0142adunek na urz\u0105dzeniu chwytnym zatrzymywa\u0107 ci\u0119gnik, w\u00f3zek lub most, naje\u017cd\u017caj\u0105c na kra\u0144cowe \u0142\u0105czniki bezpiecze\u0144stwa Osoby chc\u0105ce uzyska\u0107 uprawnienia UDT zapraszamy na kurs na suwnice \u2013 cena, terminy i miejsca prowadzenia zaj\u0119\u0107 s\u0105 przedstawione na naszej stronie internetowej. Razem z nami uprawnienia na suwnice mo\u017cna uzyska\u0107 bez trudno\u015bci. Jeste\u015bmy dost\u0119pni w mie\u015bcie Warszawa i innych miejscowo\u015bciach. W razie pyta\u0144 pozostajemy do Pa\u0144stwa dyspozycji. Zapisz si\u0119 na szkolenie Wi\u0119cej informacji: Czynno\u015bci zabronione &nbsp; Operator suwnicy &nbsp; [&hellip;]<\/p>\n","protected":false},"author":1,"featured_media":1672,"parent":1616,"menu_order":0,"comment_status":"closed","ping_status":"closed","template":"","meta":{"sfsi_plus_gutenberg_text_before_share":"","sfsi_plus_gutenberg_show_text_before_share":"","sfsi_plus_gutenberg_icon_type":"","sfsi_plus_gutenberg_icon_alignemt":"","sfsi_plus_gutenburg_max_per_row":"","footnotes":""},"class_list":["post-1626","page","type-page","status-publish","has-post-thumbnail","hentry","has_thumb"],"aioseo_notices":[],"_links":{"self":[{"href":"https:\/\/odk-ergon.pl\/en\/wp-json\/wp\/v2\/pages\/1626","targetHints":{"allow":["GET"]}}],"collection":[{"href":"https:\/\/odk-ergon.pl\/en\/wp-json\/wp\/v2\/pages"}],"about":[{"href":"https:\/\/odk-ergon.pl\/en\/wp-json\/wp\/v2\/types\/page"}],"author":[{"embeddable":true,"href":"https:\/\/odk-ergon.pl\/en\/wp-json\/wp\/v2\/users\/1"}],"replies":[{"embeddable":true,"href":"https:\/\/odk-ergon.pl\/en\/wp-json\/wp\/v2\/comments?post=1626"}],"version-history":[{"count":11,"href":"https:\/\/odk-ergon.pl\/en\/wp-json\/wp\/v2\/pages\/1626\/revisions"}],"predecessor-version":[{"id":2555,"href":"https:\/\/odk-ergon.pl\/en\/wp-json\/wp\/v2\/pages\/1626\/revisions\/2555"}],"up":[{"embeddable":true,"href":"https:\/\/odk-ergon.pl\/en\/wp-json\/wp\/v2\/pages\/1616"}],"wp:featuredmedia":[{"embeddable":true,"href":"https:\/\/odk-ergon.pl\/en\/wp-json\/wp\/v2\/media\/1672"}],"wp:attachment":[{"href":"https:\/\/odk-ergon.pl\/en\/wp-json\/wp\/v2\/media?parent=1626"}],"curies":[{"name":"wp","href":"https:\/\/api.w.org\/{rel}","templated":true}]}}