{"id":1791,"date":"2020-01-06T00:04:57","date_gmt":"2020-01-05T23:04:57","guid":{"rendered":"http:\/\/odk-ergon.pl\/?page_id=1791"},"modified":"2020-01-06T00:04:57","modified_gmt":"2020-01-05T23:04:57","slug":"personal-data-protection-gdpr","status":"publish","type":"page","link":"https:\/\/odk-ergon.pl\/en\/szkolenia\/ochrona-danych-osobowych-rodo\/","title":{"rendered":"Personal data protection - GDPR"},"content":{"rendered":"<p>We invite you to our GDPR training on personal data protection <a href=\"https:\/\/odk-ergon.pl\/en\/o-firmie\/\">ERGON Personnel Training Center<\/a>. Classes are available in the city of Warsaw. We train professionally, comprehensively and at low prices!<\/p>\n<p>The classes are intended for data controllers and other people who want to learn about the changes introduced by the EU GDPR regulation, which was adopted on April 27, 2016 and enters into force on May 25, 2018. The personal data training available from us informs you about the changes comprehensively and allows you to avoid penalties related to non-compliance.<\/p>\n<p><strong>Schedule<\/strong><\/p>\n<p>The training on personal data protection is divided into two parts - theoretical and practical. Thanks to participation in the classes, participants receive a wide knowledge of the changes introduced by the European Union regulation in the field of personal data protection - GDPR.<\/p>\n<p>During our classes, we use activating teaching methods. Thanks to this, our center is known for its high effectiveness of training.<\/p>\n<p><strong>During the classes, information such as:<\/strong><\/p>\n<ul>\n<li>legal basis for the processing of personal data<\/li>\n<li>basic definitions in the field of personal data protection<\/li>\n<li>who is the data administrator and what are the administrator&#039;s tasks<\/li>\n<li>who is the data protection officer status and what are his tasks<\/li>\n<li>who is the entity processing personal data<\/li>\n<li>general conditions for the imposition of administrative fines<\/li>\n<li>recording processing activities<\/li>\n<li>organizational structure of personal data protection<\/li>\n<li>conditions for expressing consent to the processing of personal data<\/li>\n<li>rules regarding the processing of personal data<\/li>\n<li>the right of access by the data subject<\/li>\n<li>processing of special categories of personal data<\/li>\n<\/ul>\n<p>Our classes are divided into two parts - theoretical and practical, which is why it also presents what the protection of personal data will look like in practice after the entry into force of the EU regulation. The price of the training also includes catering and a lunch break.<\/p>\n<p>We invite you to a training in the field of personal data - detailed information is available on our website, and we also provide it by phone and e-mail.<\/p>","protected":false},"excerpt":{"rendered":"<p>Zapraszamy na szkolenie z zakresu ochrony danych osobowych RODO do naszego O\u015brodka Doskonalenia Kadr ERGON. Zaj\u0119cia dost\u0119pne s\u0105 w mie\u015bcie Warszawa. Szkolimy fachowo, kompleksowo i w niskich cenach! Zaj\u0119cia przeznaczone s\u0105 dla administrator\u00f3w danych i innych os\u00f3b, kt\u00f3re chc\u0105 pozna\u0107 zmiany wprowadzone przez rozporz\u0105dzenie unijne RODO, kt\u00f3re zosta\u0142o przyj\u0119te 27 kwietnia 2016 i wchodzi w \u017cycie 25 maja 2018 roku. Dost\u0119pne u nas szkolenie z zakresu danych osobowych kompleksowo informuje o zmianach i pozwala na unikni\u0119cie kar zwi\u0105zanych z nieprzestrzeganiem przepis\u00f3w. Program zaj\u0119\u0107 Szkolenie o ochronie danych osobowych jest podzielone na dwie cz\u0119\u015bci \u2013 teoretyczn\u0105 oraz praktyczn\u0105. Dzi\u0119ki uczestnictwu w zaj\u0119ciach uczestnicy otrzymuj\u0105 szerok\u0105 wiedz\u0119 dotycz\u0105c\u0105 zmian wprowadzanych przez rozporz\u0105dzenie Unii Europejskiej w zakresie ochrony danych osobowych \u2013 RODO. W trakcie naszych zaj\u0119\u0107 stosujemy aktywizuj\u0105ce metody nauczania. Dzi\u0119ki temu nasz o\u015brodek znany jest z wysokiej skuteczno\u015bci szkolenia. Podczas zaj\u0119\u0107 poruszane s\u0105 takie informacje jak: podstawy prawne przetwarzania danych osobowych podstawowe definicje z zakresu ochrony danych osobowych kim jest administrator danych i jakie s\u0105 zadania administratora kim jest inspektor ochrony danych status i jakie s\u0105 jego zadania kim jest podmiot przetwarzaj\u0105cy dane osobowe og\u00f3lne warunki nak\u0142adania administracyjnych kar pieni\u0119\u017cnych rejestrowanie czynno\u015bci przetwarzania struktura organizacyjna ochrony danych osobowych warunki wyra\u017cenia zgody na przetwarzanie danych osobowych zasady dotycz\u0105ce przetwarzania danych osobowych prawo dost\u0119pu przys\u0142uguj\u0105ce osobie, kt\u00f3rej dane dotycz\u0105 przetwarzanie szczeg\u00f3lnych kategorii danych osobowych Nasze zaj\u0119cia podzielone s\u0105 na dwie cz\u0119\u015bci \u2013 teoretyczn\u0105 oraz praktyczn\u0105, dlatego prezentuje tak\u017ce, jak b\u0119dzie wygl\u0105da\u0107 ochrona danych osobowych w praktyce po wej\u015bciu w \u017cycie rozporz\u0105dzenia UE. W cenie szkolenia zawarte s\u0105 tak\u017ce catering [&hellip;]<\/p>\n","protected":false},"author":1,"featured_media":0,"parent":65,"menu_order":0,"comment_status":"closed","ping_status":"closed","template":"","meta":{"sfsi_plus_gutenberg_text_before_share":"","sfsi_plus_gutenberg_show_text_before_share":"","sfsi_plus_gutenberg_icon_type":"","sfsi_plus_gutenberg_icon_alignemt":"","sfsi_plus_gutenburg_max_per_row":"","footnotes":""},"class_list":["post-1791","page","type-page","status-publish","hentry","has_no_thumb"],"aioseo_notices":[],"_links":{"self":[{"href":"https:\/\/odk-ergon.pl\/en\/wp-json\/wp\/v2\/pages\/1791","targetHints":{"allow":["GET"]}}],"collection":[{"href":"https:\/\/odk-ergon.pl\/en\/wp-json\/wp\/v2\/pages"}],"about":[{"href":"https:\/\/odk-ergon.pl\/en\/wp-json\/wp\/v2\/types\/page"}],"author":[{"embeddable":true,"href":"https:\/\/odk-ergon.pl\/en\/wp-json\/wp\/v2\/users\/1"}],"replies":[{"embeddable":true,"href":"https:\/\/odk-ergon.pl\/en\/wp-json\/wp\/v2\/comments?post=1791"}],"version-history":[{"count":1,"href":"https:\/\/odk-ergon.pl\/en\/wp-json\/wp\/v2\/pages\/1791\/revisions"}],"predecessor-version":[{"id":1792,"href":"https:\/\/odk-ergon.pl\/en\/wp-json\/wp\/v2\/pages\/1791\/revisions\/1792"}],"up":[{"embeddable":true,"href":"https:\/\/odk-ergon.pl\/en\/wp-json\/wp\/v2\/pages\/65"}],"wp:attachment":[{"href":"https:\/\/odk-ergon.pl\/en\/wp-json\/wp\/v2\/media?parent=1791"}],"curies":[{"name":"wp","href":"https:\/\/api.w.org\/{rel}","templated":true}]}}