{"id":1935,"date":"2021-09-27T20:37:25","date_gmt":"2021-09-27T19:37:25","guid":{"rendered":"https:\/\/odk-ergon.pl\/?page_id=1935"},"modified":"2023-03-13T10:34:14","modified_gmt":"2023-03-13T09:34:14","slug":"scissor-lift-platforms","status":"publish","type":"page","link":"https:\/\/odk-ergon.pl\/en\/szkolenia\/uprawnienia-udt-tdt\/podesty-nozycowe\/","title":{"rendered":"A course on scissor lifts preparing for the UDT exam"},"content":{"rendered":"<p><a href=\"https:\/\/odk-ergon.pl\/wp-content\/uploads\/2021\/09\/podesty_nozycowy_2.jpg\"><img loading=\"lazy\" decoding=\"async\" class=\"obrazekpadding alignleft wp-image-1937 size-medium\" src=\"https:\/\/odk-ergon.pl\/wp-content\/uploads\/2021\/09\/podesty_nozycowy_2-300x200.jpg\" alt=\"Scissor lifts are used on construction sites, in warehouses and factory halls\" width=\"300\" height=\"200\" srcset=\"https:\/\/odk-ergon.pl\/wp-content\/uploads\/2021\/09\/podesty_nozycowy_2-300x200.jpg 300w, https:\/\/odk-ergon.pl\/wp-content\/uploads\/2021\/09\/podesty_nozycowy_2-1024x683.jpg 1024w, https:\/\/odk-ergon.pl\/wp-content\/uploads\/2021\/09\/podesty_nozycowy_2-768x512.jpg 768w, https:\/\/odk-ergon.pl\/wp-content\/uploads\/2021\/09\/podesty_nozycowy_2-1536x1024.jpg 1536w, https:\/\/odk-ergon.pl\/wp-content\/uploads\/2021\/09\/podesty_nozycowy_2-624x416.jpg 624w, https:\/\/odk-ergon.pl\/wp-content\/uploads\/2021\/09\/podesty_nozycowy_2.jpg 1539w\" sizes=\"auto, (max-width: 300px) 100vw, 300px\" \/><\/a> Scissor lifts, like all devices covered by technical inspection, may only be operated by persons with appropriate qualifications. In Poland, the process of checking qualifications is dealt with, among others, by the Office of Technical Inspection - confirmation of qualifications issued by this institution allows you to work on the so-called increases in the country and abroad, provided that in a given country it is possible to recognize Polish entitlements. The course organized by the Center is a way to effectively prepare for the exam. Its scope includes not only learning how to use devices, but also knowledge about the construction, operation rules, and technical supervision. This information is useful both for people who have not dealt with the operator&#039;s work before, and for those who use scissor lifts on a daily basis. The results of the surveys carried out among the participants show that even people with extensive practical experience confirm that they received a great added value in terms of safe operation of the platforms.<\/p>\n<div class=\"filmw\">\n<div class=\"responsive-youtube\" style=\"text-align: center;\"><iframe loading=\"lazy\" title=\"YouTube video player\" src=\"https:\/\/www.youtube.com\/embed\/CLZn05fOBfI\" width=\"560\" height=\"315\" frameborder=\"0\" allowfullscreen=\"allowfullscreen\"><\/iframe><\/div>\n<\/div>\n<h2>Details of the lifts course<\/h2>\n<ul>\n<li>Duration of the course: determined individually based on the study of training needs of the participants. For people with no experience - about 20 to 36 training hours (theory and practice).<\/li>\n<li>Form of classes: onsite or online (for those without experience, practical classes before the UDT exam are required). Training can be open - at the time and place specified on the Centre's website, or closed - only for employees designated by the client.<\/li>\n<li><a href=\"https:\/\/odk-ergon.pl\/en\/cennik\/\">Price<\/a>: determined individually with candidates for lifting operators. The price depends on the duration of the course, its form, and additional services.<\/li>\n<li>Course of classes: the program is strictly adapted to the UDT examination requirements. The issues discussed during the training concern, among others: general information about scissor lifts, construction of the working platform and chassis, stability and durability of devices, rules of safe operation, technical supervision<\/li>\n<\/ul>\n<div style=\"width: 640px;\" class=\"wp-video\"><video id=\"video-1935-1\" width=\"640\" height=\"360\" poster=\"https:\/\/odk-ergon.pl\/wp-content\/uploads\/2023\/03\/20230127_031102_0000.jpg\" preload=\"metadata\" controls=\"controls\"><source type=\"video\/mp4\" src=\"https:\/\/odk-ergon.pl\/wp-content\/uploads\/2023\/03\/ACCEPTED-operator-podestow-4K-odk-ergon.mp4?_=1\" \/><a href=\"https:\/\/odk-ergon.pl\/wp-content\/uploads\/2023\/03\/ACCEPTED-operator-podestow-4K-odk-ergon.mp4\">https:\/\/odk-ergon.pl\/wp-content\/uploads\/2023\/03\/ACCEPTED-operator-podestow-4K-odk-ergon.mp4<\/a><\/video><\/div>\n<h2>Course and UDT exam<\/h2>\n<p>Completing the training is not tantamount to acquiring professional qualifications. To obtain the qualifications, a positive result of the examination organized by UDT is necessary. The dates of open trainings organized by the Center are agreed so that the waiting time for the exam in a given UDT branch is as short as possible, as far as possible by the Commission. Also in the case of closed training for companies, if they can be scheduled well in advance, the time from completing the training to taking the exam may be scheduled for the next working day.<\/p>\n<h2>Work after a course on a scissor lift<\/h2>\n<p><a href=\"https:\/\/odk-ergon.pl\/wp-content\/uploads\/2021\/09\/podesty_nozycowy_1.jpg\"><img loading=\"lazy\" decoding=\"async\" class=\"obrazekpadding alignright wp-image-1938 size-medium\" src=\"https:\/\/odk-ergon.pl\/wp-content\/uploads\/2021\/09\/podesty_nozycowy_1-200x300.jpg\" alt=\"Operation of scissor lifts requires theoretical and practical preparation\" width=\"200\" height=\"300\" srcset=\"https:\/\/odk-ergon.pl\/wp-content\/uploads\/2021\/09\/podesty_nozycowy_1-200x300.jpg 200w, https:\/\/odk-ergon.pl\/wp-content\/uploads\/2021\/09\/podesty_nozycowy_1-683x1024.jpg 683w, https:\/\/odk-ergon.pl\/wp-content\/uploads\/2021\/09\/podesty_nozycowy_1-768x1152.jpg 768w, https:\/\/odk-ergon.pl\/wp-content\/uploads\/2021\/09\/podesty_nozycowy_1-1024x1536.jpg 1024w, https:\/\/odk-ergon.pl\/wp-content\/uploads\/2021\/09\/podesty_nozycowy_1-624x936.jpg 624w, https:\/\/odk-ergon.pl\/wp-content\/uploads\/2021\/09\/podesty_nozycowy_1.jpg 1067w\" sizes=\"auto, (max-width: 200px) 100vw, 200px\" \/><\/a>The training program has been created for people who want to work as a lift operator on an independent position or develop their own business by providing rental services.<\/p>\n<p>Being authorized to handle increases offers many employment opportunities:<\/p>\n<ul>\n<li>As a team worker in construction and renovation companies<\/li>\n<li>As an assembler or installer in energy companies, in lighting services<\/li>\n<li>In high bay warehouses<\/li>\n<li>In advertising companies specializing in large-format advertising<\/li>\n<li>In specialized companies offering cleaning of glass office buildings<\/li>\n<\/ul>\n<p><a href=\"https:\/\/odk-ergon.pl\/wp-content\/uploads\/2022\/11\/Szablon-odk-ergon.png\"><img loading=\"lazy\" decoding=\"async\" class=\"aligncenter wp-image-2567\" src=\"https:\/\/odk-ergon.pl\/wp-content\/uploads\/2022\/11\/Szablon-odk-ergon-300x175.png\" alt=\"\" width=\"750\" height=\"438\" srcset=\"https:\/\/odk-ergon.pl\/wp-content\/uploads\/2022\/11\/Szablon-odk-ergon-300x175.png 300w, https:\/\/odk-ergon.pl\/wp-content\/uploads\/2022\/11\/Szablon-odk-ergon-1024x597.png 1024w, https:\/\/odk-ergon.pl\/wp-content\/uploads\/2022\/11\/Szablon-odk-ergon-768x448.png 768w, https:\/\/odk-ergon.pl\/wp-content\/uploads\/2022\/11\/Szablon-odk-ergon-18x12.png 18w, https:\/\/odk-ergon.pl\/wp-content\/uploads\/2022\/11\/Szablon-odk-ergon-624x364.png 624w, https:\/\/odk-ergon.pl\/wp-content\/uploads\/2022\/11\/Szablon-odk-ergon.png 1200w\" sizes=\"auto, (max-width: 750px) 100vw, 750px\" \/><\/a><\/p>","protected":false},"excerpt":{"rendered":"<p>Podno\u015bniki no\u017cycowe, podobnie jak wszystkie urz\u0105dzenia obj\u0119te dozorem technicznym, mog\u0105 by\u0107 obs\u0142ugiwane wy\u0142\u0105cznie przez osoby posiadaj\u0105ce odpowiednie uprawnienia. W Polsce procesem sprawdzania kwalifikacji zajmuje si\u0119 m.in.: Urz\u0105d Dozoru Technicznego \u2013 potwierdzenie kwalifikacji wydane przez t\u0119 instytucj\u0119 pozwala na prac\u0119 na tzw. zwy\u017ckach w kraju i za granic\u0105, o ile w danym kraju istnieje mo\u017cliwo\u015b\u0107 uznania polskich uprawnie\u0144. Kurs organizowany przez O\u015brodek to spos\u00f3b na skuteczne przygotowanie do egzaminu. Jego zakres obejmuje nie tylko nauk\u0119 obs\u0142ugi urz\u0105dze\u0144, ale tak\u017ce wiedz\u0119 na temat budowy, zasad eksploatacji, dozoru technicznego. To informacje przydatne zar\u00f3wno osobom, kt\u00f3re nie mia\u0142y wcze\u015bniej do czynienia z prac\u0105 operatora, jak i tym, kt\u00f3re na co dzie\u0144 w pracy korzystaj\u0105 z podno\u015bnik\u00f3w no\u017cycowych. Wyniki ankiet przeprowadzanych w\u015br\u00f3d uczestnik\u00f3w pokazuj\u0105, \u017ce nawet osoby z du\u017cym do\u015bwiadczeniem praktycznym potwierdzaj\u0105, \u017ce otrzyma\u0142y du\u017c\u0105 warto\u015b\u0107 dodan\u0105 w zakresie bezpiecznej eksploatacji podest\u00f3w. Szczeg\u00f3\u0142y kursu na podno\u015bniki Czas trwania kursu: ustalany indywidualnie w oparciu o badanie potrzeb szkoleniowych uczestnik\u00f3w. Dla os\u00f3b bez do\u015bwiadczenia &#8211; oko\u0142o 20 do 36 godzin szkoleniowych (teoria i praktyka). Forma zaj\u0119\u0107: stacjonarnie lub online (dla os\u00f3b bez do\u015bwiadczenia konieczne jest uzupe\u0142nienie o zaj\u0119cia praktyczne przed egzaminem UDT). Szkolenia mog\u0105 mie\u0107 form\u0119 otwart\u0105 &#8211; w terminie i miejscu podanym na stronie O\u015brodka lub zamkni\u0119t\u0105 &#8211; wy\u0142\u0105cznie dla pracownik\u00f3w wyznaczonych przez klienta. Cena: ustalana indywidualnie z kandydatami na operator\u00f3w zwy\u017cek. Cena jest zale\u017cna od czasu trwania kursu, jego formy, us\u0142ug dodatkowych. Przebieg zaj\u0119\u0107: program jest \u015bci\u015ble dostosowany do wymog\u00f3w egzaminacyjnych UDT. Poruszane na szkoleniu kwestie dotycz\u0105 m.in.: wiadomo\u015bci og\u00f3lnych o podestach no\u017cycowych, budowy platformy roboczej i podwozia, stateczno\u015bci i [&hellip;]<\/p>\n","protected":false},"author":1,"featured_media":1937,"parent":1828,"menu_order":0,"comment_status":"closed","ping_status":"closed","template":"","meta":{"sfsi_plus_gutenberg_text_before_share":"","sfsi_plus_gutenberg_show_text_before_share":"","sfsi_plus_gutenberg_icon_type":"","sfsi_plus_gutenberg_icon_alignemt":"","sfsi_plus_gutenburg_max_per_row":"","footnotes":""},"class_list":["post-1935","page","type-page","status-publish","has-post-thumbnail","hentry","has_thumb"],"aioseo_notices":[],"_links":{"self":[{"href":"https:\/\/odk-ergon.pl\/en\/wp-json\/wp\/v2\/pages\/1935","targetHints":{"allow":["GET"]}}],"collection":[{"href":"https:\/\/odk-ergon.pl\/en\/wp-json\/wp\/v2\/pages"}],"about":[{"href":"https:\/\/odk-ergon.pl\/en\/wp-json\/wp\/v2\/types\/page"}],"author":[{"embeddable":true,"href":"https:\/\/odk-ergon.pl\/en\/wp-json\/wp\/v2\/users\/1"}],"replies":[{"embeddable":true,"href":"https:\/\/odk-ergon.pl\/en\/wp-json\/wp\/v2\/comments?post=1935"}],"version-history":[{"count":8,"href":"https:\/\/odk-ergon.pl\/en\/wp-json\/wp\/v2\/pages\/1935\/revisions"}],"predecessor-version":[{"id":3092,"href":"https:\/\/odk-ergon.pl\/en\/wp-json\/wp\/v2\/pages\/1935\/revisions\/3092"}],"up":[{"embeddable":true,"href":"https:\/\/odk-ergon.pl\/en\/wp-json\/wp\/v2\/pages\/1828"}],"wp:featuredmedia":[{"embeddable":true,"href":"https:\/\/odk-ergon.pl\/en\/wp-json\/wp\/v2\/media\/1937"}],"wp:attachment":[{"href":"https:\/\/odk-ergon.pl\/en\/wp-json\/wp\/v2\/media?parent=1935"}],"curies":[{"name":"wp","href":"https:\/\/api.w.org\/{rel}","templated":true}]}}