{"id":1952,"date":"2021-09-28T22:00:07","date_gmt":"2021-09-28T21:00:07","guid":{"rendered":"https:\/\/odk-ergon.pl\/?page_id=1952"},"modified":"2023-03-13T10:37:40","modified_gmt":"2023-03-13T09:37:40","slug":"aerial-platforms","status":"publish","type":"page","link":"https:\/\/odk-ergon.pl\/en\/szkolenia\/uprawnienia-udt-tdt\/podnosniki-koszowe\/","title":{"rendered":"A course for aerial work platforms with the UDT exam"},"content":{"rendered":"<p><a href=\"https:\/\/odk-ergon.pl\/wp-content\/uploads\/2021\/09\/podnosnik_koszowy_1.jpg\"><img loading=\"lazy\" decoding=\"async\" class=\"obrazekpadding alignleft wp-image-1954 size-medium\" src=\"https:\/\/odk-ergon.pl\/wp-content\/uploads\/2021\/09\/podnosnik_koszowy_1-300x195.jpg\" alt=\"Boards can be operated only by persons who have passed the exam and have UDT qualifications\" width=\"300\" height=\"195\" srcset=\"https:\/\/odk-ergon.pl\/wp-content\/uploads\/2021\/09\/podnosnik_koszowy_1-300x195.jpg 300w, https:\/\/odk-ergon.pl\/wp-content\/uploads\/2021\/09\/podnosnik_koszowy_1-1024x666.jpg 1024w, https:\/\/odk-ergon.pl\/wp-content\/uploads\/2021\/09\/podnosnik_koszowy_1-768x499.jpg 768w, https:\/\/odk-ergon.pl\/wp-content\/uploads\/2021\/09\/podnosnik_koszowy_1-624x406.jpg 624w, https:\/\/odk-ergon.pl\/wp-content\/uploads\/2021\/09\/podnosnik_koszowy_1.jpg 1513w\" sizes=\"auto, (max-width: 300px) 100vw, 300px\" \/><\/a>These classes are intended for people of any skill level when it comes to handling increases. The trainings are organized in groups for beginners and for people who have already dealt with lifts. Participants have the opportunity to acquire theoretical knowledge and supplement it with practical operating skills. Such preparation allows them not only to take the state examination at the end of the course, but also to start work practically immediately after graduation.<\/p>\n<h2>Course: aerial work platforms - course of classes<\/h2>\n<p>Theoretical classes are conducted in the form of lectures (also available online - live webinars). Instructors provide knowledge in a way that activates the participants and teach them how to build individual elements of the lifts, use the operating instructions, they inform about safety rules, technical inspection regulations, stability and strength of basket platforms. People who complete the theoretical part can take part in practical classes on the maneuvering yard. Such exercises are an opportunity to learn how to use aerial platforms and to learn about health and safety rules.<\/p>\n<p>The course syllabus for the uplifts complies with the requirements of the UDT and takes into account the material required for the external examination.<\/p>\n<div class=\"filmw\">\n<div class=\"responsive-youtube\" style=\"text-align: center;\"><iframe loading=\"lazy\" title=\"YouTube video player\" src=\"https:\/\/www.youtube.com\/embed\/CLZn05fOBfI\" width=\"560\" height=\"315\" frameborder=\"0\" allowfullscreen=\"allowfullscreen\"><\/iframe><\/div>\n<\/div>\n<p><strong>Practical information:<\/strong><\/p>\n<ul>\n<li>Duration: the number of hours of classes varies from 10 to about 20, depending on the level of advancement of the participants and the amount of knowledge they need to be taught. The time and scope of the training is agreed and can be extended or shortened according to the needs of the group \/ student.<\/li>\n<li>Requirements: participants are required to have a minimum basic education of at least 18 years of age and health condition that allows them to perform work (a declaration or a certificate from an occupational medicine doctor stating that there are no contraindications to work at height and psychophysical fitness)<\/li>\n<li>Location: cities where courses for aerial work platforms are held: Warsaw, Krakow, Katowice and other large cities. At the company&#039;s request, the Center can organize closed training for its employees.<\/li>\n<li><a href=\"https:\/\/odk-ergon.pl\/en\/cennik\/\">Price<\/a> Includes: specific number of hours of theory and practice, course materials on an online platform (including tests with sample questions), course completion certificate, refreshments during coffee breaks, taking the exam before the UDT commission<\/li>\n<\/ul>\n<div style=\"width: 640px;\" class=\"wp-video\"><video id=\"video-1952-1\" width=\"640\" height=\"360\" poster=\"https:\/\/odk-ergon.pl\/wp-content\/uploads\/2023\/03\/20230127_031102_0000.jpg\" preload=\"metadata\" controls=\"controls\"><source type=\"video\/mp4\" src=\"https:\/\/odk-ergon.pl\/wp-content\/uploads\/2023\/03\/ACCEPTED-operator-podestow-4K-odk-ergon.mp4?_=1\" \/><a href=\"https:\/\/odk-ergon.pl\/wp-content\/uploads\/2023\/03\/ACCEPTED-operator-podestow-4K-odk-ergon.mp4\">https:\/\/odk-ergon.pl\/wp-content\/uploads\/2023\/03\/ACCEPTED-operator-podestow-4K-odk-ergon.mp4<\/a><\/video><\/div>\n<h2>What are the possibilities of the basket lift course?<\/h2>\n<p><a href=\"https:\/\/odk-ergon.pl\/wp-content\/uploads\/2021\/09\/podnosnik_koszowy_2.jpg\"><img loading=\"lazy\" decoding=\"async\" class=\"obrazekpadding alignleft wp-image-1953 size-medium\" src=\"https:\/\/odk-ergon.pl\/wp-content\/uploads\/2021\/09\/podnosnik_koszowy_2-300x200.jpg\" alt=\"Aerial platforms are material handling devices that must be operated with a license\" width=\"300\" height=\"200\" srcset=\"https:\/\/odk-ergon.pl\/wp-content\/uploads\/2021\/09\/podnosnik_koszowy_2-300x200.jpg 300w, https:\/\/odk-ergon.pl\/wp-content\/uploads\/2021\/09\/podnosnik_koszowy_2-1024x683.jpg 1024w, https:\/\/odk-ergon.pl\/wp-content\/uploads\/2021\/09\/podnosnik_koszowy_2-768x512.jpg 768w, https:\/\/odk-ergon.pl\/wp-content\/uploads\/2021\/09\/podnosnik_koszowy_2-624x416.jpg 624w, https:\/\/odk-ergon.pl\/wp-content\/uploads\/2021\/09\/podnosnik_koszowy_2.jpg 1451w\" sizes=\"auto, (max-width: 300px) 100vw, 300px\" \/><\/a>The training for operators ends with a state examination, which is passed before the commission of the Office of Technical Inspection. This two-part exam (theory and practice) is an essential requirement for those who want to qualify for rises and work with this device.<\/p>\n<p>The qualification certificate issued by UDT is valid for 5 years and gives the possibility of employment as a lift operator. With such qualifications, you can find a job in construction and renovation companies, energy companies and other municipal units, companies specializing in large-format advertising or providing green maintenance services. Qualifications are also necessary when you run your own business that performs work with the use of bores. The certificate issued by UDT should also be presented when the device is rented from the equipment rental.<\/p>\n<p><a href=\"https:\/\/odk-ergon.pl\/wp-content\/uploads\/2022\/11\/Szablon-odk-ergon.png\"><img loading=\"lazy\" decoding=\"async\" class=\"aligncenter wp-image-2567\" src=\"https:\/\/odk-ergon.pl\/wp-content\/uploads\/2022\/11\/Szablon-odk-ergon-300x175.png\" alt=\"\" width=\"750\" height=\"438\" srcset=\"https:\/\/odk-ergon.pl\/wp-content\/uploads\/2022\/11\/Szablon-odk-ergon-300x175.png 300w, https:\/\/odk-ergon.pl\/wp-content\/uploads\/2022\/11\/Szablon-odk-ergon-1024x597.png 1024w, https:\/\/odk-ergon.pl\/wp-content\/uploads\/2022\/11\/Szablon-odk-ergon-768x448.png 768w, https:\/\/odk-ergon.pl\/wp-content\/uploads\/2022\/11\/Szablon-odk-ergon-18x12.png 18w, https:\/\/odk-ergon.pl\/wp-content\/uploads\/2022\/11\/Szablon-odk-ergon-624x364.png 624w, https:\/\/odk-ergon.pl\/wp-content\/uploads\/2022\/11\/Szablon-odk-ergon.png 1200w\" sizes=\"auto, (max-width: 750px) 100vw, 750px\" \/><\/a><\/p>\n<p>&nbsp;<\/p>","protected":false},"excerpt":{"rendered":"<p>To zaj\u0119cia przeznaczone dla os\u00f3b na dowolnym poziomie zaawansowania, je\u015bli chodzi o obs\u0142ug\u0119 zwy\u017cek. Szkolenia s\u0105 organizowane w grupach dla pocz\u0105tkuj\u0105cych oraz dla os\u00f3b, kt\u00f3re mia\u0142y ju\u017c do czynienia z podno\u015bnikami. Uczestnicy maj\u0105 mo\u017cliwo\u015b\u0107 zdobycia wiedzy teoretycznej i uzupe\u0142nienia jej o praktyczne umiej\u0119tno\u015bci obs\u0142ugi. Takie przygotowanie pozwala im nie tylko na podej\u015bcie do egzaminu pa\u0144stwowego na koniec kursu, ale tak\u017ce na podj\u0119cie pracy praktycznie zaraz po zako\u0144czeniu nauki. Kurs: podno\u015bniki koszowe \u2013 przebieg zaj\u0119\u0107 Zaj\u0119cia teoretyczne s\u0105 prowadzone w formie wyk\u0142ad\u00f3w (dost\u0119pna tak\u017ce forma online \u2013 webinary na \u017cywo). Instruktorzy przekazuj\u0105 wiedz\u0119 w spos\u00f3b aktywizuj\u0105cy uczestnik\u00f3w i ucz\u0105 ich budowy poszczeg\u00f3lnych element\u00f3w zwy\u017cek, korzystania z instrukcji obs\u0142ugi informuj\u0105 o zasadach bezpiecze\u0144stwa, przepisach dozoru technicznego, o stateczno\u015bci i wytrzyma\u0142o\u015bci podest\u00f3w koszowych. Osoby, kt\u00f3re uko\u0144cz\u0105 cz\u0119\u015b\u0107 teoretyczn\u0105, mog\u0105 wzi\u0105\u0107 udzia\u0142 w zaj\u0119ciach praktycznych na placu manewrowym. Takie \u0107wiczenia to okazja do nauki obs\u0142ugi podno\u015bnik\u00f3w koszowych oraz do poznania zasad BHP. Program kursu na zwy\u017cki jest zgodny z wymogami UDT i uwzgl\u0119dnia materia\u0142 wymagany na egzaminie zewn\u0119trznym. Informacje praktyczne: Czas trwania: liczba godzin zaj\u0119\u0107 wynosi od 10 do oko\u0142o 20, w zale\u017cno\u015bci od tego, jaki jest stopie\u0144 zaawansowania uczestnik\u00f3w i ile wiedzy trzeba im przekaza\u0107. Czas i zakres szkolenia jest uzgodniony i mo\u017ce zosta\u0107 wyd\u0142u\u017cony lub skr\u00f3cony wg potrzeb grupy\/kursanta. Wymagania: od uczestnik\u00f3w wymaga si\u0119 wykszta\u0142cenia minimum podstawowego, uko\u0144czonych 18 lat i stanu zdrowia pozwalaj\u0105cego na wykonywanie pracy (o\u015bwiadczenie lub za\u015bwiadczenie od lekarza medycyny pracy o braku przeciwskaza\u0144 do pracy na wysoko\u015bci oraz sprawno\u015bci psychofizycznej) Lokalizacja: miasta, w kt\u00f3rych odbywaj\u0105 si\u0119 kursy na podno\u015bniki koszowe: Warszawa, Krak\u00f3w, Katowice [&hellip;]<\/p>\n","protected":false},"author":1,"featured_media":1954,"parent":1828,"menu_order":0,"comment_status":"closed","ping_status":"closed","template":"","meta":{"sfsi_plus_gutenberg_text_before_share":"","sfsi_plus_gutenberg_show_text_before_share":"","sfsi_plus_gutenberg_icon_type":"","sfsi_plus_gutenberg_icon_alignemt":"","sfsi_plus_gutenburg_max_per_row":"","footnotes":""},"class_list":["post-1952","page","type-page","status-publish","has-post-thumbnail","hentry","has_thumb"],"aioseo_notices":[],"_links":{"self":[{"href":"https:\/\/odk-ergon.pl\/en\/wp-json\/wp\/v2\/pages\/1952","targetHints":{"allow":["GET"]}}],"collection":[{"href":"https:\/\/odk-ergon.pl\/en\/wp-json\/wp\/v2\/pages"}],"about":[{"href":"https:\/\/odk-ergon.pl\/en\/wp-json\/wp\/v2\/types\/page"}],"author":[{"embeddable":true,"href":"https:\/\/odk-ergon.pl\/en\/wp-json\/wp\/v2\/users\/1"}],"replies":[{"embeddable":true,"href":"https:\/\/odk-ergon.pl\/en\/wp-json\/wp\/v2\/comments?post=1952"}],"version-history":[{"count":6,"href":"https:\/\/odk-ergon.pl\/en\/wp-json\/wp\/v2\/pages\/1952\/revisions"}],"predecessor-version":[{"id":3096,"href":"https:\/\/odk-ergon.pl\/en\/wp-json\/wp\/v2\/pages\/1952\/revisions\/3096"}],"up":[{"embeddable":true,"href":"https:\/\/odk-ergon.pl\/en\/wp-json\/wp\/v2\/pages\/1828"}],"wp:featuredmedia":[{"embeddable":true,"href":"https:\/\/odk-ergon.pl\/en\/wp-json\/wp\/v2\/media\/1954"}],"wp:attachment":[{"href":"https:\/\/odk-ergon.pl\/en\/wp-json\/wp\/v2\/media?parent=1952"}],"curies":[{"name":"wp","href":"https:\/\/api.w.org\/{rel}","templated":true}]}}