{"id":1959,"date":"2021-09-29T23:02:04","date_gmt":"2021-09-29T22:02:04","guid":{"rendered":"https:\/\/odk-ergon.pl\/?page_id=1959"},"modified":"2022-11-24T14:31:49","modified_gmt":"2022-11-24T13:31:49","slug":"boom-lifts-scissor-lifts","status":"publish","type":"page","link":"https:\/\/odk-ergon.pl\/en\/szkolenia\/uprawnienia-udt-tdt\/boom-lifts-scissor-lifts\/","title":{"rendered":"Boom lifts and scissor lifts - the course ends with an exam for the authorization to work abroad"},"content":{"rendered":"<p><a href=\"https:\/\/odk-ergon.pl\/wp-content\/uploads\/2021\/09\/podnosnik_koszowy_3.jpg\"><img loading=\"lazy\" decoding=\"async\" class=\"obrazekpadding wp-image-1963 size-medium alignleft\" src=\"https:\/\/odk-ergon.pl\/wp-content\/uploads\/2021\/09\/podnosnik_koszowy_3-300x200.jpg\" alt=\"By using boom lifts and scissor lifts, you can easily perform a number of works at height\" width=\"300\" height=\"200\" srcset=\"https:\/\/odk-ergon.pl\/wp-content\/uploads\/2021\/09\/podnosnik_koszowy_3-300x200.jpg 300w, https:\/\/odk-ergon.pl\/wp-content\/uploads\/2021\/09\/podnosnik_koszowy_3-1024x683.jpg 1024w, https:\/\/odk-ergon.pl\/wp-content\/uploads\/2021\/09\/podnosnik_koszowy_3-768x512.jpg 768w, https:\/\/odk-ergon.pl\/wp-content\/uploads\/2021\/09\/podnosnik_koszowy_3-624x416.jpg 624w, https:\/\/odk-ergon.pl\/wp-content\/uploads\/2021\/09\/podnosnik_koszowy_3.jpg 1493w\" sizes=\"auto, (max-width: 300px) 100vw, 300px\" \/><\/a>This training program was created in accordance with the ISO MEWP 18878: 2013 standards, here where we write about this standard from the standard file and the standards of the OMHEC group. This means it is suitable for people who want to work abroad on land or at sea. The course ends with an exam conducted by accredited instructors, and passing the exam allows you to obtain a certificate needed to work in Norway, Sweden, Denmark or Great Britain. Our offer is addressed to both beginners in the profession of operator of aerial work platforms and scissors, as well as experienced people with <a href=\"https:\/\/odk-ergon.pl\/en\/szkolenia\/szkolenia-na-suwnice\/uprawnienia\/\">UDT qualifications<\/a>.<\/p>\n<p>The place where theoretical and practical classes take place is the seat of the Center in Warsaw. People who are unable to participate in classroom theoretical classes can do them remotely in the form of e-learning.<\/p>\n<div class=\"filmw\">\n<div class=\"responsive-youtube\" style=\"text-align: center;\"><iframe loading=\"lazy\" title=\"YouTube video player\" src=\"https:\/\/www.youtube.com\/embed\/CLZn05fOBfI\" width=\"560\" height=\"315\" frameborder=\"0\" allowfullscreen=\"allowfullscreen\"><\/iframe><\/div>\n<\/div>\n<h2>Possibilities to work with a certificate after training<\/h2>\n<p>Receiving the certificate in electronic form gives you the right to work in the countries associated in the OMHEC group, i.e. Norway, Sweden, Denmark and Great Britain. OMHEC is an organization that upholds the standards and safety of work at height at sea, hence these powers apply not only onshore, but also, for example, on oil rigs.<\/p>\n<p>A certificate is required for work at a height of more than 2 meters: assembly, maintenance or construction. This offers great employment opportunities. In addition to the aforementioned work on drilling rigs, you can operate basket and scissor lifts (English, commonly used name: boom lifts, scissor lifts) on construction sites, in companies dealing with installation assembly, lighting repairs, building factory and warehouse halls, and even in advertising companies or providing greenery care services.<\/p>\n<p><strong>Participants receive certificates in the form of a plastic card with a photo and \/ or a certificate in paper form.<\/strong><\/p>\n<ul>\n<li>The certificate is valid for 1-3 years from its issue. The validity period of the card \/ certificate results, among others, from the form of training, test results, including checking knowledge and skills.<\/li>\n<\/ul>\n<p><strong><a href=\"https:\/\/odk-ergon.pl\/wp-content\/uploads\/2021\/09\/podnosnik_koszowy_4.jpg\"><img loading=\"lazy\" decoding=\"async\" class=\"obrazekpadding wp-image-1962 size-medium alignright\" src=\"https:\/\/odk-ergon.pl\/wp-content\/uploads\/2021\/09\/podnosnik_koszowy_4-193x300.jpg\" alt=\"The scissor lift and boom lift abroad may only be operated by a licensed person\" width=\"193\" height=\"300\" srcset=\"https:\/\/odk-ergon.pl\/wp-content\/uploads\/2021\/09\/podnosnik_koszowy_4-193x300.jpg 193w, https:\/\/odk-ergon.pl\/wp-content\/uploads\/2021\/09\/podnosnik_koszowy_4-659x1024.jpg 659w, https:\/\/odk-ergon.pl\/wp-content\/uploads\/2021\/09\/podnosnik_koszowy_4-768x1194.jpg 768w, https:\/\/odk-ergon.pl\/wp-content\/uploads\/2021\/09\/podnosnik_koszowy_4-624x970.jpg 624w, https:\/\/odk-ergon.pl\/wp-content\/uploads\/2021\/09\/podnosnik_koszowy_4.jpg 980w\" sizes=\"auto, (max-width: 193px) 100vw, 193px\" \/><\/a>The most important information about the course<\/strong><\/p>\n<ul>\n<li>Program of the classes: issues raised by the instructors include, among others, types of lifts and their use, construction of platforms, booms, chassis, safety rules, rules of procedure in case of accidents and failures, methods of stabilizing the increases.<\/li>\n<li>Participants: the course may be attended by people with no experience as a lift operator and people with experience and Polish UDT licenses. Depending on the level of advancement, we direct participants to appropriate groups at the registration stage. People who do not have UDT qualifications can take part in our other courses (<\/li>\n<li>Duration: The duration of the theoretical part is approximately 8 to 16 hours. In the case of the practical part, the length may be different - it depends on the participant&#039;s experience in the use of mobile platforms. The total training time may also vary depending on the type of platform on which the training is organized.<\/li>\n<li>Exam: people who want to receive a certificate take the exam organized by our Center at the end of the class. The exam consists of theoretical and practical parts. One approach is included in the course price.<\/li>\n<li>Registration method: registration can be made by phone or e-mail, as well as via the website <a href=\"http:\/\/www.platformaedukacji.pl\">platformedukacji.pl<\/a>on which there are current dates.<\/li>\n<\/ul>\n<p><a href=\"https:\/\/odk-ergon.pl\/wp-content\/uploads\/2022\/11\/Szablon-odk-ergon.png\"><img loading=\"lazy\" decoding=\"async\" class=\"aligncenter wp-image-2567\" src=\"https:\/\/odk-ergon.pl\/wp-content\/uploads\/2022\/11\/Szablon-odk-ergon-300x175.png\" alt=\"\" width=\"750\" height=\"438\" srcset=\"https:\/\/odk-ergon.pl\/wp-content\/uploads\/2022\/11\/Szablon-odk-ergon-300x175.png 300w, https:\/\/odk-ergon.pl\/wp-content\/uploads\/2022\/11\/Szablon-odk-ergon-1024x597.png 1024w, https:\/\/odk-ergon.pl\/wp-content\/uploads\/2022\/11\/Szablon-odk-ergon-768x448.png 768w, https:\/\/odk-ergon.pl\/wp-content\/uploads\/2022\/11\/Szablon-odk-ergon-18x12.png 18w, https:\/\/odk-ergon.pl\/wp-content\/uploads\/2022\/11\/Szablon-odk-ergon-624x364.png 624w, https:\/\/odk-ergon.pl\/wp-content\/uploads\/2022\/11\/Szablon-odk-ergon.png 1200w\" sizes=\"auto, (max-width: 750px) 100vw, 750px\" \/><\/a><\/p>\n<p>&nbsp;<\/p>","protected":false},"excerpt":{"rendered":"<p>To szkolenie, kt\u00f3rego program zosta\u0142 stworzony zgodnie z normami ISO MEWP 18878:2013 tu gdzie piszemy o tej normie z pliku normy oraz standardami grupy OMHEC. Oznacza to, \u017ce jest odpowiednie dla os\u00f3b, kt\u00f3re chc\u0105 pracowa\u0107 za granic\u0105 na l\u0105dzie lub na morzu. Kurs jest zako\u0144czony egzaminem przeprowadzanym przez akredytowanych instruktor\u00f3w, a zaliczenie egzaminu pozwala na uzyskanie certyfikatu potrzebnego do pracy w Norwegii, Szwecji, Danii lub Wielkiej Brytanii. Nasz\u0105 ofert\u0119 kierujemy zar\u00f3wno do os\u00f3b pocz\u0105tkuj\u0105cych w zawodzie operatora podno\u015bnik\u00f3w koszowych i no\u017cycowych, jak i do\u015bwiadczonych, posiadaj\u0105cych uprawnienia UDT. Miejsce, w kt\u00f3rym odbywaj\u0105 si\u0119 zaj\u0119cia teoretyczne i praktyczne, to siedziba O\u015brodka w Warszawie. Osoby, kt\u00f3re nie maj\u0105 mo\u017cliwo\u015bci udzia\u0142u w zaj\u0119ciach teoretycznych stacjonarnie, mog\u0105 zrealizowa\u0107 je zdalnie, w formie e-learningu. Mo\u017cliwo\u015bci pracy z certyfikatem po szkoleniu Otrzymanie certyfikatu w formie elektronicznej daje uprawnienia do pracy w krajach zrzeszonych w grupie OMHEC, czyli Norwegii, Szwecji, Danii i Wielkiej Brytanii. OMHEC to organizacja stoj\u0105ca na stra\u017cy standard\u00f3w i bezpiecze\u0144stwa w pracy na wysoko\u015bci na morzu, st\u0105d uprawnienia te obowi\u0105zuj\u0105 nie tylko na l\u0105dzie, ale tak\u017ce na przyk\u0142ad na platformach wiertniczych. Posiadanie certyfikatu jest wymagane w przypadku prac na wysoko\u015bci powy\u017cej 2 metr\u00f3w: monta\u017cowych, konserwacyjnych czy budowlanych. Daje to du\u017ce mo\u017cliwo\u015bci, je\u015bli chodzi o zatrudnienie. Opr\u00f3cz wspomnianych prac na platformach wiertniczych, mo\u017cna obs\u0142ugiwa\u0107 podno\u015bniki koszowe i no\u017cycowe (angloj\u0119zyczna, powszechnie u\u017cywana nazwa: boom lifts, scissor lifts) na budowach, w firmach zajmuj\u0105cych si\u0119 monta\u017cem instalacji, naprawami o\u015bwietlenia, budow\u0105 hal fabrycznych i magazynowych, a nawet w firmach reklamowych czy \u015bwiadcz\u0105cych us\u0142ugi piel\u0119gnacji zieleni. Uczestnicy otrzymuj\u0105 certyfikaty w formie karty plastikowej ze zdj\u0119ciem i\/lub [&hellip;]<\/p>\n","protected":false},"author":1,"featured_media":1963,"parent":1828,"menu_order":0,"comment_status":"closed","ping_status":"closed","template":"","meta":{"sfsi_plus_gutenberg_text_before_share":"","sfsi_plus_gutenberg_show_text_before_share":"","sfsi_plus_gutenberg_icon_type":"","sfsi_plus_gutenberg_icon_alignemt":"","sfsi_plus_gutenburg_max_per_row":"","footnotes":""},"class_list":["post-1959","page","type-page","status-publish","has-post-thumbnail","hentry","has_thumb"],"aioseo_notices":[],"_links":{"self":[{"href":"https:\/\/odk-ergon.pl\/en\/wp-json\/wp\/v2\/pages\/1959","targetHints":{"allow":["GET"]}}],"collection":[{"href":"https:\/\/odk-ergon.pl\/en\/wp-json\/wp\/v2\/pages"}],"about":[{"href":"https:\/\/odk-ergon.pl\/en\/wp-json\/wp\/v2\/types\/page"}],"author":[{"embeddable":true,"href":"https:\/\/odk-ergon.pl\/en\/wp-json\/wp\/v2\/users\/1"}],"replies":[{"embeddable":true,"href":"https:\/\/odk-ergon.pl\/en\/wp-json\/wp\/v2\/comments?post=1959"}],"version-history":[{"count":5,"href":"https:\/\/odk-ergon.pl\/en\/wp-json\/wp\/v2\/pages\/1959\/revisions"}],"predecessor-version":[{"id":2569,"href":"https:\/\/odk-ergon.pl\/en\/wp-json\/wp\/v2\/pages\/1959\/revisions\/2569"}],"up":[{"embeddable":true,"href":"https:\/\/odk-ergon.pl\/en\/wp-json\/wp\/v2\/pages\/1828"}],"wp:featuredmedia":[{"embeddable":true,"href":"https:\/\/odk-ergon.pl\/en\/wp-json\/wp\/v2\/media\/1963"}],"wp:attachment":[{"href":"https:\/\/odk-ergon.pl\/en\/wp-json\/wp\/v2\/media?parent=1959"}],"curies":[{"name":"wp","href":"https:\/\/api.w.org\/{rel}","templated":true}]}}