{"id":1976,"date":"2021-10-05T01:01:02","date_gmt":"2021-10-04T23:01:02","guid":{"rendered":"https:\/\/odk-ergon.pl\/?page_id=1976"},"modified":"2023-03-13T10:37:03","modified_gmt":"2023-03-13T09:37:03","slug":"hanging-mobile-platforms","status":"publish","type":"page","link":"https:\/\/odk-ergon.pl\/en\/szkolenia\/uprawnienia-udt-tdt\/wiszace-podesty-ruchome\/","title":{"rendered":"Hanging mobile platforms - a course for operators"},"content":{"rendered":"<p><a href=\"https:\/\/odk-ergon.pl\/wp-content\/uploads\/2021\/10\/podest_wiszacy_1.jpg\"><img loading=\"lazy\" decoding=\"async\" class=\"obrazekpadding alignleft wp-image-1977 size-medium\" src=\"https:\/\/odk-ergon.pl\/wp-content\/uploads\/2021\/10\/podest_wiszacy_1-300x200.jpg\" alt=\"Suspended mobile platforms operators are employed in construction, renovation and assembly companies\" width=\"300\" height=\"200\" srcset=\"https:\/\/odk-ergon.pl\/wp-content\/uploads\/2021\/10\/podest_wiszacy_1-300x200.jpg 300w, https:\/\/odk-ergon.pl\/wp-content\/uploads\/2021\/10\/podest_wiszacy_1-1024x683.jpg 1024w, https:\/\/odk-ergon.pl\/wp-content\/uploads\/2021\/10\/podest_wiszacy_1-768x512.jpg 768w, https:\/\/odk-ergon.pl\/wp-content\/uploads\/2021\/10\/podest_wiszacy_1-624x416.jpg 624w, https:\/\/odk-ergon.pl\/wp-content\/uploads\/2021\/10\/podest_wiszacy_1.jpg 1527w\" sizes=\"auto, (max-width: 300px) 100vw, 300px\" \/><\/a>We recommend participation in the course to all those who would like to obtain qualifications in the profession in demand on the labor market. We do not require experience - we also create groups for beginners. The aim of the training in the use of suspended mobile platforms is the best possible preparation for the UDT state examination for professional qualifications.<\/p>\n<p>Thanks to the curriculum compliant with the examination requirements, the experience of our instructors and an accessible method of conducting classes with an emphasis on practice, we can boast of high pass rate for many years.<\/p>\n<h2>Hanging mobile platforms course<\/h2>\n<p>Classes are held in the form of lectures and practical exercises. Participants have the opportunity to learn about such issues as:<\/p>\n<ul>\n<li>Construction of a mobile hanging platform<\/li>\n<li>Preparation of the operator, device and workstation<\/li>\n<li>Safety rules: site selection, assessment of conditions, safe operation<\/li>\n<li>Technical inspection regulations<\/li>\n<\/ul>\n<div class=\"filmw\">\n<div class=\"responsive-youtube\" style=\"text-align: center;\"><iframe loading=\"lazy\" title=\"YouTube video player\" src=\"https:\/\/www.youtube.com\/embed\/CLZn05fOBfI\" width=\"560\" height=\"315\" frameborder=\"0\" allowfullscreen=\"allowfullscreen\"><\/iframe><\/div>\n<\/div>\n<p>In the case of training on <a href=\"https:\/\/odk-ergon.pl\/en\/szkolenia\/uprawnienia-udt-tdt\/podeste-ruchome\/\">mobile platforms<\/a> <a href=\"https:\/\/odk-ergon.pl\/en\/cennik\/\">price<\/a> it also includes the approach to the UDT state examination for qualifications. It consists of two parts: first, the candidates take the test, and then they have an interview with the examiner at the machine, during which the operating skills are checked.<\/p>\n<h2>Permissions for hanging mobile platforms<\/h2>\n<p>The certificates for II P category issued by UDT are valid for 10 years. They are also important in the case of stationary mobile platforms. Having the appropriate professional qualifications, you can apply for a job, among others, in construction and renovation companies, dealing with specialized cleaning of the facade or window cleaning. <a href=\"https:\/\/odk-ergon.pl\/en\/szkolenia\/szkolenia-na-suwnice\/uprawnienia\/\">UDT qualifications<\/a> for the operation of platforms are useful in the case of work on the assembly of external installations, maintenance, technical inspections. Specialists in the operation of this type of equipment also work on ships, ships and drilling platforms.<br \/>\n<div style=\"width: 640px;\" class=\"wp-video\"><video id=\"video-1976-1\" width=\"640\" height=\"360\" poster=\"https:\/\/odk-ergon.pl\/wp-content\/uploads\/2023\/03\/20230127_031102_0000.jpg\" preload=\"metadata\" controls=\"controls\"><source type=\"video\/mp4\" src=\"https:\/\/odk-ergon.pl\/wp-content\/uploads\/2023\/03\/ACCEPTED-operator-podestow-4K-odk-ergon.mp4?_=1\" \/><a href=\"https:\/\/odk-ergon.pl\/wp-content\/uploads\/2023\/03\/ACCEPTED-operator-podestow-4K-odk-ergon.mp4\">https:\/\/odk-ergon.pl\/wp-content\/uploads\/2023\/03\/ACCEPTED-operator-podestow-4K-odk-ergon.mp4<\/a><\/video><\/div>\n<h2>Course - hanging mobile platforms: additional information<\/h2>\n<p>Classes are organized regularly in several locations. Current dates can be found on the website <a href=\"http:\/\/www.platformaedukacji.pl\">www.platformaedukacji.pl<\/a>you can also register via this page. The place of training for mobile platforms is Warsaw, Krakow, Katowice. For business clients who want to train their employees, we also offer training in other cities.<\/p>\n<p><a href=\"https:\/\/odk-ergon.pl\/wp-content\/uploads\/2021\/10\/podest_wiszacy_2.jpg\"><img loading=\"lazy\" decoding=\"async\" class=\"obrazekpadding alignright wp-image-1978 size-medium\" src=\"https:\/\/odk-ergon.pl\/wp-content\/uploads\/2021\/10\/podest_wiszacy_2-300x225.jpg\" alt=\"Hanging mobile platform consists of a work platform fixed with ropes to the supporting structure\" width=\"300\" height=\"225\" srcset=\"https:\/\/odk-ergon.pl\/wp-content\/uploads\/2021\/10\/podest_wiszacy_2-300x225.jpg 300w, https:\/\/odk-ergon.pl\/wp-content\/uploads\/2021\/10\/podest_wiszacy_2-1024x767.jpg 1024w, https:\/\/odk-ergon.pl\/wp-content\/uploads\/2021\/10\/podest_wiszacy_2-768x575.jpg 768w, https:\/\/odk-ergon.pl\/wp-content\/uploads\/2021\/10\/podest_wiszacy_2-640x480.jpg 640w, https:\/\/odk-ergon.pl\/wp-content\/uploads\/2021\/10\/podest_wiszacy_2-624x467.jpg 624w, https:\/\/odk-ergon.pl\/wp-content\/uploads\/2021\/10\/podest_wiszacy_2.jpg 1535w\" sizes=\"auto, (max-width: 300px) 100vw, 300px\" \/><\/a>Classes are held in groups for beginners and more advanced. There are people who have no experience and gain knowledge from scratch, and those who only want to complete the information before the exam. The duration of the classes is therefore different and amounts to <strong>around 10-20<\/strong> hours. The training time may change according to the client&#039;s needs, it may be shortened in the case of having practical operating skills and in accordance with the employer&#039;s order, the number of guests is about 10. 20 teaching hours.<\/p>\n<p>What is the cost of participation in the training for mobile platforms: the price depends on many factors, so we provide it to customers at the registration stage. If you have any questions, you can contact us by e-mail and by phone.<\/p>\n<p><a href=\"https:\/\/odk-ergon.pl\/wp-content\/uploads\/2022\/11\/Szablon-odk-ergon.png\"><img loading=\"lazy\" decoding=\"async\" class=\"aligncenter wp-image-2567\" src=\"https:\/\/odk-ergon.pl\/wp-content\/uploads\/2022\/11\/Szablon-odk-ergon-300x175.png\" alt=\"\" width=\"750\" height=\"438\" srcset=\"https:\/\/odk-ergon.pl\/wp-content\/uploads\/2022\/11\/Szablon-odk-ergon-300x175.png 300w, https:\/\/odk-ergon.pl\/wp-content\/uploads\/2022\/11\/Szablon-odk-ergon-1024x597.png 1024w, https:\/\/odk-ergon.pl\/wp-content\/uploads\/2022\/11\/Szablon-odk-ergon-768x448.png 768w, https:\/\/odk-ergon.pl\/wp-content\/uploads\/2022\/11\/Szablon-odk-ergon-18x12.png 18w, https:\/\/odk-ergon.pl\/wp-content\/uploads\/2022\/11\/Szablon-odk-ergon-624x364.png 624w, https:\/\/odk-ergon.pl\/wp-content\/uploads\/2022\/11\/Szablon-odk-ergon.png 1200w\" sizes=\"auto, (max-width: 750px) 100vw, 750px\" \/><\/a><\/p>","protected":false},"excerpt":{"rendered":"<p>Udzia\u0142 w kursie polecamy wszystkim osobom, kt\u00f3re chcia\u0142yby zdoby\u0107 kwalifikacje w zawodzie poszukiwanym na rynku pracy. Nie wymagamy do\u015bwiadczenia &#8211; tworzymy grupy tak\u017ce dla os\u00f3b pocz\u0105tkuj\u0105cych. Celem szkolenia z obs\u0142ugi podest\u00f3w ruchomych wisz\u0105cych jest jak najlepsze przygotowanie do egzaminu pa\u0144stwowego UDT na uprawnienia zawodowe. Dzi\u0119ki programowi zaj\u0119\u0107 zgodnemu z wymogami egzaminacyjnymi, do\u015bwiadczeniu naszych instruktor\u00f3w oraz przyst\u0119pnemu sposobowi prowadzenia zaj\u0119\u0107 z naciskiem na praktyk\u0119 mo\u017cemy pochwali\u0107 si\u0119 wysok\u0105 zdawalno\u015bci\u0105 od wielu lat. Kurs na podesty ruchome wisz\u0105ce Zaj\u0119cia odbywaj\u0105 si\u0119 w formie wyk\u0142ad\u00f3w oraz \u0107wicze\u0144 praktycznych. Uczestnicy maj\u0105 okazj\u0119 zapozna\u0107 si\u0119 z takimi zagadnieniami, jak: Budowa podestu ruchomego wisz\u0105cego Przygotowanie operatora, urz\u0105dzenia, stanowiska do pracy Zasady bezpiecze\u0144stwa: wyb\u00f3r miejsca, ocena warunk\u00f3w, bezpieczna eksploatacja Przepisy dozoru technicznego W przypadku szkole\u0144 na podesty ruchome cena obejmuje tak\u017ce podej\u015bcie do egzaminu pa\u0144stwowego UDT na uprawnienia. Przebiega on w dw\u00f3ch cz\u0119\u015bciach: najpierw kandydaci podchodz\u0105 do testu, a nast\u0119pnie odbywaj\u0105 rozmow\u0119 z egzaminatorem przy urz\u0105dzeniu, w czasie kt\u00f3rej sprawdza si\u0119 umiej\u0119tno\u015bci obs\u0142ugi. Uprawnienia na podesty ruchome wisz\u0105ce Wydawane przez UDT uprawnienia dla kategorii II P obowi\u0105zuj\u0105 przez 10 lat. S\u0105 one wa\u017cne tak\u017ce w przypadku podest\u00f3w ruchomych stacjonarnych. Posiadaj\u0105c odpowiednie kwalifikacje zawodowe, mo\u017cna ubiega\u0107 si\u0119 o prac\u0119 mi\u0119dzy innymi w firmach budowlanych, remontowych, zajmuj\u0105cych si\u0119 specjalistycznym czyszczeniem elewacji czy myciem okien. Uprawnienia UDT do obs\u0142ugi podest\u00f3w s\u0105 przydatne w przypadku pracy przy monta\u017cu instalacji zewn\u0119trznych, konserwacjach, przegl\u0105dach technicznych. Specjali\u015bci od obs\u0142ugi tego typu urz\u0105dze\u0144 pracuj\u0105 tak\u017ce na statkach, okr\u0119tach, platformach wiertniczych. Kurs \u2013 podesty ruchome wisz\u0105ce: dodatkowe informacje Zaj\u0119cia s\u0105 organizowane regularnie, w kilku lokalizacjach. Aktualne terminy znajduj\u0105 si\u0119 na stronie [&hellip;]<\/p>\n","protected":false},"author":1,"featured_media":1977,"parent":1828,"menu_order":0,"comment_status":"closed","ping_status":"closed","template":"","meta":{"sfsi_plus_gutenberg_text_before_share":"","sfsi_plus_gutenberg_show_text_before_share":"","sfsi_plus_gutenberg_icon_type":"","sfsi_plus_gutenberg_icon_alignemt":"","sfsi_plus_gutenburg_max_per_row":"","footnotes":""},"class_list":["post-1976","page","type-page","status-publish","has-post-thumbnail","hentry","has_thumb"],"aioseo_notices":[],"_links":{"self":[{"href":"https:\/\/odk-ergon.pl\/en\/wp-json\/wp\/v2\/pages\/1976","targetHints":{"allow":["GET"]}}],"collection":[{"href":"https:\/\/odk-ergon.pl\/en\/wp-json\/wp\/v2\/pages"}],"about":[{"href":"https:\/\/odk-ergon.pl\/en\/wp-json\/wp\/v2\/types\/page"}],"author":[{"embeddable":true,"href":"https:\/\/odk-ergon.pl\/en\/wp-json\/wp\/v2\/users\/1"}],"replies":[{"embeddable":true,"href":"https:\/\/odk-ergon.pl\/en\/wp-json\/wp\/v2\/comments?post=1976"}],"version-history":[{"count":7,"href":"https:\/\/odk-ergon.pl\/en\/wp-json\/wp\/v2\/pages\/1976\/revisions"}],"predecessor-version":[{"id":3095,"href":"https:\/\/odk-ergon.pl\/en\/wp-json\/wp\/v2\/pages\/1976\/revisions\/3095"}],"up":[{"embeddable":true,"href":"https:\/\/odk-ergon.pl\/en\/wp-json\/wp\/v2\/pages\/1828"}],"wp:featuredmedia":[{"embeddable":true,"href":"https:\/\/odk-ergon.pl\/en\/wp-json\/wp\/v2\/media\/1977"}],"wp:attachment":[{"href":"https:\/\/odk-ergon.pl\/en\/wp-json\/wp\/v2\/media?parent=1976"}],"curies":[{"name":"wp","href":"https:\/\/api.w.org\/{rel}","templated":true}]}}