{"id":1984,"date":"2021-10-06T17:02:46","date_gmt":"2021-10-06T15:02:46","guid":{"rendered":"https:\/\/odk-ergon.pl\/?page_id=1984"},"modified":"2022-11-24T14:35:41","modified_gmt":"2022-11-24T13:35:41","slug":"mobile-stationary-platforms","status":"publish","type":"page","link":"https:\/\/odk-ergon.pl\/en\/szkolenia\/uprawnienia-udt-tdt\/podesty-ruchome-stacjonarne\/","title":{"rendered":"A course for stationary mobile platforms preparing for the UDT exam"},"content":{"rendered":"<p>The classes are intended for people who would like to work as an operating operator <a href=\"https:\/\/odk-ergon.pl\/en\/szkolenia\/uprawnienia-udt-tdt\/podeste-ruchome\/\">mobile platforms<\/a> stationary. Participation in the course makes it possible to obtain authorisations for these devices - after completing the classes, participants have the opportunity to take a state examination conducted by UDT. The training courses have been prepared in accordance with the requirements of the Office of Technical Inspection and the Act on Technical Inspection.<\/p>\n<div class=\"filmw\">\n<div class=\"responsive-youtube\" style=\"text-align: center;\"><iframe loading=\"lazy\" title=\"YouTube video player\" src=\"https:\/\/www.youtube.com\/embed\/CLZn05fOBfI\" width=\"560\" height=\"315\" frameborder=\"0\" allowfullscreen=\"allowfullscreen\"><\/iframe><\/div>\n<\/div>\n<h2>Stationary mobile platforms - information<\/h2>\n<p>According to the definition of the Office of Technical Inspection, a stationary mobile platform is a material handling device. It is designed to transport people, goods and tools to the workplace. The stationary platform cannot be moved, it is installed in a given place permanently or for a long time. It consists of a chassis, a work platform and a scissor or telescopic boom.<\/p>\n<p>The working height and maximum lifting capacity depend on the parameters of individual models, but most often, stationary platforms allow transport up to a dozen or so meters, and their baskets can accommodate one or two employees. Devices of this type are often used indoors: factory halls, warehouses, etc., but they can also be placed outside, for example when working on the facade of buildings - then they can replace scaffolding.<\/p>\n<p>Together with suspended mobile platforms, these devices are classified by UDT as category II of handling devices.<\/p>\n<p><a href=\"https:\/\/odk-ergon.pl\/wp-content\/uploads\/2022\/10\/12.jpeg\"><img loading=\"lazy\" decoding=\"async\" class=\"aligncenter wp-image-2518\" src=\"https:\/\/odk-ergon.pl\/wp-content\/uploads\/2022\/10\/12-300x223.jpeg\" alt=\"\" width=\"750\" height=\"556\" srcset=\"https:\/\/odk-ergon.pl\/wp-content\/uploads\/2022\/10\/12-300x223.jpeg 300w, https:\/\/odk-ergon.pl\/wp-content\/uploads\/2022\/10\/12-1024x760.jpeg 1024w, https:\/\/odk-ergon.pl\/wp-content\/uploads\/2022\/10\/12-768x570.jpeg 768w, https:\/\/odk-ergon.pl\/wp-content\/uploads\/2022\/10\/12-1536x1140.jpeg 1536w, https:\/\/odk-ergon.pl\/wp-content\/uploads\/2022\/10\/12-16x12.jpeg 16w, https:\/\/odk-ergon.pl\/wp-content\/uploads\/2022\/10\/12-624x463.jpeg 624w, https:\/\/odk-ergon.pl\/wp-content\/uploads\/2022\/10\/12.jpeg 1600w\" sizes=\"auto, (max-width: 750px) 100vw, 750px\" \/><\/a><\/p>\n<h2>Mobile platform operator course - details<\/h2>\n<p>Classes are conducted in the form of lectures and practical exercises. They are held in different locations. We organize trainings on mobile platforms in Warsaw, Silesia, Krakow and other large cities. We also conduct closed training for companies. In the theoretical part, participants can also take part in the Internet by watching instructor-led webinars.<\/p>\n<p>Detailed information on the available dates of classes in individual cities is published on our website www.platformaedukacji.pl. Using the website, you can conveniently register for training and pay for it.<\/p>\n<p>The duration of the classes is from 8 to 20 hours. These discrepancies result from the fact that in individual groups, classes can be conducted in full or reduced scope, depending on the experience and needs of the participants. The training bowl according to the program agreed with the supervision includes the possibility of adaptation, i.e. it can be shortened or extended according to the needs of the student \/ group.<\/p>\n<p>The scope of the material during the training is consistent with the scope of knowledge and skills required in the state examination. Examples of issues raised by instructors include:<\/p>\n<ul>\n<li>Safety and related responsibilities of the operator prior to commencement of work, as well as during and after work<\/li>\n<li>Construction of stationary platforms<\/li>\n<li>Provisions related to technical supervision<\/li>\n<li>Rules of conduct in unusual situations: breakdowns, accidents at work<\/li>\n<\/ul>\n<p>The exam, carried out by the UDT Warszawa or other committee, takes place after the participants have passed the lectures and the practical part. After obtaining a positive exam grade, the candidate obtains the qualifications for stationary mobile platforms and hanging platforms. Licenses issued by UDT are valid for 10 years.<\/p>\n<p>The qualifications in the field of operation can be supplemented by taking part in our other training courses: lifting courses, self-propelled mobile platforms or slow-moving mobile platforms.<\/p>\n<p><a href=\"https:\/\/odk-ergon.pl\/wp-content\/uploads\/2022\/11\/Szablon-odk-ergon.png\"><img loading=\"lazy\" decoding=\"async\" class=\"aligncenter wp-image-2567\" src=\"https:\/\/odk-ergon.pl\/wp-content\/uploads\/2022\/11\/Szablon-odk-ergon-300x175.png\" alt=\"\" width=\"750\" height=\"438\" srcset=\"https:\/\/odk-ergon.pl\/wp-content\/uploads\/2022\/11\/Szablon-odk-ergon-300x175.png 300w, https:\/\/odk-ergon.pl\/wp-content\/uploads\/2022\/11\/Szablon-odk-ergon-1024x597.png 1024w, https:\/\/odk-ergon.pl\/wp-content\/uploads\/2022\/11\/Szablon-odk-ergon-768x448.png 768w, https:\/\/odk-ergon.pl\/wp-content\/uploads\/2022\/11\/Szablon-odk-ergon-18x12.png 18w, https:\/\/odk-ergon.pl\/wp-content\/uploads\/2022\/11\/Szablon-odk-ergon-624x364.png 624w, https:\/\/odk-ergon.pl\/wp-content\/uploads\/2022\/11\/Szablon-odk-ergon.png 1200w\" sizes=\"auto, (max-width: 750px) 100vw, 750px\" \/><\/a><\/p>","protected":false},"excerpt":{"rendered":"<p>Zaj\u0119cia s\u0105 przeznaczone dla os\u00f3b, kt\u00f3re chcia\u0142yby pracowa\u0107 w zawodzie operatora obs\u0142uguj\u0105cego podesty ruchome stacjonarne. Udzia\u0142 w kursie umo\u017cliwia uzyskanie uprawnie\u0144 na te urz\u0105dzenia &#8211; po zako\u0144czeniu zaj\u0119\u0107 uczestnicy maj\u0105 mo\u017cliwo\u015b\u0107 podej\u015bcia do egzaminu pa\u0144stwowego przeprowadzanego przez UDT. Szkolenia zosta\u0142y przygotowane zgodnie z wymogami Urz\u0119du Dozoru Technicznego oraz ustawy o dozorze technicznym. Podesty ruchome stacjonarne \u2013 informacje Podest ruchomy stacjonarny jest, zgodnie z definicj\u0105 Urz\u0119du Dozoru Technicznego, urz\u0105dzeniem transportu bliskiego. Jest przeznaczony do transportu os\u00f3b, towar\u00f3w i narz\u0119dzi na stanowisko pracy. Podest stacjonarny nie ma mo\u017cliwo\u015bci przemieszczania si\u0119, jest montowany w danym miejscu na sta\u0142e lub na d\u0142u\u017cszy czas. Sk\u0142ada si\u0119 z podwozia, platformy roboczej oraz wysi\u0119gnika no\u017cycowego lub teleskopowego. Wysoko\u015b\u0107 robocza oraz maksymalny ud\u017awig zale\u017c\u0105 od parametr\u00f3w poszczeg\u00f3lnych modeli, ale najcz\u0119\u015bciej podesty stacjonarne umo\u017cliwiaj\u0105 transport na wysoko\u015b\u0107 do kilkunastu metr\u00f3w, a ich kosze mieszcz\u0105 jednego lub dw\u00f3ch pracownik\u00f3w. Z tego typu urz\u0105dze\u0144 korzysta si\u0119 cz\u0119sto w pomieszczeniach: halach fabrycznych, magazynach itp., ale mo\u017cna je ustawia\u0107 tak\u017ce na zewn\u0105trz, na przyk\u0142ad podczas prac na elewacji budynk\u00f3w &#8211; mog\u0105 wtedy zast\u0119powa\u0107 rusztowanie. Razem z podestami ruchomymi wisz\u0105cymi urz\u0105dzenia te zaliczane s\u0105 przez UDT do kategorii II urz\u0105dze\u0144 transportu bliskiego. Kurs operatora podest\u00f3w ruchomych &#8211; szczeg\u00f3\u0142y Zaj\u0119cia prowadzone s\u0105 w formie wyk\u0142ad\u00f3w oraz \u0107wicze\u0144 praktycznych. Odbywaj\u0105 si\u0119 w r\u00f3\u017cnych lokalizacjach. Organizujemy szkolenia z podest\u00f3w ruchomych w Warszawie, na \u015al\u0105sku, w Krakowie i innych du\u017cych miastach. Prowadzimy r\u00f3wnie\u017c szkolenia zamkni\u0119te dla firm. W cz\u0119\u015bci teoretycznej uczestnicy mog\u0105 bra\u0107 udzia\u0142 tak\u017ce przez internet, ogl\u0105daj\u0105c prowadzone przez instruktor\u00f3w webinary. Szczeg\u00f3\u0142owe informacje na temat dost\u0119pnych termin\u00f3w zaj\u0119\u0107 w poszczeg\u00f3lnych miastach publikujemy [&hellip;]<\/p>\n","protected":false},"author":1,"featured_media":2518,"parent":1828,"menu_order":0,"comment_status":"closed","ping_status":"closed","template":"","meta":{"sfsi_plus_gutenberg_text_before_share":"","sfsi_plus_gutenberg_show_text_before_share":"","sfsi_plus_gutenberg_icon_type":"","sfsi_plus_gutenberg_icon_alignemt":"","sfsi_plus_gutenburg_max_per_row":"","footnotes":""},"class_list":["post-1984","page","type-page","status-publish","has-post-thumbnail","hentry","has_thumb"],"aioseo_notices":[],"_links":{"self":[{"href":"https:\/\/odk-ergon.pl\/en\/wp-json\/wp\/v2\/pages\/1984","targetHints":{"allow":["GET"]}}],"collection":[{"href":"https:\/\/odk-ergon.pl\/en\/wp-json\/wp\/v2\/pages"}],"about":[{"href":"https:\/\/odk-ergon.pl\/en\/wp-json\/wp\/v2\/types\/page"}],"author":[{"embeddable":true,"href":"https:\/\/odk-ergon.pl\/en\/wp-json\/wp\/v2\/users\/1"}],"replies":[{"embeddable":true,"href":"https:\/\/odk-ergon.pl\/en\/wp-json\/wp\/v2\/comments?post=1984"}],"version-history":[{"count":5,"href":"https:\/\/odk-ergon.pl\/en\/wp-json\/wp\/v2\/pages\/1984\/revisions"}],"predecessor-version":[{"id":2571,"href":"https:\/\/odk-ergon.pl\/en\/wp-json\/wp\/v2\/pages\/1984\/revisions\/2571"}],"up":[{"embeddable":true,"href":"https:\/\/odk-ergon.pl\/en\/wp-json\/wp\/v2\/pages\/1828"}],"wp:featuredmedia":[{"embeddable":true,"href":"https:\/\/odk-ergon.pl\/en\/wp-json\/wp\/v2\/media\/2518"}],"wp:attachment":[{"href":"https:\/\/odk-ergon.pl\/en\/wp-json\/wp\/v2\/media?parent=1984"}],"curies":[{"name":"wp","href":"https:\/\/api.w.org\/{rel}","templated":true}]}}