{"id":2144,"date":"2022-04-23T15:20:01","date_gmt":"2022-04-23T13:20:01","guid":{"rendered":"https:\/\/odk-ergon.pl\/?page_id=2144"},"modified":"2023-03-16T11:04:41","modified_gmt":"2023-03-16T10:04:41","slug":"forklifts-2","status":"publish","type":"page","link":"https:\/\/odk-ergon.pl\/en\/szkolenia\/uprawnienia-udt-tdt\/wozki-widlowe\/","title":{"rendered":"Forklift trucks - UDT operator course"},"content":{"rendered":"<div class=\"wp-block-image\">\n<figure class=\"alignleft size-large is-resized\"><img loading=\"lazy\" decoding=\"async\" src=\"https:\/\/odk-ergon.pl\/wp-content\/uploads\/2022\/04\/YALE-MR20-SERIAL-C849T06677J-2058-1-1300x987-1.jpg\" alt=\"company employee\" width=\"325\" height=\"247\"\/><\/figure>\n<\/div>\n\n\n<p>Gain your forklift operator qualification together with ERGON. <a href=\"https:\/\/odk-ergon.pl\/en\/o-firmie\/\">ERGON Personnel Training Center<\/a> invites anyone wishing to undertake forklift training. Our centre is the perfect place to gain new qualifications and authorisations.\u00a0<\/p>\n\n\n\n<h2 class=\"wp-block-heading\"><strong>Training program<\/strong>&nbsp;<\/h2>\n\n\n\n<p>The ERGON Personnel Training Center focuses on both practical and theoretical knowledge. The training program is structured in terms of the final exam as well as future work. We make sure that the trainee learns about its functions and operation, as well as trains the operation of the vehicle. <\/p>\n\n\n\n<p><strong>During the training, we cover such issues as:<\/strong>\u00a0<\/p>\n\n\n<div class=\"wp-block-image\">\n<figure class=\"alignright size-large is-resized\"><img loading=\"lazy\" decoding=\"async\" src=\"https:\/\/odk-ergon.pl\/wp-content\/uploads\/2022\/04\/pm_03-2016_4291_B_16x9w1920.jpg\" alt=\"forklifts\" width=\"480\" height=\"270\"\/><\/figure>\n<\/div>\n\n\n<ul class=\"wp-block-list\">\n<li>types and construction of equipment,&nbsp;<\/li>\n\n\n\n<li>operator activities before and after work,&nbsp;<\/li>\n\n\n\n<li>operator activities during operation,&nbsp;<\/li>\n\n\n\n<li>information on the carriage of cargo,&nbsp;<\/li>\n\n\n\n<li>technical supervision,&nbsp;<\/li>\n\n\n\n<li>rules for changing gas cylinders,&nbsp;<\/li>\n\n\n\n<li>practical exercises.&nbsp;<\/li>\n<\/ul>\n\n\n\n<p>ERGON has a manoeuvring area and the necessary equipment at its training centres. During the lessons, the instructors thoroughly cover all the issues on the programme. Our staff consists of trainers with a wealth of knowledge and experience. Their aim is to pass on knowledge to trainees in a way that is understandable and accessible to everyone.&nbsp;<\/p>\n\n\n\n<h2 class=\"wp-block-heading\"><strong>Conditions for joining the course<\/strong>&nbsp;<\/h2>\n\n\n\n<p>Our only requirements are that you must be at least eighteen years of age, have a minimum of primary education and have no health contraindications to work. The training is therefore for anyone who meets these three conditions.&nbsp;&nbsp;<\/p>\n\n\n\n<figure class=\"wp-block-embed is-type-video is-provider-youtube wp-block-embed-youtube wp-embed-aspect-16-9 wp-has-aspect-ratio\"><div class=\"wp-block-embed__wrapper\">\n<iframe loading=\"lazy\" title=\"FORK LIFT TRUCK OPERATOR COMPLETE YOUR TRAINING WITH US!\" width=\"500\" height=\"281\" src=\"https:\/\/www.youtube.com\/embed\/q30Thti4NkE?feature=oembed\" frameborder=\"0\" allow=\"accelerometer; autoplay; clipboard-write; encrypted-media; gyroscope; picture-in-picture; web-share\" referrerpolicy=\"strict-origin-when-cross-origin\" allowfullscreen><\/iframe>\n<\/div><\/figure>\n\n\n\n<h2 class=\"wp-block-heading\"><strong>We take an individual approach to our customers<\/strong>&nbsp;<\/h2>\n\n\n<div class=\"wp-block-image\">\n<figure class=\"alignright size-large is-resized\"><img loading=\"lazy\" decoding=\"async\" src=\"https:\/\/odk-ergon.pl\/wp-content\/uploads\/2022\/04\/teleskopen-mit-oberwagen-roto-45-21-mcss-merlo14-scaled.jpg\" alt=\"load lifting\" width=\"422\" height=\"282\"\/><\/figure>\n<\/div>\n\n\n<p>Whether or not you have any knowledge in this area is just information for us to tailor the course programme to you. We also provide training for organised groups, e.g. your company's employees.&nbsp;<\/p>\n\n\n\n<h2 class=\"wp-block-heading\"><strong>Forklifts - what are they?<\/strong>&nbsp;<\/h2>\n\n\n\n<p>They are lifting devices used to move loads weighing up to several tens of tonnes, both horizontally and vertically to different heights. Forklift trucks are more accurately called lift trucks. There are many types of forklift trucks, grouped by features. The main division according to the Polish standard \"PN-77\/M-78100\" is as follows:\u00a0<\/p>\n\n\n\n<figure class=\"wp-block-table\"><table><tbody><tr><td><strong>Type of drive<\/strong>&nbsp;<\/td><td><strong>Functions<\/strong>&nbsp;<\/td><td><strong>The way of control<\/strong>&nbsp;<\/td><\/tr><tr><td>combustion,\u00a0<br>gas,\u00a0<br>Electrical.\u00a0<\/td><td>Side,\u00a0<br>lifting,\u00a0<br>off-road,\u00a0<br>torsion,\u00a0<br>high storage,\u00a0<br>systemic,\u00a0<br>suspended,\u00a0<br>multidirectional,\u00a0<br>containerised,\u00a0<br>anti-explosive.\u00a0<\/td><td>led,\u00a0<br>platform,\u00a0<br>equipped with an armchair,\u00a0<br>remote-controlled.\u00a0<\/td><\/tr><\/tbody><\/table><\/figure>\n\n\n\n<h2 class=\"wp-block-heading\"><strong>Job prospects for the operator<\/strong>&nbsp;<\/h2>\n\n\n\n<p>These devices find their way into many industries. They are mainly used in warehouses, ports or factories. In simpler terms: wherever loads need to be unloaded. So, the job prospect of a forklift operator with a UDT licence is huge. Thanks to the growth of industry and trade, the number of warehouses and halls is constantly increasing, and with them the need for operators of such equipment. Currently, every warehouse with a larger surface area should be equipped with them. Not because of the legal requirements, but because of the advantages. Working in a warehouse with a forklift truck allows heavy loads to be moved quickly and easily, and only one person is needed to do this. Their functionality now makes them irreplaceable.&nbsp;<\/p>\n\n\n\n<h2 class=\"wp-block-heading\"><strong>What is the price of the training and what does it consist of?<\/strong>&nbsp;<\/h2>\n\n\n\n<p>The prices offered by the ERGON Personnel Development Centre are adequate to the scope of the programme and the benefits the trainee receives. They are presented individually during enrolment. In the course price you receive:&nbsp;<\/p>\n\n\n\n<ul class=\"wp-block-list\">\n<li>a certain number of hours of practical and theoretical instruction,&nbsp;<\/li>\n\n\n\n<li>access to an online platform with training scripts and other materials such as instructional videos and sample tests,&nbsp;<\/li>\n\n\n\n<li>issuing a certificate in the form of a card with a photograph, which entitles the holder to work in certain countries,&nbsp;<\/li>\n\n\n\n<li>the equipment needed for practical classes.&nbsp;<\/li>\n<\/ul>\n\n\n\n<figure class=\"wp-block-video\"><video controls src=\"https:\/\/odk-ergon.pl\/wp-content\/uploads\/2023\/03\/ACCEPTED-wozki-widlowe-4K-odk-ergon.mp4\"><\/video><\/figure>\n\n\n\n<h2 class=\"wp-block-heading\"><strong>Where do we organize trainings and how to sign up for them?<\/strong>&nbsp;<\/h2>\n\n\n\n<p>Our centres are located throughout Poland, with the main branch in Warsaw. In the case of training courses for organised groups, we also offer travel to clients throughout Poland. We hope that the above information is sufficient for you, but if you have any questions, please do not hesitate to contact us.&nbsp;&nbsp;<\/p>\n\n\n\n<p>ERGON's forklift operator course is an excellent investment for your future. The training doesn't take long, and with us you'll have the opportunity to take an exam, after passing which you'll gain a <a href=\"https:\/\/odk-ergon.pl\/en\/szkolenia\/szkolenia-na-suwnice\/uprawnienia\/\">UDT qualifications<\/a>. We pride ourselves on our high exam pass rate.<\/p>\n\n\n\n<figure class=\"wp-block-image size-large is-resized\"><img loading=\"lazy\" decoding=\"async\" src=\"https:\/\/odk-ergon.pl\/wp-content\/uploads\/2022\/11\/WJO-odk-ergon.pl_.png\" alt=\"UDT qualifications\" width=\"771\" height=\"450\"\/><\/figure>","protected":false},"excerpt":{"rendered":"<p>Zdob\u0105d\u017a uprawnienia na operatora w\u00f3zk\u00f3w wid\u0142owych razem z ERGON. O\u015brodek Doskonalenia Kadr ERGON zaprasza wszystkich ch\u0119tnych na odbycie szkolenia z zakresu obs\u0142ugi w\u00f3zk\u00f3w wid\u0142owych. Nasz o\u015brodek jest doskona\u0142ym miejscem na zdobycie nowych kwalifikacji i uprawnie\u0144.\u00a0 Program szkolenia&nbsp; O\u015brodek Doskonalenia Kadr ERGON stawia zar\u00f3wno na wiedz\u0119 praktyczn\u0105 jak i teoretyczn\u0105. Program szkolenia u\u0142o\u017cony jest pod k\u0105tem ko\u0144cowego egzaminu, ale r\u00f3wnie\u017c przysz\u0142ej pracy. Dbamy o to, aby kursant zdoby\u0142 wiedz\u0119 o jego funkcjach czy eksploatacji, jak i wy\u0107wiczy\u0142 obs\u0142ug\u0119 pojazdu. Podczas szkolenia poruszamy takie zagadnienia jak:\u00a0 ERGON w swoich o\u015brodkach szkoleniowych dysponuje placem manewrowym oraz potrzebnymi urz\u0105dzeniami. Podczas zaj\u0119\u0107 instruktorzy dok\u0142adnie poruszaj\u0105 wszystkie kwestie zawarte w programie. Nasz\u0105 kadr\u0119 tworz\u0105 szkoleniowcy posiadaj\u0105cy ogromn\u0105 wiedz\u0119 i do\u015bwiadczenie. Ich celem jest przekazanie wiedzy kursantom w spos\u00f3b zrozumia\u0142y i przyst\u0119pny dla ka\u017cdego.&nbsp; Warunki przyst\u0105pienia do kursu&nbsp; Jedyne wymagania jakie stawimy przed Tob\u0105 to uko\u0144czenie osiemnastego roku \u017cycia, wykszta\u0142cenie minimum podstawowe oraz brak przeciwskaza\u0144 zdrowotnych do wykonywania pracy. Szkolenie jest zatem dla ka\u017cdego kto spe\u0142nia te trzy warunki.&nbsp;&nbsp; Indywidualnie podchodzimy do klienta&nbsp; To czy posiadasz jak\u0105kolwiek wiedz\u0119 w tym zakresie czy nie, jest jedynie dla nas informacj\u0105 pozwalaj\u0105c\u0105 dostosowa\u0107 program kursu do Ciebie. Szkolenia prowadzimy r\u00f3wnie\u017c dla grup zorganizowanych np. pracownik\u00f3w Twojej firmy.&nbsp; W\u00f3zki wid\u0142owe \u2013 co to takiego?&nbsp; S\u0105 to urz\u0105dzenia d\u017awigowe s\u0142u\u017c\u0105ce do przemieszczania \u0142adunk\u00f3w o masie si\u0119gaj\u0105cej nawet kilkudziesi\u0119ciu ton, zar\u00f3wno w poziomie jak i w pionie na r\u00f3\u017cne wysoko\u015bci. W\u00f3zki wid\u0142owe dok\u0142adniej nazywane s\u0105 w\u00f3zkami jezdniowymi podno\u015bnikowymi. Wyr\u00f3\u017cniamy wiele rodzaj\u00f3w w\u00f3zk\u00f3w wid\u0142owych, rozgrupowanych ze wzgl\u0119du na cechy. G\u0142\u00f3wny podzia\u0142 wed\u0142ug polskiej normy &#8222;PN\u201377\/M\u201378100&#8221; wygl\u0105da nast\u0119puj\u0105co:\u00a0 Rodzaj nap\u0119du&nbsp; [&hellip;]<\/p>\n","protected":false},"author":1,"featured_media":2521,"parent":1828,"menu_order":0,"comment_status":"closed","ping_status":"closed","template":"","meta":{"sfsi_plus_gutenberg_text_before_share":"","sfsi_plus_gutenberg_show_text_before_share":"","sfsi_plus_gutenberg_icon_type":"","sfsi_plus_gutenberg_icon_alignemt":"","sfsi_plus_gutenburg_max_per_row":"","footnotes":""},"class_list":["post-2144","page","type-page","status-publish","has-post-thumbnail","hentry","has_thumb"],"aioseo_notices":[],"_links":{"self":[{"href":"https:\/\/odk-ergon.pl\/en\/wp-json\/wp\/v2\/pages\/2144","targetHints":{"allow":["GET"]}}],"collection":[{"href":"https:\/\/odk-ergon.pl\/en\/wp-json\/wp\/v2\/pages"}],"about":[{"href":"https:\/\/odk-ergon.pl\/en\/wp-json\/wp\/v2\/types\/page"}],"author":[{"embeddable":true,"href":"https:\/\/odk-ergon.pl\/en\/wp-json\/wp\/v2\/users\/1"}],"replies":[{"embeddable":true,"href":"https:\/\/odk-ergon.pl\/en\/wp-json\/wp\/v2\/comments?post=2144"}],"version-history":[{"count":12,"href":"https:\/\/odk-ergon.pl\/en\/wp-json\/wp\/v2\/pages\/2144\/revisions"}],"predecessor-version":[{"id":3185,"href":"https:\/\/odk-ergon.pl\/en\/wp-json\/wp\/v2\/pages\/2144\/revisions\/3185"}],"up":[{"embeddable":true,"href":"https:\/\/odk-ergon.pl\/en\/wp-json\/wp\/v2\/pages\/1828"}],"wp:featuredmedia":[{"embeddable":true,"href":"https:\/\/odk-ergon.pl\/en\/wp-json\/wp\/v2\/media\/2521"}],"wp:attachment":[{"href":"https:\/\/odk-ergon.pl\/en\/wp-json\/wp\/v2\/media?parent=2144"}],"curies":[{"name":"wp","href":"https:\/\/api.w.org\/{rel}","templated":true}]}}