{"id":2208,"date":"2022-05-22T18:58:31","date_gmt":"2022-05-22T16:58:31","guid":{"rendered":"https:\/\/odk-ergon.pl\/?page_id=2208"},"modified":"2026-04-14T11:14:55","modified_gmt":"2026-04-14T09:14:55","slug":"welding-optical-fibers-2","status":"publish","type":"page","link":"https:\/\/odk-ergon.pl\/en\/szkolenia\/spawanie\/spawanie-swiatlowodow\/","title":{"rendered":"ERGON fiber optic welding course"},"content":{"rendered":"<div class=\"wp-block-image\">\n<figure class=\"alignright size-large is-resized\"><img decoding=\"async\" src=\"https:\/\/odk-ergon.pl\/wp-content\/uploads\/2022\/05\/KomShine-SM-OTDR-Launch-Cable-Ring-Singlemode-150m-300m-500m-1000m-OTDR-Dead-Zone-Eliminator-Fiber-1.jpg\" alt=\"professional equipment\" style=\"width:327px;height:327px\"\/><\/figure>\n<\/div>\n\n\n<p>We invite you to take part in our fibre optic welding training. We will effectively and expertly prepare you for your work as a welder of FTTH networks. The training offered by ERGON is dedicated to all aspects of fibre optic technology. Knowledge and skills in fibre optic technology can only be acquired by attending professional training and welding courses. Our instructors are qualified and place particular emphasis on practical skills. We have been sharing our knowledge and experience of fibre optic technology for over twenty years.&nbsp;<\/p>\n\n\n\n<h2 class=\"wp-block-heading\"><strong>Training program&nbsp;<\/strong><\/h2>\n\n\n\n<p>We provide practical and theoretical insights into the specifics of working in the industry. Our course ensures that participants are prepared to carry out fibre optic welding activities. During the course, our specialists will discuss issues relating to FTTH telecommunications.&nbsp;&nbsp;<\/p>\n\n\n\n<p>Topics discussed during the training:&nbsp;<\/p>\n\n\n\n<ul class=\"wp-block-list\">\n<li>structure and types of fibre optic cables,&nbsp;<\/li>\n\n\n\n<li>fibre optic construction,&nbsp;<\/li>\n\n\n\n<li>Fibre optic connector types and applications,&nbsp;<\/li>\n\n\n\n<li>FTTH cable laying methods,&nbsp;<\/li>\n\n\n\n<li>preparation of cables for cutting,&nbsp;<\/li>\n\n\n\n<li>familiarisation with the installation process of optical fibre connectors,&nbsp;<\/li>\n\n\n\n<li>types and operation of fibre optic welding machines,&nbsp;<\/li>\n\n\n\n<li>FTTH fibre welding techniques,&nbsp;<\/li>\n\n\n\n<li>making fibre optic connectors by adhesive bonding,&nbsp;<\/li>\n\n\n\n<li>determining the parameters of thermal joints,&nbsp;<\/li>\n\n\n\n<li>detection and correction of errors during splicing,&nbsp;<\/li>\n\n\n\n<li>carrying out control measurements,&nbsp;<\/li>\n\n\n\n<li>health and safety rules in force during the work.&nbsp;<\/li>\n<\/ul>\n\n\n\n<figure class=\"wp-block-image size-large is-resized\"><img decoding=\"async\" src=\"https:\/\/odk-ergon.pl\/wp-content\/uploads\/2022\/05\/IMG_2502x1200.jpg\" alt=\"people at work\" style=\"width:778px;height:584px\"\/><\/figure>\n\n\n\n<h2 class=\"wp-block-heading\"><strong>Who is the optical fiber connection training for?&nbsp;<\/strong><\/h2>\n\n\n\n<ul class=\"wp-block-list\">\n<li>individuals and employees,&nbsp;<\/li>\n\n\n\n<li>installers and telecoms workers,&nbsp;<\/li>\n\n\n\n<li>computer network installers,&nbsp;<\/li>\n\n\n\n<li>IT staff,&nbsp;<\/li>\n\n\n\n<li>traders and shops in the electronics industry,&nbsp;<\/li>\n\n\n\n<li>companies in the industrial and electronics sectors,&nbsp;<\/li>\n\n\n\n<li>Internet providers,&nbsp;<\/li>\n\n\n\n<li>people interested in improving their qualifications,&nbsp;<\/li>\n\n\n\n<li>employees who plan to retrain.&nbsp;<\/li>\n<\/ul>\n\n\n\n<h2 class=\"wp-block-heading\"><strong>Why is it worth becoming a fiber optic welder?&nbsp;<\/strong><\/h2>\n\n\n\n<p>The opening of labor markets in the European Union has created new opportunities for gainful employment, especially for qualified professionals. Due to the growing popularity of optical fibers, the demand for this type of welders has increased significantly throughout Europe. As optical fibers are used in various industries, work in this type of welding guarantees the possibility of continuous development.&nbsp;<\/p>\n\n\n\n<h2 class=\"wp-block-heading\"><strong>What is fiber optic welding?&nbsp;<\/strong><\/h2>\n\n\n\n<p>Fibre optic networks are used for data transmission. This technology is used to transmit and receive information and is one of the fault-free and reliable transmission media. Fibre optics are also used in endoscopic techniques or optoelectronics. This technology dominates the market due to its wide range and efficiency of data transmission.&nbsp;&nbsp;<\/p>\n\n\n\n<p>The process of welding optical fibers can be divided into several stages:&nbsp;<\/p>\n\n\n\n<ul class=\"wp-block-list\">\n<li>arrangement and preparation of fibres,&nbsp;<\/li>\n\n\n\n<li>stripping,&nbsp;<\/li>\n\n\n\n<li>cleaning and cutting of cables,&nbsp;<\/li>\n\n\n\n<li>welding,&nbsp;<\/li>\n\n\n\n<li>thermal,&nbsp;<\/li>\n\n\n\n<li>mechanical,&nbsp;<\/li>\n\n\n\n<li>measurement of attenuation.&nbsp;<\/li>\n<\/ul>\n\n\n\n<p>Fibre optic splicing involves melting and joining optical fibres together using a specialised optical splicer. It is possible to use a mechanical splicer containing an optical gel that bridges the gaps between the fibres.&nbsp;<\/p>\n\n\n<div class=\"wp-block-image\">\n<figure class=\"alignright size-large is-resized\"><img decoding=\"async\" src=\"https:\/\/odk-ergon.pl\/wp-content\/uploads\/2022\/05\/12ciminstall_photo_1.png\" alt=\"man at work\" style=\"width:264px;height:412px\"\/><\/figure>\n<\/div>\n\n\n<h2 class=\"wp-block-heading\"><strong>What is a Fiber Welder?&nbsp;<\/strong><\/h2>\n\n\n\n<p>An indispensable tool for a fiber optic welder is a specialist welder that supports a wide range of fibers. The device allows you to weld optical fibers quickly and precisely. When working with this equipment, the key factors are the selection of parameters, cutting length, and the number of welds performed during one work cycle.&nbsp;<\/p>\n\n\n\n<h2 class=\"wp-block-heading\"><strong>Purpose of the training&nbsp;<\/strong><\/h2>\n\n\n\n<p>The training offered by ERGON is dedicated to those who want to learn the basics of optical fibre technology and to those whose work requires knowledge of the construction of optotelecommunication lines and their components, as well as the ability to connect and measure optical fibre networks.&nbsp;&nbsp;<\/p>\n\n\n\n<h2 class=\"wp-block-heading\"><strong>Requirements&nbsp;<\/strong><\/h2>\n\n\n\n<p>The optical fiber connection course is intended for people who:&nbsp;<\/p>\n\n\n\n<ul class=\"wp-block-list\">\n<li>are at least 18 years old,&nbsp;<\/li>\n\n\n\n<li>have completed at least primary school,&nbsp;<\/li>\n<\/ul>\n\n\n\n<h2 class=\"wp-block-heading\"><strong>Entitlements<\/strong>&nbsp;<\/h2>\n\n\n\n<p>Participation in the training allows you to obtain welding qualifications confirmed by a certificate.&nbsp;<\/p>\n\n\n\n<h2 class=\"wp-block-heading\"><strong>Place of training<\/strong>&nbsp;<\/h2>\n\n\n\n<p>Welding training sessions take place in our branches throughout the country. We also offer closed training, which we will carry out in a place convenient for the client after prior arrangement.&nbsp;<\/p>\n\n\n\n<figure class=\"wp-block-video\"><video controls src=\"https:\/\/odk-ergon.pl\/wp-content\/uploads\/2023\/03\/ACCEPTED-spawacz-swiatlowodOW-4K-odk-ergon.mp4\"><\/video><\/figure>\n\n\n\n<h2 class=\"wp-block-heading\"><strong>Price<\/strong>&nbsp;<\/h2>\n\n\n\n<p>Training at ERGON guarantees a professional approach and attractive prices. We have provided attractive discounts for larger groups. Please contact us for detailed information on prices.&nbsp;<\/p>\n\n\n\n<h2 class=\"wp-block-heading\"><strong>Why is it worth training at ERGON?<\/strong>&nbsp;<\/h2>\n\n\n\n<p>The course we offer provides theoretical and practical preparation for the profession. During training, we focus on the comprehensive qualification of our trainees. We have more than 20 years' experience, during which time we have trained thousands of people. Completing our training provides the necessary knowledge to install fibre optic cables yourself, to perform mechanical and thermal splicing, to install fibre optic switches and couplers, and to carry out transmission and reflectometric measurements. As the demand for specialists in the installation of fibre optic networks continues to grow, we meet the expectations of our customers and impart knowledge in an accessible and highly efficient manner.&nbsp;&nbsp;<\/p>\n\n\n\n<p>If you have any questions about our offer, please contact us - our staff will be happy to help clarify any doubts. We encourage you to choose our services! ODK ERGON team&nbsp;<\/p>\n\n\n\n<h2 class=\"wp-block-heading\"><strong>Other trainings from our offer:<\/strong>&nbsp;<\/h2>\n\n\n\n<ul class=\"wp-block-list\">\n<li>energy training G1 G2 G3,&nbsp;<\/li>\n\n\n\n<li>work at height,&nbsp;<\/li>\n\n\n\n<li>UDT\/TDT\/WDT entitlements.&nbsp;<\/li>\n<\/ul>\n\n\n\n<figure class=\"wp-block-image size-large is-resized\"><img decoding=\"async\" src=\"https:\/\/odk-ergon.pl\/wp-content\/uploads\/2022\/11\/76-Spawanie-swiatlowodow-odk-ergon.pl_.png\" alt=\"welding of optical fibers\" style=\"width:739px;height:431px\"\/><\/figure>","protected":false},"excerpt":{"rendered":"<p>Zapraszamy do wzi\u0119cia udzia\u0142u w naszym szkoleniu spawania \u015bwiat\u0142owod\u00f3w. Efektywnie i fachowo przygotujemy Ci\u0119 do pracy jako spawacz sieci FTTH. Oferowane przez ERGON szkolenie po\u015bwi\u0119cone jest wszystkim aspektom techniki \u015bwiat\u0142owodowej. Wiedz\u0119 i umiej\u0119tno\u015bci z zakresu technologii \u015bwiat\u0142owodowych mo\u017cna zdoby\u0107 tylko przez uczestnictwo w profesjonalnych szkoleniach i kursach spawania. Nasi prowadz\u0105cy dysponuj\u0105 odpowiednimi kwalifikacjami i k\u0142ad\u0105 szczeg\u00f3lny nacisk na umiej\u0119tno\u015bci praktyczne. Dzielimy si\u0119 nasz\u0105 wiedz\u0105 i do\u015bwiadczeniem w zakresie technologii \u015bwiat\u0142owodowych od ponad dwudziestu lat.&nbsp; Program szkolenia&nbsp; Zapewniamy zapoznanie si\u0119 ze specyfik\u0105 pracy w bran\u017cy od strony praktycznej i teoretycznej. Nasz kurs zapewnia przygotowanie uczestnik\u00f3w do wykonywania czynno\u015bci zwi\u0105zanych ze zgrzewaniem \u015bwiat\u0142owod\u00f3w. W czasie szkolenia nasi specjali\u015bci om\u00f3wi\u0105 zagadnienia zwi\u0105zanie z telekomunikacj\u0105 FTTH.&nbsp;&nbsp; Tematy omawiane podczas szkolenia:&nbsp; Do kogo kierowane jest szkolenie \u0142\u0105czenia \u015bwiat\u0142owod\u00f3w?&nbsp; Dlaczego warto zosta\u0107 spawaczem \u015bwiat\u0142owod\u00f3w?&nbsp; Otwarcie rynk\u00f3w pracy w Unii Europejskiej stworzy\u0142o nowe mo\u017cliwo\u015bci pracy zarobkowej, zw\u0142aszcza dla wykwalifikowanych fachowc\u00f3w. Ze wzgl\u0119du na rosn\u0105c\u0105 popularno\u015b\u0107 \u015bwiat\u0142owod\u00f3w, w ca\u0142ej Europie znacz\u0105co wzr\u00f3s\u0142 popyt na spawaczy tego typu. Poniewa\u017c \u015bwiat\u0142owody u\u017cywane s\u0105 w r\u00f3\u017cnych bran\u017cach przemys\u0142u, praca w tego typu spawalnictwie gwarantuje mo\u017cliwo\u015b\u0107 ci\u0105g\u0142ego rozwoju.&nbsp; Czym jest spawanie \u015bwiat\u0142owod\u00f3w?&nbsp; Sieci \u015bwiat\u0142owodowe wykorzystywane s\u0105 do transmisji danych. Technologia ta u\u017cywana jest do przesy\u0142ania i odbioru informacji, nale\u017cy do bezawaryjnych i niezawodnych medi\u00f3w transmisyjnych. \u015awiat\u0142owody stosowane s\u0105 tak\u017ce w technikach endoskopowych czy optoelektronice. Ze wzgl\u0119du na sw\u00f3j szeroki zasi\u0119g oraz efektywno\u015b\u0107 transmisji danych technologia ta zdominowa\u0142a rynek.&nbsp;&nbsp; Proces spawania \u015bwiat\u0142owod\u00f3w mo\u017cna podzieli\u0107 na kilka etap\u00f3w:&nbsp; Spawanie \u015bwiat\u0142owod\u00f3w polega na topieniu i \u0142\u0105czeniu ze sob\u0105 w\u0142\u00f3kien \u015bwiat\u0142owodowych za pomoc\u0105 specjalistycznej spawarki optycznej. Mo\u017cliwe jest wykorzystanie spawu mechanicznego [&hellip;]<\/p>\n","protected":false},"author":1,"featured_media":2212,"parent":2137,"menu_order":0,"comment_status":"closed","ping_status":"closed","template":"","meta":{"sfsi_plus_gutenberg_text_before_share":"","sfsi_plus_gutenberg_show_text_before_share":"","sfsi_plus_gutenberg_icon_type":"","sfsi_plus_gutenberg_icon_alignemt":"","sfsi_plus_gutenburg_max_per_row":"","footnotes":""},"class_list":["post-2208","page","type-page","status-publish","has-post-thumbnail","hentry","has_thumb"],"aioseo_notices":[],"_links":{"self":[{"href":"https:\/\/odk-ergon.pl\/en\/wp-json\/wp\/v2\/pages\/2208","targetHints":{"allow":["GET"]}}],"collection":[{"href":"https:\/\/odk-ergon.pl\/en\/wp-json\/wp\/v2\/pages"}],"about":[{"href":"https:\/\/odk-ergon.pl\/en\/wp-json\/wp\/v2\/types\/page"}],"author":[{"embeddable":true,"href":"https:\/\/odk-ergon.pl\/en\/wp-json\/wp\/v2\/users\/1"}],"replies":[{"embeddable":true,"href":"https:\/\/odk-ergon.pl\/en\/wp-json\/wp\/v2\/comments?post=2208"}],"version-history":[{"count":11,"href":"https:\/\/odk-ergon.pl\/en\/wp-json\/wp\/v2\/pages\/2208\/revisions"}],"predecessor-version":[{"id":3706,"href":"https:\/\/odk-ergon.pl\/en\/wp-json\/wp\/v2\/pages\/2208\/revisions\/3706"}],"up":[{"embeddable":true,"href":"https:\/\/odk-ergon.pl\/en\/wp-json\/wp\/v2\/pages\/2137"}],"wp:featuredmedia":[{"embeddable":true,"href":"https:\/\/odk-ergon.pl\/en\/wp-json\/wp\/v2\/media\/2212"}],"wp:attachment":[{"href":"https:\/\/odk-ergon.pl\/en\/wp-json\/wp\/v2\/media?parent=2208"}],"curies":[{"name":"wp","href":"https:\/\/api.w.org\/{rel}","templated":true}]}}