{"id":2274,"date":"2022-06-23T15:02:36","date_gmt":"2022-06-23T13:02:36","guid":{"rendered":"https:\/\/odk-ergon.pl\/?page_id=2274"},"modified":"2024-04-25T10:58:09","modified_gmt":"2024-04-25T08:58:09","slug":"service-compressors","status":"publish","type":"page","link":"https:\/\/odk-ergon.pl\/en\/szkolenia\/szkolenia-sep\/obsluga-sprezarek\/","title":{"rendered":"ERGON compressors service course"},"content":{"rendered":"<p>we invite you to <a href=\"https:\/\/odk-ergon.pl\/en\/o-firmie\/\">ERGON Personnel Training Center<\/a> for a professional course on the operation of compressors, blowers, suction nozzles, compressors and compressed air systems. The training offered by ERGON is dedicated to all aspects of the use and supervision of compressors and other such equipment. Our instructors are qualified and place particular emphasis on practical skills. We have been sharing our knowledge and experience of fibre optic technology for more than twenty years.&nbsp;<strong>&nbsp;<\/strong>&nbsp;<\/p>\n\n\n\n<figure class=\"wp-block-image size-large is-resized\"><img decoding=\"async\" src=\"https:\/\/odk-ergon.pl\/wp-content\/uploads\/2022\/06\/csm_1920x580_pumpen_kompressoren_cf549c39c4.jpg\" alt=\"workshop compressor\" style=\"width:796px;height:227px\"\/><\/figure>\n\n\n\n<h2 class=\"wp-block-heading\"><strong>Class offer<\/strong>&nbsp;<\/h2>\n\n\n\n<p>Our training is dedicated to those who want to learn the basics of compressor operation and to those who want to deepen the practical knowledge they have gained over the years. We provide an introduction to the industry from the practical side. A course at ERGON guarantees:&nbsp;<\/p>\n\n\n\n<ul class=\"wp-block-list\">\n<li>familiarizing students with the construction of compressors, blowers, suction nozzles, compressors and compressed air installations;&nbsp;<\/li>\n\n\n\n<li>preparing employees to work independently with devices of this type;&nbsp;<\/li>\n\n\n\n<li>basic problems training for a given type of compressor;&nbsp;<\/li>\n\n\n\n<li>familiarization with the most common faults.&nbsp;<\/li>\n<\/ul>\n\n\n\n<p>The training programme involves acquiring knowledge of automatic air control equipment, compressor capacity control methods and the most important parameters of compressors, blowers and suction nozzles. In addition, trainees learn how to perform start-up and stop operations for compressors of various types. Students are also introduced to the legal acts of operation and supervision.&nbsp;<strong>&nbsp;<\/strong>&nbsp;<\/p>\n\n\n\n<figure class=\"wp-block-image size-large is-resized\"><img decoding=\"async\" src=\"https:\/\/odk-ergon.pl\/wp-content\/uploads\/2022\/06\/industrial-compressors.jpg\" alt=\"industrial compressor\" style=\"width:750px;height:501px\"\/><\/figure>\n\n\n\n<h2 class=\"wp-block-heading\"><strong>Qualifications gained<\/strong>&nbsp;<\/h2>\n\n\n\n<p>A positive result of the state examination enables the graduate of the training to:&nbsp;<\/p>\n\n\n\n<ul class=\"wp-block-list\">\n<li>Employment in the operation, inspection and maintenance of pumps, compressors and compressed air systems,&nbsp;<\/li>\n\n\n\n<li>obtaining rights in the following categories:&nbsp;<\/li>\n\n\n\n<li>&quot;E&quot; - operation of pumps, compressors and compressed air,&nbsp;<\/li>\n\n\n\n<li>&quot;D&quot; - supervision over the operation of pumps and compressors.&nbsp;<\/li>\n<\/ul>\n\n\n\n<h2 class=\"wp-block-heading\"><strong>Benefits of having a compressor license<\/strong>&nbsp;<\/h2>\n\n\n\n<p>Many tools and construction machines operate by using high-pressure air.  The same is true for the operation of compressed air and industrial gas systems. Although the use of an air gun is not subject to a qualification, it does require safety knowledge. Taking advantage of the compressor training offered by ERGON will make your job search easier. Large companies and plants use complex systems connected to one or two pressure vessels. Operating such a network requires skills and professional preparation for the job. A constant supply of compressed air without the danger of power fluctuations in the system is particularly useful on production lines. Compressors are also found in car repair shops - everywhere professionals with the right qualifications and skills are needed.\u00a0\u00a0<\/p>\n\n\n\n<h2 class=\"wp-block-heading\"><strong>Exam&nbsp;<\/strong><\/h2>\n\n\n\n<p>The compressor course concludes with an examination in front of a commission appointed by the ERO, and a positive result guarantees the acquisition of a licence, which is valid for five years.\u00a0\u00a0<\/p>\n\n\n\n<figure class=\"wp-block-image size-large is-resized\"><img decoding=\"async\" src=\"https:\/\/odk-ergon.pl\/wp-content\/uploads\/2022\/06\/Servicing-1200x700-1.jpg\" alt=\"compressed air installation\" style=\"width:766px;height:447px\"\/><\/figure>\n\n\n\n<h2 class=\"wp-block-heading\"><strong>Post-course work&nbsp;<\/strong><\/h2>\n\n\n\n<p>The ability to operate and supervise compressors, blowers, sumps, compressors and compressed air systems will enable you to work in, among other things:&nbsp;<\/p>\n\n\n\n<ul class=\"wp-block-list\">\n<li>gas industry and gas transport;&nbsp;<\/li>\n\n\n\n<li>metallurgy;&nbsp;<\/li>\n\n\n\n<li>process plants in the area of industrial chemistry;&nbsp;<\/li>\n\n\n\n<li>mining;&nbsp;<\/li>\n\n\n\n<li>refrigeration industry;&nbsp;<\/li>\n\n\n\n<li>companies using forced circulation equipment;&nbsp;<\/li>\n\n\n\n<li>industries using artificial draft processes in boiler equipment and chimney coolers;&nbsp;<\/li>\n\n\n\n<li>pneumatic transport;&nbsp;<\/li>\n\n\n\n<li>companies dealing with professional pressure painting.&nbsp;<\/li>\n<\/ul>\n\n\n\n<h2 class=\"wp-block-heading\"><strong>Place of training<\/strong>&nbsp;<\/h2>\n\n\n\n<p>Compressor training takes place in our branches throughout the country. We also offer closed training for organized groups - then we reach the client.&nbsp;<\/p>\n\n\n\n<h2 class=\"wp-block-heading\"><strong>Why ODK ERGON?<\/strong>&nbsp;<\/h2>\n\n\n\n<p>By completing the training we organise, you can acquire the necessary knowledge to operate compressors independently and safely. The course we offer provides theoretical and practical preparation for work in the profession. During training, we focus on the comprehensive qualification of our trainees. We have more than 20 years of experience, during which time we have trained thousands of people. If you have any questions about our offer, please contact us - our staff will be happy to help clarify any doubts. We encourage you to choose our services! The ERGON Personnel Development Centre Team&nbsp;<\/p>\n\n\n\n<figure class=\"wp-block-image size-large is-resized\"><img decoding=\"async\" src=\"https:\/\/odk-ergon.pl\/wp-content\/uploads\/2022\/11\/6-kurs-G2-sprezarki-odk-ergon.pl_.png\" alt=\"G2 course\" style=\"width:752px;height:439px\"\/><\/figure>","protected":false},"excerpt":{"rendered":"<p>Zapraszamy do O\u015brodka Doskonalenia Kadr ERGON na profesjonalny kurs eksploatacji spr\u0119\u017carek, dmuchaw, ssaw, kompresor\u00f3w oraz instalacji spr\u0119\u017conego powietrza. Oferowane przez ERGON szkolenie po\u015bwi\u0119cone jest wszystkim aspektom u\u017cytkowania i dozoru spr\u0119\u017carek oraz innych tego rodzaju urz\u0105dze\u0144. Nasi prowadz\u0105cy dysponuj\u0105 odpowiednimi kwalifikacjami i stawiaj\u0105 szczeg\u00f3lny nacisk na umiej\u0119tno\u015bci praktyczne. Dzielimy si\u0119 swoj\u0105 wiedz\u0105 i do\u015bwiadczeniem w zakresie technologii \u015bwiat\u0142owodowych od ponad dwudziestu lat.&nbsp;&nbsp;&nbsp; Oferta zaj\u0119\u0107&nbsp; Nasze szkolenie dedykowane jest dla os\u00f3b, kt\u00f3re chc\u0105 zapozna\u0107 si\u0119 z podstawami obs\u0142ugi spr\u0119\u017carek oraz dla tych, kt\u00f3rzy pragn\u0105 pog\u0142\u0119bi\u0107 zdobyt\u0105 przez lata praktyczn\u0105 wiedz\u0119. Zapewniamy zapoznanie si\u0119 z bran\u017c\u0105 od strony praktycznej. Kurs w ERGON gwarantuje:&nbsp; Program szkolenia zak\u0142ada zdobycie wiedzy z zakresu urz\u0105dze\u0144 s\u0142u\u017c\u0105cych do automatycznej regulacji powietrza, metod regulacji wydajno\u015bci spr\u0119\u017carek i najwa\u017cniejszych parametr\u00f3w spr\u0119\u017carek, dmuchaw i ssaw. Ponadto, kursanci ucz\u0105 si\u0119 wykonywania czynno\u015bci zwi\u0105zanych z uruchamianiem i zatrzymywaniem spr\u0119\u017carek r\u00f3\u017cnego typu. S\u0142uchacze zapoznaj\u0105 si\u0119 tak\u017ce z aktami prawnymi dotycz\u0105cymi eksploatacji oraz dozoru.&nbsp;&nbsp;&nbsp; Zdobyte kwalifikacje&nbsp; Pozytywny wynik egzaminu pa\u0144stwowego umo\u017cliwia absolwentowi szkolenia:&nbsp; Korzy\u015bci z posiadania uprawnie\u0144 na spr\u0119\u017carki&nbsp; Wiele narz\u0119dzi oraz maszyn budowlanych dzia\u0142a dzi\u0119ki zastosowaniu powietrza o wysokim ci\u015bnieniu. Podobnie sprawa ma si\u0119 z obs\u0142ug\u0105 instalacji spr\u0119\u017conego powietrza i gaz\u00f3w technicznych. Mimo \u017ce u\u017cywanie pistoletu pneumatycznego nie jest obwarowane kwalifikacjami, to wymaga wiedzy z zakresu bezpiecze\u0144stwa. Skorzystanie z oferowanego przez ERGON szkolenia obs\u0142ugi spr\u0119\u017carek u\u0142atwi Ci poszukiwania pracy. Du\u017ce przedsi\u0119biorstwa oraz zak\u0142ady korzystaj\u0105 z kompleksowych system\u00f3w po\u0142\u0105czonych z jednym lub dwoma zbiornikami ci\u015bnieniowymi. Eksploatacja takiej sieci wymaga umiej\u0119tno\u015bci oraz profesjonalnego przygotowania do pracy na tym stanowisku. Sta\u0142y dop\u0142yw spr\u0119\u017conego powietrza bez zagro\u017cenia wahaniami mocy w systemie sprawdza si\u0119 [&hellip;]<\/p>\n","protected":false},"author":1,"featured_media":2276,"parent":1567,"menu_order":0,"comment_status":"closed","ping_status":"closed","template":"","meta":{"sfsi_plus_gutenberg_text_before_share":"","sfsi_plus_gutenberg_show_text_before_share":"","sfsi_plus_gutenberg_icon_type":"","sfsi_plus_gutenberg_icon_alignemt":"","sfsi_plus_gutenburg_max_per_row":"","footnotes":""},"class_list":["post-2274","page","type-page","status-publish","has-post-thumbnail","hentry","has_thumb"],"aioseo_notices":[],"_links":{"self":[{"href":"https:\/\/odk-ergon.pl\/en\/wp-json\/wp\/v2\/pages\/2274","targetHints":{"allow":["GET"]}}],"collection":[{"href":"https:\/\/odk-ergon.pl\/en\/wp-json\/wp\/v2\/pages"}],"about":[{"href":"https:\/\/odk-ergon.pl\/en\/wp-json\/wp\/v2\/types\/page"}],"author":[{"embeddable":true,"href":"https:\/\/odk-ergon.pl\/en\/wp-json\/wp\/v2\/users\/1"}],"replies":[{"embeddable":true,"href":"https:\/\/odk-ergon.pl\/en\/wp-json\/wp\/v2\/comments?post=2274"}],"version-history":[{"count":5,"href":"https:\/\/odk-ergon.pl\/en\/wp-json\/wp\/v2\/pages\/2274\/revisions"}],"predecessor-version":[{"id":3615,"href":"https:\/\/odk-ergon.pl\/en\/wp-json\/wp\/v2\/pages\/2274\/revisions\/3615"}],"up":[{"embeddable":true,"href":"https:\/\/odk-ergon.pl\/en\/wp-json\/wp\/v2\/pages\/1567"}],"wp:featuredmedia":[{"embeddable":true,"href":"https:\/\/odk-ergon.pl\/en\/wp-json\/wp\/v2\/media\/2276"}],"wp:attachment":[{"href":"https:\/\/odk-ergon.pl\/en\/wp-json\/wp\/v2\/media?parent=2274"}],"curies":[{"name":"wp","href":"https:\/\/api.w.org\/{rel}","templated":true}]}}