{"id":2285,"date":"2022-06-24T09:19:32","date_gmt":"2022-06-24T07:19:32","guid":{"rendered":"https:\/\/odk-ergon.pl\/?page_id=2285"},"modified":"2026-04-14T11:12:36","modified_gmt":"2026-04-14T09:12:36","slug":"welding-fiber-ergon","status":"publish","type":"page","link":"https:\/\/odk-ergon.pl\/en\/szkolenia\/spawanie\/spawanie-swiatlowodow-ergon\/","title":{"rendered":"Fiber optic welding course"},"content":{"rendered":"<p>ERGON cordially invites you to a course in fibre optic welding, in which you will not only acquire theoretical knowledge, but also practical experience. We have been operating on the market for over fifteen years, which makes us professionals in our field and provides comprehensive services to our customers.&nbsp;<\/p>\n\n\n\n<figure class=\"wp-block-image size-large\"><img decoding=\"async\" src=\"https:\/\/odk-ergon.pl\/wp-content\/uploads\/2022\/06\/internet-broadband-cables_iStock.jpeg\" alt=\"\"\/><\/figure>\n\n\n\n<h2 class=\"wp-block-heading\"><strong>What will you learn?<\/strong>&nbsp;<\/h2>\n\n\n\n<p>During the training there are practical as well as theoretical activities, during the course you will learn:&nbsp;<\/p>\n\n\n\n<ul class=\"wp-block-list\">\n<li>the basics of fibre optics,&nbsp;<\/li>\n\n\n\n<li>criteria for selecting a welder,&nbsp;<\/li>\n\n\n\n<li>use of fibre optic cables,&nbsp;<\/li>\n\n\n\n<li>measurement of optical fibre connectors,&nbsp;<\/li>\n\n\n\n<li>weld procedure,&nbsp;<\/li>\n\n\n\n<li>welder operation,&nbsp;<\/li>\n\n\n\n<li>steps in the execution of welds.&nbsp;<\/li>\n<\/ul>\n\n\n<div class=\"wp-block-image\">\n<figure class=\"alignright size-large is-resized\"><img decoding=\"async\" src=\"https:\/\/odk-ergon.pl\/wp-content\/uploads\/2022\/06\/images-2021-06-22T144508.143.jpg\" alt=\"protective clothing\" style=\"width:357px;height:275px\"\/><\/figure>\n<\/div>\n\n\n<p>Through fiber-optic communication, we are able to obtain data transmission without interference, even up to several terabits per second, and thus, there is a great demand for fiber-optic welders educated in this field.&nbsp;<\/p>\n\n\n\n<p>Therefore, this is the profession for you if you are a person who:&nbsp;<\/p>\n\n\n\n<ul class=\"wp-block-list\">\n<li>appreciates precision,&nbsp;<\/li>\n\n\n\n<li>looking for a profession with a future,&nbsp;<\/li>\n\n\n\n<li>eagerly learns new skills or just wants to educate himself.&nbsp;<\/li>\n<\/ul>\n\n\n\n<h2 class=\"wp-block-heading\"><strong>Why is it worth investing in training?&nbsp;<\/strong><\/h2>\n\n\n\n<p>The main objective of our company is to provide our customers with first-class training services. Qualified methodologists and other people with many years of practice take care of the quality of training and the best possible satisfaction in all our facilities, which are located in Warsaw and other regions of Poland. However, we go the extra mile for you, we are mobile and organise closed training courses.&nbsp;<\/p>\n\n\n\n<h2 class=\"wp-block-heading\"><strong>Working as a fibre optics welder&nbsp;<\/strong><\/h2>\n\n\n\n<p>While the process of welding fibre optic splices is not complicated in itself, as we have the right tools to assist us, the welder is expected to be accurate and persistent in carrying out the task. Fibre optic welding is nothing more than the joining of wires, which includes glass fibre and plastic, in addition, through the process of heat using an electric arc, a solid connection is obtained. <\/p>\n\n\n\n<p>The instructors at our facilities place a very strong emphasis on education in assembly quality and the use of appropriate tools for the job. The basic equipment of a welder includes, among other things, welding machines, optical power meters, fibre optic cutters, kevlar scissors, and fibre optic connector cleaners. Why are the tools we use so important? There are a lot of offers on the market for the purchase of, among other things, welding machines, which seem to differ little from each other, and yet the same one is not used in every situation.&nbsp;&nbsp;&nbsp;<\/p>\n\n\n\n<h2 class=\"wp-block-heading\"><strong>Types of fibre optic welders and their applications.&nbsp;<\/strong><\/h2>\n\n\n\n<figure class=\"wp-block-table\"><table><tbody><tr><td>Welders centering the fiber core&nbsp;<\/td><td>Welders centering the fiber mantle&nbsp;&nbsp;&nbsp;<\/td><td>Centering welding machines to the real core&nbsp;&nbsp;&nbsp;<\/td><\/tr><tr><td>There are two models here, centring to the geometric core and the real core. The initial system is used by most niche welders and, as with centring to the fibre jacket, will work well for really good quality fibres where the geometric core enters the real core. Positioning to the other is the system used in the best fibre welders. These types of splicers independently inspect the spliced fibre and are able to lay it perfectly to the real core, thus levelling attenuation to zero.&nbsp;<\/td><td>The most economical of the possible options, it allows the fibers to be matched to each other on the basis of their coats. Troublesome for these welding machines are the fibers of poor quality, because the core is not adherent in the place of the jacket. This connection has a slightly higher attenuation.&nbsp;&nbsp;&nbsp;<\/td><td>The best quality, but also the most expensive. The welder uses a method that can automatically recognise the types of fibre to be welded and arrange them relative to their real core. It features near-perfect attenuation characteristics.&nbsp;<\/td><\/tr><\/tbody><\/table><\/figure>\n\n\n\n<figure class=\"wp-block-image size-large is-resized\"><img decoding=\"async\" src=\"https:\/\/odk-ergon.pl\/wp-content\/uploads\/2022\/06\/Optical-Fibre-Splicing1-2.jpg\" alt=\"characteristics of the fibre optic welding process\" style=\"width:802px;height:451px\"\/><\/figure>\n\n\n\n<h2 class=\"wp-block-heading\">International certificates<\/h2>\n\n\n\n<p>The CFOS\/S Fibre Optic Welding course is a practical training course for those looking to gain the prestigious certification and skills needed to work on FTTH and FTTx networks. It is a stepping stone towards a full fibre optic certification pathway.<\/p>\n\n\n\n<h3 class=\"wp-block-heading\">CFOT - Basic fibre optic technician<\/h3>\n\n\n\n<p>Introductory training in the installation, operation and basic measurement of fibre optics, providing the foundation for further certification.<\/p>\n\n\n\n<h3 class=\"wp-block-heading\">CFOS\/O - External networks (Outside Plant)<\/h3>\n\n\n\n<p>Focusing on the design, construction and maintenance of fibre optic networks in the field - in the ground, duct and on poles.<\/p>\n\n\n\n<h3 class=\"wp-block-heading\">CFOS\/S - Fibre optic welding<\/h3>\n\n\n\n<p>Practical training in fibre preparation, welding, joint protection and quality control.<\/p>\n\n\n\n<h3 class=\"wp-block-heading\">CFOS\/T - Testing and measurement<\/h3>\n\n\n\n<p>Course in advanced fibre optic measurements, OTDR operation and installation acceptance testing.<\/p>\n\n\n\n<h2 class=\"wp-block-heading\"><strong>What are the steps to prepare for welding?&nbsp;<\/strong><\/h2>\n\n\n\n<ul class=\"wp-block-list\">\n<li>At the very beginning, the appropriate diameter and length of the heat-shrinkable tube should be selected.&nbsp;<\/li>\n\n\n\n<li>Then remove the protective layer of the optical fiber with a stripper.&nbsp;<\/li>\n\n\n\n<li>The next step is to clean the fibre optic splicing junction and carefully trim it with a specialised knife with a diamond blade.&nbsp;<\/li>\n\n\n\n<li>And finally, preparation of the welding box, securing the cable with a heat shrink tube and welding the whole thing in the furnace.&nbsp;<\/li>\n<\/ul>\n\n\n\n<p>The welding process takes place in 4 stages and is carried out by a welding machine. The first step that the welder performs is the careful positioning of the connecting cables with the exact centring of the fibres in relation to each other. The next step is to bring the contacts together with the correct arc current to achieve the desired temperature - this is to soften the cables and lead to a successful connection quality. The third step is to join the cables together using pressure at just the right time so that the wires are bonded. The final step is to release the heat of the fused wires so that they thicken and crystallise their structures at the connection point.&nbsp;<\/p>\n\n\n\n<p>If you are interested in our offer of courses for the position of fibre optic welder, we invite you to give us a call. On our website you will find a tab where other training courses are also described.<\/p>\n\n\n\n<figure class=\"wp-block-image size-large is-resized\"><img decoding=\"async\" src=\"https:\/\/odk-ergon.pl\/wp-content\/uploads\/2022\/11\/76-Spawanie-swiatlowodow-odk-ergon.pl_.png\" alt=\"welding of optical fibers\" style=\"width:769px;height:449px\"\/><\/figure>","protected":false},"excerpt":{"rendered":"<p>Firma ERGON serdecznie zaprasza na kurs spawania \u015bwiat\u0142owod\u00f3w, w kt\u00f3rym nie tylko przyswoicie wiedz\u0119 teoretyczn\u0105, jak r\u00f3wnie\u017c opanujecie praktyczne do\u015bwiadczenie. Dzia\u0142amy na rynku od przesz\u0142o pi\u0119tnastu lat, z racji czego, jeste\u015bmy profesjonalistami w swoim fachu i \u015bwiadczymy kompleksowe us\u0142ugi naszym klientom.&nbsp; Czego si\u0119 nauczysz?&nbsp; Podczas szkolenia s\u0105 realizowane zaj\u0119cia praktyczne jak i teoretyczne, podczas nauki poznasz:&nbsp; Za po\u015brednictwem \u0142\u0105czno\u015bci \u015bwiat\u0142owodowej jeste\u015bmy w stanie uzyska\u0107 przesy\u0142anie danych bez zak\u0142\u00f3ce\u0144 nawet do kilku terabit\u00f3w na sekund\u0119, a co za tym idzie, jest bardzo du\u017ce zapotrzebowanie na wykszta\u0142conych w tej dziedzinie spawaczy \u015bwiat\u0142owodowych.&nbsp; Dlatego jest to zaw\u00f3d dla Ciebie, je\u015bli jeste\u015b osob\u0105, kt\u00f3ra:&nbsp; Dlaczego warto zainwestowa\u0107 w szkolenie?&nbsp; G\u0142\u00f3wnym za\u0142o\u017ceniem naszej firmy jest dostarczenie klientom us\u0142ug szkoleniowych na pierwszorz\u0119dnym poziomie. Wykwalifikowani metodycy i inne osoby z wieloletni\u0105 praktyk\u0105 dbaj\u0105 o jako\u015b\u0107 kszta\u0142cenia i jak najlepsz\u0105 satysfakcj\u0119 we wszystkich naszych plac\u00f3wkach, kt\u00f3re znajduje si\u0119 w Warszawie i innych regionach polski. Jednak dla Was si\u0119gamy po wi\u0119cej, jeste\u015bmy mobilni i organizujemy szkolenia zamkni\u0119te.&nbsp; Praca jako spawacz \u015bwiat\u0142owod\u00f3w&nbsp; O ile proces spawania \u0142\u0105cze\u0144 \u015bwiat\u0142owod\u00f3w sam w sobie nie jest skomplikowany, gdy\u017c mamy do dyspozycji odpowiednie narz\u0119dzia, kt\u00f3rymi si\u0119 wspomagamy, o tyle od spawacza oczekuje si\u0119 dok\u0142adno\u015bci i wytrwa\u0142o\u015bci w realizacji powierzonego mu zlecenia. Spawanie \u015bwiat\u0142owod\u00f3w to nic innego, jak \u0142\u0105czenie przewod\u00f3w, w sk\u0142ad kt\u00f3rego wchodz\u0105 w\u0142\u00f3kno szklane i tworzywa sztuczne, ponadto poprzez proces ciep\u0142a z u\u017cyciem \u0142uku elektrycznego, otrzymujemy po\u0142\u0105czenie sta\u0142e. Instruktorzy z naszych plac\u00f3wek nak\u0142adaj\u0105 bardzo du\u017cy nacisk na edukacj\u0119 w zakresie jako\u015bci monta\u017cu i stosowania odpowiednich narz\u0119dzi do pracy. Podstawowym wyposa\u017ceniem spawacza s\u0105 mi\u0119dzy innymi: spawarki, mierniki mocy optycznej, [&hellip;]<\/p>\n","protected":false},"author":1,"featured_media":2287,"parent":2137,"menu_order":0,"comment_status":"closed","ping_status":"closed","template":"","meta":{"sfsi_plus_gutenberg_text_before_share":"","sfsi_plus_gutenberg_show_text_before_share":"","sfsi_plus_gutenberg_icon_type":"","sfsi_plus_gutenberg_icon_alignemt":"","sfsi_plus_gutenburg_max_per_row":"","footnotes":""},"class_list":["post-2285","page","type-page","status-publish","has-post-thumbnail","hentry","has_thumb"],"aioseo_notices":[],"_links":{"self":[{"href":"https:\/\/odk-ergon.pl\/en\/wp-json\/wp\/v2\/pages\/2285","targetHints":{"allow":["GET"]}}],"collection":[{"href":"https:\/\/odk-ergon.pl\/en\/wp-json\/wp\/v2\/pages"}],"about":[{"href":"https:\/\/odk-ergon.pl\/en\/wp-json\/wp\/v2\/types\/page"}],"author":[{"embeddable":true,"href":"https:\/\/odk-ergon.pl\/en\/wp-json\/wp\/v2\/users\/1"}],"replies":[{"embeddable":true,"href":"https:\/\/odk-ergon.pl\/en\/wp-json\/wp\/v2\/comments?post=2285"}],"version-history":[{"count":8,"href":"https:\/\/odk-ergon.pl\/en\/wp-json\/wp\/v2\/pages\/2285\/revisions"}],"predecessor-version":[{"id":3705,"href":"https:\/\/odk-ergon.pl\/en\/wp-json\/wp\/v2\/pages\/2285\/revisions\/3705"}],"up":[{"embeddable":true,"href":"https:\/\/odk-ergon.pl\/en\/wp-json\/wp\/v2\/pages\/2137"}],"wp:featuredmedia":[{"embeddable":true,"href":"https:\/\/odk-ergon.pl\/en\/wp-json\/wp\/v2\/media\/2287"}],"wp:attachment":[{"href":"https:\/\/odk-ergon.pl\/en\/wp-json\/wp\/v2\/media?parent=2285"}],"curies":[{"name":"wp","href":"https:\/\/api.w.org\/{rel}","templated":true}]}}