{"id":2299,"date":"2022-06-30T13:30:59","date_gmt":"2022-06-30T11:30:59","guid":{"rendered":"https:\/\/odk-ergon.pl\/?page_id=2299"},"modified":"2023-03-15T20:38:39","modified_gmt":"2023-03-15T19:38:39","slug":"course-on-cranes-hds","status":"publish","type":"page","link":"https:\/\/odk-ergon.pl\/en\/szkolenia\/uprawnienia-udt-tdt\/kurs-na-zurawie-hds\/","title":{"rendered":"Course for HDS cranes - operator"},"content":{"rendered":"<figure class=\"wp-block-image size-large is-resized\"><img loading=\"lazy\" decoding=\"async\" src=\"https:\/\/odk-ergon.pl\/wp-content\/uploads\/2022\/06\/gmk5220big.jpeg\" alt=\"smiling HDS operator while unloading the tree\" width=\"775\" height=\"581\"\/><\/figure>\n\n\n\n<h2 class=\"wp-block-heading\"><strong>Training in the operation of HDS cranes<\/strong><\/h2>\n\n\n\n<p>Come and join us for a professional course in the operation of HDS cranes. We are a training company that has been on the market for many years, with us you will improve your professional qualifications.&nbsp;<\/p>\n\n\n\n<p>Are you thinking of working as an HDS crane operator? Or are you an employer who wants a qualified operator of this machine? Every operator should take a course in order to do their job reliably and safely.&nbsp;<\/p>\n\n\n<div class=\"wp-block-image\">\n<figure class=\"alignright size-large is-resized\"><img loading=\"lazy\" decoding=\"async\" src=\"https:\/\/odk-ergon.pl\/wp-content\/uploads\/2022\/06\/small_information_items_184.jpeg\" alt=\"mobile crane\" width=\"439\" height=\"290\"\/><\/figure>\n<\/div>\n\n\n<h2 class=\"wp-block-heading\"><strong>What does the course on HDS cranes organized by ERGON look like?<\/strong>&nbsp;<\/h2>\n\n\n\n<p>The HDS crane course takes place in two forms - lectures and practical classes. Our team of qualified instructors places great emphasis on putting the knowledge gained into practice.&nbsp;<\/p>\n\n\n\n<h2 class=\"wp-block-heading\"><strong>What will you learn in the course on HDS cranes?<\/strong>&nbsp;<\/h2>\n\n\n\n<figure class=\"wp-block-table\"><table><tbody><tr><td><strong>THEORETICAL PART<\/strong>&nbsp;<\/td><td><strong>PRACTICAL PART<\/strong>&nbsp;<\/td><\/tr><tr><td>operation of HDS cranes,&nbsp;<\/td><td>practical activity - exercises on machines&nbsp;<\/td><\/tr><tr><td>HDS crane operator duties,&nbsp;<\/td><\/tr><tr><td>HEALTH AND SAFETY,&nbsp;<\/td><\/tr><tr><td>General information about HDS cranes - construction, use, most common faults.&nbsp;<\/td><\/tr><\/tbody><\/table><\/figure>\n\n\n\n<h2 class=\"wp-block-heading\"><strong>Who is the course on HDS cranes for?<\/strong>&nbsp;<\/h2>\n\n\n\n<p>The HDS crane qualification allows you to operate a hydraulic truck crane for the next 10 years. Of course, three requirements need to be met in order to take such a course. One must have:&nbsp;<\/p>\n\n\n\n<figure class=\"wp-block-table\"><table><tbody><tr><td><strong>at least 18 years of age,<\/strong>&nbsp;<\/td><\/tr><tr><td><strong>good health documented by a medical certificate from a doctor authorised to perform preventive examinations,<\/strong>&nbsp;<\/td><\/tr><tr><td><strong>driving course category C.<\/strong>&nbsp;<\/td><\/tr><\/tbody><\/table><\/figure>\n\n\n\n<figure class=\"wp-block-embed is-type-video is-provider-youtube wp-block-embed-youtube wp-embed-aspect-16-9 wp-has-aspect-ratio\"><div class=\"wp-block-embed__wrapper\">\n<iframe loading=\"lazy\" title=\"CRANE OPERATOR UDT CERTIFICATIONS INTERNATIONAL COMPLETE YOUR TRAINING WITH US!\" width=\"500\" height=\"281\" src=\"https:\/\/www.youtube.com\/embed\/oQV30kgEWQI?feature=oembed\" frameborder=\"0\" allow=\"accelerometer; autoplay; clipboard-write; encrypted-media; gyroscope; picture-in-picture; web-share\" referrerpolicy=\"strict-origin-when-cross-origin\" allowfullscreen><\/iframe>\n<\/div><\/figure>\n\n\n\n<h2 class=\"wp-block-heading\"><strong>Where do HDS cranes apply?<\/strong>&nbsp;<\/h2>\n\n\n\n<p>Wondering if you will be able to find a rewarding job as a crane operator? As well as transporting building materials and goods, a key function of HDS cranes is the ability to load and unload. The HDS crane will load the material in question onto the vehicle on which it is mounted or onto the trailer of your vehicle. The next step will be to carry the load and unload it. It will work well where it is extremely important to carry, load and unload at the same time, ie:&nbsp;<\/p>\n\n\n\n<ul class=\"wp-block-list\">\n<li>construction industry,&nbsp;<\/li>\n\n\n\n<li>maritime industry,&nbsp;<\/li>\n\n\n\n<li>forest industry.&nbsp;<\/li>\n<\/ul>\n\n\n\n<h2 class=\"wp-block-heading\"><strong>Why is it worth choosing the ERGON center?<\/strong>&nbsp;<\/h2>\n\n\n\n<p><strong>WE TEACH BOTH THEORY AND PRACTICE <\/strong>- We combine a large dose of theoretical knowledge with practical classes to help you become an HDS crane operator.&nbsp;&nbsp;<\/p>\n\n\n\n<p><strong>WE TEACH THE OPERATION OF DIFFERENT TYPES OF DEVICES <\/strong>- We make every effort to train future specialists in the best possible way. Join us and discover the ins and outs of working with many types of HDS cranes! Ensure that nothing surprises you on the job.&nbsp;&nbsp;<\/p>\n\n\n\n<p><strong>WE ENABLE THE NECESSARY QUALIFICATIONS<\/strong> - and finally the coveted certificate! Our course will prepare you for the state exam, which is the ticket to gaining the required certification. &nbsp;<\/p>\n\n\n\n<figure class=\"wp-block-video\"><video controls src=\"https:\/\/odk-ergon.pl\/wp-content\/uploads\/2023\/03\/ACCEPTED-zrurawia-przenosnego-4K-odk-ergon.mp4\"><\/video><\/figure>\n\n\n\n<h2 class=\"wp-block-heading\"><strong>Who we are?<\/strong>&nbsp;<\/h2>\n\n\n\n<p>Over 20 years of experience in conducting comprehensive training services - this is ERGON!&nbsp;<\/p>\n\n\n\n<h2 class=\"wp-block-heading\"><strong>Do you have more questions for us?<\/strong>&nbsp;<\/h2>\n\n\n\n<p>If you have any questions about our services, we are always available - please contact us. We invite you to familiarize yourself with our full training offer presented on our website.\u00a0<\/p>\n\n\n\n<figure class=\"wp-block-image size-large is-resized\"><img loading=\"lazy\" decoding=\"async\" src=\"https:\/\/odk-ergon.pl\/wp-content\/uploads\/2022\/11\/41-Zurawie-przenosne-HDS-odk-ergon.pl_.png\" alt=\"professional training\" width=\"784\" height=\"457\"\/><\/figure>","protected":false},"excerpt":{"rendered":"<p>Szkolenie z obs\u0142ugi \u017curawi HDS Zapraszamy na profesjonalny kurs z obs\u0142ugi \u017curawi HDS. Jeste\u015bmy firm\u0105 szkoleniow\u0105, kt\u00f3ra dzia\u0142a na rynku od wielu lat, u nas podniesiesz swoje kwalifikacje zawodowe.&nbsp; My\u015blisz o pracy jako operator \u017curawia HDS? A mo\u017ce jeste\u015b pracodawc\u0105, kt\u00f3remu zale\u017cy na wykwalifikowanym operatorze tej maszyny? Ka\u017cdy operator powinien odby\u0107 kurs, aby rzetelnie i bezpiecznie wykonywa\u0107 swoj\u0105 prac\u0119.&nbsp; Jak wygl\u0105da kurs na \u017curawie HDS organizowany przez ERGON?&nbsp; Kurs na \u017curawie HDS odbywa si\u0119 w dw\u00f3ch formach \u2013 w formie wyk\u0142ad\u00f3w oraz w formie zaj\u0119\u0107 praktycznych. Nasz zesp\u00f3\u0142 wykwalifikowanych instruktor\u00f3w k\u0142adzie du\u017cy nacisk na wykorzystanie zdobytej wiedzy w praktyce.&nbsp; Czego dowiesz si\u0119 na kursie na \u017curawie HDS?&nbsp; CZ\u0118\u015a\u0106 TEORETYCZNA&nbsp; CZ\u0118\u015a\u0106 PRAKTYCZNA&nbsp; eksploatacja \u017curawi HDS,&nbsp; zaj\u0119cie praktyczne \u2013 \u0107wiczenia na maszynach&nbsp; obowi\u0105zki operatora \u017curawi HDS,&nbsp; BHP,&nbsp; og\u00f3lne wiadomo\u015bci o \u017curawiach HDS \u2013 budowa, zastosowanie, najcz\u0119stsze usterki.&nbsp; Do kogo skierowany jest kurs na \u017curawie HDS?&nbsp; Uprawnienia na \u017curawie HDS pozwalaj\u0105 na operowanie hydraulicznym d\u017awigiem samochodowym przez kolejne 10 lat. Oczywi\u015bcie, aby m\u00f3c uczestniczy\u0107 w takim kursie nale\u017cy spe\u0142ni\u0107 trzy wymagania. Trzeba mie\u0107:&nbsp; uko\u0144czony 18 rok \u017cycia,&nbsp; dobry stan zdrowia udokumentowany orzeczeniem lekarza uprawnionego do wykonywania bada\u0144 profilaktycznych,&nbsp; kurs prawa jazdy kat. C.&nbsp; Gdzie \u017curawie HDS maj\u0105 zastosowanie?&nbsp; Zastanawiasz si\u0119, czy jako operator \u017curawi b\u0119dziesz w stanie znale\u017a\u0107 satysfakcjonuj\u0105c\u0105 prac\u0119? Opr\u00f3cz transportowania materia\u0142\u00f3w budowlanych i towar\u00f3w, kluczow\u0105 funkcj\u0105 \u017curawi HDS jest mo\u017cliwo\u015b\u0107 za\u0142adunku i roz\u0142adunku. \u017buraw HDS za\u0142aduje dany materia\u0142 na samoch\u00f3d, na kt\u00f3rym jest zamontowany lub na przyczep\u0119 swojego samochodu. Nast\u0119pnym krokiem b\u0119dzie zawiezienie \u0142adunku oraz jego roz\u0142adunek. B\u0119dzie sprawdza\u0142 si\u0119 tam, gdzie niezwykle istotne jest jednocze\u015bnie [&hellip;]<\/p>\n","protected":false},"author":1,"featured_media":2300,"parent":1828,"menu_order":0,"comment_status":"closed","ping_status":"closed","template":"","meta":{"sfsi_plus_gutenberg_text_before_share":"","sfsi_plus_gutenberg_show_text_before_share":"","sfsi_plus_gutenberg_icon_type":"","sfsi_plus_gutenberg_icon_alignemt":"","sfsi_plus_gutenburg_max_per_row":"","footnotes":""},"class_list":["post-2299","page","type-page","status-publish","has-post-thumbnail","hentry","has_thumb"],"aioseo_notices":[],"_links":{"self":[{"href":"https:\/\/odk-ergon.pl\/en\/wp-json\/wp\/v2\/pages\/2299","targetHints":{"allow":["GET"]}}],"collection":[{"href":"https:\/\/odk-ergon.pl\/en\/wp-json\/wp\/v2\/pages"}],"about":[{"href":"https:\/\/odk-ergon.pl\/en\/wp-json\/wp\/v2\/types\/page"}],"author":[{"embeddable":true,"href":"https:\/\/odk-ergon.pl\/en\/wp-json\/wp\/v2\/users\/1"}],"replies":[{"embeddable":true,"href":"https:\/\/odk-ergon.pl\/en\/wp-json\/wp\/v2\/comments?post=2299"}],"version-history":[{"count":8,"href":"https:\/\/odk-ergon.pl\/en\/wp-json\/wp\/v2\/pages\/2299\/revisions"}],"predecessor-version":[{"id":3177,"href":"https:\/\/odk-ergon.pl\/en\/wp-json\/wp\/v2\/pages\/2299\/revisions\/3177"}],"up":[{"embeddable":true,"href":"https:\/\/odk-ergon.pl\/en\/wp-json\/wp\/v2\/pages\/1828"}],"wp:featuredmedia":[{"embeddable":true,"href":"https:\/\/odk-ergon.pl\/en\/wp-json\/wp\/v2\/media\/2300"}],"wp:attachment":[{"href":"https:\/\/odk-ergon.pl\/en\/wp-json\/wp\/v2\/media?parent=2299"}],"curies":[{"name":"wp","href":"https:\/\/api.w.org\/{rel}","templated":true}]}}