{"id":2434,"date":"2022-09-13T14:07:59","date_gmt":"2022-09-13T12:07:59","guid":{"rendered":"https:\/\/odk-ergon.pl\/?page_id=2434"},"modified":"2023-03-15T12:41:40","modified_gmt":"2023-03-15T11:41:40","slug":"scaffolder-2","status":"publish","type":"page","link":"https:\/\/odk-ergon.pl\/en\/szkolenia\/montazysta-rusztowan\/","title":{"rendered":"Scaffolding installer course, become one too!"},"content":{"rendered":"<div class=\"wp-block-image\">\n<figure class=\"alignright size-large is-resized\"><img loading=\"lazy\" decoding=\"async\" src=\"https:\/\/odk-ergon.pl\/wp-content\/uploads\/2022\/09\/2-3.jpeg\" alt=\"scaffolding assembly\" width=\"400\" height=\"275\"\/><\/figure>\n<\/div>\n\n\n<h2 class=\"wp-block-heading\"><strong>Comprehensive training<\/strong><\/h2>\n\n\n\n<p>Join us for scaffolding installation training. &nbsp;<\/p>\n\n\n\n<p>The construction industry is constantly evolving, so if you like new challenges, want to get a stable job and hope for good pay - sign up for our course! We offer training as a construction scaffolder (assembly and disassembly), which will be carried out by our highly qualified staff, who put the individual approach to each trainee first. In addition, we value a friendly atmosphere. We place emphasis on both practical and theoretical classes, as we realise how positively this can affect the final learning outcome.\u00a0\u00a0<\/p>\n\n\n\n<h2 class=\"wp-block-heading\"><strong>What can you learn from the training?\u00a0<\/strong><\/h2>\n\n\n\n<p>The course consists of a theoretical and a practical part and takes place at our premises or at the customer's premises. Our task is to prepare the trainee for the examination before the examination board.&nbsp;<\/p>\n\n\n\n<p>During the training you will gain both theoretical knowledge and practical skills, including the operation of the equipment. Topics covered during the class include:&nbsp;<\/p>\n\n\n\n<ul class=\"wp-block-list\">\n<li>technical and health and safety documentation when assembling and working on scaffolding,&nbsp;<\/li>\n\n\n\n<li>construction and types of scaffolding,&nbsp;<\/li>\n\n\n\n<li>site organisation,&nbsp;<\/li>\n\n\n\n<li>assembly and dismantling methods,&nbsp;<\/li>\n\n\n\n<li>documentation on scaffolding.&nbsp;<\/li>\n<\/ul>\n\n\n\n<figure class=\"wp-block-image size-large is-resized\"><img loading=\"lazy\" decoding=\"async\" src=\"https:\/\/odk-ergon.pl\/wp-content\/uploads\/2022\/09\/3-1.jpeg\" alt=\"person wearing a helmet\" width=\"800\" height=\"534\"\/><\/figure>\n\n\n\n<h2 class=\"wp-block-heading\"><strong>What does the examination look like?\u00a0<\/strong><\/h2>\n\n\n\n<p>In the theoretical part of the exam, trainees must demonstrate knowledge of health and safety rules, as well as the ability to compile technical documentation and knowledge of scaffolding design. The practical part includes a demonstration of scaffolding assembly and disassembly and an assessment of the stability and safety of the assembled structure. The scaffolding licence is issued by the Institute of Mechanised Construction and Rock Mining. A scaffolder's booklet is issued upon passing the exam.&nbsp;<\/p>\n\n\n\n<h2 class=\"wp-block-heading\"><strong>The profession of the future\u00a0<\/strong><\/h2>\n\n\n\n<p>In large cities, scaffolding can be seen at every turn. They are also used by cleaning crews, e.g. for window cleaning and maintenance in office buildings, at small and large construction sites, for the restoration of historic buildings, and in connection with the construction of warehouses, halls or concert stages. Scaffolding is installed by people who are specially authorised. They are an essential element in the work of renovation, installation and repair companies. Due to the growing demand for such specialists, we have no doubt that it is worth becoming an assembler. On the Polish labour market, there is a shortage of professionals in relation to the need for scaffolding assembly, which is why salaries for those with qualifications are at an above-average level. On the other hand, trying one's hand abroad, e.g. in Scandinavian countries, one can count on much more attractive salaries. Salaries may vary depending on the employee's qualifications and experience.&nbsp;<\/p>\n\n\n\n<figure class=\"wp-block-video\"><video controls src=\"https:\/\/odk-ergon.pl\/wp-content\/uploads\/2023\/03\/ACCEPTED-montazysta-rusztowan-4Kodk-ergon.mp4\"><\/video><\/figure>\n\n\n\n<h2 class=\"wp-block-heading\"><strong>Sign up for training!\u00a0<\/strong><\/h2>\n\n\n\n<p>If you would like to take a scaffolder training course, it would be a great advantage to have a vocational training in construction, but this is not required. You will improve your position on the labour market and also gain useful skills and the necessary qualifications. Sometimes the Job Centre subsidises vocational courses, so it is a good idea to keep up to date on whether there is such an opportunity.&nbsp;<\/p>\n\n\n\n<h2 class=\"wp-block-heading\"><strong>What does the job entail?\u00a0<\/strong><\/h2>\n\n\n<div class=\"wp-block-image\">\n<figure class=\"alignright size-large is-resized\"><img loading=\"lazy\" decoding=\"async\" src=\"https:\/\/odk-ergon.pl\/wp-content\/uploads\/2022\/09\/1-2.jpeg\" alt=\"assembler during scaffolding assembly work\" width=\"253\" height=\"400\"\/><\/figure>\n<\/div>\n\n\n<p>Contrary to appearances, the duties of a scaffolding assembler are quite varied. They include assembling and dismantling the structure in question, as well as planning its location in advance and ensuring its safe operation. Incorrectly assembled scaffolding can be extremely dangerous for the workers and people next to it, so the person working as a scaffolder should have the right qualifications and skills. During your training at our centre, you will learn everything you need to know to perform your duties as a scaffolder expertly.&nbsp;&nbsp;<\/p>\n\n\n\n<h2 class=\"wp-block-heading\"><strong>What are the course requirements?\u00a0<\/strong><\/h2>\n\n\n\n<ul class=\"wp-block-list\">\n<li>at least 18 years of age,&nbsp;<\/li>\n\n\n\n<li>having at least a basic education,&nbsp;<\/li>\n\n\n\n<li>obtaining an up-to-date medical certificate confirming that you are not restricted to working at height.&nbsp;<\/li>\n<\/ul>\n\n\n\n<h2 class=\"wp-block-heading\"><strong>What is the cost of becoming certified?\u00a0<\/strong><\/h2>\n\n\n\n<p>What the cost of scaffolder training is depends largely on the location of the training and the number of participants. You can find out the price of scaffolder training by checking <a href=\"https:\/\/odk-ergon.pl\/en\/cennik\/\">price list<\/a> on our website or by contacting us directly. We will be happy to answer any questions you may have.&nbsp;<\/p>\n\n\n\n<h2 class=\"wp-block-heading\"><strong>How long is the qualification valid?\u00a0<\/strong><\/h2>\n\n\n\n<p>Scaffolding installer qualifications are unlimited in duration. You do not need to renew them in the future.\u00a0<br>We will make every effort to ensure that you are properly prepared for the state exam. Keep in mind that scaffolder is a position that involves working at heights. During your training, we have professionally developed materials and modern machines at your disposal. We will make sure that you get the most out of our training!\u00a0<\/p>\n\n\n\n<figure class=\"wp-block-image size-large is-resized\"><img loading=\"lazy\" decoding=\"async\" src=\"https:\/\/odk-ergon.pl\/wp-content\/uploads\/2022\/11\/montazysta-rusztowan-odk-ergon.pl_.png\" alt=\"scaffolding assembly course\" width=\"758\" height=\"442\"\/><\/figure>","protected":false},"excerpt":{"rendered":"<p>Kompleksowe szkolenie Zapraszamy na szkolenie z montowania rusztowa\u0144. &nbsp; Bran\u017ca budowlana stale si\u0119 rozwija, dlatego je\u015bli lubisz nowe wyzwania, chcesz zdoby\u0107 stabiln\u0105 prac\u0119 i liczysz na dobre wynagrodzenie \u2013 zapisz si\u0119 na nasz kurs! Oferujemy szkolenie na monta\u017cyst\u0119 rusztowa\u0144 budowlano\u2013monta\u017cowych\u00a0(monta\u017c i demonta\u017c), kt\u00f3re zostanie przeprowadzone przez nasz\u0105 wysoko wykwalifikowan\u0105 kadr\u0119, kt\u00f3ra na pierwszym miejscu stawia indywidualne podej\u015bcie do ka\u017cdego kursanta. Ponadto cenimy sobie przyjazn\u0105 atmosfer\u0119. K\u0142adziemy nacisk zar\u00f3wno na zaj\u0119cia praktyczne, jak i teoretyczne, poniewa\u017c zdajemy sobie spraw\u0119 jak pozytywnie mo\u017ce to wp\u0142yn\u0105\u0107 na efekt ko\u0144cowy nauczania.\u00a0\u00a0 Czego mo\u017cna si\u0119 nauczy\u0107 podczas szkolenia?\u00a0 Kurs sk\u0142ada si\u0119 z cz\u0119\u015bci teoretycznej oraz praktycznej i odbywa si\u0119 w naszych plac\u00f3wkach lub w siedzibie klienta. Naszym zadaniem jest przygotowa\u0107 kursanta do egzaminu przed komisj\u0105 egzaminacyjn\u0105.&nbsp; Na szkoleniu zdob\u0119dziesz zar\u00f3wno wiedz\u0119 teoretyczn\u0105, jak i umiej\u0119tno\u015bci praktyczne, obejmuj\u0105ce tak\u017ce obs\u0142ug\u0119 sprz\u0119tu. Tematy poruszane podczas zaj\u0119\u0107 to m.in.:&nbsp; Jak wygl\u0105da egzamin?\u00a0 Podczas zdawania cz\u0119\u015bci teoretycznej egzaminu, kursanci musz\u0105 wykaza\u0107 si\u0119 znajomo\u015bci\u0105 zasad BHP, a tak\u017ce umiej\u0119tno\u015bci\u0105 sporz\u0105dzania dokumentacji technicznej oraz wiedz\u0105 na temat konstruowania ro\u017cnego rodzaju rusztowa\u0144. Cz\u0119\u015b\u0107 praktyczna obejmuje pokaz monta\u017cu i demonta\u017cu rusztowania oraz ocen\u0119 stabilno\u015bci i bezpiecze\u0144stwa zmontowanej konstrukcji. Uprawnienia monta\u017cysty zostaj\u0105 wydane przez Instytut Mechanizacji Budownictwa i G\u00f3rnictwa Skalnego. Po zdaniu egzaminu zostaje wydana ksi\u0105\u017ceczka montera rusztowa\u0144.&nbsp; Przysz\u0142o\u015bciowy zaw\u00f3d\u00a0 W du\u017cych miastach na ka\u017cdym kroku mo\u017cna zauwa\u017cy\u0107 rusztowania. Wykorzystywane s\u0105 one tak\u017ce przez ekipy sprz\u0105taj\u0105ce np. do mycia i konserwacji okien w biurowcach, przy ma\u0142ych i du\u017cych budowach, przy renowacjach zabytk\u00f3w, a tak\u017ce w zwi\u0105zku z budow\u0105 magazyn\u00f3w, hal czy scen koncertowych. Rusztowania s\u0105 montowane przez osoby, kt\u00f3re [&hellip;]<\/p>\n","protected":false},"author":1,"featured_media":2436,"parent":65,"menu_order":0,"comment_status":"closed","ping_status":"closed","template":"","meta":{"sfsi_plus_gutenberg_text_before_share":"","sfsi_plus_gutenberg_show_text_before_share":"","sfsi_plus_gutenberg_icon_type":"","sfsi_plus_gutenberg_icon_alignemt":"","sfsi_plus_gutenburg_max_per_row":"","footnotes":""},"class_list":["post-2434","page","type-page","status-publish","has-post-thumbnail","hentry","has_thumb"],"aioseo_notices":[],"_links":{"self":[{"href":"https:\/\/odk-ergon.pl\/en\/wp-json\/wp\/v2\/pages\/2434","targetHints":{"allow":["GET"]}}],"collection":[{"href":"https:\/\/odk-ergon.pl\/en\/wp-json\/wp\/v2\/pages"}],"about":[{"href":"https:\/\/odk-ergon.pl\/en\/wp-json\/wp\/v2\/types\/page"}],"author":[{"embeddable":true,"href":"https:\/\/odk-ergon.pl\/en\/wp-json\/wp\/v2\/users\/1"}],"replies":[{"embeddable":true,"href":"https:\/\/odk-ergon.pl\/en\/wp-json\/wp\/v2\/comments?post=2434"}],"version-history":[{"count":5,"href":"https:\/\/odk-ergon.pl\/en\/wp-json\/wp\/v2\/pages\/2434\/revisions"}],"predecessor-version":[{"id":3156,"href":"https:\/\/odk-ergon.pl\/en\/wp-json\/wp\/v2\/pages\/2434\/revisions\/3156"}],"up":[{"embeddable":true,"href":"https:\/\/odk-ergon.pl\/en\/wp-json\/wp\/v2\/pages\/65"}],"wp:featuredmedia":[{"embeddable":true,"href":"https:\/\/odk-ergon.pl\/en\/wp-json\/wp\/v2\/media\/2436"}],"wp:attachment":[{"href":"https:\/\/odk-ergon.pl\/en\/wp-json\/wp\/v2\/media?parent=2434"}],"curies":[{"name":"wp","href":"https:\/\/api.w.org\/{rel}","templated":true}]}}