{"id":2504,"date":"2022-09-29T11:12:48","date_gmt":"2022-09-29T09:12:48","guid":{"rendered":"https:\/\/odk-ergon.pl\/?page_id=2504"},"modified":"2023-03-15T20:20:33","modified_gmt":"2023-03-15T19:20:33","slug":"smoker-furnace-and-boiler","status":"publish","type":"page","link":"https:\/\/odk-ergon.pl\/en\/szkolenia\/szkolenia-sep\/palacz-piecow-i-kotlow\/","title":{"rendered":"CO cooker and boiler stoker course with ERGON"},"content":{"rendered":"<div class=\"wp-block-image\">\n<figure class=\"alignright size-large is-resized\"><img loading=\"lazy\" decoding=\"async\" src=\"https:\/\/odk-ergon.pl\/wp-content\/uploads\/2022\/09\/1-8.jpeg\" alt=\"boiler stoker\" width=\"400\" height=\"267\"\/><\/figure>\n<\/div>\n\n\n<p>If you are looking for a job as a furnace and central heating boiler stoker, then this course is for you. There is a shortage of specialists on the market and they are in urgent demand. If you complete our course, you will find your way into the job market without any problems. CH systems are often complex devices with a capacity of more than 50kW that heat various buildings, such as schools, office buildings, etc.&nbsp; <\/p>\n\n\n\n<p>When you want to operate these devices, it is necessary to be properly trained and pass an examination. It is then possible to become certified. Therefore, if you want to become certified, do it with ERGON! Grow with us and expand your qualifications.&nbsp;<\/p>\n\n\n\n<h2 class=\"wp-block-heading\"><strong>What will you learn on our course?<\/strong>&nbsp;<\/h2>\n\n\n\n<p>At ERGON, we focus on the quality of education and the active participation of students in class, Our qualified lecturers will take care of your learning so that the knowledge you acquire stays with you for a long time. During the course, you will acquire knowledge in the following areas:&nbsp;<\/p>\n\n\n\n<ul class=\"wp-block-list\">\n<li>legislation, particularly that on technical supervision,&nbsp;<\/li>\n\n\n\n<li>work organisation,&nbsp;<\/li>\n\n\n\n<li>thermal technology news,&nbsp;<\/li>\n\n\n\n<li>diagram of a central heating boiler room,&nbsp;<\/li>\n\n\n\n<li>the subject of water in thermal management,&nbsp;<\/li>\n\n\n\n<li>steam and water boilers.&nbsp;<\/li>\n<\/ul>\n\n\n\n<h2 class=\"wp-block-heading\"><strong>What does the examination look like?<\/strong>&nbsp;<\/h2>\n\n\n<div class=\"wp-block-image\">\n<figure class=\"alignright size-large is-resized\"><img loading=\"lazy\" decoding=\"async\" src=\"https:\/\/odk-ergon.pl\/wp-content\/uploads\/2022\/09\/2-8.jpeg\" alt=\"CO stoker&#039;s job\" width=\"400\" height=\"267\"\/><\/figure>\n<\/div>\n\n\n<p>The exam consists of two parts - theoretical and practical. Classes at the ERGON Centre are designed in such a way that each of the trainees scores favourably on the exam and receives a certificate. A positive result guarantees a certificate which is recognised not only in Poland, but also in the EU. It is worth remembering that if you take the exam, you must bring your identity card, work clothing and appropriate personal protective equipment.&nbsp;<\/p>\n\n\n\n<h2 class=\"wp-block-heading\"><strong>Who is a boiler stoker?<\/strong>&nbsp;<\/h2>\n\n\n\n<p>A boiler stoker will find employment in many public establishments, such as schools or hospitals, and many other public places. It is important to remember that the work of a welder is extremely responsible and requires the right qualifications, which you can acquire with us.&nbsp;&nbsp;<\/p>\n\n\n\n<h2 class=\"wp-block-heading\"><strong>Requirements to undertake the course<\/strong><\/h2>\n\n\n\n<p>All that is required is:&nbsp;<\/p>\n\n\n\n<ul class=\"wp-block-list\">\n<li>you are at least 18 years old,&nbsp;<\/li>\n\n\n\n<li>you have no health contraindications,&nbsp;<\/li>\n\n\n\n<li>you have at least primary education.&nbsp;<\/li>\n<\/ul>\n\n\n\n<p><strong>Why are health checks important and necessary?<\/strong>&nbsp;<\/p>\n\n\n\n<p>This is a physical job in which health and fitness are important. Hence the requirement to provide a medical certificate. During the examination, the doctor will check the state of your eyesight, hearing, smell and physical condition. Smoking work involves a lot of responsibility and manual dexterity is a must.&nbsp;<\/p>\n\n\n\n<h2 class=\"wp-block-heading\"><strong>Why is training so important?<\/strong>&nbsp;<\/h2>\n\n\n\n<p>The skills of the stoker are responsible for the proper operation of the CO system. The work of a stoker involves risks and the stoker takes responsibility for his own safety and that of the occupants of the building.<\/p>\n\n\n\n<figure class=\"wp-block-image size-large is-resized\"><img loading=\"lazy\" decoding=\"async\" src=\"https:\/\/odk-ergon.pl\/wp-content\/uploads\/2022\/09\/3-3.jpeg\" alt=\"image with training inscription\" width=\"800\" height=\"535\"\/><\/figure>\n\n\n\n<h2 class=\"wp-block-heading\"><strong>What is our objective?<\/strong><\/h2>\n\n\n\n<p>In our training, students will gain professional qualifications that enable them to take up a new profession. Obtaining these is very important for those who want to operate boilers and cookers. During our training courses, we place emphasis on learning efficiency. We are committed to ensuring that participants can easily find work and fulfil themselves professionally. Our instructors are professionals who impart knowledge in an accessible manner. Some of the assignments take place on our platform, where we provide training materials. <\/p>\n\n\n\n<p>You will gain qualifications that will enable you to perform operational activities in the areas of operation, maintenance, repair and assembly work on thermal equipment, installations and networks. We value the satisfaction of our trainees, so we want to emphasise that the knowledge you will acquire at ERGON is of the highest standard. During the course, we will provide you with all the necessary information to enable you to pass the exam with ease.<\/p>\n\n\n\n<h2 class=\"wp-block-heading\"><strong>Course price<\/strong><\/h2>\n\n\n\n<p>To find out about costs <a href=\"https:\/\/odk-ergon.pl\/en\/kontakt\/\">contact us<\/a> or look under <a href=\"https:\/\/odk-ergon.pl\/en\/cennik\/\">price list<\/a> on our website. We are renowned for our affordable prices, as our many students can attest.&nbsp;<\/p>\n\n\n\n<h2 class=\"wp-block-heading\"><strong>Where do we operate?&nbsp;<\/strong><\/h2>\n\n\n\n<p>Our head office is in Warsaw, but we also have many centres throughout Poland. In addition, we can also travel to you on request.&nbsp;&nbsp;<\/p>","protected":false},"excerpt":{"rendered":"<p>Je\u015bli szukasz pracy jako palacz piec\u00f3w i kot\u0142\u00f3w CO, to ten kurs jest dla Ciebie. Na rynku brakuje specjalist\u00f3w i s\u0105 oni pilnie poszukiwani. Je\u015bli uko\u0144czysz nasz kurs, bezproblemowo odnajdziesz si\u0119 na rynku pracy. Systemy CO stanowi\u0105 cz\u0119sto skomplikowane w obs\u0142udze urz\u0105dzenia o mocy powy\u017cej 50kW, kt\u00f3re ogrzewaj\u0105 r\u00f3\u017cne budynki, typu szko\u0142y, biurowce itp.&nbsp; Gdy chcesz obs\u0142ugiwa\u0107 te urz\u0105dzenia, konieczne jest odpowiednie przeszkolenie i zdanie egzaminu. Wtedy mo\u017cliwe jest zdobycie uprawnie\u0144. Dlatego, je\u015bli chcesz zdoby\u0107 uprawnienia, zr\u00f3b to z ERGON! Rozwijaj si\u0119 razem z nami i poszerzaj kwalifikacje.&nbsp; Czego si\u0119 nauczysz na naszym kursie?&nbsp; W ERGON stawiamy na jako\u015b\u0107 kszta\u0142cenia oraz aktywne uczestnictwo kursant\u00f3w na zaj\u0119ciach, Nasi wykwalifikowani wyk\u0142adowcy zadbaj\u0105 o twoj\u0105 nauk\u0119, tak aby wiedza, kt\u00f3r\u0105 przyswoisz, zosta\u0142a z Tob\u0105 na d\u0142ugo. Na kursie zdob\u0119dziesz wiedz\u0119 z zakresu:&nbsp; Jak wygl\u0105da egzamin?&nbsp; Egzamin sk\u0142ada si\u0119 z dw\u00f3ch cz\u0119\u015bci \u2013 teoretycznej i praktycznej. Zaj\u0119cia w O\u015brodku ERGON s\u0105 tak opracowane, aby ka\u017cdy z kursant\u00f3w zdoby\u0142 korzystny wynik egzaminu i otrzyma\u0142 certyfikat. Pozytywny wynik gwarantuje uzyskanie uprawnie\u0144, kt\u00f3re s\u0105 honorowane nie tylko w Polsce, ale te\u017c w UE. Warto pami\u0119ta\u0107, \u017ce je\u015bli przyst\u0119pujesz do egzaminu musisz ze sob\u0105 zabra\u0107 dow\u00f3d to\u017csamo\u015bci, odzie\u017c robocz\u0105 i odpowiednie \u015brodki ochrony indywidualnej.&nbsp; Kim jest palacz kot\u0142\u00f3w?&nbsp; Palacz kot\u0142\u00f3w znajdzie zatrudnienie w wielu o\u015brodkach publicznych, jak szko\u0142y czy szpitale oraz wielu innych miejscach u\u017cytku publicznego. Nale\u017cy pami\u0119ta\u0107, \u017ce praca spawacza jest niezwykle odpowiedzialna i wymaga odpowiednich uprawnie\u0144, kt\u00f3re mo\u017cesz zdoby\u0107 razem z nami.&nbsp;&nbsp; Wymagania do podj\u0119cia si\u0119 kursu Wystarczy, \u017ce:&nbsp; Dlaczego badania lekarskie s\u0105 wa\u017cne i potrzebne?&nbsp; To praca fizyczna, w kt\u00f3rej [&hellip;]<\/p>\n","protected":false},"author":1,"featured_media":2505,"parent":1567,"menu_order":0,"comment_status":"closed","ping_status":"closed","template":"","meta":{"sfsi_plus_gutenberg_text_before_share":"","sfsi_plus_gutenberg_show_text_before_share":"","sfsi_plus_gutenberg_icon_type":"","sfsi_plus_gutenberg_icon_alignemt":"","sfsi_plus_gutenburg_max_per_row":"","footnotes":""},"class_list":["post-2504","page","type-page","status-publish","has-post-thumbnail","hentry","has_thumb"],"aioseo_notices":[],"_links":{"self":[{"href":"https:\/\/odk-ergon.pl\/en\/wp-json\/wp\/v2\/pages\/2504","targetHints":{"allow":["GET"]}}],"collection":[{"href":"https:\/\/odk-ergon.pl\/en\/wp-json\/wp\/v2\/pages"}],"about":[{"href":"https:\/\/odk-ergon.pl\/en\/wp-json\/wp\/v2\/types\/page"}],"author":[{"embeddable":true,"href":"https:\/\/odk-ergon.pl\/en\/wp-json\/wp\/v2\/users\/1"}],"replies":[{"embeddable":true,"href":"https:\/\/odk-ergon.pl\/en\/wp-json\/wp\/v2\/comments?post=2504"}],"version-history":[{"count":5,"href":"https:\/\/odk-ergon.pl\/en\/wp-json\/wp\/v2\/pages\/2504\/revisions"}],"predecessor-version":[{"id":3175,"href":"https:\/\/odk-ergon.pl\/en\/wp-json\/wp\/v2\/pages\/2504\/revisions\/3175"}],"up":[{"embeddable":true,"href":"https:\/\/odk-ergon.pl\/en\/wp-json\/wp\/v2\/pages\/1567"}],"wp:featuredmedia":[{"embeddable":true,"href":"https:\/\/odk-ergon.pl\/en\/wp-json\/wp\/v2\/media\/2505"}],"wp:attachment":[{"href":"https:\/\/odk-ergon.pl\/en\/wp-json\/wp\/v2\/media?parent=2504"}],"curies":[{"name":"wp","href":"https:\/\/api.w.org\/{rel}","templated":true}]}}