{"id":2612,"date":"2023-01-13T14:31:15","date_gmt":"2023-01-13T13:31:15","guid":{"rendered":"https:\/\/odk-ergon.pl\/?page_id=2612"},"modified":"2023-01-15T02:21:46","modified_gmt":"2023-01-15T01:21:46","slug":"maintenance-utb-udt","status":"publish","type":"page","link":"https:\/\/odk-ergon.pl\/en\/szkolenia\/uprawnienia-udt-tdt\/konserwacja-utb-udt\/","title":{"rendered":"UTB\/UDT maintenance - become a certified maintenance technician"},"content":{"rendered":"<p>Specjalizujemy si\u0119 w przeprowadzaniu szkole\u0144 operator\u00f3w, konserwator\u00f3w w dziedzinie maszyn zaliczaj\u0105cych si\u0119 do Urz\u0105dze\u0144 Transportu Bliskiego. Program szkolenia obejmuje szeroki zakres maszyn podlegaj\u0105cych pod UDT, takich jak wszelkie \u0142adowarki, w tym okr\u0119towe i przeno\u015bniki ta\u015bmowe podwieszone. Fachowo pomo\u017cemy Ci w zdobyciu nowych umiej\u0119tno\u015bci i kwalifikacji.<\/p>\n<h2><strong>Program szkolenia<\/strong><\/h2>\n<p>Program szkoleniowy jest zgodny z bie\u017c\u0105cymi normami, a tak\u017ce zatwierdzony przez Urz\u0105d Dozoru Technicznego. Zaj\u0119cia s\u0105 prowadzone w formie teoretycznej i praktycznej pod okiem naszych specjalist\u00f3w. Kurs konserwatora obejmuje przygotowanie urz\u0105dzenia elektrycznie i mechanicznie do zdania egzaminu przed komisj\u0105 powo\u0142an\u0105 przez Urz\u0105d Dozoru Technicznego.<\/p>\n<h3><strong>G\u0142\u00f3wne zagadnienia realizowane podczas szkolenia:<\/strong><\/h3>\n<ul>\n<li><a href=\"https:\/\/odk-ergon.pl\/wp-content\/uploads\/2023\/01\/3.webp\"><img loading=\"lazy\" decoding=\"async\" class=\"alignright wp-image-2615\" src=\"https:\/\/odk-ergon.pl\/wp-content\/uploads\/2023\/01\/3-300x200.webp\" alt=\"instruktor wykonuje prace naprawcze suwnicy\" width=\"450\" height=\"300\" srcset=\"https:\/\/odk-ergon.pl\/wp-content\/uploads\/2023\/01\/3-300x200.webp 300w, https:\/\/odk-ergon.pl\/wp-content\/uploads\/2023\/01\/3-1024x683.webp 1024w, https:\/\/odk-ergon.pl\/wp-content\/uploads\/2023\/01\/3-768x512.webp 768w, https:\/\/odk-ergon.pl\/wp-content\/uploads\/2023\/01\/3-1536x1024.webp 1536w, https:\/\/odk-ergon.pl\/wp-content\/uploads\/2023\/01\/3-18x12.webp 18w, https:\/\/odk-ergon.pl\/wp-content\/uploads\/2023\/01\/3-624x416.webp 624w, https:\/\/odk-ergon.pl\/wp-content\/uploads\/2023\/01\/3.webp 1600w\" sizes=\"auto, (max-width: 450px) 100vw, 450px\" \/><\/a>wiedza og\u00f3lna urz\u0105dzenia,<\/li>\n<li>budowa urz\u0105dzenia i jego rodzaje,<\/li>\n<li>przyczyny i rodzaje usterek,<\/li>\n<li>przepisy BHP,<\/li>\n<li>dokumentacja techniczna,<\/li>\n<li>poznanie zasad eksploatacji i czyszczenia danego urz\u0105dzenia,<\/li>\n<li>obowi\u0105zki i uprawnienia,<\/li>\n<li>plany konserwacji,<\/li>\n<li>prace naprawcze.<\/li>\n<\/ul>\n<p>Po zako\u0144czonym szkoleniu i zdaniu egzaminu pa\u0144stwowego przed komisj\u0105 powo\u0142an\u0105 przez UDT z pozytywnym wynikiem kursant otrzymuje legitymacj\u0119 UDT konserwatora danego urz\u0105dzenia. <u>Uprawnienia s\u0105 wydawane bezterminowo.<\/u><\/p>\n<h2><strong>Miejsce przeprowadzanych szkole\u0144<\/strong><\/h2>\n<p>Nasze kursy s\u0105 prowadzone w naszym o\u015brodku szkoleniowym w Warszawie, a tak\u017ce mo\u017cemy przeprowadzi\u0107 szkolenie w ka\u017cdym innym mie\u015bcie wskazanym przez klienta. Posiadamy mobiln\u0105 ofert\u0119 szkoleniow\u0105 i nasza kadra szkoleniowc\u00f3w dojedzie pod wskazany adres przez klienta.<\/p>\n<h2><strong>Do kogo kierowane jest szkolenie?<\/strong><\/h2>\n<p>Szkolenia s\u0105 przeznaczone dla os\u00f3b chc\u0105cych zdoby\u0107 nowe kwalifikacje b\u0105d\u017a rozszerzy\u0107 swoje obecne umiej\u0119tno\u015bci. Szkolenie szczeg\u00f3lnie adresujemy do operator\u00f3w, mechanik\u00f3w, elektryk\u00f3w a tak\u017ce zdolnych technicznie os\u00f3b. Kurs konserwatora to \u015bwietna inwestycja w rozw\u00f3j dla os\u00f3b chc\u0105cych podwy\u017cszy\u0107 swoje zarobki w firmie b\u0105d\u017a pragn\u0105cych otworzy\u0107 w\u0142asn\u0105 dzia\u0142alno\u015b\u0107. <a href=\"https:\/\/ergon.edu.pl\/wp-content\/uploads\/2023\/01\/1.jpeg\"><img loading=\"lazy\" decoding=\"async\" class=\"aligncenter wp-image-3138\" src=\"https:\/\/ergon.edu.pl\/wp-content\/uploads\/2023\/01\/1-300x200.jpeg\" alt=\"legitymacja konserwatora UDT\" width=\"450\" height=\"300\"><\/a><\/p>\n<h2><strong>Czym zajmuje si\u0119 konserwator?<\/strong><\/h2>\n<p>Zaw\u00f3d konserwatora UDT jest niezb\u0119dny do prowadzenia dziennika konserwacji danej maszyny podlegaj\u0105cej pod Urz\u0105d Dozoru Technicznego. Urz\u0105dzenie transportu bliskiego takie jak \u0142adowarka teleskopowa czy podest ruchomy, musi przej\u015b\u0107 przegl\u0105d konserwacyjny i zdoby\u0107 decyzj\u0119 od UDT, aby maszyna mog\u0142a dalej wykonywa\u0107 swoj\u0105 prac\u0119. Pozytywne o\u015bwiadczenie pozwala na legalne i bezpieczne eksploatowanie maszyny.<\/p>\n<h2><strong>Czy warto zrobi\u0107 kurs konserwatora UDT\/UTB?<\/strong><\/h2>\n<p>&nbsp; Bior\u0105c udzia\u0142 w szkoleniach i kursach, znacznie podwy\u017cszamy nasze kwalifikacje i umiej\u0119tno\u015bci, co wi\u0105\u017ce si\u0119 z lepszymi zarobkami w pracy. Zaw\u00f3d konserwatora jest bardzo po\u017c\u0105dany na dzisiejszym rynku pracy. Specjalista mo\u017ce wykonywa\u0107 prace <a href=\"https:\/\/odk-ergon.pl\/wp-content\/uploads\/2023\/01\/2.jpeg\"><img loading=\"lazy\" decoding=\"async\" class=\"alignright wp-image-2614\" src=\"https:\/\/odk-ergon.pl\/wp-content\/uploads\/2023\/01\/2-300x200.jpeg\" alt=\"przegl\u0105d konserwacyjny \u0142adowarki teleskopowej\" width=\"450\" height=\"300\" srcset=\"https:\/\/odk-ergon.pl\/wp-content\/uploads\/2023\/01\/2-300x200.jpeg 300w, https:\/\/odk-ergon.pl\/wp-content\/uploads\/2023\/01\/2-1024x683.jpeg 1024w, https:\/\/odk-ergon.pl\/wp-content\/uploads\/2023\/01\/2-768x512.jpeg 768w, https:\/\/odk-ergon.pl\/wp-content\/uploads\/2023\/01\/2-1536x1024.jpeg 1536w, https:\/\/odk-ergon.pl\/wp-content\/uploads\/2023\/01\/2-18x12.jpeg 18w, https:\/\/odk-ergon.pl\/wp-content\/uploads\/2023\/01\/2-624x416.jpeg 624w, https:\/\/odk-ergon.pl\/wp-content\/uploads\/2023\/01\/2.jpeg 1600w\" sizes=\"auto, (max-width: 450px) 100vw, 450px\" \/><\/a>serwisowe, naprawcze i konserwacyjne. Pracownicy posiadaj\u0105cy uprawnienia konserwatorskie s\u0105 poszukiwani przez pracodawc\u00f3w.<\/p>\n<h3><strong>Prowadzimy tak\u017ce szkolenia konserwatorskie na:<\/strong><\/h3>\n<ul>\n<li><a href=\"https:\/\/odk-ergon.pl\/en\/szkolenia\/uprawnienia-udt-tdt\/podeste-ruchome\/\">podesty ruchome<\/a> stacjonarne, wisz\u0105ce oraz masztowe,<\/li>\n<li>\u017curawie samojezdne oraz przeno\u015bne i przewo\u017ane,<\/li>\n<li>suwnice, wci\u0105gniki i wci\u0105garki og\u00f3lnego przeznaczenia,<\/li>\n<li>w\u00f3zki wid\u0142owe.<\/li>\n<\/ul>\n<h2><strong>&nbsp;<\/strong><strong>Warunki przyst\u0105pienia do kursu<\/strong><\/h2>\n<p>Wed\u0142ug aktualnych przepis\u00f3w prawnych, aby wzi\u0105\u0107 udzia\u0142 w szkoleniu na konserwatora UDT z pewno\u015bci\u0105 musisz spe\u0142ni\u0107 poni\u017csze warunki:<\/p>\n<ul>\n<li>uko\u0144czone 18 lat,<\/li>\n<li>brak przeciwskaza\u0144 lekarskich,<\/li>\n<li>wykszta\u0142cenie minimum podstawowe.<\/li>\n<\/ul>\n<h2>Pytania i odpowiedzi:<\/h2>\n\n\t\t<details\t\thelp class=\"sc_fs_faq sc_card    \"\n\t\t\t\t>\n\t\t\t\t\t<summary>\n\t\t\t\t<h3>Czy w ofercie macie kurs konserwatora na \u0142adowark\u0119 okr\u0119tow\u0105?<\/h3>\t\t\t\t\t<\/summary>\n\t\t\t\t<div>\n\t\t\t\t\t\t<div class=\"sc_fs_faq__content\">\n\t\t\t\t\n\n<p>Tak, w swojej ofercie szkoleniowej posiadamy kursy konserwator\u00f3w na \u0142adowarki, w tym okr\u0119towe.<\/p>\n\n\t\t\t<\/div>\n\t\t<\/div>\n\t\t<\/details>\n\t\t\t\t<details\t\thelp class=\"sc_fs_faq sc_card    \"\n\t\t\t\t>\n\t\t\t\t\t<summary>\n\t\t\t\t<h3>Jakie trzeba posiada\u0107 wykszta\u0142cenie, aby podej\u015b\u0107 do szkolenia na konserwatora UDT?<\/h3>\t\t\t\t\t<\/summary>\n\t\t\t\t<div>\n\t\t\t\t\t\t<div class=\"sc_fs_faq__content\">\n\t\t\t\t\n\n<p>Wed\u0142ug aktualnych przepis\u00f3w prawnych, aby przyst\u0105pi\u0107 do szkolenia na konserwatora UDT, trzeba posiada\u0107 wykszta\u0142cenie przynajmniej podstawowe.<\/p>\n\n\t\t\t<\/div>\n\t\t<\/div>\n\t\t<\/details>\n\t\t\t\t<details\t\thelp class=\"sc_fs_faq sc_card    \"\n\t\t\t\t>\n\t\t\t\t\t<summary>\n\t\t\t\t<h3>Jak s\u0105 przeprowadzane zaj\u0119cia podczas szkolenia na konserwatora UDT?<\/h3>\t\t\t\t\t<\/summary>\n\t\t\t\t<div>\n\t\t\t\t\t\t<div class=\"sc_fs_faq__content\">\n\t\t\t\t\n\n<p>Zaj\u0119cia w naszym o\u015brodku na konserwatora UDT s\u0105 przeprowadzane w formie teoretycznej, a p\u00f3\u017aniej praktycznej pod okiem naszych specjalist\u00f3w.<\/p>\n\n\t\t\t<\/div>\n\t\t<\/div>\n\t\t<\/details>\n\t\t\t\t<details\t\thelp class=\"sc_fs_faq sc_card    \"\n\t\t\t\t>\n\t\t\t\t\t<summary>\n\t\t\t\t<h3>Czy zaw\u00f3d konserwatora jest po\u017c\u0105dany na dzisiejszym rynku pracy?<\/h3>\t\t\t\t\t<\/summary>\n\t\t\t\t<div>\n\t\t\t\t\t\t<div class=\"sc_fs_faq__content\">\n\t\t\t\t\n\n<p>Tak, zaw\u00f3d konserwatora jest obecnie\u00a0 bardzo po\u017c\u0105dany na dzisiejszym rynku pracy, dlatego\u00a0 pracodawcy ch\u0119tnie zatrudniaj\u0105 specjalist\u00f3w, a nawet wysy\u0142aj\u0105 swoich pracownik\u00f3w na szkolenia.<\/p>\n\n\t\t\t<\/div>\n\t\t<\/div>\n\t\t<\/details>\n\t\t\n<script type=\"application\/ld+json\">\n\t{\n\t\t\"@context\": \"https:\/\/schema.org\",\n\t\t\"@type\": \"FAQPage\",\n\t\t\"mainEntity\": [\n\t\t\t\t\t{\n\t\t\t\t\"@type\": \"Question\",\n\t\t\t\t\"name\": \"Czy w ofercie macie kurs konserwatora na \u0142adowark\u0119 okr\u0119tow\u0105?\",\n\t\t\t\t\"acceptedAnswer\": {\n\t\t\t\t\t\"@type\": \"Answer\",\n\t\t\t\t\t\"text\": \"<p>Tak, w swojej ofercie szkoleniowej posiadamy kursy konserwator\u00f3w na \u0142adowarki, w tym okr\u0119towe.<\/p>\"\n\t\t\t\t\t\t\t\t\t}\n\t\t\t}\n\t\t\t,\t\t\t\t{\n\t\t\t\t\"@type\": \"Question\",\n\t\t\t\t\"name\": \"Jakie trzeba posiada\u0107 wykszta\u0142cenie, aby podej\u015b\u0107 do szkolenia na konserwatora UDT?\",\n\t\t\t\t\"acceptedAnswer\": {\n\t\t\t\t\t\"@type\": \"Answer\",\n\t\t\t\t\t\"text\": \"<p>Wed\u0142ug aktualnych przepis\u00f3w prawnych, aby przyst\u0105pi\u0107 do szkolenia na konserwatora UDT, trzeba posiada\u0107 wykszta\u0142cenie przynajmniej podstawowe.<\/p>\"\n\t\t\t\t\t\t\t\t\t}\n\t\t\t}\n\t\t\t,\t\t\t\t{\n\t\t\t\t\"@type\": \"Question\",\n\t\t\t\t\"name\": \"Jak s\u0105 przeprowadzane zaj\u0119cia podczas szkolenia na konserwatora UDT?\",\n\t\t\t\t\"acceptedAnswer\": {\n\t\t\t\t\t\"@type\": \"Answer\",\n\t\t\t\t\t\"text\": \"<p>Zaj\u0119cia w naszym o\u015brodku na konserwatora UDT s\u0105 przeprowadzane w formie teoretycznej, a p\u00f3\u017aniej praktycznej pod okiem naszych specjalist\u00f3w.<\/p>\"\n\t\t\t\t\t\t\t\t\t}\n\t\t\t}\n\t\t\t,\t\t\t\t{\n\t\t\t\t\"@type\": \"Question\",\n\t\t\t\t\"name\": \"Czy zaw\u00f3d konserwatora jest po\u017c\u0105dany na dzisiejszym rynku pracy?\",\n\t\t\t\t\"acceptedAnswer\": {\n\t\t\t\t\t\"@type\": \"Answer\",\n\t\t\t\t\t\"text\": \"<p>Tak, zaw\u00f3d konserwatora jest obecnie\u00a0 bardzo po\u017c\u0105dany na dzisiejszym rynku pracy, dlatego\u00a0 pracodawcy ch\u0119tnie zatrudniaj\u0105 specjalist\u00f3w, a nawet wysy\u0142aj\u0105 swoich pracownik\u00f3w na szkolenia.<\/p>\"\n\t\t\t\t\t\t\t\t\t}\n\t\t\t}\n\t\t\t\t\t\t]\n\t}\n<\/script>\n","protected":false},"excerpt":{"rendered":"<p>Specjalizujemy si\u0119 w przeprowadzaniu szkole\u0144 operator\u00f3w, konserwator\u00f3w w dziedzinie maszyn zaliczaj\u0105cych si\u0119 do Urz\u0105dze\u0144 Transportu Bliskiego. Program szkolenia obejmuje szeroki zakres maszyn podlegaj\u0105cych pod UDT, takich jak wszelkie \u0142adowarki, w tym okr\u0119towe i przeno\u015bniki ta\u015bmowe podwieszone. Fachowo pomo\u017cemy Ci w zdobyciu nowych umiej\u0119tno\u015bci i kwalifikacji. Program szkolenia Program szkoleniowy jest zgodny z bie\u017c\u0105cymi normami, a tak\u017ce zatwierdzony przez Urz\u0105d Dozoru Technicznego. Zaj\u0119cia s\u0105 prowadzone w formie teoretycznej i praktycznej pod okiem naszych specjalist\u00f3w. Kurs konserwatora obejmuje przygotowanie urz\u0105dzenia elektrycznie i mechanicznie do zdania egzaminu przed komisj\u0105 powo\u0142an\u0105 przez Urz\u0105d Dozoru Technicznego. G\u0142\u00f3wne zagadnienia realizowane podczas szkolenia: wiedza og\u00f3lna urz\u0105dzenia, budowa urz\u0105dzenia i jego rodzaje, przyczyny i rodzaje usterek, przepisy BHP, dokumentacja techniczna, poznanie zasad eksploatacji i czyszczenia danego urz\u0105dzenia, obowi\u0105zki i uprawnienia, plany konserwacji, prace naprawcze. Po zako\u0144czonym szkoleniu i zdaniu egzaminu pa\u0144stwowego przed komisj\u0105 powo\u0142an\u0105 przez UDT z pozytywnym wynikiem kursant otrzymuje legitymacj\u0119 UDT konserwatora danego urz\u0105dzenia. Uprawnienia s\u0105 wydawane bezterminowo. Miejsce przeprowadzanych szkole\u0144 Nasze kursy s\u0105 prowadzone w naszym o\u015brodku szkoleniowym w Warszawie, a tak\u017ce mo\u017cemy przeprowadzi\u0107 szkolenie w ka\u017cdym innym mie\u015bcie wskazanym przez klienta. Posiadamy mobiln\u0105 ofert\u0119 szkoleniow\u0105 i nasza kadra szkoleniowc\u00f3w dojedzie pod wskazany adres przez klienta. Do kogo kierowane jest szkolenie? Szkolenia s\u0105 przeznaczone dla os\u00f3b chc\u0105cych zdoby\u0107 nowe kwalifikacje b\u0105d\u017a rozszerzy\u0107 swoje obecne umiej\u0119tno\u015bci. Szkolenie szczeg\u00f3lnie adresujemy do operator\u00f3w, mechanik\u00f3w, elektryk\u00f3w a tak\u017ce zdolnych technicznie os\u00f3b. Kurs konserwatora to \u015bwietna inwestycja w rozw\u00f3j dla os\u00f3b chc\u0105cych podwy\u017cszy\u0107 swoje zarobki w firmie b\u0105d\u017a pragn\u0105cych otworzy\u0107 w\u0142asn\u0105 dzia\u0142alno\u015b\u0107. Czym zajmuje si\u0119 konserwator? Zaw\u00f3d konserwatora UDT jest niezb\u0119dny do prowadzenia dziennika konserwacji [&hellip;]<\/p>\n","protected":false},"author":2,"featured_media":2615,"parent":1828,"menu_order":0,"comment_status":"closed","ping_status":"closed","template":"","meta":{"sfsi_plus_gutenberg_text_before_share":"","sfsi_plus_gutenberg_show_text_before_share":"","sfsi_plus_gutenberg_icon_type":"","sfsi_plus_gutenberg_icon_alignemt":"","sfsi_plus_gutenburg_max_per_row":"","footnotes":""},"class_list":["post-2612","page","type-page","status-publish","has-post-thumbnail","hentry","has_thumb"],"aioseo_notices":[],"_links":{"self":[{"href":"https:\/\/odk-ergon.pl\/en\/wp-json\/wp\/v2\/pages\/2612","targetHints":{"allow":["GET"]}}],"collection":[{"href":"https:\/\/odk-ergon.pl\/en\/wp-json\/wp\/v2\/pages"}],"about":[{"href":"https:\/\/odk-ergon.pl\/en\/wp-json\/wp\/v2\/types\/page"}],"author":[{"embeddable":true,"href":"https:\/\/odk-ergon.pl\/en\/wp-json\/wp\/v2\/users\/2"}],"replies":[{"embeddable":true,"href":"https:\/\/odk-ergon.pl\/en\/wp-json\/wp\/v2\/comments?post=2612"}],"version-history":[{"count":4,"href":"https:\/\/odk-ergon.pl\/en\/wp-json\/wp\/v2\/pages\/2612\/revisions"}],"predecessor-version":[{"id":2622,"href":"https:\/\/odk-ergon.pl\/en\/wp-json\/wp\/v2\/pages\/2612\/revisions\/2622"}],"up":[{"embeddable":true,"href":"https:\/\/odk-ergon.pl\/en\/wp-json\/wp\/v2\/pages\/1828"}],"wp:featuredmedia":[{"embeddable":true,"href":"https:\/\/odk-ergon.pl\/en\/wp-json\/wp\/v2\/media\/2615"}],"wp:attachment":[{"href":"https:\/\/odk-ergon.pl\/en\/wp-json\/wp\/v2\/media?parent=2612"}],"curies":[{"name":"wp","href":"https:\/\/api.w.org\/{rel}","templated":true}]}}