{"id":2625,"date":"2023-02-22T14:52:30","date_gmt":"2023-02-22T13:52:30","guid":{"rendered":"https:\/\/odk-ergon.pl\/?page_id=2625"},"modified":"2023-02-22T15:28:03","modified_gmt":"2023-02-22T14:28:03","slug":"excavator-operator","status":"publish","type":"page","link":"https:\/\/odk-ergon.pl\/en\/szkolenia\/uprawnienia-udt-tdt\/operator-koparki\/","title":{"rendered":"Excavator operator training"},"content":{"rendered":"<p>Specjalizujemy si\u0119 w przeprowadzaniu szkole\u0144 m.in. na operator\u00f3w koparki, \u0142adowarki i inne maszyny podlegaj\u0105ce pod UDT. Naszym g\u0142\u00f3wnym celem jest zdobycie przez kursanta, nowych umiej\u0119tno\u015bci oraz niezb\u0119dnej do wykonywania zawodu wiedzy. Profesjonalnie przygotowujemy nowych operator\u00f3w do pracy z urz\u0105dzeniem.<\/p>\r\n<p><a href=\"https:\/\/odk-ergon.pl\/wp-content\/uploads\/2023\/02\/hui.jpeg\"><img loading=\"lazy\" decoding=\"async\" class=\"aligncenter wp-image-2630\" src=\"https:\/\/odk-ergon.pl\/wp-content\/uploads\/2023\/02\/hui-300x200.jpeg\" alt=\"\" width=\"750\" height=\"500\" srcset=\"https:\/\/odk-ergon.pl\/wp-content\/uploads\/2023\/02\/hui-300x200.jpeg 300w, https:\/\/odk-ergon.pl\/wp-content\/uploads\/2023\/02\/hui-1024x683.jpeg 1024w, https:\/\/odk-ergon.pl\/wp-content\/uploads\/2023\/02\/hui-768x512.jpeg 768w, https:\/\/odk-ergon.pl\/wp-content\/uploads\/2023\/02\/hui-1536x1024.jpeg 1536w, https:\/\/odk-ergon.pl\/wp-content\/uploads\/2023\/02\/hui-18x12.jpeg 18w, https:\/\/odk-ergon.pl\/wp-content\/uploads\/2023\/02\/hui-624x416.jpeg 624w, https:\/\/odk-ergon.pl\/wp-content\/uploads\/2023\/02\/hui.jpeg 1600w\" sizes=\"auto, (max-width: 750px) 100vw, 750px\" \/><\/a><\/p>\r\n<h2><strong>Dlaczego warto posiada\u0107 uprawnienia na kopark\u0119 i koparko-\u0142adowark\u0119?<\/strong><\/h2>\r\n<p>Koparki klasy I i III to najcz\u0119\u015bciej wykorzystywane urz\u0105dzenia m.in. w budownictwie i przemy\u015ble. Swoje zastosowanie znajduj\u0105 w takich pracach jak budowa dr\u00f3g publicznych czy transport materia\u0142\u00f3w budowalnych. Zdobycie uprawnie\u0144 zdecydowanie podwy\u017cszy kwalifikacje pracownika, co mo\u017ce wi\u0105za\u0107 si\u0119 z atrakcyjnym wynagrodzeniem.<\/p>\r\n<p>Koparko-\u0142adowarki ciesz\u0105 si\u0119 popularno\u015bci\u0105 na rynku budowlanym, g\u00f3rniczym i drogowym, dzi\u0119ki konstrukcji opartej na ko\u0142owym podwoziu. Urz\u0105dzenie wyposa\u017cone jest w dwa niezale\u017cne od siebie uk\u0142ady, czyli uk\u0142ad koparkowy i \u0142adowarkowy. Umo\u017cliwia to prac\u0119 transportowe jak i wykopowe. Dodatkowym atutem maszyny jest mo\u017cliwo\u015b\u0107 zamontowania dodatkowego osprz\u0119tu roboczego, kt\u00f3ry zdecydowanie rozszerza jego funkcj\u0119.<\/p>\r\n<h2><strong>Jak wygl\u0105da proces szkolenia?<\/strong><\/h2>\r\n<p>Szkolenie jest przygotowane wed\u0142ug programu nauczania, przygotowanym przez Instytut Mechanizacji Budownictwa i G\u00f3rnictwa Skalnego. Kurs jest przeprowadzony w formie teoretycznej i praktycznej, co u\u0142atwi zdanie pozytywnie egzaminu pa\u0144stwowego przed komisj\u0105.<\/p>\r\n<p><strong><a href=\"https:\/\/odk-ergon.pl\/wp-content\/uploads\/2023\/02\/hvg.webp\"><img loading=\"lazy\" decoding=\"async\" class=\"alignright wp-image-2631\" src=\"https:\/\/odk-ergon.pl\/wp-content\/uploads\/2023\/02\/hvg-300x200.webp\" alt=\"koparka na placu manewrowym.\" width=\"350\" height=\"233\" srcset=\"https:\/\/odk-ergon.pl\/wp-content\/uploads\/2023\/02\/hvg-300x200.webp 300w, https:\/\/odk-ergon.pl\/wp-content\/uploads\/2023\/02\/hvg-1024x683.webp 1024w, https:\/\/odk-ergon.pl\/wp-content\/uploads\/2023\/02\/hvg-768x512.webp 768w, https:\/\/odk-ergon.pl\/wp-content\/uploads\/2023\/02\/hvg-1536x1024.webp 1536w, https:\/\/odk-ergon.pl\/wp-content\/uploads\/2023\/02\/hvg-18x12.webp 18w, https:\/\/odk-ergon.pl\/wp-content\/uploads\/2023\/02\/hvg-624x416.webp 624w, https:\/\/odk-ergon.pl\/wp-content\/uploads\/2023\/02\/hvg.webp 1600w\" sizes=\"auto, (max-width: 350px) 100vw, 350px\" \/><\/a>Cz\u0119\u015b\u0107 teoretyczna<\/strong> polega na zapoznaniu si\u0119 z podstawowymi sposobami eksploatacji. Uczestnik szkolenia pozna budow\u0119 sprz\u0119tu, zasady BHP i nauczy si\u0119 sporz\u0105dza\u0107 dokumentacj\u0119 techniczn\u0105.<\/p>\r\n<p><strong>Cz\u0119\u015b\u0107 praktyczna<\/strong> pozwoli kursantom na wykonywanie zada\u0144 z urz\u0105dzeniem pod okiem naszych specjalist\u00f3w. Przysz\u0142y operator zapozna si\u0119 ze specyfikacj\u0105 koparki i jej bezpiecznym u\u017cytkowaniem.<\/p>\r\n<p>Posiadamy szeroki zakres nowoczesnego sprz\u0119tu, na kt\u00f3rym s\u0105 wykonywane zadania i zapewniamy kursantom odzie\u017c ochronn\u0105.<\/p>\r\n<p>Plac manewrowy, na kt\u00f3rym s\u0105 wykonywane zaj\u0119cia praktyczne jest przystosowany do wykonywania wszystkich zada\u0144 z urz\u0105dzeniem.<\/p>\r\n<p>Po uko\u0144czonym szkoleniu kursant mo\u017ce podej\u015b\u0107 do egzaminu pa\u0144stwowego przed komisj\u0105.<\/p>\r\n<p>G\u0142\u00f3wne zaj\u0119cia przeprowadzane w czasie kursu to m.in.:<\/p>\r\n<ul>\r\n<li>prowadzenie dokumentacji technicznej<\/li>\r\n<li>bezpiecze\u0144stwo i higiena pracy<\/li>\r\n<li>podstawy elektrotechniki<\/li>\r\n<li>budowa koparki i jej zastosowanie<\/li>\r\n<li>elementy hydrauliki.<\/li>\r\n<\/ul>\r\n<h2><strong>Egzamin<\/strong><\/h2>\r\n<p>Po uko\u0144czonym szkoleniu, kursant mo\u017ce podej\u015b\u0107 do egzaminu pa\u0144stwowego przed komisj\u0105 IMBiGS. Egzamin jest podzielony na cz\u0119\u015b\u0107 praktyczna i teoretyczn\u0105 i wygl\u0105da podobnie jak na szkoleniu w naszym o\u015brodku. Pozytywny wynik egzaminu daje uprawnienia do wykonywania pracy jako operator koparki lub koparko-\u0142adowarki.<\/p>\r\n<h3><strong>Kurs umo\u017cliwia wykonywanie m.in.:<\/strong><\/h3>\r\n<ul>\r\n<li>pracy z koparkami r\u00f3\u017cnych rodzaj\u00f3w i typ\u00f3w<\/li>\r\n<li>organizacji pracy urz\u0105dzenia w r\u00f3\u017cnych warunkach atmosferycznych<\/li>\r\n<li>kontrolowania jako\u015bci wykonywanych prac<\/li>\r\n<li>wsp\u00f3\u0142pracy z zespo\u0142em ludzkim oraz kierownictwem przy organizacji prac<\/li>\r\n<li>wykonywaniu napraw i przegl\u0105d\u00f3w.<\/li>\r\n<\/ul>\r\n<h2><strong>Ile zarabia operator koparki?<\/strong><\/h2>\r\n<p><a href=\"https:\/\/odk-ergon.pl\/wp-content\/uploads\/2023\/02\/hbj.jpeg\"><img loading=\"lazy\" decoding=\"async\" class=\"alignright wp-image-2629\" src=\"https:\/\/odk-ergon.pl\/wp-content\/uploads\/2023\/02\/hbj-300x203.jpeg\" alt=\"grupa kursant\u00f3w w kaskach.\" width=\"370\" height=\"251\" srcset=\"https:\/\/odk-ergon.pl\/wp-content\/uploads\/2023\/02\/hbj-300x203.jpeg 300w, https:\/\/odk-ergon.pl\/wp-content\/uploads\/2023\/02\/hbj-1024x694.jpeg 1024w, https:\/\/odk-ergon.pl\/wp-content\/uploads\/2023\/02\/hbj-768x520.jpeg 768w, https:\/\/odk-ergon.pl\/wp-content\/uploads\/2023\/02\/hbj-1536x1041.jpeg 1536w, https:\/\/odk-ergon.pl\/wp-content\/uploads\/2023\/02\/hbj-18x12.jpeg 18w, https:\/\/odk-ergon.pl\/wp-content\/uploads\/2023\/02\/hbj-624x423.jpeg 624w, https:\/\/odk-ergon.pl\/wp-content\/uploads\/2023\/02\/hbj.jpeg 1600w\" sizes=\"auto, (max-width: 370px) 100vw, 370px\" \/><\/a>Wynagrodzenie operatora koparki jest zale\u017cne od kilku czynnik\u00f3w takich jak miejsce pracy i do\u015bwiadczenie na stanowisku. Na rok 2022 w Polsce \u015brednia wyp\u0142ata wynosi oko\u0142o 5 000 z\u0142 brutto, jednak do\u015bwiadczeni operatorzy mog\u0105 liczy\u0107 na pensj\u0119 przekraczaj\u0105c\u0105 nawet 6 500 z\u0142 brutto. Lepszym rozwi\u0105zaniem na zwi\u0119kszenie wynagrodzenia zdecydowanie b\u0119dzie posiadanie nowych kwalifikacji.<\/p>\r\n<p>Zarobki za granic\u0105 b\u0119d\u0105 znacznie wi\u0119ksze i na rok 2022 oscylowa\u0142y w granicy od 3 000 euro brutto do 4 000 euro brutto.<\/p>\r\n<h3><strong>Najwi\u0119ksi producenci koparek to m.in.:<\/strong><\/h3>\r\n<ul>\r\n<li>JCB<\/li>\r\n<li>Caterpillar<\/li>\r\n<li>Hitachi<\/li>\r\n<li>Komatsu<\/li>\r\n<li>Volvo<\/li>\r\n<\/ul>\r\n<h3><strong>Aby przyst\u0105pi\u0107 do szkolenia nale\u017cy spe\u0142ni\u0107 kilka warunk\u00f3w:<\/strong><\/h3>\r\n<ul>\r\n<li>uko\u0144czone 18 lat<\/li>\r\n<li>brak przeciwskaza\u0144 lekarskich<\/li>\r\n<li>Posiada\u0107 brawo jazdy kat. B, je\u017celi chcemy porusza\u0107 si\u0119 kopark\u0105 po drodze publicznej<\/li>\r\n<li>posiada\u0107 wykszta\u0142cenie przynajmniej podstawowe.<\/li>\r\n<\/ul>\r\n<p>Nasz o\u015brodek charakteryzuje si\u0119 bardzo wysok\u0105 zdawalno\u015bci\u0105 egzamin\u00f3w, zapraszamy do zapis\u00f3w!<\/p>\r\n<h3><strong>Inne szkolenia zawodowe:<\/strong><\/h3>\r\n<ul>\r\n<li>szkolenie operatora na koparko-\u0142adowark\u0119<\/li>\r\n<li>kurs na operatora w\u00f3zk\u00f3w wid\u0142owych<\/li>\r\n<li>szkolenie na prace kontrolno-pomiarowe<\/li>\r\n<li>szkolenia G1, G2 i G3.<\/li>\r\n<\/ul>\r\n<h2>Pytania i odpowiedzi<\/h2>\r\n\t\t<details\t\thelp class=\"sc_fs_faq sc_card    \"\n\t\t\t\t>\n\t\t\t\t\t<summary>\n\t\t\t\t<h3>Czy aby wzi\u0105\u0107 udzia\u0142 w szkoleniu musz\u0119 mie\u0107 wykszta\u0142cenie wy\u017csze?<\/h3>\t\t\t\t\t<\/summary>\n\t\t\t\t<div>\n\t\t\t\t\t\t<div class=\"sc_fs_faq__content\">\n\t\t\t\t\r\n\r\n\r\n<p>Do szkolenia mo\u017ce przyst\u0105pi\u0107 osoba z wykszta\u0142ceniem przynajmniej podstawowym.<\/p>\r\n\t\t\t<\/div>\n\t\t<\/div>\n\t\t<\/details>\n\t\t\t\t<details\t\thelp class=\"sc_fs_faq sc_card    \"\n\t\t\t\t>\n\t\t\t\t\t<summary>\n\t\t\t\t<h3>Czy podczas szkolenia zapoznam si\u0119 z hydraulik\u0105 urz\u0105dzenia?<\/h3>\t\t\t\t\t<\/summary>\n\t\t\t\t<div>\n\t\t\t\t\t\t<div class=\"sc_fs_faq__content\">\n\t\t\t\t\r\n\r\n\r\n<p>Tak, w naszym o\u015brodku przeprowadzamy m.in. zaj\u0119cia z elementami hydrauliki koparek.<\/p>\r\n\t\t\t<\/div>\n\t\t<\/div>\n\t\t<\/details>\n\t\t\n<script type=\"application\/ld+json\">\n\t{\n\t\t\"@context\": \"https:\/\/schema.org\",\n\t\t\"@type\": \"FAQPage\",\n\t\t\"mainEntity\": [\n\t\t\t\t\t{\n\t\t\t\t\"@type\": \"Question\",\n\t\t\t\t\"name\": \"Czy aby wzi\u0105\u0107 udzia\u0142 w szkoleniu musz\u0119 mie\u0107 wykszta\u0142cenie wy\u017csze?\",\n\t\t\t\t\"acceptedAnswer\": {\n\t\t\t\t\t\"@type\": \"Answer\",\n\t\t\t\t\t\"text\": \"<p>Do szkolenia mo\u017ce przyst\u0105pi\u0107 osoba z wykszta\u0142ceniem przynajmniej podstawowym.<\/p>\"\n\t\t\t\t\t\t\t\t\t}\n\t\t\t}\n\t\t\t,\t\t\t\t{\n\t\t\t\t\"@type\": \"Question\",\n\t\t\t\t\"name\": \"Czy podczas szkolenia zapoznam si\u0119 z hydraulik\u0105 urz\u0105dzenia?\",\n\t\t\t\t\"acceptedAnswer\": {\n\t\t\t\t\t\"@type\": \"Answer\",\n\t\t\t\t\t\"text\": \"<p>Tak, w naszym o\u015brodku przeprowadzamy m.in. zaj\u0119cia z elementami hydrauliki koparek.<\/p>\"\n\t\t\t\t\t\t\t\t\t}\n\t\t\t}\n\t\t\t\t\t\t]\n\t}\n<\/script>\n","protected":false},"excerpt":{"rendered":"<p>Specjalizujemy si\u0119 w przeprowadzaniu szkole\u0144 m.in. na operator\u00f3w koparki, \u0142adowarki i inne maszyny podlegaj\u0105ce pod UDT. Naszym g\u0142\u00f3wnym celem jest zdobycie przez kursanta, nowych umiej\u0119tno\u015bci oraz niezb\u0119dnej do wykonywania zawodu wiedzy. Profesjonalnie przygotowujemy nowych operator\u00f3w do pracy z urz\u0105dzeniem. Dlaczego warto posiada\u0107 uprawnienia na kopark\u0119 i koparko-\u0142adowark\u0119? Koparki klasy I i III to najcz\u0119\u015bciej wykorzystywane urz\u0105dzenia m.in. w budownictwie i przemy\u015ble. Swoje zastosowanie znajduj\u0105 w takich pracach jak budowa dr\u00f3g publicznych czy transport materia\u0142\u00f3w budowalnych. Zdobycie uprawnie\u0144 zdecydowanie podwy\u017cszy kwalifikacje pracownika, co mo\u017ce wi\u0105za\u0107 si\u0119 z atrakcyjnym wynagrodzeniem. Koparko-\u0142adowarki ciesz\u0105 si\u0119 popularno\u015bci\u0105 na rynku budowlanym, g\u00f3rniczym i drogowym, dzi\u0119ki konstrukcji opartej na ko\u0142owym podwoziu. Urz\u0105dzenie wyposa\u017cone jest w dwa niezale\u017cne od siebie uk\u0142ady, czyli uk\u0142ad koparkowy i \u0142adowarkowy. Umo\u017cliwia to prac\u0119 transportowe jak i wykopowe. Dodatkowym atutem maszyny jest mo\u017cliwo\u015b\u0107 zamontowania dodatkowego osprz\u0119tu roboczego, kt\u00f3ry zdecydowanie rozszerza jego funkcj\u0119. Jak wygl\u0105da proces szkolenia? Szkolenie jest przygotowane wed\u0142ug programu nauczania, przygotowanym przez Instytut Mechanizacji Budownictwa i G\u00f3rnictwa Skalnego. Kurs jest przeprowadzony w formie teoretycznej i praktycznej, co u\u0142atwi zdanie pozytywnie egzaminu pa\u0144stwowego przed komisj\u0105. Cz\u0119\u015b\u0107 teoretyczna polega na zapoznaniu si\u0119 z podstawowymi sposobami eksploatacji. Uczestnik szkolenia pozna budow\u0119 sprz\u0119tu, zasady BHP i nauczy si\u0119 sporz\u0105dza\u0107 dokumentacj\u0119 techniczn\u0105. Cz\u0119\u015b\u0107 praktyczna pozwoli kursantom na wykonywanie zada\u0144 z urz\u0105dzeniem pod okiem naszych specjalist\u00f3w. Przysz\u0142y operator zapozna si\u0119 ze specyfikacj\u0105 koparki i jej bezpiecznym u\u017cytkowaniem. Posiadamy szeroki zakres nowoczesnego sprz\u0119tu, na kt\u00f3rym s\u0105 wykonywane zadania i zapewniamy kursantom odzie\u017c ochronn\u0105. Plac manewrowy, na kt\u00f3rym s\u0105 wykonywane zaj\u0119cia praktyczne jest przystosowany do wykonywania wszystkich zada\u0144 z urz\u0105dzeniem. Po uko\u0144czonym szkoleniu kursant [&hellip;]<\/p>\n","protected":false},"author":2,"featured_media":2630,"parent":1828,"menu_order":0,"comment_status":"closed","ping_status":"closed","template":"","meta":{"sfsi_plus_gutenberg_text_before_share":"","sfsi_plus_gutenberg_show_text_before_share":"","sfsi_plus_gutenberg_icon_type":"","sfsi_plus_gutenberg_icon_alignemt":"","sfsi_plus_gutenburg_max_per_row":"","footnotes":""},"class_list":["post-2625","page","type-page","status-publish","has-post-thumbnail","hentry","has_thumb"],"aioseo_notices":[],"_links":{"self":[{"href":"https:\/\/odk-ergon.pl\/en\/wp-json\/wp\/v2\/pages\/2625","targetHints":{"allow":["GET"]}}],"collection":[{"href":"https:\/\/odk-ergon.pl\/en\/wp-json\/wp\/v2\/pages"}],"about":[{"href":"https:\/\/odk-ergon.pl\/en\/wp-json\/wp\/v2\/types\/page"}],"author":[{"embeddable":true,"href":"https:\/\/odk-ergon.pl\/en\/wp-json\/wp\/v2\/users\/2"}],"replies":[{"embeddable":true,"href":"https:\/\/odk-ergon.pl\/en\/wp-json\/wp\/v2\/comments?post=2625"}],"version-history":[{"count":4,"href":"https:\/\/odk-ergon.pl\/en\/wp-json\/wp\/v2\/pages\/2625\/revisions"}],"predecessor-version":[{"id":2633,"href":"https:\/\/odk-ergon.pl\/en\/wp-json\/wp\/v2\/pages\/2625\/revisions\/2633"}],"up":[{"embeddable":true,"href":"https:\/\/odk-ergon.pl\/en\/wp-json\/wp\/v2\/pages\/1828"}],"wp:featuredmedia":[{"embeddable":true,"href":"https:\/\/odk-ergon.pl\/en\/wp-json\/wp\/v2\/media\/2630"}],"wp:attachment":[{"href":"https:\/\/odk-ergon.pl\/en\/wp-json\/wp\/v2\/media?parent=2625"}],"curies":[{"name":"wp","href":"https:\/\/api.w.org\/{rel}","templated":true}]}}