{"id":2670,"date":"2023-03-26T20:53:20","date_gmt":"2023-03-26T18:53:20","guid":{"rendered":"https:\/\/odk-ergon.pl\/?page_id=2670"},"modified":"2023-03-26T20:53:33","modified_gmt":"2023-03-26T18:53:33","slug":"on-board-crane-operators-and-maintainers","status":"publish","type":"page","link":"https:\/\/odk-ergon.pl\/en\/szkolenia\/uprawnienia-udt-tdt\/operatorow-i-konserwatorow-zurawi-pokladowych\/","title":{"rendered":"UDT certification for deck crane operators and maintainers\u00a0"},"content":{"rendered":"\n<h2 class=\"wp-block-heading\">Cel szkolenia<\/h2>\n\n\n\n<p>Za cel naszego szkolenia obrali\u015bmy przeszkolenie kursant\u00f3w w spos\u00f3b sprawny \u2013 z wysok\u0105 efektywno\u015bci\u0105 nauczania. Zostaniesz zapoznany z opracowanym przez nas programem szkoleniowym, gdzie zg\u0142\u0119bisz podstawowe informacje o \u017curawiach pok\u0142adowych, jak je bezpiecznie eksploatowa\u0107, jak przeprowadza\u0107 przegl\u0105dy i prowadzi\u0107 ksi\u0119g\u0119 konserwatora. Po uko\u0144czeniu kursu b\u0119dziemy asystowa\u0107 podczas Twojego egzaminu UDT. &nbsp;<\/p>\n\n\n\n<h2 class=\"wp-block-heading\">Przebieg szkolenia<\/h2>\n\n\n\n<p>Opracowane przez nas kursy dziel\u0105 zakres szkolenia na cz\u0119\u015b\u0107 teoretyczn\u0105 i cz\u0119\u015b\u0107 praktyczn\u0105. W ci\u0105gu trwania szkolenia b\u0119dziesz mie\u0107 dost\u0119p do wszelkich maszyn i urz\u0105dze\u0144 z naszego zasobu. W czasie zaj\u0119\u0107 zapoznasz si\u0119 z:&nbsp;<\/p>\n\n\n\n<ul class=\"wp-block-list\">\n<li>obowi\u0105zuj\u0105cymi zasadami BHP,&nbsp;<\/li>\n\n\n\n<li>konstrukcj\u0105 \u017curawia pok\u0142adowego,&nbsp;<\/li>\n\n\n\n<li>przeprowadzaniem przegl\u0105d\u00f3w,&nbsp;<\/li>\n\n\n\n<li>prowadzeniem ksi\u0119gi konserwatora,&nbsp;<\/li>\n\n\n\n<li>bezpiecznym eksploatowaniem \u017curawia pok\u0142adowego.&nbsp;<\/li>\n<\/ul>\n\n\n\n<h2 class=\"wp-block-heading\"><strong>Egzamin na operatora i konserwatora \u017curawi pok\u0142adowych<\/strong><\/h2>\n\n\n<div class=\"wp-block-image\">\n<figure class=\"alignleft size-large is-resized\"><a href=\"https:\/\/odk-ergon.pl\/wp-content\/uploads\/2023\/02\/palubnij_kran12.jpg\"><img loading=\"lazy\" decoding=\"async\" src=\"https:\/\/odk-ergon.pl\/wp-content\/uploads\/2023\/02\/palubnij_kran12-1024x746.jpg\" alt=\"instruktor prowadz\u0105cy wyk\u0142ad dla kursant\u00f3w\" class=\"wp-image-2672\" width=\"512\" height=\"373\" srcset=\"https:\/\/odk-ergon.pl\/wp-content\/uploads\/2023\/02\/palubnij_kran12-1024x746.jpg 1024w, https:\/\/odk-ergon.pl\/wp-content\/uploads\/2023\/02\/palubnij_kran12-300x218.jpg 300w, https:\/\/odk-ergon.pl\/wp-content\/uploads\/2023\/02\/palubnij_kran12-768x559.jpg 768w, https:\/\/odk-ergon.pl\/wp-content\/uploads\/2023\/02\/palubnij_kran12-16x12.jpg 16w, https:\/\/odk-ergon.pl\/wp-content\/uploads\/2023\/02\/palubnij_kran12-624x454.jpg 624w, https:\/\/odk-ergon.pl\/wp-content\/uploads\/2023\/02\/palubnij_kran12.jpg 1214w\" sizes=\"auto, (max-width: 512px) 100vw, 512px\" \/><\/a><\/figure>\n<\/div>\n\n\n<p>Pa\u0144stwowy egzamin organizowany przez Urz\u0105d Dozoru Technicznego dzieli si\u0119 na dwie cz\u0119\u015bci: teoretyczn\u0105 i praktyczn\u0105. W cz\u0119\u015bci teoretycznej nale\u017cy rozwi\u0105za\u0107 test, z\u0142o\u017cony z 15 pyta\u0144 zamkni\u0119tych. Wykazuje si\u0119 tu znajomo\u015b\u0107 budowy maszyny, zasad BHP oraz prowadzenia dokumentacji technicznej. Praktyka to wykonywanie zleconych zada\u0144 na placu manewrowym. Nale\u017cy wykaza\u0107 zdolno\u015bci manualne w bezpiecznym kierowaniu urz\u0105dzeniem. Nad ca\u0142o\u015bci\u0105 czuwa komisja z\u0142o\u017cona z pracownik\u00f3w UDT.&nbsp;<\/p>\n\n\n\n<h2 class=\"wp-block-heading\"><strong>Wydawanie uprawnie\u0144 UDT<\/strong><\/h2>\n\n\n\n<p>Zaliczenie obu cz\u0119\u015bci egzaminu pa\u0144stwowego, gwarantuje otrzymanie uprawnie\u0144 UDT. Wystawiane s\u0105 one na okres od 3-5 lat w przypadku \u017curawi pok\u0142adowych. Nale\u017cy je regularnie odnawia\u0107 \u2013 na 3 miesi\u0105ce przed wyga\u015bni\u0119ciem daty wa\u017cno\u015bci na dokumencie. Certyfikaty UDT s\u0105 honorowane w obr\u0119bie ca\u0142ej Unii Europejskiej.&nbsp;<\/p>\n\n\n\n<h2 class=\"wp-block-heading\"><strong>Uwarunkowania dla kursant\u00f3w<\/strong><\/h2>\n\n\n\n<p>Przyszli operatorzy\/konserwatorzy musz\u0105 spe\u0142ni\u0107 szereg wymaga\u0144 by m\u00f3c przyst\u0105pi\u0107 do szkolenia i egzaminu. Zasady te s\u0105 narzucone przez UDT.&nbsp;<\/p>\n\n\n\n<ul class=\"wp-block-list\">\n<li>nale\u017cy by\u0107 pe\u0142noletnim,&nbsp;<\/li>\n\n\n\n<li>nale\u017cy mie\u0107 wa\u017cne badania lekarza medycyny pracy,&nbsp;<\/li>\n\n\n\n<li>nale\u017cy uko\u0144czy\u0107 podstawow\u0105 edukacj\u0119,&nbsp;<\/li>\n\n\n\n<li>warto posiada\u0107 uprawnienia na prace wysoko\u015bciowe.&nbsp;<\/li>\n<\/ul>\n\n\n\n<h2 class=\"wp-block-heading\">Wynagrodzenie operator\u00f3w i konserwator\u00f3w \u017curawi pok\u0142adowych<\/h2>\n\n\n\n<p>Zarobki operator\u00f3w\/konserwator\u00f3w \u017curawi pok\u0142adowych \u015bci\u015ble zwi\u0105zane s\u0105 z do\u015bwiadczeniem operator\u00f3w. Nowicjusze w bran\u017cy mog\u0105 liczy\u0107 na zarobki z szeregu 3-4 tysi\u0119cy z\u0142otych brutto. Natomiast fachowcy z do\u015bwiadczeniem i umiej\u0119tno\u015bciami znajd\u0105 oferty o medianie zarobk\u00f3w 5-6 tysi\u0119cy z\u0142otych brutto. Praca za granic\u0105 oferuje znacznie lepsze wynagrodzenie \u2013 kilkukrotnie wy\u017csze ni\u017c w Polsce. Korzystaj\u0105c z tego, \u017ce certyfikaty UDT s\u0105 wa\u017cne na terenie Unii Europejskiej wielu operator\u00f3w\/konserwator\u00f3w wyje\u017cd\u017ca w poszukiwaniu pracy.&nbsp;<\/p>\n\n\n\n<h2 class=\"wp-block-heading\">Gdzie prowadzimy szkolenia?<\/h2>\n\n\n<div class=\"wp-block-image\">\n<figure class=\"alignleft size-full is-resized\"><a href=\"https:\/\/odk-ergon.pl\/wp-content\/uploads\/2023\/02\/207.jpg\"><img loading=\"lazy\" decoding=\"async\" src=\"https:\/\/odk-ergon.pl\/wp-content\/uploads\/2023\/02\/207.jpg\" alt=\"konserwator \u017curawia pok\u0142adowego podczas przegl\u0105du\" class=\"wp-image-2673\" width=\"384\" height=\"302\" srcset=\"https:\/\/odk-ergon.pl\/wp-content\/uploads\/2023\/02\/207.jpg 768w, https:\/\/odk-ergon.pl\/wp-content\/uploads\/2023\/02\/207-300x236.jpg 300w, https:\/\/odk-ergon.pl\/wp-content\/uploads\/2023\/02\/207-15x12.jpg 15w, https:\/\/odk-ergon.pl\/wp-content\/uploads\/2023\/02\/207-624x490.jpg 624w\" sizes=\"auto, (max-width: 384px) 100vw, 384px\" \/><\/a><\/figure>\n<\/div>\n\n\n<p>Wszelkie szkolenia przeprowadzone s\u0105 w naszym o\u015brodku w Warszawie, jednak wychodz\u0105c naprzeciw oczekiwaniom klient\u00f3w uruchomili\u015bmy r\u00f3wnie\u017c us\u0142ug\u0119 przeprowadzania kurs\u00f3w na terenie ca\u0142ej Polski \u2013 zgodnie z \u017cyczeniem klienta. Mo\u017cemy zorganizowa\u0107 szkolenia jednoosobowe lub dla grup.&nbsp;<\/p>\n\n\n\n<h2 class=\"wp-block-heading\">Zapoznaj si\u0119 z ofert\u0105 naszych pozosta\u0142ych kurs\u00f3w:<\/h2>\n\n\n\n<ul class=\"wp-block-list\">\n<li>szkolenia z zakresu UDT,&nbsp;<\/li>\n\n\n\n<li>konserwacje Urz\u0105dze\u0144 Transportu Bliskiego,&nbsp;<\/li>\n\n\n\n<li>konserwator urz\u0105dze\u0144 dla os\u00f3b niepe\u0142nosprawnych,&nbsp;<\/li>\n\n\n\n<li>operator maszyn budowlanych,&nbsp;<\/li>\n\n\n\n<li>operatora w\u00f3zk\u00f3w wid\u0142owych,&nbsp;<\/li>\n\n\n\n<li>operator podest\u00f3w ruchomych,&nbsp;<\/li>\n\n\n\n<li>monta\u017cysta po\u0142\u0105cze\u0144 ko\u0142nierzowych,&nbsp;<\/li>\n\n\n\n<li>w\u00f3zki wid\u0142owe \u2013 zdob\u0105d\u017a kwalifikacje na operatora,&nbsp;<\/li>\n\n\n\n<li>TDT uprawnienia,&nbsp;<\/li>\n\n\n\n<li>UNO \u2013 wykorzystanie, zagro\u017cenia i uprawnienia TDT,&nbsp;<\/li>\n\n\n\n<li>konserwator urz\u0105dze\u0144 UDT,&nbsp;<\/li>\n\n\n\n<li>konserwator podno\u015bnik\u00f3w koszowych,&nbsp;<\/li>\n\n\n\n<li>operator podest\u00f3w ruchomych masztowych,&nbsp;<\/li>\n\n\n\n<li>operator podest\u00f3w ruchomych,&nbsp;<\/li>\n\n\n\n<li>operator podest\u00f3w ruchomych wisz\u0105cych,&nbsp;<\/li>\n\n\n\n<li>operator podno\u015bnik\u00f3w koszowych,&nbsp;<\/li>\n\n\n\n<li>operator \u0142adowarek teleskopowych,&nbsp;<\/li>\n\n\n\n<li>operator wyci\u0105g\u00f3w towarowych,&nbsp;<\/li>\n\n\n\n<li>operator suwnicy,&nbsp;<\/li>\n\n\n\n<li>obs\u0142uga i konserwacja urz\u0105dze\u0144 wy\u0142adowczych i za\u0142adowczych,&nbsp;<\/li>\n\n\n\n<li>operator \u017curawi,&nbsp;<\/li>\n\n\n\n<li>operator podno\u015bnik\u00f3w no\u017cycowych wolnobie\u017cnych,&nbsp;<\/li>\n\n\n\n<li>operator podest\u00f3w ruchomych,&nbsp;<\/li>\n\n\n\n<li>uprawnienia UDT\/TDT\/WDT,&nbsp;<\/li>\n\n\n\n<li>obs\u0142uga urz\u0105dze\u0144 ci\u015bnieniowych.&nbsp;<\/li>\n<\/ul>\n\n\n\n<h2 class=\"wp-block-heading\">Pytania i odpowiedzi<\/h2>\n\n\n\t\t<details\t\thelp class=\"sc_fs_faq sc_card    \"\n\t\topen\t\t>\n\t\t\t\t\t<summary>\n\t\t\t\t<h3>Jaka jest wa\u017cno\u015b\u0107 certyfikat\u00f3w UDT po kursie operator\u00f3w\/konserwator\u00f3w \u017curawi pok\u0142adowych? <\/h3>\t\t\t\t\t<\/summary>\n\t\t\t\t<div>\n\t\t\t\t\t\t<div class=\"sc_fs_faq__content\">\n\t\t\t\t\n\n<p>Certyfikaty UDT z bran\u017cy operator\u00f3w\/konserwator\u00f3w \u017curawi pok\u0142adowych wystawiane s\u0105 na okres 3\u20135 lat.&nbsp;<\/p>\n\n\t\t\t<\/div>\n\t\t<\/div>\n\t\t<\/details>\n\t\t\t\t<details\t\thelp class=\"sc_fs_faq sc_card    \"\n\t\t\t\t>\n\t\t\t\t\t<summary>\n\t\t\t\t<h3>Kiedy nale\u017cy odnawia\u0107 certyfikaty UDT? <\/h3>\t\t\t\t\t<\/summary>\n\t\t\t\t<div>\n\t\t\t\t\t\t<div class=\"sc_fs_faq__content\">\n\t\t\t\t\n\n<p>Ka\u017cdy certyfikat nale\u017cy zg\u0142osi\u0107 do odnowienia na 3 miesi\u0105ce przed dat\u0105 wyga\u015bni\u0119cia, wpisan\u0105 w dokumencie.&nbsp;<\/p>\n\n\t\t\t<\/div>\n\t\t<\/div>\n\t\t<\/details>\n\t\t\n<script type=\"application\/ld+json\">\n\t{\n\t\t\"@context\": \"https:\/\/schema.org\",\n\t\t\"@type\": \"FAQPage\",\n\t\t\"mainEntity\": [\n\t\t\t\t\t{\n\t\t\t\t\"@type\": \"Question\",\n\t\t\t\t\"name\": \"Jaka jest wa\u017cno\u015b\u0107 certyfikat\u00f3w UDT po kursie operator\u00f3w\/konserwator\u00f3w \u017curawi pok\u0142adowych? \",\n\t\t\t\t\"acceptedAnswer\": {\n\t\t\t\t\t\"@type\": \"Answer\",\n\t\t\t\t\t\"text\": \"<p>Certyfikaty UDT z bran\u017cy operator\u00f3w\/konserwator\u00f3w \u017curawi pok\u0142adowych wystawiane s\u0105 na okres 3\u20135 lat.&nbsp;<\/p>\"\n\t\t\t\t\t\t\t\t\t}\n\t\t\t}\n\t\t\t,\t\t\t\t{\n\t\t\t\t\"@type\": \"Question\",\n\t\t\t\t\"name\": \"Kiedy nale\u017cy odnawia\u0107 certyfikaty UDT? \",\n\t\t\t\t\"acceptedAnswer\": {\n\t\t\t\t\t\"@type\": \"Answer\",\n\t\t\t\t\t\"text\": \"<p>Ka\u017cdy certyfikat nale\u017cy zg\u0142osi\u0107 do odnowienia na 3 miesi\u0105ce przed dat\u0105 wyga\u015bni\u0119cia, wpisan\u0105 w dokumencie.&nbsp;<\/p>\"\n\t\t\t\t\t\t\t\t\t}\n\t\t\t}\n\t\t\t\t\t\t]\n\t}\n<\/script>\n","protected":false},"excerpt":{"rendered":"<p>Cel szkolenia Za cel naszego szkolenia obrali\u015bmy przeszkolenie kursant\u00f3w w spos\u00f3b sprawny \u2013 z wysok\u0105 efektywno\u015bci\u0105 nauczania. Zostaniesz zapoznany z opracowanym przez nas programem szkoleniowym, gdzie zg\u0142\u0119bisz podstawowe informacje o \u017curawiach pok\u0142adowych, jak je bezpiecznie eksploatowa\u0107, jak przeprowadza\u0107 przegl\u0105dy i prowadzi\u0107 ksi\u0119g\u0119 konserwatora. Po uko\u0144czeniu kursu b\u0119dziemy asystowa\u0107 podczas Twojego egzaminu UDT. &nbsp; Przebieg szkolenia Opracowane przez nas kursy dziel\u0105 zakres szkolenia na cz\u0119\u015b\u0107 teoretyczn\u0105 i cz\u0119\u015b\u0107 praktyczn\u0105. W ci\u0105gu trwania szkolenia b\u0119dziesz mie\u0107 dost\u0119p do wszelkich maszyn i urz\u0105dze\u0144 z naszego zasobu. W czasie zaj\u0119\u0107 zapoznasz si\u0119 z:&nbsp; Egzamin na operatora i konserwatora \u017curawi pok\u0142adowych Pa\u0144stwowy egzamin organizowany przez Urz\u0105d Dozoru Technicznego dzieli si\u0119 na dwie cz\u0119\u015bci: teoretyczn\u0105 i praktyczn\u0105. W cz\u0119\u015bci teoretycznej nale\u017cy rozwi\u0105za\u0107 test, z\u0142o\u017cony z 15 pyta\u0144 zamkni\u0119tych. Wykazuje si\u0119 tu znajomo\u015b\u0107 budowy maszyny, zasad BHP oraz prowadzenia dokumentacji technicznej. Praktyka to wykonywanie zleconych zada\u0144 na placu manewrowym. Nale\u017cy wykaza\u0107 zdolno\u015bci manualne w bezpiecznym kierowaniu urz\u0105dzeniem. Nad ca\u0142o\u015bci\u0105 czuwa komisja z\u0142o\u017cona z pracownik\u00f3w UDT.&nbsp; Wydawanie uprawnie\u0144 UDT Zaliczenie obu cz\u0119\u015bci egzaminu pa\u0144stwowego, gwarantuje otrzymanie uprawnie\u0144 UDT. Wystawiane s\u0105 one na okres od 3-5 lat w przypadku \u017curawi pok\u0142adowych. Nale\u017cy je regularnie odnawia\u0107 \u2013 na 3 miesi\u0105ce przed wyga\u015bni\u0119ciem daty wa\u017cno\u015bci na dokumencie. Certyfikaty UDT s\u0105 honorowane w obr\u0119bie ca\u0142ej Unii Europejskiej.&nbsp; Uwarunkowania dla kursant\u00f3w Przyszli operatorzy\/konserwatorzy musz\u0105 spe\u0142ni\u0107 szereg wymaga\u0144 by m\u00f3c przyst\u0105pi\u0107 do szkolenia i egzaminu. Zasady te s\u0105 narzucone przez UDT.&nbsp; Wynagrodzenie operator\u00f3w i konserwator\u00f3w \u017curawi pok\u0142adowych Zarobki operator\u00f3w\/konserwator\u00f3w \u017curawi pok\u0142adowych \u015bci\u015ble zwi\u0105zane s\u0105 z do\u015bwiadczeniem operator\u00f3w. Nowicjusze w bran\u017cy mog\u0105 liczy\u0107 na zarobki z szeregu 3-4 tysi\u0119cy z\u0142otych [&hellip;]<\/p>\n","protected":false},"author":1,"featured_media":2671,"parent":1828,"menu_order":0,"comment_status":"closed","ping_status":"closed","template":"","meta":{"sfsi_plus_gutenberg_text_before_share":"","sfsi_plus_gutenberg_show_text_before_share":"","sfsi_plus_gutenberg_icon_type":"","sfsi_plus_gutenberg_icon_alignemt":"","sfsi_plus_gutenburg_max_per_row":"","footnotes":""},"class_list":["post-2670","page","type-page","status-publish","has-post-thumbnail","hentry","has_thumb"],"aioseo_notices":[],"_links":{"self":[{"href":"https:\/\/odk-ergon.pl\/en\/wp-json\/wp\/v2\/pages\/2670","targetHints":{"allow":["GET"]}}],"collection":[{"href":"https:\/\/odk-ergon.pl\/en\/wp-json\/wp\/v2\/pages"}],"about":[{"href":"https:\/\/odk-ergon.pl\/en\/wp-json\/wp\/v2\/types\/page"}],"author":[{"embeddable":true,"href":"https:\/\/odk-ergon.pl\/en\/wp-json\/wp\/v2\/users\/1"}],"replies":[{"embeddable":true,"href":"https:\/\/odk-ergon.pl\/en\/wp-json\/wp\/v2\/comments?post=2670"}],"version-history":[{"count":6,"href":"https:\/\/odk-ergon.pl\/en\/wp-json\/wp\/v2\/pages\/2670\/revisions"}],"predecessor-version":[{"id":3277,"href":"https:\/\/odk-ergon.pl\/en\/wp-json\/wp\/v2\/pages\/2670\/revisions\/3277"}],"up":[{"embeddable":true,"href":"https:\/\/odk-ergon.pl\/en\/wp-json\/wp\/v2\/pages\/1828"}],"wp:featuredmedia":[{"embeddable":true,"href":"https:\/\/odk-ergon.pl\/en\/wp-json\/wp\/v2\/media\/2671"}],"wp:attachment":[{"href":"https:\/\/odk-ergon.pl\/en\/wp-json\/wp\/v2\/media?parent=2670"}],"curies":[{"name":"wp","href":"https:\/\/api.w.org\/{rel}","templated":true}]}}