{"id":2703,"date":"2023-03-24T15:44:40","date_gmt":"2023-03-24T14:44:40","guid":{"rendered":"https:\/\/odk-ergon.pl\/?page_id=2703"},"modified":"2023-03-24T23:39:59","modified_gmt":"2023-03-24T22:39:59","slug":"maintenance-operator-floating-crane","status":"publish","type":"page","link":"https:\/\/odk-ergon.pl\/en\/szkolenia\/uprawnienia-udt-tdt\/konserwator-operator-zurawi-plywajacych\/","title":{"rendered":"Course for UDT certification as a maintainer and operator of floating cranes"},"content":{"rendered":"\n<h2 class=\"wp-block-heading\">Czym jest \u017curaw p\u0142ywaj\u0105cy?&nbsp;<\/h2>\n\n\n\n<p>\u017buraw p\u0142ywaj\u0105cy (pot. d\u017awig p\u0142ywaj\u0105cy) \u2013 to specjalistyczna jednostka p\u0142ywaj\u0105ca, kt\u00f3ra wyposa\u017cona jest w \u017curaw zamocowany na stalowym pontonie p\u0142ywaj\u0105cym. Urz\u0105dzenia te znajduj\u0105 zastosowanie m.in. przy pracach na otwartym morzu, w stoczniach czy portach, a tak\u017ce miejscach, gdzie praca \u017curawi portowych b\u0105d\u017a stoczniowych jest utrudniona lub ca\u0142kowicie niemo\u017cliwa. D\u017awigi p\u0142ywaj\u0105ce mog\u0105 posiada\u0107 sw\u00f3j w\u0142asny nap\u0119d (co jest rozwi\u0105zaniem znacznie cz\u0119stszym) lub go nie posiada\u0107. W przypadku \u017curawi, kt\u00f3re nie maj\u0105 nap\u0119du, do ich przemieszczania potrzebne s\u0105 pchacze lub holowniki.&nbsp;<\/p>\n\n\n\n<h2 class=\"wp-block-heading\">Podzia\u0142 \u017curawi p\u0142ywaj\u0105cych&nbsp;<\/h2>\n\n\n\n<p>D\u017awigi p\u0142ywaj\u0105ce mo\u017cemy podzieli\u0107 na dwa podstawowe rodzaje:&nbsp;<\/p>\n\n\n\n<ul class=\"wp-block-list\">\n<li><strong>d\u017awig z ramieniem obrotowym<\/strong> \u2013 w tym przypadku urz\u0105dzenie d\u017awigowe zazwyczaj mo\u017ce obraca\u0107 si\u0119 o 360 stopni i osadzone jest na wale. Po obrocie ramienia d\u017awigi s\u0105 w stanie po\u0142o\u017cy\u0107 oraz przetransportowa\u0107 \u0142adunek na pok\u0142ad \u0142adunkowy, w kt\u00f3ry zazwyczaj s\u0105 one wyposa\u017cone. D\u017awigi z ramieniem obrotowym s\u0105 dro\u017csze i bardziej skomplikowane w kontek\u015bcie ich budowy, natomiast jednocze\u015bnie s\u0105 one wygodniejsze i bardziej uniwersalne w eksploatacji. Przyk\u0142adem takiego rodzaju \u017curawi p\u0142ywaj\u0105cych jest drugi wzgl\u0119dem wielko\u015bci d\u017awig &#8222;Maja&#8221;. &nbsp;<br>&nbsp;<\/li>\n\n\n\n<li><strong>d\u017awig z ramieniem sta\u0142ym<\/strong> (tzw. d\u017awig no\u017cycowy \u201c<em>sheerleg\u201d<\/em> lub \u201c<em>A-frame\u201d)<\/em> \u2013 ten rodzaj d\u017awigu charakteryzuje si\u0119 tym, \u017ce jego rami\u0119 odpowiedzialne za podnoszenie \u0142adunku swoim kszta\u0142tem zwykle przypomina wielk\u0105 liter\u0119 \u201eA&#8221;. Jego dolne ko\u0144ce s\u0105 zamontowane wprost do pontonu poprzez specjalne osie, kt\u00f3re umo\u017cliwiaj\u0105 podnoszenie i opuszczanie haka oraz ruchy ramienia jedynie w prz\u00f3d i ty\u0142. Zatem, by podnie\u015b\u0107 \u0142adunek, powy\u017cszy d\u017awig musi zacumowa\u0107 ruf\u0105 lub dziobem przed podnoszonym \u0142adunkiem, a transport \u0142adunku na boki odbywa si\u0119 w tym przypadku poprzez ruch ca\u0142ego pontonu. \u017burawie tego typu s\u0105 prostsze i ta\u0144sze w konstrukcji w por\u00f3wnaniu do d\u017awig\u00f3w z ramieniem obrotowym, poniewa\u017c przez wzgl\u0105d na brak problem\u00f3w ze stabilno\u015bci\u0105 poprzeczn\u0105 podczas podnoszenia \u0142adunk\u00f3w z burty, mog\u0105 one zazwyczaj podnosi\u0107 stosunkowo wi\u0119ksze \u0142adunki. Przedstawicielem tego typu \u017curawia jest m.in. \u201eConrad CONSUL\u201d.&nbsp;<\/li>\n<\/ul>\n\n\n\n<h2 class=\"wp-block-heading\">Najwi\u0119ksze \u017curawie p\u0142ywaj\u0105ce w Polsce&nbsp;<\/h2>\n\n\n\n<p>Najwi\u0119ksze \u017curawie p\u0142ywaj\u0105ce w Polsce to <em>Maja<\/em>,<em> Conrad CONSUL<\/em> i <em>REM-220<\/em>.&nbsp;<\/p>\n\n\n\n<h2 class=\"wp-block-heading\">Dla kogo przeznaczone jest szkolenie?&nbsp;<\/h2>\n\n\n<div class=\"wp-block-image\">\n<figure class=\"alignleft size-full is-resized\"><a href=\"https:\/\/odk-ergon.pl\/wp-content\/uploads\/2023\/03\/plywajacy-2.jpg\"><img loading=\"lazy\" decoding=\"async\" src=\"https:\/\/odk-ergon.pl\/wp-content\/uploads\/2023\/03\/plywajacy-2.jpg\" alt=\"d\u017awig no\u017cycowy (sheerleg, A-frame)\" class=\"wp-image-2705\" width=\"300\" height=\"450\" srcset=\"https:\/\/odk-ergon.pl\/wp-content\/uploads\/2023\/03\/plywajacy-2.jpg 600w, https:\/\/odk-ergon.pl\/wp-content\/uploads\/2023\/03\/plywajacy-2-200x300.jpg 200w, https:\/\/odk-ergon.pl\/wp-content\/uploads\/2023\/03\/plywajacy-2-8x12.jpg 8w\" sizes=\"auto, (max-width: 300px) 100vw, 300px\" \/><\/a><\/figure>\n<\/div>\n\n\n<p>Organizowany przez nasz\u0105 plac\u00f3wk\u0119 kurs jest przeznaczony dla ka\u017cdego, kto pragnie poszerzy\u0107 swoje dotychczasowe kwalifikacje w zakresie eksploatacji i konserwacji \u017curawi p\u0142ywaj\u0105cych b\u0105d\u017a od podstaw zdoby\u0107 wiedz\u0119 na ich temat. Nasze szkolenie kierujemy przede wszystkim do os\u00f3b, kt\u00f3re zamierzaj\u0105 podej\u015b\u0107 do egzaminu odbywaj\u0105cego si\u0119 przed komisj\u0105 UDT w celu zdobycia kwalifikacji na konserwatora lub operatora wspomnianych maszyn.&nbsp;<\/p>\n\n\n\n<p><strong>Warunki uczestnictwa w szkoleniu dla konserwator\u00f3w i operator\u00f3w \u017curawi kolejowych:<\/strong>&nbsp;<\/p>\n\n\n\n<ul class=\"wp-block-list\">\n<li>op\u0142acenie kursu;&nbsp;&nbsp;<\/li>\n\n\n\n<li>uko\u0144czenie 18 lat &#8211; pe\u0142noletno\u015b\u0107;&nbsp;&nbsp;<\/li>\n\n\n\n<li>posiadanie wykszta\u0142cenia przynajmniej podstawowego;&nbsp;<\/li>\n\n\n\n<li>za\u015bwiadczenie o braku przeciwwskaza\u0144 zdrowotnych.&nbsp;<\/li>\n<\/ul>\n\n\n\n<p><\/p>\n\n\n\n<h2 class=\"wp-block-heading\">Jak wygl\u0105da kurs?&nbsp;<\/h2>\n\n\n\n<p>Nasze szkolenie jest podzielone na dwie cz\u0119\u015bci \u2013 teoretyczn\u0105, a tak\u017ce praktyczn\u0105. W trakcie zaj\u0119\u0107 merytorycznych uczestnicy zapoznaj\u0105 si\u0119 w g\u0142\u00f3wnej mierze z wiedz\u0105 teoretyczn\u0105 niezb\u0119dn\u0105 do pracy operatora i konserwatora \u017curawi p\u0142ywaj\u0105cych. Natomiast zaj\u0119cia praktyczne umo\u017cliwi\u0105 kursantom umiej\u0119tne prze\u0142o\u017cenie wiedzy zdobytej podczas wyk\u0142ad\u00f3w na doskonalenie umiej\u0119tno\u015bci w zakresie u\u017cytkowania maszyny.&nbsp;<\/p>\n\n\n\n<h2 class=\"wp-block-heading\">Program kursu \u017curawi kolejowych&nbsp;&nbsp;<\/h2>\n\n\n\n<p>&nbsp;<br><strong>Zakres szkolenia obejmuje mi\u0119dzy innymi tematy takie jak:<\/strong>&nbsp;<\/p>\n\n\n\n<ul class=\"wp-block-list\">\n<li>og\u00f3lne wiadomo\u015bci o d\u017awignicach i ich elementach, budowa oraz rodzaje d\u017awignic i \u017curawi, parametry techniczne;&nbsp;<\/li>\n\n\n\n<li>akty prawne, dokumentacja i informacje na temat dozoru technicznego;&nbsp;<\/li>\n\n\n\n<li>eksploatacja i konserwacja oraz naprawa i przegl\u0105dy \u017curawi p\u0142ywaj\u0105cych;&nbsp;<\/li>\n\n\n\n<li>obowi\u0105zki konserwatora i operatora \u017curawi p\u0142ywaj\u0105cych przed, w trakcie i po pracy z urz\u0105dzeniem na stanowisku;&nbsp;<\/li>\n\n\n\n<li>zawiesia oraz prze\u0142adunkowy sprz\u0119t pomocniczy;&nbsp;<\/li>\n\n\n\n<li>zasady bezpiecze\u0144stwa i higieny pracy przy korzystaniu z \u017curawi p\u0142ywaj\u0105cych oraz zagadnienia przeciwpo\u017carowe i te z zakresu ochrony \u015brodowiska;&nbsp;<\/li>\n\n\n\n<li>zasady eksploatacji i plan konserwacji urz\u0105dzenia;&nbsp;<\/li>\n\n\n\n<li>zasady czyszczenia urz\u0105dze\u0144;&nbsp;<\/li>\n\n\n\n<li>wymagane normy i warunki pracy z \u017curawiami;&nbsp;<\/li>\n\n\n\n<li>\u0107wiczenia praktyczne.&nbsp;<\/li>\n<\/ul>\n\n\n\n<h2 class=\"wp-block-heading\">Okres wa\u017cno\u015bci uprawnie\u0144&nbsp;<\/h2>\n\n\n<div class=\"wp-block-image\">\n<figure class=\"alignleft size-full is-resized\"><a href=\"https:\/\/odk-ergon.pl\/wp-content\/uploads\/2023\/03\/plywajacy.jpg\"><img loading=\"lazy\" decoding=\"async\" src=\"https:\/\/odk-ergon.pl\/wp-content\/uploads\/2023\/03\/plywajacy.jpg\" alt=\"\u017curawie stoczniowe\" class=\"wp-image-2706\" width=\"512\" height=\"320\" srcset=\"https:\/\/odk-ergon.pl\/wp-content\/uploads\/2023\/03\/plywajacy.jpg 1024w, https:\/\/odk-ergon.pl\/wp-content\/uploads\/2023\/03\/plywajacy-300x188.jpg 300w, https:\/\/odk-ergon.pl\/wp-content\/uploads\/2023\/03\/plywajacy-768x480.jpg 768w, https:\/\/odk-ergon.pl\/wp-content\/uploads\/2023\/03\/plywajacy-18x12.jpg 18w, https:\/\/odk-ergon.pl\/wp-content\/uploads\/2023\/03\/plywajacy-624x390.jpg 624w\" sizes=\"auto, (max-width: 512px) 100vw, 512px\" \/><\/a><\/figure>\n<\/div>\n\n\n<p>Uprawnienia, kt\u00f3re wydawane s\u0105 przez UDT, TDT lub WDT na operatora lub konserwatora \u017curawi p\u0142ywaj\u0105cych s\u0105 wydawane na okres 5 lat. Jednak w wypadku, gdy co najmniej 3 miesi\u0105ce przed ko\u0144cem wa\u017cno\u015bci uzyskanych kwalifikacji, posiadaj\u0105cy je u\u017cytkownik z\u0142o\u017cy odpowiedni wniosek potwierdzaj\u0105cy wykonywanie pracy jako operator lub konserwator d\u017awigu, istnieje mo\u017cliwo\u015b\u0107 ich wyd\u0142u\u017cenia&nbsp;<\/p>\n\n\n\n<p><\/p>\n\n\n\n<h2 class=\"wp-block-heading\">Nasze inne kursy&nbsp;<\/h2>\n\n\n\n<p>Opr\u00f3cz kursu na \u017curawie p\u0142ywaj\u0105ce, wsp\u00f3\u0142pracuj\u0105c z nami mo\u017cesz zdoby\u0107 <a href=\"https:\/\/odk-ergon.pl\/en\/szkolenia\/szkolenia-na-suwnice\/uprawnienia\/\">uprawnienia UDT<\/a> na m.in. na maszyny takie jak:&nbsp;<\/p>\n\n\n\n<ul class=\"wp-block-list\">\n<li>\u017curawie przeno\u015bne i przewo\u017ane HDS;&nbsp;&nbsp;<\/li>\n\n\n\n<li>\u017curawie wie\u017cowe;&nbsp;<\/li>\n\n\n\n<li>\u017curawie stacjonarne;&nbsp;<\/li>\n\n\n\n<li>\u017curawie szybkomontuj\u0105ce;&nbsp;<\/li>\n\n\n\n<li>\u017curawie samojezdne;&nbsp;<\/li>\n\n\n\n<li>\u017curawie szynowe;&nbsp;<\/li>\n\n\n\n<li>\u017curawie pok\u0142adowe;&nbsp;<\/li>\n\n\n\n<li>\u017curawie kolejowe i na podjazdach kolejowych.&nbsp;<\/li>\n<\/ul>\n\n\n\n<p><em>Serdecznie zapraszamy do kontaktu!<\/em>&nbsp;<\/p>\n\n\n\n<h2 class=\"wp-block-heading\">Pytania i odpowiedzi<\/h2>\n\n\n\t\t<details\t\thelp class=\"sc_fs_faq sc_card    \"\n\t\topen\t\t>\n\t\t\t\t\t<summary>\n\t\t\t\t<h3>Na jakie rodzaje \u017curawi p\u0142ywaj\u0105cych organizowany jest kurs?<\/h3>\t\t\t\t\t<\/summary>\n\t\t\t\t<div>\n\t\t\t\t\t\t<div class=\"sc_fs_faq__content\">\n\t\t\t\t\n\n<p>Na naszych zaj\u0119ciach skupimy si\u0119 na tematyce d\u017awig\u00f3w p\u0142ywaj\u0105cych ze sta\u0142ym ramieniem oraz d\u017awig\u00f3w p\u0142ywaj\u0105cych z ramieniem obrotowym.<\/p>\n\n\t\t\t<\/div>\n\t\t<\/div>\n\t\t<\/details>\n\t\t\t\t<details\t\thelp class=\"sc_fs_faq sc_card    \"\n\t\t\t\t>\n\t\t\t\t\t<summary>\n\t\t\t\t<h3>Jaki jest okres wa\u017cno\u015bci uprawnie\u0144 na \u017curawie p\u0142ywaj\u0105ce? <\/h3>\t\t\t\t\t<\/summary>\n\t\t\t\t<div>\n\t\t\t\t\t\t<div class=\"sc_fs_faq__content\">\n\t\t\t\t\n\n<p>Uprawnienia na \u017curawie p\u0142ywaj\u0105ce wydawane s\u0105 na okres 5 lat, istnieje jednak mo\u017cliwo\u015b\u0107 ich wyd\u0142u\u017cenia poprzez specjalny wniosek do UDT zg\u0142oszony na 3 miesi\u0105ce przed up\u0142ywem terminu wa\u017cno\u015bci posiadanego dokumentu.&nbsp;<\/p>\n\n\t\t\t<\/div>\n\t\t<\/div>\n\t\t<\/details>\n\t\t\n<script type=\"application\/ld+json\">\n\t{\n\t\t\"@context\": \"https:\/\/schema.org\",\n\t\t\"@type\": \"FAQPage\",\n\t\t\"mainEntity\": [\n\t\t\t\t\t{\n\t\t\t\t\"@type\": \"Question\",\n\t\t\t\t\"name\": \"Na jakie rodzaje \u017curawi p\u0142ywaj\u0105cych organizowany jest kurs?\",\n\t\t\t\t\"acceptedAnswer\": {\n\t\t\t\t\t\"@type\": \"Answer\",\n\t\t\t\t\t\"text\": \"<p>Na naszych zaj\u0119ciach skupimy si\u0119 na tematyce d\u017awig\u00f3w p\u0142ywaj\u0105cych ze sta\u0142ym ramieniem oraz d\u017awig\u00f3w p\u0142ywaj\u0105cych z ramieniem obrotowym.<\/p>\"\n\t\t\t\t\t\t\t\t\t}\n\t\t\t}\n\t\t\t,\t\t\t\t{\n\t\t\t\t\"@type\": \"Question\",\n\t\t\t\t\"name\": \"Jaki jest okres wa\u017cno\u015bci uprawnie\u0144 na \u017curawie p\u0142ywaj\u0105ce? \",\n\t\t\t\t\"acceptedAnswer\": {\n\t\t\t\t\t\"@type\": \"Answer\",\n\t\t\t\t\t\"text\": \"<p>Uprawnienia na \u017curawie p\u0142ywaj\u0105ce wydawane s\u0105 na okres 5 lat, istnieje jednak mo\u017cliwo\u015b\u0107 ich wyd\u0142u\u017cenia poprzez specjalny wniosek do UDT zg\u0142oszony na 3 miesi\u0105ce przed up\u0142ywem terminu wa\u017cno\u015bci posiadanego dokumentu.&nbsp;<\/p>\"\n\t\t\t\t\t\t\t\t\t}\n\t\t\t}\n\t\t\t\t\t\t]\n\t}\n<\/script>\n","protected":false},"excerpt":{"rendered":"<p>Czym jest \u017curaw p\u0142ywaj\u0105cy?&nbsp; \u017buraw p\u0142ywaj\u0105cy (pot. d\u017awig p\u0142ywaj\u0105cy) \u2013 to specjalistyczna jednostka p\u0142ywaj\u0105ca, kt\u00f3ra wyposa\u017cona jest w \u017curaw zamocowany na stalowym pontonie p\u0142ywaj\u0105cym. Urz\u0105dzenia te znajduj\u0105 zastosowanie m.in. przy pracach na otwartym morzu, w stoczniach czy portach, a tak\u017ce miejscach, gdzie praca \u017curawi portowych b\u0105d\u017a stoczniowych jest utrudniona lub ca\u0142kowicie niemo\u017cliwa. D\u017awigi p\u0142ywaj\u0105ce mog\u0105 posiada\u0107 sw\u00f3j w\u0142asny nap\u0119d (co jest rozwi\u0105zaniem znacznie cz\u0119stszym) lub go nie posiada\u0107. W przypadku \u017curawi, kt\u00f3re nie maj\u0105 nap\u0119du, do ich przemieszczania potrzebne s\u0105 pchacze lub holowniki.&nbsp; Podzia\u0142 \u017curawi p\u0142ywaj\u0105cych&nbsp; D\u017awigi p\u0142ywaj\u0105ce mo\u017cemy podzieli\u0107 na dwa podstawowe rodzaje:&nbsp; Najwi\u0119ksze \u017curawie p\u0142ywaj\u0105ce w Polsce&nbsp; Najwi\u0119ksze \u017curawie p\u0142ywaj\u0105ce w Polsce to Maja, Conrad CONSUL i REM-220.&nbsp; Dla kogo przeznaczone jest szkolenie?&nbsp; Organizowany przez nasz\u0105 plac\u00f3wk\u0119 kurs jest przeznaczony dla ka\u017cdego, kto pragnie poszerzy\u0107 swoje dotychczasowe kwalifikacje w zakresie eksploatacji i konserwacji \u017curawi p\u0142ywaj\u0105cych b\u0105d\u017a od podstaw zdoby\u0107 wiedz\u0119 na ich temat. Nasze szkolenie kierujemy przede wszystkim do os\u00f3b, kt\u00f3re zamierzaj\u0105 podej\u015b\u0107 do egzaminu odbywaj\u0105cego si\u0119 przed komisj\u0105 UDT w celu zdobycia kwalifikacji na konserwatora lub operatora wspomnianych maszyn.&nbsp; Warunki uczestnictwa w szkoleniu dla konserwator\u00f3w i operator\u00f3w \u017curawi kolejowych:&nbsp; Jak wygl\u0105da kurs?&nbsp; Nasze szkolenie jest podzielone na dwie cz\u0119\u015bci \u2013 teoretyczn\u0105, a tak\u017ce praktyczn\u0105. W trakcie zaj\u0119\u0107 merytorycznych uczestnicy zapoznaj\u0105 si\u0119 w g\u0142\u00f3wnej mierze z wiedz\u0105 teoretyczn\u0105 niezb\u0119dn\u0105 do pracy operatora i konserwatora \u017curawi p\u0142ywaj\u0105cych. Natomiast zaj\u0119cia praktyczne umo\u017cliwi\u0105 kursantom umiej\u0119tne prze\u0142o\u017cenie wiedzy zdobytej podczas wyk\u0142ad\u00f3w na doskonalenie umiej\u0119tno\u015bci w zakresie u\u017cytkowania maszyny.&nbsp; Program kursu \u017curawi kolejowych&nbsp;&nbsp; &nbsp;Zakres szkolenia obejmuje mi\u0119dzy innymi tematy takie jak:&nbsp; Okres wa\u017cno\u015bci uprawnie\u0144&nbsp; Uprawnienia, kt\u00f3re wydawane s\u0105 [&hellip;]<\/p>\n","protected":false},"author":1,"featured_media":2704,"parent":1828,"menu_order":0,"comment_status":"closed","ping_status":"closed","template":"","meta":{"sfsi_plus_gutenberg_text_before_share":"","sfsi_plus_gutenberg_show_text_before_share":"","sfsi_plus_gutenberg_icon_type":"","sfsi_plus_gutenberg_icon_alignemt":"","sfsi_plus_gutenburg_max_per_row":"","footnotes":""},"class_list":["post-2703","page","type-page","status-publish","has-post-thumbnail","hentry","has_thumb"],"aioseo_notices":[],"_links":{"self":[{"href":"https:\/\/odk-ergon.pl\/en\/wp-json\/wp\/v2\/pages\/2703","targetHints":{"allow":["GET"]}}],"collection":[{"href":"https:\/\/odk-ergon.pl\/en\/wp-json\/wp\/v2\/pages"}],"about":[{"href":"https:\/\/odk-ergon.pl\/en\/wp-json\/wp\/v2\/types\/page"}],"author":[{"embeddable":true,"href":"https:\/\/odk-ergon.pl\/en\/wp-json\/wp\/v2\/users\/1"}],"replies":[{"embeddable":true,"href":"https:\/\/odk-ergon.pl\/en\/wp-json\/wp\/v2\/comments?post=2703"}],"version-history":[{"count":5,"href":"https:\/\/odk-ergon.pl\/en\/wp-json\/wp\/v2\/pages\/2703\/revisions"}],"predecessor-version":[{"id":3389,"href":"https:\/\/odk-ergon.pl\/en\/wp-json\/wp\/v2\/pages\/2703\/revisions\/3389"}],"up":[{"embeddable":true,"href":"https:\/\/odk-ergon.pl\/en\/wp-json\/wp\/v2\/pages\/1828"}],"wp:featuredmedia":[{"embeddable":true,"href":"https:\/\/odk-ergon.pl\/en\/wp-json\/wp\/v2\/media\/2704"}],"wp:attachment":[{"href":"https:\/\/odk-ergon.pl\/en\/wp-json\/wp\/v2\/media?parent=2703"}],"curies":[{"name":"wp","href":"https:\/\/api.w.org\/{rel}","templated":true}]}}