{"id":2726,"date":"2023-03-24T16:44:20","date_gmt":"2023-03-24T15:44:20","guid":{"rendered":"https:\/\/odk-ergon.pl\/?page_id=2726"},"modified":"2023-03-25T00:36:14","modified_gmt":"2023-03-24T23:36:14","slug":"service-and-repair-of-mobile-lifts","status":"publish","type":"page","link":"https:\/\/odk-ergon.pl\/en\/zakres-uslug\/naprawa-urzadzen-udt\/serwis-i-naprawa-podestow-ruchomych\/","title":{"rendered":"Service and repair of mobile platforms"},"content":{"rendered":"\n<p>Firma ERGON od ponad kilkunastu lat \u015bwiadczy us\u0142ugi z zakresu naprawy i konserwacji urz\u0105dze\u0144 takich jak podno\u015bniki koszowe, no\u017cycowe i wiele innych maszyn podlegaj\u0105cych pod Urz\u0105d Dozoru Technicznego.&nbsp;<\/p>\n\n\n\n<h2 class=\"wp-block-heading\"><strong>Czym si\u0119 zajmujemy?<\/strong>&nbsp;<\/h2>\n\n\n\n<p>Oferujemy wszelkie prace naprawcze i modernizacyjne z zakresu podest\u00f3w ruchomych. Serwisanci w naszej firmie posiadaj\u0105 niezb\u0119dn\u0105 wiedz\u0119 i narz\u0119dzia do przeprowadzania serwis\u00f3w na terenie ca\u0142ego kraju. Ka\u017cda awaria urz\u0105dzenia oceniana jest indywidualnie, przez naszych specjalist\u00f3w, kt\u00f3rzy pomog\u0105 wybra\u0107 najlepsze rozwi\u0105zanie w celu naprawczym. Kompleksowo zadbamy, aby naprawa posz\u0142a szybko i sprawnie. Prace wykonujemy na nowych jak i u\u017cywanych urz\u0105dzeniach i oferujemy szeroki wyb\u00f3r cz\u0119\u015bci zamiennych.&nbsp;<\/p>\n\n\n\n<h3 class=\"wp-block-heading\"><strong>Prace wykonywane w ramach serwisu to m.in.:<\/strong>&nbsp;<\/h3>\n\n\n\n<ul class=\"wp-block-list\">\n<li>naprawa uk\u0142ad\u00f3w hydraulicznych,&nbsp;<\/li>\n\n\n\n<li>wymiana \u0142o\u017cysk,&nbsp;<\/li>\n\n\n\n<li>diagnostyka uk\u0142ad\u00f3w sterowania,<\/li>\n\n\n\n<li>generalny remont silnika,&nbsp;<\/li>\n\n\n\n<li>przegl\u0105dy techniczne.&nbsp;<\/li>\n<\/ul>\n\n\n\n<h2 class=\"wp-block-heading\"><strong>Kadra specjalist\u00f3w<\/strong>&nbsp;<\/h2>\n\n\n<div class=\"wp-block-image\">\n<figure class=\"alignleft size-large is-resized\"><a href=\"https:\/\/odk-ergon.pl\/wp-content\/uploads\/2023\/03\/podest-2.jpg\"><img loading=\"lazy\" decoding=\"async\" src=\"https:\/\/odk-ergon.pl\/wp-content\/uploads\/2023\/03\/podest-2-684x1024.jpg\" alt=\"budowlaniec na pode\u015bcie\" class=\"wp-image-2728\" width=\"342\" height=\"512\" srcset=\"https:\/\/odk-ergon.pl\/wp-content\/uploads\/2023\/03\/podest-2-684x1024.jpg 684w, https:\/\/odk-ergon.pl\/wp-content\/uploads\/2023\/03\/podest-2-200x300.jpg 200w, https:\/\/odk-ergon.pl\/wp-content\/uploads\/2023\/03\/podest-2-768x1150.jpg 768w, https:\/\/odk-ergon.pl\/wp-content\/uploads\/2023\/03\/podest-2-8x12.jpg 8w, https:\/\/odk-ergon.pl\/wp-content\/uploads\/2023\/03\/podest-2-624x935.jpg 624w, https:\/\/odk-ergon.pl\/wp-content\/uploads\/2023\/03\/podest-2.jpg 1000w\" sizes=\"auto, (max-width: 342px) 100vw, 342px\" \/><\/a><\/figure>\n<\/div>\n\n\n<p>Wszelkie prace naprawcze, wykonywane s\u0105 przez wykwalifikowanych specjalist\u00f3w. Dbamy o to, by poziom naszych us\u0142ug by\u0142 na najwy\u017cszym poziomie, dlatego wysy\u0142amy naszych fachowc\u00f3w na coroczne szkolenia. Dzi\u0119ki szkoleniom i do\u015bwiadczeniu nasi specjali\u015bci bezproblemowo podejm\u0105 si\u0119 naprawy, modernizacji czy nawet konserwacji podest\u00f3w ruchomych.&nbsp;<\/p>\n\n\n\n<h2 class=\"wp-block-heading\"><strong>Serwis mobilny<\/strong>&nbsp;<\/h2>\n\n\n\n<p>Wiemy jak problematyczny mo\u017ce by\u0107, transport urz\u0105dzenia do naszego serwisu stacjonarnego, dlatego posiadamy auta serwisowe. Nasi mobilni serwisanci bez problemu pojad\u0105 pod wskazany adres i po wst\u0119pnej analizie zlokalizuj\u0105 przyczyn\u0119 awarii. Dzi\u0119ki temu rozwi\u0105zaniu przeprowadzamy serwisu na terenie ca\u0142ej Polski.&nbsp;<\/p>\n\n\n\n<p><\/p>\n\n\n\n<h2 class=\"wp-block-heading\"><strong>Dlaczego warto nam zaufa\u0107?<\/strong>&nbsp;<\/h2>\n\n\n\n<p>Na Polskim rynku, dzia\u0142amy ju\u017c od ponad 15 lat i z dba\u0142o\u015bci\u0105 podchodzimy do wszelkich prac serwisowych. Posiadamy tysi\u0105ce zadowolonych klient\u00f3w, co \u015bwiadczy o jako\u015bci us\u0142ug wykonywanych w naszym serwisie.&nbsp;<\/p>\n\n\n\n<h3 class=\"wp-block-heading\"><strong>Gwarantujemy:<\/strong>&nbsp;<\/h3>\n\n\n\n<ul class=\"wp-block-list\">\n<li>serwis stacjonarny i mobilny,&nbsp;<\/li>\n\n\n\n<li>serwis pogwarancyjny,&nbsp;<\/li>\n\n\n\n<li>modernizacj\u0119 urz\u0105dzenia,&nbsp;<\/li>\n\n\n\n<li>program konserwacji dostosowany do wymaga\u0144 klienta,&nbsp;<\/li>\n\n\n\n<li>generalny remont urz\u0105dzenia,&nbsp;<\/li>\n\n\n\n<li>dost\u0119p do najlepszych specjalist\u00f3w,&nbsp;&nbsp;<\/li>\n\n\n\n<li>szkolenie z obs\u0142ugi podest\u00f3w ruchomych,&nbsp;<\/li>\n\n\n\n<li>sprawdzenie maszyny przed zakupem,&nbsp;<\/li>\n\n\n\n<li>wynajem podno\u015bnik\u00f3w no\u017cycowych.&nbsp;<\/li>\n<\/ul>\n\n\n\n<h3 class=\"wp-block-heading\"><strong>Nasze wieloletnie do\u015bwiadczenie zdobyli\u015bmy, pracuj\u0105c na r\u00f3\u017cnych markach takich jak:<\/strong>&nbsp;<\/h3>\n\n\n\n<ul class=\"wp-block-list\">\n<li>Haulotte,&nbsp;<\/li>\n\n\n\n<li>GSR,&nbsp;<\/li>\n\n\n\n<li>Tecchio,&nbsp;<\/li>\n\n\n\n<li>ESDA,&nbsp;<\/li>\n\n\n\n<li>Colombo,&nbsp;<\/li>\n\n\n\n<li>Ruthmann,&nbsp;<\/li>\n\n\n\n<li>BST.&nbsp;<\/li>\n<\/ul>\n\n\n\n<h3 class=\"wp-block-heading\"><strong>Opr\u00f3cz podest\u00f3w ruchomych, serwisujemy tak\u017ce:&nbsp;&nbsp;<\/strong>&nbsp;<\/h3>\n\n\n\n<ul class=\"wp-block-list\">\n<li>w\u00f3zki wid\u0142owe,&nbsp;&nbsp;<\/li>\n\n\n\n<li>suwnice,&nbsp;<\/li>\n\n\n\n<li>\u017curawie HDS,&nbsp;&nbsp;&nbsp;<\/li>\n\n\n\n<li>\u0142adowarki teleskopowe.&nbsp;<\/li>\n<\/ul>\n\n\n\n<h2 class=\"wp-block-heading\">Pytania i odpowiedzi<\/h2>\n\n\n\t\t<details\t\thelp class=\"sc_fs_faq sc_card    \"\n\t\topen\t\t>\n\t\t\t\t\t<summary>\n\t\t\t\t<h3>Czy pomagacie w sprawdzeniu urz\u0105dzenia przed zakupem? <\/h3>\t\t\t\t\t<\/summary>\n\t\t\t\t<div>\n\t\t\t\t\t\t<div class=\"sc_fs_faq__content\">\n\t\t\t\t\n\n<p>Tak, nasi specjali\u015bci przeprowadz\u0105 pe\u0142na diagnostyk\u0119 i sprawdz\u0105 wybrane urz\u0105dzenie.&nbsp;<\/p>\n\n\t\t\t<\/div>\n\t\t<\/div>\n\t\t<\/details>\n\t\t\t\t<details\t\thelp class=\"sc_fs_faq sc_card    \"\n\t\t\t\t>\n\t\t\t\t\t<summary>\n\t\t\t\t<h3>Czy serwisujecie urz\u0105dzenia z dojazdem do klienta? <\/h3>\t\t\t\t\t<\/summary>\n\t\t\t\t<div>\n\t\t\t\t\t\t<div class=\"sc_fs_faq__content\">\n\t\t\t\t\n\n<p>Tak, posiadamy wyspecjalizowane auta serwisowane, dzi\u0119ki kt\u00f3rym mo\u017cemy przeprowadzi\u0107 serwis pod wskazany adres.&nbsp;<\/p>\n\n\t\t\t<\/div>\n\t\t<\/div>\n\t\t<\/details>\n\t\t\t\t<details\t\thelp class=\"sc_fs_faq sc_card    \"\n\t\t\t\t>\n\t\t\t\t\t<summary>\n\t\t\t\t<h3>Czy jest mo\u017cliwo\u015b\u0107 wypo\u017cyczenia podno\u015bnika no\u017cycowego na czas naprawy? <\/h3>\t\t\t\t\t<\/summary>\n\t\t\t\t<div>\n\t\t\t\t\t\t<div class=\"sc_fs_faq__content\">\n\t\t\t\t\n\n<p>Tak, oferujemy naszym klientom mo\u017cliwo\u015b\u0107 wypo\u017cyczenia podno\u015bnika no\u017cycowego.&nbsp;<\/p>\n\n\t\t\t<\/div>\n\t\t<\/div>\n\t\t<\/details>\n\t\t\n<script type=\"application\/ld+json\">\n\t{\n\t\t\"@context\": \"https:\/\/schema.org\",\n\t\t\"@type\": \"FAQPage\",\n\t\t\"mainEntity\": [\n\t\t\t\t\t{\n\t\t\t\t\"@type\": \"Question\",\n\t\t\t\t\"name\": \"Czy pomagacie w sprawdzeniu urz\u0105dzenia przed zakupem? \",\n\t\t\t\t\"acceptedAnswer\": {\n\t\t\t\t\t\"@type\": \"Answer\",\n\t\t\t\t\t\"text\": \"<p>Tak, nasi specjali\u015bci przeprowadz\u0105 pe\u0142na diagnostyk\u0119 i sprawdz\u0105 wybrane urz\u0105dzenie.&nbsp;<\/p>\"\n\t\t\t\t\t\t\t\t\t}\n\t\t\t}\n\t\t\t,\t\t\t\t{\n\t\t\t\t\"@type\": \"Question\",\n\t\t\t\t\"name\": \"Czy serwisujecie urz\u0105dzenia z dojazdem do klienta? \",\n\t\t\t\t\"acceptedAnswer\": {\n\t\t\t\t\t\"@type\": \"Answer\",\n\t\t\t\t\t\"text\": \"<p>Tak, posiadamy wyspecjalizowane auta serwisowane, dzi\u0119ki kt\u00f3rym mo\u017cemy przeprowadzi\u0107 serwis pod wskazany adres.&nbsp;<\/p>\"\n\t\t\t\t\t\t\t\t\t}\n\t\t\t}\n\t\t\t,\t\t\t\t{\n\t\t\t\t\"@type\": \"Question\",\n\t\t\t\t\"name\": \"Czy jest mo\u017cliwo\u015b\u0107 wypo\u017cyczenia podno\u015bnika no\u017cycowego na czas naprawy? \",\n\t\t\t\t\"acceptedAnswer\": {\n\t\t\t\t\t\"@type\": \"Answer\",\n\t\t\t\t\t\"text\": \"<p>Tak, oferujemy naszym klientom mo\u017cliwo\u015b\u0107 wypo\u017cyczenia podno\u015bnika no\u017cycowego.&nbsp;<\/p>\"\n\t\t\t\t\t\t\t\t\t}\n\t\t\t}\n\t\t\t\t\t\t]\n\t}\n<\/script>\n","protected":false},"excerpt":{"rendered":"<p>ERGON has been providing repair and maintenance services for equipment such as aerial work platforms, scissor lifts and many other machines subject to the Office of Technical Inspection for over a dozen years.  What do we do?  We offer all repair and modernisation work on mobile platforms. Service technicians in our company have the necessary knowledge and tools to carry out servicing throughout the country. Each equipment failure is assessed individually, by our specialists, who will help you choose the best solution for repair. We will comprehensively ensure that the repair goes quickly and efficiently. We carry out work on both new and used equipment and offer a wide range of spare parts.  Work carried out as part of the service includes:  Staff of specialists All repair work, is carried out by qualified specialists. We make sure that the level of our services is at the highest level, which is why we send our specialists for annual training. Thanks to their training and experience, our specialists will seamlessly undertake the repair, modernisation or even maintenance of your mobile platforms.  Mobile service We know how problematic it can be to transport a machine to our stationary service, which is why we have service vehicles. Our mobile service technicians will easily travel to the indicated address and, after an initial analysis, will locate the cause of the breakdown. Thanks to this solution, we carry out servicing throughout Poland.  Why should you trust us?  We have been operating on the Polish market for more than 15 years and take great care in all our service work. We have thousands of satisfied customers, which testifies to the quality of the services we provide.  We guarantee:  We have gained our many years of experience by working on various brands such as: In addition to mobile platforms, we also service:    Questions and answers<\/p>","protected":false},"author":1,"featured_media":2727,"parent":3403,"menu_order":0,"comment_status":"closed","ping_status":"closed","template":"","meta":{"sfsi_plus_gutenberg_text_before_share":"","sfsi_plus_gutenberg_show_text_before_share":"","sfsi_plus_gutenberg_icon_type":"","sfsi_plus_gutenberg_icon_alignemt":"","sfsi_plus_gutenburg_max_per_row":"","footnotes":""},"class_list":["post-2726","page","type-page","status-publish","has-post-thumbnail","hentry","has_thumb"],"aioseo_notices":[],"_links":{"self":[{"href":"https:\/\/odk-ergon.pl\/en\/wp-json\/wp\/v2\/pages\/2726","targetHints":{"allow":["GET"]}}],"collection":[{"href":"https:\/\/odk-ergon.pl\/en\/wp-json\/wp\/v2\/pages"}],"about":[{"href":"https:\/\/odk-ergon.pl\/en\/wp-json\/wp\/v2\/types\/page"}],"author":[{"embeddable":true,"href":"https:\/\/odk-ergon.pl\/en\/wp-json\/wp\/v2\/users\/1"}],"replies":[{"embeddable":true,"href":"https:\/\/odk-ergon.pl\/en\/wp-json\/wp\/v2\/comments?post=2726"}],"version-history":[{"count":3,"href":"https:\/\/odk-ergon.pl\/en\/wp-json\/wp\/v2\/pages\/2726\/revisions"}],"predecessor-version":[{"id":3225,"href":"https:\/\/odk-ergon.pl\/en\/wp-json\/wp\/v2\/pages\/2726\/revisions\/3225"}],"up":[{"embeddable":true,"href":"https:\/\/odk-ergon.pl\/en\/wp-json\/wp\/v2\/pages\/3403"}],"wp:featuredmedia":[{"embeddable":true,"href":"https:\/\/odk-ergon.pl\/en\/wp-json\/wp\/v2\/media\/2727"}],"wp:attachment":[{"href":"https:\/\/odk-ergon.pl\/en\/wp-json\/wp\/v2\/media?parent=2726"}],"curies":[{"name":"wp","href":"https:\/\/api.w.org\/{rel}","templated":true}]}}