{"id":2736,"date":"2023-03-24T14:18:22","date_gmt":"2023-03-24T13:18:22","guid":{"rendered":"https:\/\/odk-ergon.pl\/?page_id=2736"},"modified":"2023-03-25T00:45:17","modified_gmt":"2023-03-24T23:45:17","slug":"operator-and-maintainer-of-crane-and-carriage-operators","status":"publish","type":"page","link":"https:\/\/odk-ergon.pl\/en\/szkolenia\/uprawnienia-udt-tdt\/operator-i-konserwator-zurawi-przenosnych-i-przewoznych\/","title":{"rendered":"Training for operators and maintainers of mobile and portable cranes"},"content":{"rendered":"\n<p>Egzamin na uprawnienia Urz\u0119du Dozoru Technicznego, z przeznaczeniem na \u017curawie przewo\u017ane i przeno\u015bne charakteryzuje si\u0119 dwoma etapami. Rozpoczynasz od egzaminu pisemnego, sk\u0142adaj\u0105cego si\u0119 z 15 pyta\u0144 zamkni\u0119tych. Po jego uko\u0144czeniu przenosisz si\u0119 na plac manewrowy, by wykaza\u0107 swoje umiej\u0119tno\u015bci w eksploatacji i konserwacji wybranej maszyny. Egzamin nadzorowany jest przez komisj\u0119 wyznaczon\u0105 przez UDT. Uzyskanie pozytywnego wyniku kwalifikuje Ci\u0119 do otrzymania uprawnie\u0144 operatora i konserwatora \u017curawi przewo\u017anych i przeno\u015bnych.&nbsp;<\/p>\n\n\n\n<h2 class=\"wp-block-heading\"><strong>Wa\u017cno\u015b\u0107 certyfikatu UDT<\/strong>&nbsp;<\/h2>\n\n\n\n<p>Kursanci po zdaniu egzaminu uzyskuj\u0105 certyfikat UDT uznawany na terenie ca\u0142ej Unii Europejskiej. Certyfikaty te s\u0105 wa\u017cne od 3\u20135 lat dla ka\u017cdego rodzaju \u017curawi. Nale\u017cy je regularnie odnawia\u0107, najp\u00f3\u017aniej na 3 miesi\u0105ce przed dat\u0105 ich wyga\u015bni\u0119cia.&nbsp;<\/p>\n\n\n\n<h2 class=\"wp-block-heading\">Uwarunkowania dla kursanta&nbsp;<\/h2>\n\n\n\n<p>Ka\u017cdy kursant musi spe\u0142ni\u0107 kilka warunk\u00f3w regulowanych przez Urz\u0105d Dozoru Technicznego, by m\u00f3c przyst\u0105pi\u0107 do szkolenia i egzaminu UDT. S\u0105 to:&nbsp;<\/p>\n\n\n\n<ul class=\"wp-block-list\">\n<li>uko\u0144czenie 18 lat,&nbsp;<\/li>\n\n\n\n<li>brak przeciwwskaza\u0144 lekarskich do wykonywania zawodu,&nbsp;<\/li>\n\n\n\n<li>posiadanie wykszta\u0142cenia podstawowego,&nbsp;<\/li>\n\n\n\n<li>cz\u0119sto wymaga si\u0119 by posiada\u0107 certyfikaty do pracy na wysoko\u015bciach,&nbsp;<\/li>\n\n\n\n<li>je\u015bli jest to maszyna, kt\u00f3ra ma uk\u0142ad sterowniczy i ko\u0142a, nale\u017cy posiada\u0107 prawo jazdy kategorii B.&nbsp;<\/li>\n<\/ul>\n\n\n\n<h2 class=\"wp-block-heading\"><strong>Klasyfikacja \u017curawi<\/strong>&nbsp;<\/h2>\n\n\n<div class=\"wp-block-image\">\n<figure class=\"alignleft size-large is-resized\"><a href=\"https:\/\/odk-ergon.pl\/wp-content\/uploads\/2023\/03\/przenosny-1.jpg\"><img loading=\"lazy\" decoding=\"async\" src=\"https:\/\/odk-ergon.pl\/wp-content\/uploads\/2023\/03\/przenosny-1-1024x683.jpg\" alt=\"kursant zdaj\u0105cy egzamin UDT\" class=\"wp-image-2738\" width=\"512\" height=\"342\" srcset=\"https:\/\/odk-ergon.pl\/wp-content\/uploads\/2023\/03\/przenosny-1-1024x683.jpg 1024w, https:\/\/odk-ergon.pl\/wp-content\/uploads\/2023\/03\/przenosny-1-300x200.jpg 300w, https:\/\/odk-ergon.pl\/wp-content\/uploads\/2023\/03\/przenosny-1-768x512.jpg 768w, https:\/\/odk-ergon.pl\/wp-content\/uploads\/2023\/03\/przenosny-1-18x12.jpg 18w, https:\/\/odk-ergon.pl\/wp-content\/uploads\/2023\/03\/przenosny-1-624x416.jpg 624w, https:\/\/odk-ergon.pl\/wp-content\/uploads\/2023\/03\/przenosny-1.jpg 1349w\" sizes=\"auto, (max-width: 512px) 100vw, 512px\" \/><\/a><\/figure>\n<\/div>\n\n\n<p>Je\u015bli chcia\u0142by\u015b poszerzy\u0107 swoje kompetencje i wiedz\u0119 z zakresu innych maszyn roboczych o klasyfikacji \u017curawi, mamy do dyspozycji szereg kurs\u00f3w na operatora i konserwatora tych maszyn. Dziel\u0105 si\u0119 ze wzgl\u0119du na mechanizm obrotowy, rodzaje podstaw, typy monta\u017cu i wysi\u0119gnika, ograniczenia w ud\u017awigu oraz rodzaj nap\u0119du. S\u0105 to:&nbsp;<\/p>\n\n\n\n<ul class=\"wp-block-list\">\n<li>\u017curawie stacjonarne,&nbsp;<\/li>\n\n\n\n<li>\u017curawie przewo\u017anie i przeno\u015bne,&nbsp;<\/li>\n\n\n\n<li>\u017curawie samojezdne,&nbsp;<\/li>\n\n\n\n<li>\u017curawie szynowe,&nbsp;<\/li>\n\n\n\n<li>\u017curawie wie\u017cowe i szybkomontuj\u0105ce,&nbsp;<\/li>\n\n\n\n<li>\u017curawie kolejowe i na pojazdach kolejowych,&nbsp;<\/li>\n\n\n\n<li>\u017curawie pok\u0142adowe,&nbsp;<\/li>\n\n\n\n<li>\u017curawie p\u0142ywaj\u0105ce.&nbsp;<\/li>\n<\/ul>\n\n\n\n<h2 class=\"wp-block-heading\"><strong>W<\/strong>ynagrodzenie operator\u00f3w\/konserwator\u00f3w \u017curawi&nbsp;<\/h2>\n\n\n\n<p>Wynagrodzenia operator\u00f3w i konserwator\u00f3w \u017curawi na rok 2022 wynosz\u0105 3-4 tysi\u0105ce brutto miesi\u0119cznie. Uzale\u017cnione jest to od rodzaju maszyny i do\u015bwiadczenia pracownika. Zazwyczaj do\u015bwiadczone osoby mog\u0105 liczy\u0107 na zarobki z rz\u0119du 5-6 tysi\u0119cy brutto miesi\u0119cznie (rok 2022). Za granic\u0105 mediana zarobk\u00f3w jest kilkukrotnie wi\u0119ksza.&nbsp;<\/p>\n\n\n\n<h2 class=\"wp-block-heading\">Gdzie szkolimy?<\/h2>\n\n\n\n<p>Szkolenia przeprowadzamy w Warszawie, ale uruchomili\u015bmy r\u00f3wnie\u017c ofert\u0119 kurs\u00f3w z dojazdem do klienta. Organizujemy szkolenia dla grup i jednoosobowe.&nbsp;<\/p>\n\n\n\n<p>Pozosta\u0142e kursy w ERGON:&nbsp;<\/p>\n\n\n\n<ul class=\"wp-block-list\">\n<li>TDT uprawnienia,&nbsp;<\/li>\n\n\n\n<li>UNO \u2013 wykorzystanie, zagro\u017cenia i uprawnienia TDT,&nbsp;<\/li>\n\n\n\n<li>konserwator urz\u0105dze\u0144 UDT,&nbsp;<\/li>\n\n\n\n<li>konserwator podno\u015bnik\u00f3w koszowych,&nbsp;<\/li>\n\n\n\n<li><a href=\"https:\/\/odk-ergon.pl\/en\/szkolenia\/uprawnienia-udt-tdt\/operator-podestow-ruchomych\/\">operator podest\u00f3w ruchomych<\/a> masztowych,&nbsp;<\/li>\n\n\n\n<li>operator podest\u00f3w ruchomych,&nbsp;<\/li>\n\n\n\n<li><a href=\"https:\/\/odk-ergon.pl\/en\/szkolenia\/uprawnienia-udt-tdt\/wiszace-podesty-ruchome\/\">operator podest\u00f3w ruchomych wisz\u0105cych<\/a>,&nbsp;<\/li>\n\n\n\n<li>operator podno\u015bnik\u00f3w koszowych,&nbsp;<\/li>\n\n\n\n<li>operator \u0142adowarek teleskopowych,&nbsp;<\/li>\n\n\n\n<li>operator wyci\u0105g\u00f3w towarowych,&nbsp;<\/li>\n\n\n\n<li>operator suwnicy,&nbsp;<\/li>\n\n\n\n<li>obs\u0142uga i konserwacja urz\u0105dze\u0144 wy\u0142adowczych i za\u0142adowczych,&nbsp;<\/li>\n\n\n\n<li>operator \u017curawi,&nbsp;<\/li>\n\n\n\n<li><a href=\"https:\/\/odk-ergon.pl\/en\/szkolenia\/uprawnienia-udt-tdt\/podesty-nozycowe\/\">operator podno\u015bnik\u00f3w no\u017cycowych<\/a> wolnobie\u017cnych,&nbsp;<\/li>\n\n\n\n<li>operator podest\u00f3w ruchomych.<\/li>\n<\/ul>\n\n\n\n<h2 class=\"wp-block-heading\">Pytania i odpowiedzi<\/h2>\n\n\n\t\t<details\t\thelp class=\"sc_fs_faq sc_card    \"\n\t\topen\t\t>\n\t\t\t\t\t<summary>\n\t\t\t\t<h3>Jakie s\u0105 zarobki operatora i konserwatora \u017curawi przewo\u017anych i przeno\u015bnych? <\/h3>\t\t\t\t\t<\/summary>\n\t\t\t\t<div>\n\t\t\t\t\t\t<div class=\"sc_fs_faq__content\">\n\t\t\t\t\n\n<p>Zarobki na rok 2022 kszta\u0142tuj\u0105 si\u0119 w granicach&nbsp; 3-5 z\u0142otych brutto dla nowozatrudnionych, oraz 5-6 tysi\u0119cy z\u0142otych brutto dla do\u015bwiadczonych pracownik\u00f3w.&nbsp;<\/p>\n\n\t\t\t<\/div>\n\t\t<\/div>\n\t\t<\/details>\n\t\t\t\t<details\t\thelp class=\"sc_fs_faq sc_card    \"\n\t\t\t\t>\n\t\t\t\t\t<summary>\n\t\t\t\t<h3>Gdzie prowadzone s\u0105 szkolenia? <\/h3>\t\t\t\t\t<\/summary>\n\t\t\t\t<div>\n\t\t\t\t\t\t<div class=\"sc_fs_faq__content\">\n\t\t\t\t\n\n<p>Szkolenia prowadzimy w Warszawie, a tak\u017ce na \u017cyczenie klienta w um\u00f3wionym miejscu.&nbsp;<\/p>\n\n\t\t\t<\/div>\n\t\t<\/div>\n\t\t<\/details>\n\t\t\n<script type=\"application\/ld+json\">\n\t{\n\t\t\"@context\": \"https:\/\/schema.org\",\n\t\t\"@type\": \"FAQPage\",\n\t\t\"mainEntity\": [\n\t\t\t\t\t{\n\t\t\t\t\"@type\": \"Question\",\n\t\t\t\t\"name\": \"Jakie s\u0105 zarobki operatora i konserwatora \u017curawi przewo\u017anych i przeno\u015bnych? \",\n\t\t\t\t\"acceptedAnswer\": {\n\t\t\t\t\t\"@type\": \"Answer\",\n\t\t\t\t\t\"text\": \"<p>Zarobki na rok 2022 kszta\u0142tuj\u0105 si\u0119 w granicach&nbsp; 3-5 z\u0142otych brutto dla nowozatrudnionych, oraz 5-6 tysi\u0119cy z\u0142otych brutto dla do\u015bwiadczonych pracownik\u00f3w.&nbsp;<\/p>\"\n\t\t\t\t\t\t\t\t\t}\n\t\t\t}\n\t\t\t,\t\t\t\t{\n\t\t\t\t\"@type\": \"Question\",\n\t\t\t\t\"name\": \"Gdzie prowadzone s\u0105 szkolenia? \",\n\t\t\t\t\"acceptedAnswer\": {\n\t\t\t\t\t\"@type\": \"Answer\",\n\t\t\t\t\t\"text\": \"<p>Szkolenia prowadzimy w Warszawie, a tak\u017ce na \u017cyczenie klienta w um\u00f3wionym miejscu.&nbsp;<\/p>\"\n\t\t\t\t\t\t\t\t\t}\n\t\t\t}\n\t\t\t\t\t\t]\n\t}\n<\/script>\n","protected":false},"excerpt":{"rendered":"<p>The Technical Inspection Authority examination for mobile and portable cranes is characterised by two stages. You start with a written examination consisting of 15 closed questions. Once this is completed, you move to the manoeuvring area to demonstrate your skills in operating and maintaining your chosen machine. The exam is supervised by a committee appointed by the UDT. A positive result qualifies you to become an operator and maintainer of mobile and portable cranes.  Validity of the UDT certificate After passing the exam, the trainees obtain an UDT certificate recognised throughout the European Union. These certificates are valid for 3-5 years for each type of crane. They must be renewed regularly, at least 3 months before their expiry date.  Conditions for the trainee Each trainee must meet several conditions regulated by the Office of Technical Inspection in order to take the UDT training and examination. These are:  Classification of cranes If you would like to expand your competence and knowledge of other working machinery with the classification of cranes, we have a number of courses available for the operator and maintainer of these machines. They are divided by rotating mechanism, base types, mounting and boom types, capacity limitations and drive type. These include:  Crane operator\/maintainer salaries Crane operator and maintainer salaries for 2022 are 3-4 thousand gross per month. This depends on the type of machine and the employee's experience. Typically, experienced individuals can expect to earn between 5-6 thousand gross per month (2022). Abroad, the median earnings are several times higher.  Where do we train? We conduct training courses in Warsaw, but we have also launched an offer of courses with travel to the client. We organise training for groups and one-to-one.  Other courses in ERGON: Questions and answers<\/p>","protected":false},"author":1,"featured_media":2737,"parent":1828,"menu_order":0,"comment_status":"closed","ping_status":"closed","template":"","meta":{"sfsi_plus_gutenberg_text_before_share":"","sfsi_plus_gutenberg_show_text_before_share":"","sfsi_plus_gutenberg_icon_type":"","sfsi_plus_gutenberg_icon_alignemt":"","sfsi_plus_gutenburg_max_per_row":"","footnotes":""},"class_list":["post-2736","page","type-page","status-publish","has-post-thumbnail","hentry","has_thumb"],"aioseo_notices":[],"_links":{"self":[{"href":"https:\/\/odk-ergon.pl\/en\/wp-json\/wp\/v2\/pages\/2736","targetHints":{"allow":["GET"]}}],"collection":[{"href":"https:\/\/odk-ergon.pl\/en\/wp-json\/wp\/v2\/pages"}],"about":[{"href":"https:\/\/odk-ergon.pl\/en\/wp-json\/wp\/v2\/types\/page"}],"author":[{"embeddable":true,"href":"https:\/\/odk-ergon.pl\/en\/wp-json\/wp\/v2\/users\/1"}],"replies":[{"embeddable":true,"href":"https:\/\/odk-ergon.pl\/en\/wp-json\/wp\/v2\/comments?post=2736"}],"version-history":[{"count":8,"href":"https:\/\/odk-ergon.pl\/en\/wp-json\/wp\/v2\/pages\/2736\/revisions"}],"predecessor-version":[{"id":3416,"href":"https:\/\/odk-ergon.pl\/en\/wp-json\/wp\/v2\/pages\/2736\/revisions\/3416"}],"up":[{"embeddable":true,"href":"https:\/\/odk-ergon.pl\/en\/wp-json\/wp\/v2\/pages\/1828"}],"wp:featuredmedia":[{"embeddable":true,"href":"https:\/\/odk-ergon.pl\/en\/wp-json\/wp\/v2\/media\/2737"}],"wp:attachment":[{"href":"https:\/\/odk-ergon.pl\/en\/wp-json\/wp\/v2\/media?parent=2736"}],"curies":[{"name":"wp","href":"https:\/\/api.w.org\/{rel}","templated":true}]}}