{"id":2748,"date":"2023-03-24T16:54:52","date_gmt":"2023-03-24T15:54:52","guid":{"rendered":"https:\/\/odk-ergon.pl\/?page_id=2748"},"modified":"2023-03-25T00:50:10","modified_gmt":"2023-03-24T23:50:10","slug":"operator-transport-udt-tdt-wdt","status":"publish","type":"page","link":"https:\/\/odk-ergon.pl\/en\/szkolenia\/uprawnienia-udt-tdt\/operator-urzadzen-transportu-bliskiego-udt-tdt-wdt\/","title":{"rendered":"UDT, TDT and WDT training of handling equipment operators"},"content":{"rendered":"\n<p>O\u015brodki szkoleniowe ERGON od lat z sukcesem szkol\u0105 kursant\u00f3w w zakresie Urz\u0105dze\u0144 Transportu Bliskiego. Zdob\u0119dziesz u nas stosowne uprawnienia do obs\u0142ugi urz\u0105dze\u0144 regulowanych przez UDT, TDT i WDT. Przyszli operatorzy otrzymaj\u0105 od nas potrzebne informacje w przyst\u0119pny i \u0142atwy do przyswojenia spos\u00f3b. Wyspecjalizowana kadra fachowc\u00f3w przeka\u017ce Ci niezb\u0119dn\u0105 wiedz\u0119 i umiej\u0119tno\u015bci by zda\u0107 wymagane egzaminy i zdoby\u0107 certyfikaty. Mo\u017cesz liczy\u0107 na nasz\u0105 asyst\u0119 podczas procesu egzaminowania. Bezpo\u015brednim dowodem naszej wysokiej zdawalno\u015bci egzamin\u00f3w s\u0105 tysi\u0105ce zadowolonych operator\u00f3w.&nbsp;<\/p>\n\n\n\n<h2 class=\"wp-block-heading\">Przebieg szkolenia&nbsp;<\/h2>\n\n\n\n<p>W naszym o\u015brodku opracowali\u015bmy szczeg\u00f3\u0142owe kursy dla przysz\u0142ych operator\u00f3w maszyn transportu bliskiego. Szkolenia dziel\u0105 si\u0119 na cz\u0119\u015b\u0107 teoretyczn\u0105 oraz cz\u0119\u015b\u0107 praktyczn\u0105. Wychodz\u0105c naprzeciw oczekiwaniom naszych klient\u00f3w oferujemy zrealizowanie cz\u0119\u015bci wyk\u0142adowej na miejscu, jak i online. Praktyka odbywa si\u0119 w g\u0142\u00f3wnym o\u015brodku szkoleniowym, w Warszawie. Mamy do dyspozycji szerokie zaplecze maszynowe &#8211; wszystko do dyspozycji przysz\u0142ych kursant\u00f3w. Mo\u017cesz korzysta\u0107 z wiedzy naszych szkoleniowc\u00f3w \u2013 zostan\u0105 Ci przekazane wszelkie niezb\u0119dne informacje by pozytywnie przej\u015b\u0107 przez testy UDT, TDT czy WDT.&nbsp;&nbsp;<\/p>\n\n\n\n<h3 class=\"wp-block-heading\">Cz\u0119\u015b\u0107 teoretyczna obejmuje:&nbsp;<\/h3>\n\n\n\n<ul class=\"wp-block-list\">\n<li>poznanie i zrozumienie zasad BHP podczas pracy z urz\u0105dzeniem lub na danym stanowisku,&nbsp;<\/li>\n\n\n\n<li>zapoznanie si\u0119 z zasadami bezpiecznej eksploatacji maszyny,&nbsp;<\/li>\n\n\n\n<li>obeznanie si\u0119 z budow\u0105 wybranej maszyny,&nbsp;<\/li>\n\n\n\n<li>proces przeprowadzenia dokumentacji technicznej.&nbsp;<\/li>\n<\/ul>\n\n\n\n<h3 class=\"wp-block-heading\">Cz\u0119\u015b\u0107 praktyczna sk\u0142ada si\u0119 na:&nbsp;<\/h3>\n\n\n\n<ul class=\"wp-block-list\">\n<li>wszechstronna nauka obs\u0142ugi urz\u0105dzenia,&nbsp;<\/li>\n\n\n\n<li>obs\u0142uga uk\u0142adu kierowniczego \u2013 nauka poruszania si\u0119 maszyn\u0105,&nbsp;<\/li>\n\n\n\n<li>wykonanie zleconych \u0107wicze\u0144 na placu manewrowym.&nbsp;<\/li>\n<\/ul>\n\n\n\n<h2 class=\"wp-block-heading\"><strong>Egzamin UDT, TDT i WDT<\/strong>&nbsp;<\/h2>\n\n\n<div class=\"wp-block-image\">\n<figure class=\"alignleft size-large is-resized\"><a href=\"https:\/\/odk-ergon.pl\/wp-content\/uploads\/2023\/03\/operatorzy-maszyn.jpg\"><img loading=\"lazy\" decoding=\"async\" src=\"https:\/\/odk-ergon.pl\/wp-content\/uploads\/2023\/03\/operatorzy-maszyn-1024x682.jpg\" alt=\"szkoleniowiec przedstawiaj\u0105cy prezentacj\u0119 na wyk\u0142adzie\" class=\"wp-image-2750\" width=\"512\" height=\"341\" srcset=\"https:\/\/odk-ergon.pl\/wp-content\/uploads\/2023\/03\/operatorzy-maszyn-1024x682.jpg 1024w, https:\/\/odk-ergon.pl\/wp-content\/uploads\/2023\/03\/operatorzy-maszyn-300x200.jpg 300w, https:\/\/odk-ergon.pl\/wp-content\/uploads\/2023\/03\/operatorzy-maszyn-768x512.jpg 768w, https:\/\/odk-ergon.pl\/wp-content\/uploads\/2023\/03\/operatorzy-maszyn-1536x1024.jpg 1536w, https:\/\/odk-ergon.pl\/wp-content\/uploads\/2023\/03\/operatorzy-maszyn-2048x1365.jpg 2048w, https:\/\/odk-ergon.pl\/wp-content\/uploads\/2023\/03\/operatorzy-maszyn-18x12.jpg 18w, https:\/\/odk-ergon.pl\/wp-content\/uploads\/2023\/03\/operatorzy-maszyn-624x416.jpg 624w\" sizes=\"auto, (max-width: 512px) 100vw, 512px\" \/><\/a><\/figure>\n<\/div>\n\n\n<p>Zgodnie z pozwoleniem podpisanym przez przedstawicieli Urz\u0119du Dozoru Technicznego, Transportowego Dozoru Technicznego i Wojskowego Dozoru Technicznego, jednostki te wzajemnie respektuj\u0105 wystawiane przez siebie certyfikaty. Oznacza to, \u017ce operatorzy z uprawnieniami UDT b\u0119d\u0105 mogli korzysta\u0107 r\u00f3wnie\u017c z maszyn o specyfikacji TDT, WDT i odwrotnie.&nbsp;<\/p>\n\n\n\n<p>Egzamin certyfikuj\u0105cy dla operator\u00f3w sk\u0142ada si\u0119 z dw\u00f3ch cz\u0119\u015bci w przypadku ka\u017cdej instytucji. Cz\u0119\u015bci teoretycznej oraz cz\u0119\u015bci praktycznej. Test teoretyczny zawiera zamkni\u0119te pytania, jednokrotnego wyboru. Sprawdza on wiedz\u0119 z zakresu budowy maszyny oraz poprawnego jej u\u017cytkowania. Natomiast praktyka obejmuje egzaminowanie z poruszania si\u0119 i obs\u0142ugi urz\u0105dze\u0144 na placu manewrowym. Nale\u017cy wykona\u0107 kilka zada\u0144 zleconych przez egzaminator\u00f3w, by sprawdzone zosta\u0142y umiej\u0119tno\u015bci manualne, znajomo\u015b\u0107 BHP oraz umiej\u0119tno\u015bci poruszania si\u0119 pojazdem. O pozytywnym wyniku procesu egzaminowania \u015bwiadczy zaliczenie obu jego cz\u0119\u015bci. Gwarantuje to uzyskanie uprawnie\u0144 do wykonywania zawodu operatora maszyn UDT, TDT i WDT wraz z za\u015bwiadczeniem kwalifikacyjnym.&nbsp;&nbsp;<\/p>\n\n\n\n<h2 class=\"wp-block-heading\">Warunki dla kursant\u00f3w&nbsp;<\/h2>\n\n\n\n<p>Kursant musi spe\u0142ni\u0107 kilka wymaga\u0144 by przyst\u0105pi\u0107 do szkolenia:&nbsp;<\/p>\n\n\n\n<ul class=\"wp-block-list\">\n<li>musi by\u0107 pe\u0142noletni,&nbsp;<\/li>\n\n\n\n<li>nale\u017cy posiada\u0107 aktualne badania lekarskie od lekarza medycyny pracy,&nbsp;<\/li>\n\n\n\n<li>mie\u0107 wykszta\u0142cenie podstawowe,&nbsp;<\/li>\n\n\n\n<li>je\u015bli mamy w planach poruszanie si\u0119 maszynami po drogach publicznych nale\u017cy r\u00f3wnie\u017c posiada\u0107 prawo jazdy kategorii B.&nbsp;<br>&nbsp;&nbsp;<\/li>\n<\/ul>\n\n\n\n<h2 class=\"wp-block-heading\">Organy uprawniaj\u0105ce<\/h2>\n\n\n\n<p>Pozytywny wynik testu uprawnia do wykonywania zawodu operatora. Uprawnienia zawodowe wydawane s\u0105 przez instytucje: Urz\u0119du Dozoru Technicznego, Transportowego Dozoru Technicznego lub Wojskowego Dozoru Technicznego. Za\u015bwiadczenia kwalifikacyjne honorowane s\u0105 na terenie Polski oraz Unii Europejskiej. Certyfikat wa\u017cny jest przez okres 3 \u2013 5 lat. Nale\u017cy go odnawia\u0107 na 3 miesi\u0105ce przed wyga\u015bni\u0119ciem terminu wa\u017cno\u015bci.&nbsp;<\/p>\n\n\n\n<h2 class=\"wp-block-heading\"><strong>Urz\u0105dzenia podlegaj\u0105ce pod uprawnienia UDT, TDT i WDT<\/strong>&nbsp;<\/h2>\n\n\n\n<p>Urz\u0105dzenia Transportu Bliskiego wymagaj\u0105ce uprawnie\u0144 UDT, TDT oraz WDT:&nbsp;<\/p>\n\n\n\n<ul class=\"wp-block-list\">\n<li>d\u017awigi budowlane, osobowe i towarowe,&nbsp;&nbsp;<\/li>\n\n\n\n<li>podesty ruchome przejezdne, wisz\u0105ce i masztowe,&nbsp;<\/li>\n\n\n\n<li>suwnice,&nbsp;&nbsp;<\/li>\n\n\n\n<li>\u017curawie stacjonarne i samojezdne,&nbsp;&nbsp;<\/li>\n\n\n\n<li>w\u00f3zki jezdniowe podno\u015bnikowe (w\u00f3zki wid\u0142owe),&nbsp;&nbsp;<\/li>\n\n\n\n<li>d\u017awigniki,&nbsp;<\/li>\n\n\n\n<li>uk\u0142adnice. &nbsp;<br>&nbsp;<\/li>\n<\/ul>\n\n\n\n<h2 class=\"wp-block-heading\"><strong>Wynagrodzenie operator\u00f3w maszyn UTB<\/strong>&nbsp;<\/h2>\n\n\n<div class=\"wp-block-image\">\n<figure class=\"alignleft size-large is-resized\"><a href=\"https:\/\/odk-ergon.pl\/wp-content\/uploads\/2023\/03\/operator.jpg\"><img loading=\"lazy\" decoding=\"async\" src=\"https:\/\/odk-ergon.pl\/wp-content\/uploads\/2023\/03\/operator-1024x576.jpg\" alt=\"operator d\u017awigu\" class=\"wp-image-2751\" width=\"512\" height=\"288\" srcset=\"https:\/\/odk-ergon.pl\/wp-content\/uploads\/2023\/03\/operator-1024x576.jpg 1024w, https:\/\/odk-ergon.pl\/wp-content\/uploads\/2023\/03\/operator-300x169.jpg 300w, https:\/\/odk-ergon.pl\/wp-content\/uploads\/2023\/03\/operator-768x432.jpg 768w, https:\/\/odk-ergon.pl\/wp-content\/uploads\/2023\/03\/operator-18x10.jpg 18w, https:\/\/odk-ergon.pl\/wp-content\/uploads\/2023\/03\/operator-624x351.jpg 624w, https:\/\/odk-ergon.pl\/wp-content\/uploads\/2023\/03\/operator.jpg 1200w\" sizes=\"auto, (max-width: 512px) 100vw, 512px\" \/><\/a><\/figure>\n<\/div>\n\n\n<p>Wynagrodzenia operator\u00f3w maszyn transportu bliskiego uzale\u017cnione s\u0105 od maszyn, do\u015bwiadczenia i kwalifikacji operatora. Przyk\u0142adowo na rok 2022 stawki operatora \u017curawia samojezdnego wynosz\u0105 od 5-6 tysi\u0119cy z\u0142otych brutto miesi\u0119cznie, natomiast zarobki operatora d\u017awiga kszta\u0142tuj\u0105 si\u0119 w granicach 4-5 tysi\u0119cy brutto miesi\u0119cznie. Operatorzy urz\u0105dze\u0144 transportu bliskiego za granic\u0105 mog\u0105 liczy\u0107 na trzykrotnie wi\u0119ksze p\u0142ace.&nbsp;<\/p>\n\n\n\n<h2 class=\"wp-block-heading\">Znani producenci urz\u0105dze\u0144 transportu bliskiego<\/h2>\n\n\n\n<p>Popularnymi producentami Urz\u0105dze\u0144 Transportu Bliskiego w Polsce s\u0105:&nbsp;<\/p>\n\n\n\n<ul class=\"wp-block-list\">\n<li>DALMEC,&nbsp;<\/li>\n\n\n\n<li>Mechanica,&nbsp;<\/li>\n\n\n\n<li>FlexLink,&nbsp;<\/li>\n\n\n\n<li>GTM,&nbsp;<\/li>\n\n\n\n<li>INTEGATOR,&nbsp;<\/li>\n\n\n\n<li>FUUTONLAB,&nbsp;<\/li>\n\n\n\n<li>FESTO,&nbsp;<\/li>\n\n\n\n<li>SCHMALZ,&nbsp;<\/li>\n\n\n\n<li>PIBM.&nbsp;<\/li>\n<\/ul>\n\n\n\n<h2 class=\"wp-block-heading\">Gdzie nas znajdziesz?<\/h2>\n\n\n\n<p>Us\u0142ugi szkoleniowe przeprowadzamy g\u0142\u00f3wnie w naszym o\u015brodku szkoleniowym w Warszawie. Cz\u0119\u015b\u0107 teoretyczna mo\u017ce odbywa\u0107 si\u0119 zar\u00f3wno w filii jak i online. Natomiast praktyka musi odbywa\u0107 si\u0119 u nas. Dysponujemy pe\u0142nym zapleczem maszynowym do Twojego u\u017cytku. Oferujemy szkolenia grupowe i indywidualne.&nbsp;<\/p>\n\n\n\n<h2 class=\"wp-block-heading\"><strong>I<\/strong>nne kursy w ERGON&nbsp;<\/h2>\n\n\n\n<p>W ERGON mo\u017cemy zaproponowa\u0107 r\u00f3wnie\u017c wiele innych kurs\u00f3w. Mi\u0119dzy innymi:&nbsp;<\/p>\n\n\n\n<ul class=\"wp-block-list\">\n<li>kursy na podesty ruchome,&nbsp;<\/li>\n\n\n\n<li>kursy na \u0142adowarki teleskopowe,&nbsp;<\/li>\n\n\n\n<li>kursy na \u017curawie HDS,&nbsp;<\/li>\n\n\n\n<li>kursy na suwnice wid\u0142owe,&nbsp;<\/li>\n\n\n\n<li>kursy lotnicze,&nbsp;<\/li>\n\n\n\n<li>kursy na w\u00f3zki wid\u0142owe,&nbsp;<\/li>\n\n\n\n<li>kursy BHP,&nbsp;&nbsp;<\/li>\n\n\n\n<li>kursy PPO\u017b,&nbsp;<\/li>\n\n\n\n<li>kursy pierwszej pomocy przedmedycznej,&nbsp;<\/li>\n\n\n\n<li>kursy ADR,&nbsp;<\/li>\n\n\n\n<li>kurs diagnosty samochodowego,&nbsp;<\/li>\n\n\n\n<li>kurs hakowego sygnalisty,&nbsp;<\/li>\n\n\n\n<li>kurs d\u017awigowego oraz operatora nalewak\u00f3w TDT.<\/li>\n<\/ul>\n\n\n\n<h2 class=\"wp-block-heading\">Pytania i odpowiedzi<\/h2>\n\n\n\t\t<details\t\thelp class=\"sc_fs_faq sc_card    \"\n\t\topen\t\t>\n\t\t\t\t\t<summary>\n\t\t\t\t<h3>Gdzie prowadzone s\u0105 szkolenia? <\/h3>\t\t\t\t\t<\/summary>\n\t\t\t\t<div>\n\t\t\t\t\t\t<div class=\"sc_fs_faq__content\">\n\t\t\t\t\n\n<p>Nasze kursy przeprowadzamy w Warszawie. Cz\u0119\u015b\u0107 praktyczna musi by\u0107 prowadzona w naszym o\u015brodku, a cz\u0119\u015b\u0107 teoretyczna mo\u017cliwa jest do zaliczenia online.&nbsp;<\/p>\n\n\t\t\t<\/div>\n\t\t<\/div>\n\t\t<\/details>\n\t\t\t\t<details\t\thelp class=\"sc_fs_faq sc_card    \"\n\t\t\t\t>\n\t\t\t\t\t<summary>\n\t\t\t\t<h3>Kto wydaje certyfikat uprawniaj\u0105cy do obs\u0142ugi UTB? <\/h3>\t\t\t\t\t<\/summary>\n\t\t\t\t<div>\n\t\t\t\t\t\t<div class=\"sc_fs_faq__content\">\n\t\t\t\t\n\n<p>Wydawaniem certyfikat\u00f3w UTB zajmuj\u0105 si\u0119 przedstawiciele instytucji: Urz\u0119du Dozoru Technicznego, Transportowego Dozoru Technicznego lub Wojskowego Dozoru Technicznego.&nbsp;<\/p>\n\n\t\t\t<\/div>\n\t\t<\/div>\n\t\t<\/details>\n\t\t\n<script type=\"application\/ld+json\">\n\t{\n\t\t\"@context\": \"https:\/\/schema.org\",\n\t\t\"@type\": \"FAQPage\",\n\t\t\"mainEntity\": [\n\t\t\t\t\t{\n\t\t\t\t\"@type\": \"Question\",\n\t\t\t\t\"name\": \"Gdzie prowadzone s\u0105 szkolenia? \",\n\t\t\t\t\"acceptedAnswer\": {\n\t\t\t\t\t\"@type\": \"Answer\",\n\t\t\t\t\t\"text\": \"<p>Nasze kursy przeprowadzamy w Warszawie. Cz\u0119\u015b\u0107 praktyczna musi by\u0107 prowadzona w naszym o\u015brodku, a cz\u0119\u015b\u0107 teoretyczna mo\u017cliwa jest do zaliczenia online.&nbsp;<\/p>\"\n\t\t\t\t\t\t\t\t\t}\n\t\t\t}\n\t\t\t,\t\t\t\t{\n\t\t\t\t\"@type\": \"Question\",\n\t\t\t\t\"name\": \"Kto wydaje certyfikat uprawniaj\u0105cy do obs\u0142ugi UTB? \",\n\t\t\t\t\"acceptedAnswer\": {\n\t\t\t\t\t\"@type\": \"Answer\",\n\t\t\t\t\t\"text\": \"<p>Wydawaniem certyfikat\u00f3w UTB zajmuj\u0105 si\u0119 przedstawiciele instytucji: Urz\u0119du Dozoru Technicznego, Transportowego Dozoru Technicznego lub Wojskowego Dozoru Technicznego.&nbsp;<\/p>\"\n\t\t\t\t\t\t\t\t\t}\n\t\t\t}\n\t\t\t\t\t\t]\n\t}\n<\/script>\n","protected":false},"excerpt":{"rendered":"<p>O\u015brodki szkoleniowe ERGON od lat z sukcesem szkol\u0105 kursant\u00f3w w zakresie Urz\u0105dze\u0144 Transportu Bliskiego. Zdob\u0119dziesz u nas stosowne uprawnienia do obs\u0142ugi urz\u0105dze\u0144 regulowanych przez UDT, TDT i WDT. Przyszli operatorzy otrzymaj\u0105 od nas potrzebne informacje w przyst\u0119pny i \u0142atwy do przyswojenia spos\u00f3b. Wyspecjalizowana kadra fachowc\u00f3w przeka\u017ce Ci niezb\u0119dn\u0105 wiedz\u0119 i umiej\u0119tno\u015bci by zda\u0107 wymagane egzaminy i zdoby\u0107 certyfikaty. Mo\u017cesz liczy\u0107 na nasz\u0105 asyst\u0119 podczas procesu egzaminowania. Bezpo\u015brednim dowodem naszej wysokiej zdawalno\u015bci egzamin\u00f3w s\u0105 tysi\u0105ce zadowolonych operator\u00f3w.&nbsp; Przebieg szkolenia&nbsp; W naszym o\u015brodku opracowali\u015bmy szczeg\u00f3\u0142owe kursy dla przysz\u0142ych operator\u00f3w maszyn transportu bliskiego. Szkolenia dziel\u0105 si\u0119 na cz\u0119\u015b\u0107 teoretyczn\u0105 oraz cz\u0119\u015b\u0107 praktyczn\u0105. Wychodz\u0105c naprzeciw oczekiwaniom naszych klient\u00f3w oferujemy zrealizowanie cz\u0119\u015bci wyk\u0142adowej na miejscu, jak i online. Praktyka odbywa si\u0119 w g\u0142\u00f3wnym o\u015brodku szkoleniowym, w Warszawie. Mamy do dyspozycji szerokie zaplecze maszynowe &#8211; wszystko do dyspozycji przysz\u0142ych kursant\u00f3w. Mo\u017cesz korzysta\u0107 z wiedzy naszych szkoleniowc\u00f3w \u2013 zostan\u0105 Ci przekazane wszelkie niezb\u0119dne informacje by pozytywnie przej\u015b\u0107 przez testy UDT, TDT czy WDT.&nbsp;&nbsp; Cz\u0119\u015b\u0107 teoretyczna obejmuje:&nbsp; Cz\u0119\u015b\u0107 praktyczna sk\u0142ada si\u0119 na:&nbsp; Egzamin UDT, TDT i WDT&nbsp; Zgodnie z pozwoleniem podpisanym przez przedstawicieli Urz\u0119du Dozoru Technicznego, Transportowego Dozoru Technicznego i Wojskowego Dozoru Technicznego, jednostki te wzajemnie respektuj\u0105 wystawiane przez siebie certyfikaty. Oznacza to, \u017ce operatorzy z uprawnieniami UDT b\u0119d\u0105 mogli korzysta\u0107 r\u00f3wnie\u017c z maszyn o specyfikacji TDT, WDT i odwrotnie.&nbsp; Egzamin certyfikuj\u0105cy dla operator\u00f3w sk\u0142ada si\u0119 z dw\u00f3ch cz\u0119\u015bci w przypadku ka\u017cdej instytucji. Cz\u0119\u015bci teoretycznej oraz cz\u0119\u015bci praktycznej. Test teoretyczny zawiera zamkni\u0119te pytania, jednokrotnego wyboru. Sprawdza on wiedz\u0119 z zakresu budowy maszyny oraz poprawnego jej u\u017cytkowania. Natomiast praktyka obejmuje egzaminowanie z poruszania si\u0119 [&hellip;]<\/p>\n","protected":false},"author":1,"featured_media":2749,"parent":1828,"menu_order":0,"comment_status":"closed","ping_status":"closed","template":"","meta":{"sfsi_plus_gutenberg_text_before_share":"","sfsi_plus_gutenberg_show_text_before_share":"","sfsi_plus_gutenberg_icon_type":"","sfsi_plus_gutenberg_icon_alignemt":"","sfsi_plus_gutenburg_max_per_row":"","footnotes":""},"class_list":["post-2748","page","type-page","status-publish","has-post-thumbnail","hentry","has_thumb"],"aioseo_notices":[],"_links":{"self":[{"href":"https:\/\/odk-ergon.pl\/en\/wp-json\/wp\/v2\/pages\/2748","targetHints":{"allow":["GET"]}}],"collection":[{"href":"https:\/\/odk-ergon.pl\/en\/wp-json\/wp\/v2\/pages"}],"about":[{"href":"https:\/\/odk-ergon.pl\/en\/wp-json\/wp\/v2\/types\/page"}],"author":[{"embeddable":true,"href":"https:\/\/odk-ergon.pl\/en\/wp-json\/wp\/v2\/users\/1"}],"replies":[{"embeddable":true,"href":"https:\/\/odk-ergon.pl\/en\/wp-json\/wp\/v2\/comments?post=2748"}],"version-history":[{"count":5,"href":"https:\/\/odk-ergon.pl\/en\/wp-json\/wp\/v2\/pages\/2748\/revisions"}],"predecessor-version":[{"id":3370,"href":"https:\/\/odk-ergon.pl\/en\/wp-json\/wp\/v2\/pages\/2748\/revisions\/3370"}],"up":[{"embeddable":true,"href":"https:\/\/odk-ergon.pl\/en\/wp-json\/wp\/v2\/pages\/1828"}],"wp:featuredmedia":[{"embeddable":true,"href":"https:\/\/odk-ergon.pl\/en\/wp-json\/wp\/v2\/media\/2749"}],"wp:attachment":[{"href":"https:\/\/odk-ergon.pl\/en\/wp-json\/wp\/v2\/media?parent=2748"}],"curies":[{"name":"wp","href":"https:\/\/api.w.org\/{rel}","templated":true}]}}