{"id":2759,"date":"2023-03-24T16:58:44","date_gmt":"2023-03-24T15:58:44","guid":{"rendered":"https:\/\/odk-ergon.pl\/?page_id=2759"},"modified":"2023-03-25T00:48:21","modified_gmt":"2023-03-24T23:48:21","slug":"cranes-freight-persons","status":"publish","type":"page","link":"https:\/\/odk-ergon.pl\/en\/szkolenia\/uprawnienia-udt-tdt\/dzwigi-towarowo-osobowe\/","title":{"rendered":"Freight and passenger cranes"},"content":{"rendered":"\n<p>Nasza firma ERGON prowadzi kurs maj\u0105cy na celu przygotowa\u0107 kursanta do uzyskania uprawnie\u0144 w celu podj\u0119cia pracy z d\u017awigiem towarowo\u2013osobowym oraz szpitalnym. Szkolenie skierowane jest dla os\u00f3b, kt\u00f3re potrafi\u0105 i\/lub chc\u0105 wykonywa\u0107 prac\u0119 zazwyczaj samemu i podchodz\u0105 z pe\u0142n\u0105 odpowiedzialno\u015bci\u0105 do zleconych zada\u0144.&nbsp;<\/p>\n\n\n\n<h2 class=\"wp-block-heading\"><strong>Rodzaje d\u017awig\u00f3w jakie wyst\u0119puj\u0105&nbsp;<\/strong>&nbsp;<\/h2>\n\n\n\n<p>Wyst\u0119puje kilka rodzaj\u00f3w tych d\u017awig\u00f3w, a s\u0105 nimi:&nbsp;<\/p>\n\n\n\n<ul class=\"wp-block-list\">\n<li>d\u017awig szpitalny,&nbsp;<\/li>\n\n\n\n<li>d\u017awig osobowy,&nbsp;<\/li>\n\n\n\n<li>d\u017awig towarowy,&nbsp;<\/li>\n\n\n\n<li>d\u017awig towarowo-osobowy,&nbsp;<\/li>\n\n\n\n<li>d\u017awig budowlany.&nbsp;<\/li>\n<\/ul>\n\n\n\n<p>Na naszym kursie dowiesz si\u0119 wszystkiego odno\u015bnie d\u017awigu towarowo-osobowego i szpitalnego.&nbsp;<\/p>\n\n\n\n<h2 class=\"wp-block-heading\"><strong>D\u017awig szpitalny<\/strong>&nbsp;<\/h2>\n\n\n\n<p>Windy szpitalne nale\u017c\u0105 do tych szczeg\u00f3lnie zaawansowanych, d\u017awigi te zosta\u0142y przystosowane do pracy w bardzo wymagaj\u0105cych warunkach. Wa\u017cna kwesti\u0105 jest odpowiedni wymiar kabiny, kt\u00f3ra musi pomie\u015bci\u0107 personel oraz \u0142\u00f3\u017cka szpitalne, w\u00f3zki dla os\u00f3b niepe\u0142nosprawnych i aparatury. Wymiary jakie zazwyczaj posiadaj\u0105 takie windy szpitalne wynosz\u0105 1400 mm szeroko\u015bci, 2400 mm g\u0142\u0119boko\u015bci oraz 1200 mm szeroko\u015bci drzwi. Wszystko jest tak skonstruowane, aby pomie\u015bci\u0107 jak najwi\u0119ksz\u0105 liczb\u0119 os\u00f3b i rzeczy.&nbsp;&nbsp;<\/p>\n\n\n\n<p>Windy szpitalne musz\u0105 by\u0107 wyposa\u017cone w specjalne funkcje. Do jednej z tych funkcji zaliczamy ,,jazd\u0119 szpitaln\u0105\u2019\u2019, w tym przypadku blokowana jest mo\u017cliwo\u015b\u0107 zatrzymania windy dla innych os\u00f3b. Taki tryb d\u017awigu szpitalnego wykorzystujemy w sytuacjach pilnego przetransportowania pacjenta. Warto zaznaczy\u0107, \u017ce windy szpitalne powinny posiada\u0107 mo\u017cliwo\u015b\u0107, kt\u00f3ra blokuje ich u\u017cycie dla os\u00f3b postronnych.&nbsp;<\/p>\n\n\n\n<p>Ka\u017cdy d\u017awig szpitalny musi te\u017c zatrzymywa\u0107 si\u0119 na poziomie r\u00f3wnym pod\u0142odze, aby osoby mia\u0142y umo\u017cliwione bezproblemowe wyj\u015bcie z kabiny. Dotyczy to g\u0142\u00f3wnie \u0142\u00f3\u017cek szpitalnych oraz os\u00f3b poruszaj\u0105cych si\u0119 na w\u00f3zkach inwalidzkich.&nbsp;&nbsp;<\/p>\n\n\n\n<h2 class=\"wp-block-heading\"><strong>Co zyskuje si\u0119 po naszym kursie?<\/strong>&nbsp;<\/h2>\n\n\n\n<p>Dzi\u0119ki naszym szkoleniom, ka\u017cdy uczestnik dostaje mo\u017cliwo\u015b\u0107 zdania pozytywnie egzaminu UDT w celu uzyskania potrzebnych kwalifikacji. Dzi\u0119ki nim mo\u017cemy pracowa\u0107 z d\u017awigami towarowo-osobowymi sterowanymi wewn\u0105trz oraz d\u017awigami szpitalnymi.&nbsp;<\/p>\n\n\n\n<h2 class=\"wp-block-heading\"><strong>Ile czasu wa\u017cne s\u0105 uprawnienia do obs\u0142ugi d\u017awigu towarowo-osobowego?<\/strong>&nbsp;<\/h2>\n\n\n\n<p>Po odbyciu kursu i zaliczeniu egzaminu UDT osoba otrzymuje <strong>kwalifikacje zawodowe, wa\u017cne przez 10 lat <\/strong>od momentu pozytywnego wyniku egzaminu. Je\u015bli chcemy przed\u0142u\u017cy\u0107 wa\u017cno\u015b\u0107 kwalifikacji, nale\u017cy z\u0142o\u017cy\u0107 wniosek do jednostki UDT, nie p\u00f3\u017aniej ni\u017c 3 miesi\u0105ce przed ich up\u0142ywem wa\u017cno\u015bci. Aby wniosek zosta\u0142 rozpatrzony pozytywnie nale\u017cy zawrze\u0107 w nim, \u017ce przez okres ostatnich 5 lat wykonywali\u015bmy przez co najmniej 3 lata, prace na stanowisku operatora wind i d\u017awig\u00f3w.&nbsp;<\/p>\n\n\n\n<h2 class=\"wp-block-heading\"><strong>Kto mo\u017ce pracowa\u0107 z d\u017awigami towarowo-osobowymi i szpitalnymi?<\/strong>&nbsp;<\/h2>\n\n\n<div class=\"wp-block-image\">\n<figure class=\"alignleft size-large is-resized\"><a href=\"https:\/\/odk-ergon.pl\/wp-content\/uploads\/2023\/03\/dzwig.jpg\"><img loading=\"lazy\" decoding=\"async\" src=\"https:\/\/odk-ergon.pl\/wp-content\/uploads\/2023\/03\/dzwig-768x1024.jpg\" alt=\"zaj\u0119cia praktyczne z wind szpitalnych \" class=\"wp-image-2761\" width=\"384\" height=\"512\" srcset=\"https:\/\/odk-ergon.pl\/wp-content\/uploads\/2023\/03\/dzwig-768x1024.jpg 768w, https:\/\/odk-ergon.pl\/wp-content\/uploads\/2023\/03\/dzwig-225x300.jpg 225w, https:\/\/odk-ergon.pl\/wp-content\/uploads\/2023\/03\/dzwig-1152x1536.jpg 1152w, https:\/\/odk-ergon.pl\/wp-content\/uploads\/2023\/03\/dzwig-9x12.jpg 9w, https:\/\/odk-ergon.pl\/wp-content\/uploads\/2023\/03\/dzwig-624x832.jpg 624w, https:\/\/odk-ergon.pl\/wp-content\/uploads\/2023\/03\/dzwig.jpg 1440w\" sizes=\"auto, (max-width: 384px) 100vw, 384px\" \/><\/a><\/figure>\n<\/div>\n\n\n<p>Takiej pracy podj\u0105\u0107 si\u0119 mog\u0105 osoby maj\u0105ce uprawnienia, kt\u00f3re uzyska\u0142y poprzez zaliczenie egzaminu Urz\u0119du Dozoru Technicznego. Pami\u0119tajmy, \u017ce osoba obs\u0142uguj\u0105ca windy jest odpowiedzialna za bezpieczn\u0105 i bezproblemow\u0105 eksploatacje d\u017awigu. Je\u015bli b\u0119dziemy chcieli podj\u0105\u0107 si\u0119 pracy zwi\u0105zanej z eksploatacj\u0105 wind nale\u017cy wiedzie\u0107, \u017ce pracodawca musi by\u0107 pewny, i\u017c jego przysz\u0142y pracownik posiada wiedz\u0119, jest odpowiedzialny oraz ma kompetencje do wykonywania tego rodzaju zada\u0144.&nbsp;<\/p>\n\n\n\n<h2 class=\"wp-block-heading\"><strong>Warunki uczestnictwa w kursie&nbsp;<\/strong>&nbsp;<\/h2>\n\n\n\n<ul class=\"wp-block-list\">\n<li>uko\u0144czenie 18 roku \u017cycia,&nbsp;<\/li>\n\n\n\n<li>nieposiadanie przeciwwskaza\u0144 lekarskich,&nbsp;&nbsp;<\/li>\n\n\n\n<li>posiadanie wykszta\u0142cenia minimum podstawowego,&nbsp;<\/li>\n\n\n\n<li>s\u0105 gotowe do takiej pracy.&nbsp;<\/li>\n<\/ul>\n\n\n\n<p><\/p>\n\n\n\n<h2 class=\"wp-block-heading\"><strong>Dlaczego warto przyst\u0105pi\u0107 do kursu u nas?<\/strong>&nbsp;<\/h2>\n\n\n\n<p>Nasz kurs na d\u017awigi towarowo-osobowe z wewn\u0119trznym sterowaniem oraz szpitalne prowadzony jest przez wykwalifikowanych fachowc\u00f3w. Nasi wyk\u0142adowcy posiadaj\u0105 niezb\u0119dne kwalifikacje zawodowe oraz uprawnienia do przeprowadzania szkole\u0144 UDT, Ka\u017cdy kursant jest odpowiednio przygotowywany z zakresu wiedzy teoretycznej, a nast\u0119pnie praktycznej pod okiem naszych specjalist\u00f3w. Jest to dla nas bardzo wa\u017cne, by ka\u017cdy uczestnik kursu by\u0142 gotowy do zdania egzaminu i zdobycia kwalifikacji zawodowych.&nbsp;<\/p>\n\n\n\n<p><em>Nasze kursy z zakresu wiedzy teoretycznej przeprowadzamy stacjonarnie oraz online.<\/em>&nbsp;<\/p>\n\n\n\n<h2 class=\"wp-block-heading\"><strong>Inne nasze kursy<\/strong>&nbsp;<\/h2>\n\n\n\n<p>Prowadzimy szkolenia r\u00f3wnie\u017c na:&nbsp;<\/p>\n\n\n\n<ul class=\"wp-block-list\">\n<li>w\u00f3zki wid\u0142owe,&nbsp;<\/li>\n\n\n\n<li>suwnice,&nbsp;<\/li>\n\n\n\n<li><a href=\"https:\/\/odk-ergon.pl\/en\/szkolenia\/uprawnienia-udt-tdt\/podeste-ruchome\/\">podesty ruchome<\/a>,&nbsp;<\/li>\n\n\n\n<li>\u0142adowarki teleskopowe.&nbsp;<\/li>\n<\/ul>\n\n\n\n<p>Je\u015bli chcesz dowiedzie\u0107 si\u0119 wi\u0119cej, <a href=\"https:\/\/odk-ergon.pl\/en\/kontakt\/\">skontaktuj si\u0119 z nami<\/a> telefonicznie.&nbsp;<\/p>\n\n\n\n<h2 class=\"wp-block-heading\">Pytania i odpowiedzi<\/h2>\n\n\n\t\t<details\t\thelp class=\"sc_fs_faq sc_card    \"\n\t\topen\t\t>\n\t\t\t\t\t<summary>\n\t\t\t\t<h3>Kto mo\u017ce podj\u0105\u0107 si\u0119 pracy z d\u017awigami szpitalnymi i towarowo-osobowymi? <\/h3>\t\t\t\t\t<\/summary>\n\t\t\t\t<div>\n\t\t\t\t\t\t<div class=\"sc_fs_faq__content\">\n\t\t\t\t\n\n<p>Podj\u0105\u0107 si\u0119 wykonywania pracy z tymi d\u017awigami mog\u0105 osoby, kt\u00f3re zdob\u0119d\u0105 <a href=\"https:\/\/odk-ergon.pl\/en\/szkolenia\/szkolenia-na-suwnice\/uprawnienia\/\">uprawnienia UDT<\/a> poprzez zaliczenie egzaminu pa\u0144stwowego.&nbsp;<\/p>\n\n\t\t\t<\/div>\n\t\t<\/div>\n\t\t<\/details>\n\t\t\t\t<details\t\thelp class=\"sc_fs_faq sc_card    \"\n\t\t\t\t>\n\t\t\t\t\t<summary>\n\t\t\t\t<h3>Przez jaki okres czasu wa\u017cne jest uprawnienie do obs\u0142ugi d\u017awigu towarowo-osobowego? <\/h3>\t\t\t\t\t<\/summary>\n\t\t\t\t<div>\n\t\t\t\t\t\t<div class=\"sc_fs_faq__content\">\n\t\t\t\t\n\n<p>Okres czasu przez jaki mo\u017cna wykonywa\u0107 prace z owym d\u017awigiem wynosi 10 lat od momentu uzyskania uprawnie\u0144.&nbsp;&nbsp;<\/p>\n\n\t\t\t<\/div>\n\t\t<\/div>\n\t\t<\/details>\n\t\t\n<script type=\"application\/ld+json\">\n\t{\n\t\t\"@context\": \"https:\/\/schema.org\",\n\t\t\"@type\": \"FAQPage\",\n\t\t\"mainEntity\": [\n\t\t\t\t\t{\n\t\t\t\t\"@type\": \"Question\",\n\t\t\t\t\"name\": \"Kto mo\u017ce podj\u0105\u0107 si\u0119 pracy z d\u017awigami szpitalnymi i towarowo-osobowymi? \",\n\t\t\t\t\"acceptedAnswer\": {\n\t\t\t\t\t\"@type\": \"Answer\",\n\t\t\t\t\t\"text\": \"<p>Podj\u0105\u0107 si\u0119 wykonywania pracy z tymi d\u017awigami mog\u0105 osoby, kt\u00f3re zdob\u0119d\u0105 uprawnienia UDT poprzez zaliczenie egzaminu pa\u0144stwowego.&nbsp;<\/p>\"\n\t\t\t\t\t\t\t\t\t}\n\t\t\t}\n\t\t\t,\t\t\t\t{\n\t\t\t\t\"@type\": \"Question\",\n\t\t\t\t\"name\": \"Przez jaki okres czasu wa\u017cne jest uprawnienie do obs\u0142ugi d\u017awigu towarowo-osobowego? \",\n\t\t\t\t\"acceptedAnswer\": {\n\t\t\t\t\t\"@type\": \"Answer\",\n\t\t\t\t\t\"text\": \"<p>Okres czasu przez jaki mo\u017cna wykonywa\u0107 prace z owym d\u017awigiem wynosi 10 lat od momentu uzyskania uprawnie\u0144.&nbsp;&nbsp;<\/p>\"\n\t\t\t\t\t\t\t\t\t}\n\t\t\t}\n\t\t\t\t\t\t]\n\t}\n<\/script>\n","protected":false},"excerpt":{"rendered":"<p>Nasza firma ERGON prowadzi kurs maj\u0105cy na celu przygotowa\u0107 kursanta do uzyskania uprawnie\u0144 w celu podj\u0119cia pracy z d\u017awigiem towarowo\u2013osobowym oraz szpitalnym. Szkolenie skierowane jest dla os\u00f3b, kt\u00f3re potrafi\u0105 i\/lub chc\u0105 wykonywa\u0107 prac\u0119 zazwyczaj samemu i podchodz\u0105 z pe\u0142n\u0105 odpowiedzialno\u015bci\u0105 do zleconych zada\u0144.&nbsp; Rodzaje d\u017awig\u00f3w jakie wyst\u0119puj\u0105&nbsp;&nbsp; Wyst\u0119puje kilka rodzaj\u00f3w tych d\u017awig\u00f3w, a s\u0105 nimi:&nbsp; Na naszym kursie dowiesz si\u0119 wszystkiego odno\u015bnie d\u017awigu towarowo-osobowego i szpitalnego.&nbsp; D\u017awig szpitalny&nbsp; Windy szpitalne nale\u017c\u0105 do tych szczeg\u00f3lnie zaawansowanych, d\u017awigi te zosta\u0142y przystosowane do pracy w bardzo wymagaj\u0105cych warunkach. Wa\u017cna kwesti\u0105 jest odpowiedni wymiar kabiny, kt\u00f3ra musi pomie\u015bci\u0107 personel oraz \u0142\u00f3\u017cka szpitalne, w\u00f3zki dla os\u00f3b niepe\u0142nosprawnych i aparatury. Wymiary jakie zazwyczaj posiadaj\u0105 takie windy szpitalne wynosz\u0105 1400 mm szeroko\u015bci, 2400 mm g\u0142\u0119boko\u015bci oraz 1200 mm szeroko\u015bci drzwi. Wszystko jest tak skonstruowane, aby pomie\u015bci\u0107 jak najwi\u0119ksz\u0105 liczb\u0119 os\u00f3b i rzeczy.&nbsp;&nbsp; Windy szpitalne musz\u0105 by\u0107 wyposa\u017cone w specjalne funkcje. Do jednej z tych funkcji zaliczamy ,,jazd\u0119 szpitaln\u0105\u2019\u2019, w tym przypadku blokowana jest mo\u017cliwo\u015b\u0107 zatrzymania windy dla innych os\u00f3b. Taki tryb d\u017awigu szpitalnego wykorzystujemy w sytuacjach pilnego przetransportowania pacjenta. Warto zaznaczy\u0107, \u017ce windy szpitalne powinny posiada\u0107 mo\u017cliwo\u015b\u0107, kt\u00f3ra blokuje ich u\u017cycie dla os\u00f3b postronnych.&nbsp; Ka\u017cdy d\u017awig szpitalny musi te\u017c zatrzymywa\u0107 si\u0119 na poziomie r\u00f3wnym pod\u0142odze, aby osoby mia\u0142y umo\u017cliwione bezproblemowe wyj\u015bcie z kabiny. Dotyczy to g\u0142\u00f3wnie \u0142\u00f3\u017cek szpitalnych oraz os\u00f3b poruszaj\u0105cych si\u0119 na w\u00f3zkach inwalidzkich.&nbsp;&nbsp; Co zyskuje si\u0119 po naszym kursie?&nbsp; Dzi\u0119ki naszym szkoleniom, ka\u017cdy uczestnik dostaje mo\u017cliwo\u015b\u0107 zdania pozytywnie egzaminu UDT w celu uzyskania potrzebnych kwalifikacji. Dzi\u0119ki nim mo\u017cemy pracowa\u0107 z d\u017awigami towarowo-osobowymi sterowanymi wewn\u0105trz oraz d\u017awigami szpitalnymi.&nbsp; Ile czasu wa\u017cne [&hellip;]<\/p>\n","protected":false},"author":1,"featured_media":2760,"parent":1828,"menu_order":0,"comment_status":"closed","ping_status":"closed","template":"","meta":{"sfsi_plus_gutenberg_text_before_share":"","sfsi_plus_gutenberg_show_text_before_share":"","sfsi_plus_gutenberg_icon_type":"","sfsi_plus_gutenberg_icon_alignemt":"","sfsi_plus_gutenburg_max_per_row":"","footnotes":""},"class_list":["post-2759","page","type-page","status-publish","has-post-thumbnail","hentry","has_thumb"],"aioseo_notices":[],"_links":{"self":[{"href":"https:\/\/odk-ergon.pl\/en\/wp-json\/wp\/v2\/pages\/2759","targetHints":{"allow":["GET"]}}],"collection":[{"href":"https:\/\/odk-ergon.pl\/en\/wp-json\/wp\/v2\/pages"}],"about":[{"href":"https:\/\/odk-ergon.pl\/en\/wp-json\/wp\/v2\/types\/page"}],"author":[{"embeddable":true,"href":"https:\/\/odk-ergon.pl\/en\/wp-json\/wp\/v2\/users\/1"}],"replies":[{"embeddable":true,"href":"https:\/\/odk-ergon.pl\/en\/wp-json\/wp\/v2\/comments?post=2759"}],"version-history":[{"count":6,"href":"https:\/\/odk-ergon.pl\/en\/wp-json\/wp\/v2\/pages\/2759\/revisions"}],"predecessor-version":[{"id":3419,"href":"https:\/\/odk-ergon.pl\/en\/wp-json\/wp\/v2\/pages\/2759\/revisions\/3419"}],"up":[{"embeddable":true,"href":"https:\/\/odk-ergon.pl\/en\/wp-json\/wp\/v2\/pages\/1828"}],"wp:featuredmedia":[{"embeddable":true,"href":"https:\/\/odk-ergon.pl\/en\/wp-json\/wp\/v2\/media\/2760"}],"wp:attachment":[{"href":"https:\/\/odk-ergon.pl\/en\/wp-json\/wp\/v2\/media?parent=2759"}],"curies":[{"name":"wp","href":"https:\/\/api.w.org\/{rel}","templated":true}]}}