{"id":2781,"date":"2023-03-24T17:02:57","date_gmt":"2023-03-24T16:02:57","guid":{"rendered":"https:\/\/odk-ergon.pl\/?page_id=2781"},"modified":"2023-03-25T01:22:27","modified_gmt":"2023-03-25T00:22:27","slug":"cutting-burners-acetylene-oxygen-plasma-electricity","status":"publish","type":"page","link":"https:\/\/odk-ergon.pl\/en\/szkolenia\/spawanie\/ciecie-palnikami-acetylenowo-tlenowym-plazmowym-elektrycznym\/","title":{"rendered":"Gain your acetylene-oxygen, plasma and electric torch cutting qualifications"},"content":{"rendered":"\n<p>Zapraszamy na nasze kursy, gdzie nauczysz si\u0119 ci\u0119cia palnikami termicznymi, powszechnie stosowanymi do wszelkiego rodzaju metali.&nbsp;&nbsp;<\/p>\n\n\n\n<p>Nasz kadra pracownicza mo\u017ce pochwali\u0107 si\u0119 wieloletnim do\u015bwiadczeniem tak w zakresie spawania, jak i nauczania tej techniki.&nbsp;&nbsp;<\/p>\n\n\n\n<p>Prowadzimy szkolenia otwarte i zamkni\u0119te na terenie ca\u0142ego kraju. Wybieraj\u0105c nasze szkolenie mo\u017cesz by\u0107 pewny zdobycia merytorycznej wiedzy niezb\u0119dnej do zdania egzaminu oraz przysz\u0142ej pracy na stanowisku spawacza.&nbsp;<\/p>\n\n\n\n<h2 class=\"wp-block-heading\"><strong>Rodzaje ci\u0119\u0107 palnikami:<\/strong>&nbsp;<\/h2>\n\n\n\n<figure class=\"wp-block-image size-large\"><a href=\"https:\/\/odk-ergon.pl\/wp-content\/uploads\/2023\/03\/ciecie-palnikiem.jpg\"><img loading=\"lazy\" decoding=\"async\" width=\"1024\" height=\"479\" src=\"https:\/\/odk-ergon.pl\/wp-content\/uploads\/2023\/03\/ciecie-palnikiem-1024x479.jpg\" alt=\"ci\u0119cie palnikiem elektrycznym\" class=\"wp-image-2783\" srcset=\"https:\/\/odk-ergon.pl\/wp-content\/uploads\/2023\/03\/ciecie-palnikiem-1024x479.jpg 1024w, https:\/\/odk-ergon.pl\/wp-content\/uploads\/2023\/03\/ciecie-palnikiem-300x140.jpg 300w, https:\/\/odk-ergon.pl\/wp-content\/uploads\/2023\/03\/ciecie-palnikiem-768x360.jpg 768w, https:\/\/odk-ergon.pl\/wp-content\/uploads\/2023\/03\/ciecie-palnikiem-18x8.jpg 18w, https:\/\/odk-ergon.pl\/wp-content\/uploads\/2023\/03\/ciecie-palnikiem-624x292.jpg 624w, https:\/\/odk-ergon.pl\/wp-content\/uploads\/2023\/03\/ciecie-palnikiem.jpg 1427w\" sizes=\"auto, (max-width: 1024px) 100vw, 1024px\" \/><\/a><\/figure>\n\n\n\n<ul class=\"wp-block-list\">\n<li>Acetylenowo\u2013tlenowe&nbsp;<\/li>\n<\/ul>\n\n\n\n<p>Znane jako ci\u0119cie tlenowe lub gazowe. U\u017cywane najcz\u0119\u015bciej do stali niestopowych oraz niskostopowych, gdzie jest potrzeba ci\u0119cia grubszych materia\u0142\u00f3w.&nbsp; Fundament wszelkich prac, gdzie mamy do czynienia z obr\u00f3bk\u0105, ci\u0119ciem i spawaniem metali, wsz\u0119dzie tam, gdzie niezb\u0119dna jest precyzja.&nbsp;&nbsp;<\/p>\n\n\n\n<ul class=\"wp-block-list\">\n<li>Plazmowe&nbsp;<\/li>\n<\/ul>\n\n\n\n<p>Metoda ci\u0119cia metalu, kt\u00f3ra opiera si\u0119 na jego topieniu i usuwaniu ze szczeliny ci\u0119cia. Proces ten odbywa si\u0119 przy pomocy plazmowego \u0142uku elektrycznego, kt\u00f3ry dzia\u0142a dzi\u0119ki du\u017cej energii kinetycznej. U\u017cywane g\u0142\u00f3wnie do ci\u0119cia materia\u0142\u00f3w przewodz\u0105cych jak np. aluminium czy stal nierdzewna.&nbsp;&nbsp;<\/p>\n\n\n\n<h3 class=\"wp-block-heading\">Ci\u0119cie plazmowe mo\u017cemy podzieli\u0107 na:&nbsp;&nbsp;<\/h3>\n\n\n\n<p><strong>Ukosowanie<\/strong> \u2013 gdzie palnik umieszczany jest pod odpowiednim k\u0105tem nad elementem ci\u0119tym.&nbsp;&nbsp;<\/p>\n\n\n\n<p><strong>Podstawowe<\/strong> \u2013 klasyczne obrabianie elementu od jego kraw\u0119dzi.&nbsp;&nbsp;<\/p>\n\n\n\n<p><strong>Szablonowe<\/strong> \u2013 gdzie korzystamy z przygotowanego wcze\u015bniej wzoru.&nbsp;<\/p>\n\n\n\n<p><strong>\u017b\u0142obienie<\/strong> \u2013 ustawiamy tu palnik pod k\u0105tem, dzi\u0119ki czemu podczas ci\u0119cia tworz\u0105 si\u0119 regularne wy\u017c\u0142obienia.&nbsp;<\/p>\n\n\n\n<p><strong>Zmechanizowane<\/strong> \u2013 z u\u017cyciem maszyn CNC i robot\u00f3w przemys\u0142owych. Jest to najbezpieczniejszy spos\u00f3b oraz pozwala on na mniejsze zu\u017cycie palnika i czasu.&nbsp;<\/p>\n\n\n\n<ul class=\"wp-block-list\">\n<li>Elektryczne&nbsp;<\/li>\n<\/ul>\n\n\n\n<p>Przy tej metodzie uzyskujemy powierzchni\u0119 ci\u0119cia o wy\u017cszej jako\u015bci oraz wi\u0119ksz\u0105 wydajno\u015b\u0107 pracy, jak por\u00f3wnamy z ci\u0119ciem r\u0119cznym. Efekt ten daje u\u017cycie tlenu do ci\u0119cia konstrukcyjnej stali w\u0119glowej i niskostopowej. Stosowane g\u0142\u00f3wnie do ci\u0119cia maszyn i element\u00f3w konstrukcji.&nbsp;<\/p>\n\n\n\n<h2 class=\"wp-block-heading\">Warunki przyst\u0105pienia do szkolenia:&nbsp;<\/h2>\n\n\n\n<ul class=\"wp-block-list\">\n<li>uko\u0144czone 18 lat,&nbsp;<\/li>\n\n\n\n<li>wykszta\u0142cenie minimum podstawowe,&nbsp;<\/li>\n\n\n\n<li>za\u015bwiadczenie lekarskie o brak przeciwwskaza\u0144 do pracy na stanowisku.&nbsp;<\/li>\n<\/ul>\n\n\n\n<p>Op\u00f3rcz zaj\u0119\u0107 teoretycznych, odb\u0119dziesz te\u017c \u0107wiczenia praktyczne przygotowuj\u0105ce do zawodu. Ca\u0142o\u015b\u0107 zako\u0144czy si\u0119 egzaminem, kt\u00f3rego pozytywny wynik pozwala na zdobycie certyfikatu.&nbsp;<\/p>\n\n\n\n<h2 class=\"wp-block-heading\">Czego uczymy?&nbsp;<\/h2>\n\n\n<div class=\"wp-block-image\">\n<figure class=\"alignleft size-large is-resized\"><a href=\"https:\/\/odk-ergon.pl\/wp-content\/uploads\/2023\/03\/ciecie-palnikiem-2.jpg\"><img loading=\"lazy\" decoding=\"async\" src=\"https:\/\/odk-ergon.pl\/wp-content\/uploads\/2023\/03\/ciecie-palnikiem-2-1024x469.jpg\" alt=\"palnik plazmowy w trakcie ci\u0119cia metalu\" class=\"wp-image-2784\" width=\"512\" height=\"235\" srcset=\"https:\/\/odk-ergon.pl\/wp-content\/uploads\/2023\/03\/ciecie-palnikiem-2-1024x469.jpg 1024w, https:\/\/odk-ergon.pl\/wp-content\/uploads\/2023\/03\/ciecie-palnikiem-2-300x138.jpg 300w, https:\/\/odk-ergon.pl\/wp-content\/uploads\/2023\/03\/ciecie-palnikiem-2-768x352.jpg 768w, https:\/\/odk-ergon.pl\/wp-content\/uploads\/2023\/03\/ciecie-palnikiem-2-18x8.jpg 18w, https:\/\/odk-ergon.pl\/wp-content\/uploads\/2023\/03\/ciecie-palnikiem-2-624x286.jpg 624w, https:\/\/odk-ergon.pl\/wp-content\/uploads\/2023\/03\/ciecie-palnikiem-2.jpg 1200w\" sizes=\"auto, (max-width: 512px) 100vw, 512px\" \/><\/a><\/figure>\n<\/div>\n\n\n<p>Na szkoleniu poruszamy zagadnienia, tj.:&nbsp;<\/p>\n\n\n\n<ul class=\"wp-block-list\">\n<li>budowa palnika gazowego,&nbsp;<\/li>\n\n\n\n<li>jak poprawnie ustawi\u0107 palnik,&nbsp;<\/li>\n\n\n\n<li>zastosowanie gazu u\u017cywanego do ci\u0119cia,&nbsp;<\/li>\n\n\n\n<li>w\u0142a\u015bciwa kolejno\u015b\u0107 odpalania palnika,&nbsp;<\/li>\n\n\n\n<li>poprawne gaszenie palnika,&nbsp;<\/li>\n\n\n\n<li>ustawienie ci\u015bnienia do ci\u0119cia,&nbsp;<\/li>\n\n\n\n<li>w jaki spos\u00f3b r\u00f3wno ci\u0105\u0107 materia\u0142 i wycina\u0107 trudniejsze elementy,&nbsp;<\/li>\n\n\n\n<li>ocena jako\u015bci powierzchni po ci\u0119ciu,&nbsp;<\/li>\n\n\n\n<li>co istotne, dowiesz si\u0119 te\u017c dlaczego palnik podczas ci\u0119cia \u201estrzela\u201d i jak mo\u017cna temu zapobiec&nbsp;<\/li>\n\n\n\n<li>przepisy BHP.&nbsp;<\/li>\n<\/ul>\n\n\n\n<h2 class=\"wp-block-heading\"><strong>Dla kogo jest nasze szkolenie?<\/strong>&nbsp;<\/h2>\n\n\n\n<p>Dla ka\u017cdego, kto chce zdoby\u0107 niezb\u0119dn\u0105 wiedz\u0119 i umiej\u0119tno\u015bci do pracy, a zw\u0142aszcza dla:&nbsp;<\/p>\n\n\n\n<ul class=\"wp-block-list\">\n<li>os\u00f3b pracuj\u0105cych przy spawaniu oraz z przecinaczami gazowymi,&nbsp;<\/li>\n\n\n\n<li>os\u00f3b pracuj\u0105cych w zawodach pokrewnych: \u015blusarz, mechanik.&nbsp;<\/li>\n<\/ul>\n\n\n\n<p>Osoba, kt\u00f3ra zdob\u0119dzie uprawnienia do pracy z palnikami mo\u017ce p\u00f3\u017aniej pracowa\u0107 w miejscach zajmuj\u0105cych si\u0119 recyklingiem, przy produkcji konstrukcji stalowych, w stoczniach, hutach i w ka\u017cdym miejscu, kt\u00f3re zajmuje si\u0119 obr\u00f3bk\u0105 metali.&nbsp;<\/p>\n\n\n\n<h2 class=\"wp-block-heading\"><strong>Gdzie odbywaj\u0105 si\u0119 nasze szkolenia?<\/strong>&nbsp;<\/h2>\n\n\n\n<p>Nasza firma mie\u015bci si\u0119 w Warszawie, jednak szkolimy w ca\u0142ej Polsce, a na \u017cyczenie klienta dojedziemy w ka\u017cde miejsce. Mo\u017cesz odby\u0107 kurs we wskazanym przez nas w harmonogramie kurs\u00f3w miejscu lub zam\u00f3wi\u0107 go w swojej plac\u00f3wce.<\/p>\n\n\n\n<h2 class=\"wp-block-heading\">Pytania i odpowiedzi<\/h2>\n\n\n\t\t<details\t\thelp class=\"sc_fs_faq sc_card    \"\n\t\topen\t\t>\n\t\t\t\t\t<summary>\n\t\t\t\t<h3>Jakie metale mo\u017cna ci\u0105\u0107 palnikiem gazowym?<\/h3>\t\t\t\t\t<\/summary>\n\t\t\t\t<div>\n\t\t\t\t\t\t<div class=\"sc_fs_faq__content\">\n\t\t\t\t\n\n<p>Ci\u0119cie gazowe lub te\u017c tlenowe jest u\u017cywane do grubszych metali niestopowych oraz niskostopowych. Przydaje si\u0119 ono tam, gdzie niezb\u0119dna jest precyzja.<\/p>\n\n\t\t\t<\/div>\n\t\t<\/div>\n\t\t<\/details>\n\t\t\t\t<details\t\thelp class=\"sc_fs_faq sc_card    \"\n\t\t\t\t>\n\t\t\t\t\t<summary>\n\t\t\t\t<h3>Dla kogo jest szkolenie?<\/h3>\t\t\t\t\t<\/summary>\n\t\t\t\t<div>\n\t\t\t\t\t\t<div class=\"sc_fs_faq__content\">\n\t\t\t\t\n\n<p>Dla ka\u017cdego, kto chce pracowa\u0107 przy spawaniu, z przecinaczami gazowymi oraz dla zawod\u00f3w pokrewnych jak \u015blusarz czy mechanik.<\/p>\n\n\t\t\t<\/div>\n\t\t<\/div>\n\t\t<\/details>\n\t\t\t\t<details\t\thelp class=\"sc_fs_faq sc_card    \"\n\t\t\t\t>\n\t\t\t\t\t<summary>\n\t\t\t\t<h3>Czy na szkoleniu poznam sposoby ci\u0119cia?<\/h3>\t\t\t\t\t<\/summary>\n\t\t\t\t<div>\n\t\t\t\t\t\t<div class=\"sc_fs_faq__content\">\n\t\t\t\t\n\n<p>Nasz o\u015brodek szkoli z trzech metod ci\u0119cia palnikami. Zanim wybierzesz kurs poznasz techniki i wybierzesz najlepsz\u0105 dla siebie i Twoich potrzeb.<\/p>\n\n\t\t\t<\/div>\n\t\t<\/div>\n\t\t<\/details>\n\t\t\n<script type=\"application\/ld+json\">\n\t{\n\t\t\"@context\": \"https:\/\/schema.org\",\n\t\t\"@type\": \"FAQPage\",\n\t\t\"mainEntity\": [\n\t\t\t\t\t{\n\t\t\t\t\"@type\": \"Question\",\n\t\t\t\t\"name\": \"Jakie metale mo\u017cna ci\u0105\u0107 palnikiem gazowym?\",\n\t\t\t\t\"acceptedAnswer\": {\n\t\t\t\t\t\"@type\": \"Answer\",\n\t\t\t\t\t\"text\": \"<p>Ci\u0119cie gazowe lub te\u017c tlenowe jest u\u017cywane do grubszych metali niestopowych oraz niskostopowych. Przydaje si\u0119 ono tam, gdzie niezb\u0119dna jest precyzja.<\/p>\"\n\t\t\t\t\t\t\t\t\t}\n\t\t\t}\n\t\t\t,\t\t\t\t{\n\t\t\t\t\"@type\": \"Question\",\n\t\t\t\t\"name\": \"Dla kogo jest szkolenie?\",\n\t\t\t\t\"acceptedAnswer\": {\n\t\t\t\t\t\"@type\": \"Answer\",\n\t\t\t\t\t\"text\": \"<p>Dla ka\u017cdego, kto chce pracowa\u0107 przy spawaniu, z przecinaczami gazowymi oraz dla zawod\u00f3w pokrewnych jak \u015blusarz czy mechanik.<\/p>\"\n\t\t\t\t\t\t\t\t\t}\n\t\t\t}\n\t\t\t,\t\t\t\t{\n\t\t\t\t\"@type\": \"Question\",\n\t\t\t\t\"name\": \"Czy na szkoleniu poznam sposoby ci\u0119cia?\",\n\t\t\t\t\"acceptedAnswer\": {\n\t\t\t\t\t\"@type\": \"Answer\",\n\t\t\t\t\t\"text\": \"<p>Nasz o\u015brodek szkoli z trzech metod ci\u0119cia palnikami. Zanim wybierzesz kurs poznasz techniki i wybierzesz najlepsz\u0105 dla siebie i Twoich potrzeb.<\/p>\"\n\t\t\t\t\t\t\t\t\t}\n\t\t\t}\n\t\t\t\t\t\t]\n\t}\n<\/script>\n","protected":false},"excerpt":{"rendered":"<p>Zapraszamy na nasze kursy, gdzie nauczysz si\u0119 ci\u0119cia palnikami termicznymi, powszechnie stosowanymi do wszelkiego rodzaju metali.&nbsp;&nbsp; Nasz kadra pracownicza mo\u017ce pochwali\u0107 si\u0119 wieloletnim do\u015bwiadczeniem tak w zakresie spawania, jak i nauczania tej techniki.&nbsp;&nbsp; Prowadzimy szkolenia otwarte i zamkni\u0119te na terenie ca\u0142ego kraju. Wybieraj\u0105c nasze szkolenie mo\u017cesz by\u0107 pewny zdobycia merytorycznej wiedzy niezb\u0119dnej do zdania egzaminu oraz przysz\u0142ej pracy na stanowisku spawacza.&nbsp; Rodzaje ci\u0119\u0107 palnikami:&nbsp; Znane jako ci\u0119cie tlenowe lub gazowe. U\u017cywane najcz\u0119\u015bciej do stali niestopowych oraz niskostopowych, gdzie jest potrzeba ci\u0119cia grubszych materia\u0142\u00f3w.&nbsp; Fundament wszelkich prac, gdzie mamy do czynienia z obr\u00f3bk\u0105, ci\u0119ciem i spawaniem metali, wsz\u0119dzie tam, gdzie niezb\u0119dna jest precyzja.&nbsp;&nbsp; Metoda ci\u0119cia metalu, kt\u00f3ra opiera si\u0119 na jego topieniu i usuwaniu ze szczeliny ci\u0119cia. Proces ten odbywa si\u0119 przy pomocy plazmowego \u0142uku elektrycznego, kt\u00f3ry dzia\u0142a dzi\u0119ki du\u017cej energii kinetycznej. U\u017cywane g\u0142\u00f3wnie do ci\u0119cia materia\u0142\u00f3w przewodz\u0105cych jak np. aluminium czy stal nierdzewna.&nbsp;&nbsp; Ci\u0119cie plazmowe mo\u017cemy podzieli\u0107 na:&nbsp;&nbsp; Ukosowanie \u2013 gdzie palnik umieszczany jest pod odpowiednim k\u0105tem nad elementem ci\u0119tym.&nbsp;&nbsp; Podstawowe \u2013 klasyczne obrabianie elementu od jego kraw\u0119dzi.&nbsp;&nbsp; Szablonowe \u2013 gdzie korzystamy z przygotowanego wcze\u015bniej wzoru.&nbsp; \u017b\u0142obienie \u2013 ustawiamy tu palnik pod k\u0105tem, dzi\u0119ki czemu podczas ci\u0119cia tworz\u0105 si\u0119 regularne wy\u017c\u0142obienia.&nbsp; Zmechanizowane \u2013 z u\u017cyciem maszyn CNC i robot\u00f3w przemys\u0142owych. Jest to najbezpieczniejszy spos\u00f3b oraz pozwala on na mniejsze zu\u017cycie palnika i czasu.&nbsp; Przy tej metodzie uzyskujemy powierzchni\u0119 ci\u0119cia o wy\u017cszej jako\u015bci oraz wi\u0119ksz\u0105 wydajno\u015b\u0107 pracy, jak por\u00f3wnamy z ci\u0119ciem r\u0119cznym. Efekt ten daje u\u017cycie tlenu do ci\u0119cia konstrukcyjnej stali w\u0119glowej i niskostopowej. Stosowane g\u0142\u00f3wnie do ci\u0119cia maszyn i element\u00f3w konstrukcji.&nbsp; Warunki przyst\u0105pienia do szkolenia:&nbsp; [&hellip;]<\/p>\n","protected":false},"author":1,"featured_media":2782,"parent":2137,"menu_order":0,"comment_status":"closed","ping_status":"closed","template":"","meta":{"sfsi_plus_gutenberg_text_before_share":"","sfsi_plus_gutenberg_show_text_before_share":"","sfsi_plus_gutenberg_icon_type":"","sfsi_plus_gutenberg_icon_alignemt":"","sfsi_plus_gutenburg_max_per_row":"","footnotes":""},"class_list":["post-2781","page","type-page","status-publish","has-post-thumbnail","hentry","has_thumb"],"aioseo_notices":[],"_links":{"self":[{"href":"https:\/\/odk-ergon.pl\/en\/wp-json\/wp\/v2\/pages\/2781","targetHints":{"allow":["GET"]}}],"collection":[{"href":"https:\/\/odk-ergon.pl\/en\/wp-json\/wp\/v2\/pages"}],"about":[{"href":"https:\/\/odk-ergon.pl\/en\/wp-json\/wp\/v2\/types\/page"}],"author":[{"embeddable":true,"href":"https:\/\/odk-ergon.pl\/en\/wp-json\/wp\/v2\/users\/1"}],"replies":[{"embeddable":true,"href":"https:\/\/odk-ergon.pl\/en\/wp-json\/wp\/v2\/comments?post=2781"}],"version-history":[{"count":4,"href":"https:\/\/odk-ergon.pl\/en\/wp-json\/wp\/v2\/pages\/2781\/revisions"}],"predecessor-version":[{"id":3377,"href":"https:\/\/odk-ergon.pl\/en\/wp-json\/wp\/v2\/pages\/2781\/revisions\/3377"}],"up":[{"embeddable":true,"href":"https:\/\/odk-ergon.pl\/en\/wp-json\/wp\/v2\/pages\/2137"}],"wp:featuredmedia":[{"embeddable":true,"href":"https:\/\/odk-ergon.pl\/en\/wp-json\/wp\/v2\/media\/2782"}],"wp:attachment":[{"href":"https:\/\/odk-ergon.pl\/en\/wp-json\/wp\/v2\/media?parent=2781"}],"curies":[{"name":"wp","href":"https:\/\/api.w.org\/{rel}","templated":true}]}}