{"id":2786,"date":"2023-03-24T17:03:50","date_gmt":"2023-03-24T16:03:50","guid":{"rendered":"https:\/\/odk-ergon.pl\/?page_id=2786"},"modified":"2023-03-25T01:24:37","modified_gmt":"2023-03-25T00:24:37","slug":"maintainer-cranes-personal-cargo-carriers","status":"publish","type":"page","link":"https:\/\/odk-ergon.pl\/en\/szkolenia\/uprawnienia-udt-tdt\/konserwator-dzwigow-osobowych-towarowo-osobowych-towarowych\/","title":{"rendered":"Training for maintenance technicians of lifts: passenger, goods-passenger and freight lifts"},"content":{"rendered":"\n<p>D\u017awigi towarowo \u2013 osobowe, potocznie zwane windami s\u0142u\u017c\u0105 do przewozu ludzi oraz towar\u00f3w. Osoby i\/lub towary znajduj\u0105ce si\u0119 w windzie, s\u0105 w kabinie, kt\u00f3ra porusza si\u0119 wzd\u0142u\u017c pionowych prowadnic. Obs\u0142uguje przystanki, potocznie zwane pi\u0119trami. Windy o najwi\u0119kszym maksymalnym ud\u017awigu s\u0105 przystosowane do przewo\u017cenia towar\u00f3w za pomoc\u0105 w\u00f3zk\u00f3w wid\u0142owych.&nbsp;<\/p>\n\n\n\n<h3 class=\"wp-block-heading\">Ze wzgl\u0119du na zastosowanie d\u017awig\u00f3w, mo\u017cemy je podzieli\u0107 na kilka rodzaj\u00f3w, a s\u0105 to:&nbsp;<\/h3>\n\n\n\n<ul class=\"wp-block-list\">\n<li>szpitalne \u2013 u\u017cywany do przewozu \u0142\u00f3\u017cek czy sprz\u0119tu medycznego,&nbsp;<\/li>\n\n\n\n<li>osobowe \u2013 do przewozu os\u00f3b w pionie,&nbsp;<\/li>\n\n\n\n<li>towarowe \u2013 bez wst\u0119pu do kabiny,&nbsp;<\/li>\n\n\n\n<li>towarowo \u2013 osobowe \u2013 u\u017cywane do transportu os\u00f3b wraz z towarem,&nbsp;<\/li>\n\n\n\n<li>budowlano \u2013 towarowe \u2013 tutaj transport mo\u017ce si\u0119 odbywa\u0107 w kabinie lub na platformie.&nbsp;<\/li>\n<\/ul>\n\n\n\n<h3 class=\"wp-block-heading\">Same d\u017awigi natomiast ze wzgl\u0119du na najistotniejsze elementy konstrukcji, dzielimy na:&nbsp;<\/h3>\n\n\n\n<ul class=\"wp-block-list\">\n<li>szyb,&nbsp;&nbsp;<\/li>\n\n\n\n<li>kabin\u0119,&nbsp;<\/li>\n\n\n\n<li>maszynowni\u0119,&nbsp;<\/li>\n\n\n\n<li>instalacje elektryczn\u0105,&nbsp;<\/li>\n\n\n\n<li>przeciwwag\u0119 oraz urz\u0105dzenia zabezpieczaj\u0105ce.&nbsp;<\/li>\n<\/ul>\n\n\n\n<h3 class=\"wp-block-heading\">Ka\u017ce urz\u0105dzenie wymaga kontroli stanu technicznego oraz dbania o jego sprawno\u015b\u0107 i bezpiecze\u0144stwo, co nale\u017cy do zada\u0144 konserwatora. Kontrole techniczne mo\u017cemy podzieli\u0107 na:&nbsp;<\/h3>\n\n\n<div class=\"wp-block-image\">\n<figure class=\"alignleft size-large is-resized\"><a href=\"https:\/\/odk-ergon.pl\/wp-content\/uploads\/2023\/03\/winda-konserwacja.jpg\"><img loading=\"lazy\" decoding=\"async\" src=\"https:\/\/odk-ergon.pl\/wp-content\/uploads\/2023\/03\/winda-konserwacja-1024x525.jpg\" alt=\"konserwacja d\u017awigu towarowego\" class=\"wp-image-2789\" width=\"512\" height=\"263\" srcset=\"https:\/\/odk-ergon.pl\/wp-content\/uploads\/2023\/03\/winda-konserwacja-1024x525.jpg 1024w, https:\/\/odk-ergon.pl\/wp-content\/uploads\/2023\/03\/winda-konserwacja-300x154.jpg 300w, https:\/\/odk-ergon.pl\/wp-content\/uploads\/2023\/03\/winda-konserwacja-768x393.jpg 768w, https:\/\/odk-ergon.pl\/wp-content\/uploads\/2023\/03\/winda-konserwacja-1536x787.jpg 1536w, https:\/\/odk-ergon.pl\/wp-content\/uploads\/2023\/03\/winda-konserwacja-18x9.jpg 18w, https:\/\/odk-ergon.pl\/wp-content\/uploads\/2023\/03\/winda-konserwacja-624x320.jpg 624w, https:\/\/odk-ergon.pl\/wp-content\/uploads\/2023\/03\/winda-konserwacja.jpg 1999w\" sizes=\"auto, (max-width: 512px) 100vw, 512px\" \/><\/a><\/figure>\n<\/div>\n\n\n<ul class=\"wp-block-list\">\n<li>okresowe \u2013 regularne, celem sprawdzenia sprawno\u015bci i bezpiecze\u0144stwa,&nbsp;<\/li>\n\n\n\n<li>kontrolne \u2013 maj\u0105ce sprawdzi\u0107 przestrzeganie przepis\u00f3w,&nbsp;<\/li>\n\n\n\n<li>eksploatacyjne \u2013 wynikaj\u0105ce z potrzeb zwi\u0105zanych u\u017cytkowaniem,&nbsp;<\/li>\n\n\n\n<li>poawaryjne lub powypadkowe \u2013 odbywaj\u0105ce si\u0119 w przypadku awarii lub po wypadku i maj\u0105ce zapobiec takowym w przysz\u0142o\u015bci.&nbsp;<\/li>\n<\/ul>\n\n\n\n<p><\/p>\n\n\n\n<p>Aby jednak m\u00f3c pracowa\u0107 z tymi maszynami,&nbsp; podobnie jak wszelkimi innymi, niezb\u0119dne jest odbycie szkolenia, a nast\u0119pnie zdanie egzaminu.&nbsp;<\/p>\n\n\n\n<h2 class=\"wp-block-heading\"><strong>Jakie wymogi musi spe\u0142ni\u0107 kandydat, aby m\u00f3c podej\u015b\u0107 do naszego kursu?<\/strong>&nbsp;<\/h2>\n\n\n\n<ul class=\"wp-block-list\">\n<li>uko\u0144czone minimum 18 lat,&nbsp;<\/li>\n\n\n\n<li>wykszta\u0142cenie co najmniej podstawowe,&nbsp;&nbsp;<\/li>\n\n\n\n<li>bieg\u0142a znajomo\u015b\u0107 j\u0119zyka polskiego, umo\u017cliwiaj\u0105ca zdanie egzaminu (w przypadku obcokrajowca bez znajomo\u015bci j\u0119zyka, wymagana obecno\u015b\u0107 t\u0142umacza przysi\u0119g\u0142ego),&nbsp;<\/li>\n\n\n\n<li>brak zdrowotnych przeciwwskaza\u0144.&nbsp;&nbsp;<\/li>\n<\/ul>\n\n\n\n<h3 class=\"wp-block-heading\">Ponadto nale\u017cy rozpatrzy\u0107 pewne cechy psychiczne uczestnika szkolenia, kt\u00f3re r\u00f3wnie\u017c s\u0105 wa\u017cne na tym stanowisku. Szczeg\u00f3lnej uwagi wymagaj\u0105:&nbsp;<\/h3>\n\n\n\n<ul class=\"wp-block-list\">\n<li>r\u00f3wnowaga psychiczna,&nbsp;<\/li>\n\n\n\n<li>odporno\u015b\u0107 na stres oraz poczucie odpowiedzialno\u015bci.&nbsp;<\/li>\n<\/ul>\n\n\n\n<p>Szkolenie obejmuje wiedz\u0119 teoretyczn\u0105 oraz praktyczne \u0107wiczenia.&nbsp;&nbsp;<\/p>\n\n\n\n<h3 class=\"wp-block-heading\"><strong>Poznasz z nami zagadnienia w temacie:<\/strong>&nbsp;<\/h3>\n\n\n<div class=\"wp-block-image\">\n<figure class=\"alignleft size-large is-resized\"><a href=\"https:\/\/odk-ergon.pl\/wp-content\/uploads\/2023\/03\/winda.jpg\"><img loading=\"lazy\" decoding=\"async\" src=\"https:\/\/odk-ergon.pl\/wp-content\/uploads\/2023\/03\/winda-1024x684.jpg\" alt=\"konserwacja windy towarowej\" class=\"wp-image-2790\" width=\"512\" height=\"342\" srcset=\"https:\/\/odk-ergon.pl\/wp-content\/uploads\/2023\/03\/winda-1024x684.jpg 1024w, https:\/\/odk-ergon.pl\/wp-content\/uploads\/2023\/03\/winda-300x200.jpg 300w, https:\/\/odk-ergon.pl\/wp-content\/uploads\/2023\/03\/winda-768x513.jpg 768w, https:\/\/odk-ergon.pl\/wp-content\/uploads\/2023\/03\/winda-18x12.jpg 18w, https:\/\/odk-ergon.pl\/wp-content\/uploads\/2023\/03\/winda-624x417.jpg 624w, https:\/\/odk-ergon.pl\/wp-content\/uploads\/2023\/03\/winda.jpg 1140w\" sizes=\"auto, (max-width: 512px) 100vw, 512px\" \/><\/a><\/figure>\n<\/div>\n\n\n<ul class=\"wp-block-list\">\n<li>podzia\u0142y, budowy i klasyfikacji d\u017awig\u00f3w (potocznie wind),&nbsp;<\/li>\n\n\n\n<li>obowi\u0105zk\u00f3w operatora i konserwatora,&nbsp;<\/li>\n\n\n\n<li>eksploatacji,&nbsp;<\/li>\n\n\n\n<li>uprawnie\u0144 na d\u017awigi,&nbsp;<\/li>\n\n\n\n<li>przepis\u00f3w BHP,&nbsp;<\/li>\n\n\n\n<li>praktycznych zaj\u0119\u0107 z obs\u0142ugi.&nbsp;<\/li>\n<\/ul>\n\n\n\n<p>Po uko\u0144czonym szkoleniu, uczestnik przyst\u0119puje do egzaminu przed komisj\u0105 UDT. Pozytywny wynik oznacza otrzymanie uprawnie\u0144 konserwatorskich. Kursanci mog\u0105 zdecydowa\u0107 wcze\u015bniej o kategorii maszyn:&nbsp;<\/p>\n\n\n\n<ul class=\"wp-block-list\">\n<li>na d\u017awigi budowlane \u2013 daj\u0105ce mo\u017cliwo\u015b\u0107 obs\u0142ugi d\u017awig\u00f3w budowlanych, towarowo \u2013 osobowych oraz samych towarowych,&nbsp;<\/li>\n\n\n\n<li>d\u017awigi towarowo \u2013 osobowe ze sterowaniem wewn\u0119trznym oraz szpitalne.&nbsp;<\/li>\n<\/ul>\n\n\n\n<h2 class=\"wp-block-heading\"><strong>Wa\u017cno\u015b\u0107 uprawnie\u0144<\/strong><strong><\/strong>&nbsp;<\/h2>\n\n\n\n<p>Nale\u017cy pami\u0119ta\u0107, \u017ce jak wszystkie nadawane przez Urz\u0105d Dozoru Technicznego uprawnienia, te r\u00f3wnie\u017c maj\u0105 sw\u00f3j okres wa\u017cno\u015bci. Zezwolenie na d\u017awigi jest wydawane na czas 10 lat od daty zdania egzaminu. W przypadku ch\u0119ci przed\u0142u\u017cenia uprawnie\u0144, wniosek musi zosta\u0107 z\u0142o\u017cony nie p\u00f3\u017aniej ni\u017c 3 miesi\u0105ce przed wyga\u015bni\u0119ciem poprzednich oraz musi zawiera\u0107 o\u015bwiadczenie, \u017ce przez ostatnie 5 lat, przez co najmniej 3 zaw\u00f3d by\u0142 wykonywany bez przerwy.&nbsp;&nbsp;<\/p>\n\n\n\n<h2 class=\"wp-block-heading\"><strong>Czy warto wzi\u0105\u0107 udzia\u0142 w szkoleniu i dlaczego<\/strong><strong>?<\/strong>&nbsp;<\/h2>\n\n\n\n<p>Nasz o\u015brodek zatrudnia najlepszych w swojej dziedzinie specjalist\u00f3w z wieloletnim do\u015bwiadczeniem, kt\u00f3rzy na bie\u017c\u0105co \u015bledz\u0105 wszelkie zmiany w prawie. Przyst\u0119puj\u0105c do naszego szkolenia masz pewno\u015b\u0107, \u017ce zdob\u0119dziesz najbardziej aktualn\u0105, wiedz\u0119 teoretyczn\u0105 a Twoje \u0107wiczenia praktyczne odb\u0119d\u0105 si\u0119 na sprawnych maszynach. Ponadto pomo\u017cemy Ci z wszelkimi formalno\u015bciami potrzebnymi do podej\u015bcia do egzaminu.&nbsp;<\/p>\n\n\n\n<p>Nadal masz pytania albo nie jeste\u015b czego\u015b pewny? Napisz lub zadzwo\u0144, a z ch\u0119ci\u0105 pomo\u017cemy!&nbsp;<\/p>\n\n\n\n<h2 class=\"wp-block-heading\">Pytania i odpowiedzi<\/h2>\n\n\n\t\t<details\t\thelp class=\"sc_fs_faq sc_card    \"\n\t\topen\t\t>\n\t\t\t\t\t<summary>\n\t\t\t\t<h3>Czym s\u0105 d\u017awigi osobowe i towarowe?<\/h3>\t\t\t\t\t<\/summary>\n\t\t\t\t<div>\n\t\t\t\t\t\t<div class=\"sc_fs_faq__content\">\n\t\t\t\t\n\n<p>To maszyny s\u0142u\u017c\u0105ce do transportu ludzi i\/lub towar\u00f3w w pozycji pionowej lub poziomej, w poruszaj\u0105cej si\u0119 wzd\u0142u\u017c pionowych prowadnic kabinie.&nbsp;<\/p>\n\n\t\t\t<\/div>\n\t\t<\/div>\n\t\t<\/details>\n\t\t\t\t<details\t\thelp class=\"sc_fs_faq sc_card    \"\n\t\t\t\t>\n\t\t\t\t\t<summary>\n\t\t\t\t<h3>Jakie wymogi trzeba spe\u0142ni\u0107, aby wzi\u0105\u0107 udzia\u0142 w szkoleniu?<\/h3>\t\t\t\t\t<\/summary>\n\t\t\t\t<div>\n\t\t\t\t\t\t<div class=\"sc_fs_faq__content\">\n\t\t\t\t\n\n<p>Ka\u017cdy, chc\u0105cy przyst\u0105pi\u0107 do szkolenia musi mie\u0107 uko\u0144czone 18 lat, mie\u0107 minimum podstawowe wykszta\u0142cenie i brak zdrowotnych przeciwwskaza\u0144.&nbsp;<\/p>\n\n\t\t\t<\/div>\n\t\t<\/div>\n\t\t<\/details>\n\t\t\t\t<details\t\thelp class=\"sc_fs_faq sc_card    \"\n\t\t\t\t>\n\t\t\t\t\t<summary>\n\t\t\t\t<h3>Jak wygl\u0105da szkolenie? <\/h3>\t\t\t\t\t<\/summary>\n\t\t\t\t<div>\n\t\t\t\t\t\t<div class=\"sc_fs_faq__content\">\n\t\t\t\t\n\n<p>Szkolenie zawiera w sobie zaj\u0119cia teoretyczne i praktyczne. Na tym pierwszym poznasz m.in. budow\u0119 i funkcj\u0119 d\u017awig\u00f3w, dowiesz si\u0119 o eksploatacji, obowi\u0105zkach operatora i konserwatora, poznasz przepisy BHP, a na praktycznym odb\u0119dziesz \u0107wiczenia z tymi maszynami.&nbsp;<\/p>\n\n\t\t\t<\/div>\n\t\t<\/div>\n\t\t<\/details>\n\t\t\n<script type=\"application\/ld+json\">\n\t{\n\t\t\"@context\": \"https:\/\/schema.org\",\n\t\t\"@type\": \"FAQPage\",\n\t\t\"mainEntity\": [\n\t\t\t\t\t{\n\t\t\t\t\"@type\": \"Question\",\n\t\t\t\t\"name\": \"Czym s\u0105 d\u017awigi osobowe i towarowe?\",\n\t\t\t\t\"acceptedAnswer\": {\n\t\t\t\t\t\"@type\": \"Answer\",\n\t\t\t\t\t\"text\": \"<p>To maszyny s\u0142u\u017c\u0105ce do transportu ludzi i\/lub towar\u00f3w w pozycji pionowej lub poziomej, w poruszaj\u0105cej si\u0119 wzd\u0142u\u017c pionowych prowadnic kabinie.&nbsp;<\/p>\"\n\t\t\t\t\t\t\t\t\t}\n\t\t\t}\n\t\t\t,\t\t\t\t{\n\t\t\t\t\"@type\": \"Question\",\n\t\t\t\t\"name\": \"Jakie wymogi trzeba spe\u0142ni\u0107, aby wzi\u0105\u0107 udzia\u0142 w szkoleniu?\",\n\t\t\t\t\"acceptedAnswer\": {\n\t\t\t\t\t\"@type\": \"Answer\",\n\t\t\t\t\t\"text\": \"<p>Ka\u017cdy, chc\u0105cy przyst\u0105pi\u0107 do szkolenia musi mie\u0107 uko\u0144czone 18 lat, mie\u0107 minimum podstawowe wykszta\u0142cenie i brak zdrowotnych przeciwwskaza\u0144.&nbsp;<\/p>\"\n\t\t\t\t\t\t\t\t\t}\n\t\t\t}\n\t\t\t,\t\t\t\t{\n\t\t\t\t\"@type\": \"Question\",\n\t\t\t\t\"name\": \"Jak wygl\u0105da szkolenie? \",\n\t\t\t\t\"acceptedAnswer\": {\n\t\t\t\t\t\"@type\": \"Answer\",\n\t\t\t\t\t\"text\": \"<p>Szkolenie zawiera w sobie zaj\u0119cia teoretyczne i praktyczne. Na tym pierwszym poznasz m.in. budow\u0119 i funkcj\u0119 d\u017awig\u00f3w, dowiesz si\u0119 o eksploatacji, obowi\u0105zkach operatora i konserwatora, poznasz przepisy BHP, a na praktycznym odb\u0119dziesz \u0107wiczenia z tymi maszynami.&nbsp;<\/p>\"\n\t\t\t\t\t\t\t\t\t}\n\t\t\t}\n\t\t\t\t\t\t]\n\t}\n<\/script>\n","protected":false},"excerpt":{"rendered":"<p>D\u017awigi towarowo \u2013 osobowe, potocznie zwane windami s\u0142u\u017c\u0105 do przewozu ludzi oraz towar\u00f3w. Osoby i\/lub towary znajduj\u0105ce si\u0119 w windzie, s\u0105 w kabinie, kt\u00f3ra porusza si\u0119 wzd\u0142u\u017c pionowych prowadnic. Obs\u0142uguje przystanki, potocznie zwane pi\u0119trami. Windy o najwi\u0119kszym maksymalnym ud\u017awigu s\u0105 przystosowane do przewo\u017cenia towar\u00f3w za pomoc\u0105 w\u00f3zk\u00f3w wid\u0142owych.&nbsp; Ze wzgl\u0119du na zastosowanie d\u017awig\u00f3w, mo\u017cemy je podzieli\u0107 na kilka rodzaj\u00f3w, a s\u0105 to:&nbsp; Same d\u017awigi natomiast ze wzgl\u0119du na najistotniejsze elementy konstrukcji, dzielimy na:&nbsp; Ka\u017ce urz\u0105dzenie wymaga kontroli stanu technicznego oraz dbania o jego sprawno\u015b\u0107 i bezpiecze\u0144stwo, co nale\u017cy do zada\u0144 konserwatora. Kontrole techniczne mo\u017cemy podzieli\u0107 na:&nbsp; Aby jednak m\u00f3c pracowa\u0107 z tymi maszynami,&nbsp; podobnie jak wszelkimi innymi, niezb\u0119dne jest odbycie szkolenia, a nast\u0119pnie zdanie egzaminu.&nbsp; Jakie wymogi musi spe\u0142ni\u0107 kandydat, aby m\u00f3c podej\u015b\u0107 do naszego kursu?&nbsp; Ponadto nale\u017cy rozpatrzy\u0107 pewne cechy psychiczne uczestnika szkolenia, kt\u00f3re r\u00f3wnie\u017c s\u0105 wa\u017cne na tym stanowisku. Szczeg\u00f3lnej uwagi wymagaj\u0105:&nbsp; Szkolenie obejmuje wiedz\u0119 teoretyczn\u0105 oraz praktyczne \u0107wiczenia.&nbsp;&nbsp; Poznasz z nami zagadnienia w temacie:&nbsp; Po uko\u0144czonym szkoleniu, uczestnik przyst\u0119puje do egzaminu przed komisj\u0105 UDT. Pozytywny wynik oznacza otrzymanie uprawnie\u0144 konserwatorskich. Kursanci mog\u0105 zdecydowa\u0107 wcze\u015bniej o kategorii maszyn:&nbsp; Wa\u017cno\u015b\u0107 uprawnie\u0144&nbsp; Nale\u017cy pami\u0119ta\u0107, \u017ce jak wszystkie nadawane przez Urz\u0105d Dozoru Technicznego uprawnienia, te r\u00f3wnie\u017c maj\u0105 sw\u00f3j okres wa\u017cno\u015bci. Zezwolenie na d\u017awigi jest wydawane na czas 10 lat od daty zdania egzaminu. W przypadku ch\u0119ci przed\u0142u\u017cenia uprawnie\u0144, wniosek musi zosta\u0107 z\u0142o\u017cony nie p\u00f3\u017aniej ni\u017c 3 miesi\u0105ce przed wyga\u015bni\u0119ciem poprzednich oraz musi zawiera\u0107 o\u015bwiadczenie, \u017ce przez ostatnie 5 lat, przez co najmniej 3 zaw\u00f3d by\u0142 wykonywany bez przerwy.&nbsp;&nbsp; Czy warto wzi\u0105\u0107 udzia\u0142 w szkoleniu i dlaczego?&nbsp; [&hellip;]<\/p>\n","protected":false},"author":1,"featured_media":2787,"parent":1828,"menu_order":0,"comment_status":"closed","ping_status":"closed","template":"","meta":{"sfsi_plus_gutenberg_text_before_share":"","sfsi_plus_gutenberg_show_text_before_share":"","sfsi_plus_gutenberg_icon_type":"","sfsi_plus_gutenberg_icon_alignemt":"","sfsi_plus_gutenburg_max_per_row":"","footnotes":""},"class_list":["post-2786","page","type-page","status-publish","has-post-thumbnail","hentry","has_thumb"],"aioseo_notices":[],"_links":{"self":[{"href":"https:\/\/odk-ergon.pl\/en\/wp-json\/wp\/v2\/pages\/2786","targetHints":{"allow":["GET"]}}],"collection":[{"href":"https:\/\/odk-ergon.pl\/en\/wp-json\/wp\/v2\/pages"}],"about":[{"href":"https:\/\/odk-ergon.pl\/en\/wp-json\/wp\/v2\/types\/page"}],"author":[{"embeddable":true,"href":"https:\/\/odk-ergon.pl\/en\/wp-json\/wp\/v2\/users\/1"}],"replies":[{"embeddable":true,"href":"https:\/\/odk-ergon.pl\/en\/wp-json\/wp\/v2\/comments?post=2786"}],"version-history":[{"count":5,"href":"https:\/\/odk-ergon.pl\/en\/wp-json\/wp\/v2\/pages\/2786\/revisions"}],"predecessor-version":[{"id":3428,"href":"https:\/\/odk-ergon.pl\/en\/wp-json\/wp\/v2\/pages\/2786\/revisions\/3428"}],"up":[{"embeddable":true,"href":"https:\/\/odk-ergon.pl\/en\/wp-json\/wp\/v2\/pages\/1828"}],"wp:featuredmedia":[{"embeddable":true,"href":"https:\/\/odk-ergon.pl\/en\/wp-json\/wp\/v2\/media\/2787"}],"wp:attachment":[{"href":"https:\/\/odk-ergon.pl\/en\/wp-json\/wp\/v2\/media?parent=2786"}],"curies":[{"name":"wp","href":"https:\/\/api.w.org\/{rel}","templated":true}]}}