{"id":2952,"date":"2023-03-24T14:26:00","date_gmt":"2023-03-24T13:26:00","guid":{"rendered":"https:\/\/odk-ergon.pl\/?page_id=2952"},"modified":"2023-03-26T20:55:10","modified_gmt":"2023-03-26T18:55:10","slug":"cranes-floating-cranes-welcome-operators-and-maintainers","status":"publish","type":"page","link":"https:\/\/odk-ergon.pl\/en\/szkolenia\/uprawnienia-udt-tdt\/zurawie-plywajace-zapraszamy-przyszlych-operatorow-i-konserwatorow\/","title":{"rendered":"Training for floating cranes - future operators and maintainers welcome"},"content":{"rendered":"\n<p>\u017burawie p\u0142ywaj\u0105ce, zwane r\u00f3wnie\u017c pok\u0142adowymi czy statkowym, to maszyny d\u017awigowe s\u0142u\u017c\u0105ce do za\u0142adunku i roz\u0142adunku towaru, w tym wypadku na statkach oraz platformach wiertniczych.&nbsp;&nbsp;<\/p>\n\n\n\n<p>Tak jak pozosta\u0142e rodzaje \u017curawi, podlegaj\u0105 one pod doz\u00f3r techniczny. Aby wi\u0119c m\u00f3c pracowa\u0107 z nimi, czy to w roli operatora czy konserwatora, niezb\u0119dne jest zdobycia uprawnie\u0144 wydawanych przez UDT. W tym celu nale\u017cy zda\u0107 egzamin przed ich komisj\u0105.&nbsp;&nbsp;<\/p>\n\n\n\n<p>Aby si\u0119 jednak dobrze do takiego egzaminu przygotowa\u0107, najpierw trzeba odby\u0107 szkolenie. Nasza firma oferuje kursy zar\u00f3wno dla operator\u00f3w, jak i konserwator\u00f3w \u017curawi p\u0142ywaj\u0105cych. Poznasz teori\u0119 oraz praktyk\u0119. Poza samym szkoleniem pomagamy w formalno\u015bciach zwi\u0105zanych z zapisami na egzamin oraz p\u00f3\u017aniejszym odbiorem dokument\u00f3w.&nbsp;&nbsp;<\/p>\n\n\n\n<h3 class=\"wp-block-heading\">Zapraszamy zar\u00f3wno klient\u00f3w indywidualnych, jak i firmy. Ka\u017cdy uczestnik musi spe\u0142ni\u0107 kilka wymaga\u0144, aby m\u00f3c przyst\u0105pi\u0107 do szkolenia:&nbsp;&nbsp;<\/h3>\n\n\n\n<ul class=\"wp-block-list\">\n<li>mie\u0107 uko\u0144czone 18 lat,&nbsp;<\/li>\n\n\n\n<li>posiada\u0107 wykszta\u0142cenie co najmniej podstawowe,&nbsp;&nbsp;<\/li>\n\n\n\n<li>dobry stan zdrowia fizycznego i psychicznego, udokumentowany,&nbsp;<\/li>\n\n\n\n<li>znajomo\u015b\u0107 j\u0119zyka polskiego pozwalaj\u0105ca na swobodn\u0105 komunikacja lub w razie jej braku obecno\u015b\u0107 t\u0142umacza przysi\u0119g\u0142ego.&nbsp;&nbsp;<\/li>\n<\/ul>\n\n\n\n<h2 class=\"wp-block-heading\">Jak wygl\u0105da ramowy program kursu? W cz\u0119\u015bci teoretycznej przeka\u017cemy Ci nast\u0119puj\u0105c\u0105 wiedz\u0119:&nbsp;<\/h2>\n\n\n<div class=\"wp-block-image\">\n<figure class=\"alignleft size-full is-resized\"><a href=\"https:\/\/odk-ergon.pl\/wp-content\/uploads\/2023\/03\/plywajacy-2-1.jpg\"><img loading=\"lazy\" decoding=\"async\" src=\"https:\/\/odk-ergon.pl\/wp-content\/uploads\/2023\/03\/plywajacy-2-1.jpg\" alt=\"konserwacja \u017curawia pok\u0142adowego  \" class=\"wp-image-2954\" width=\"512\" height=\"386\" srcset=\"https:\/\/odk-ergon.pl\/wp-content\/uploads\/2023\/03\/plywajacy-2-1.jpg 1024w, https:\/\/odk-ergon.pl\/wp-content\/uploads\/2023\/03\/plywajacy-2-1-300x226.jpg 300w, https:\/\/odk-ergon.pl\/wp-content\/uploads\/2023\/03\/plywajacy-2-1-768x578.jpg 768w, https:\/\/odk-ergon.pl\/wp-content\/uploads\/2023\/03\/plywajacy-2-1-16x12.jpg 16w, https:\/\/odk-ergon.pl\/wp-content\/uploads\/2023\/03\/plywajacy-2-1-624x470.jpg 624w\" sizes=\"auto, (max-width: 512px) 100vw, 512px\" \/><\/a><\/figure>\n<\/div>\n\n\n<ul class=\"wp-block-list\">\n<li>niezb\u0119dne informacje o statkach i platformach wiertniczych, spos\u00f3b monta\u017cu \u017curawi,&nbsp;<\/li>\n\n\n\n<li>budowa, dzia\u0142anie i zastosowanie \u017curawi p\u0142ywaj\u0105cych,&nbsp;&nbsp;<\/li>\n\n\n\n<li>dane techniczne maszyn, dokumentacja,&nbsp;&nbsp;<\/li>\n\n\n\n<li>wszystko o dozorze technicznym,&nbsp;&nbsp;<\/li>\n\n\n\n<li>eksploatacja,&nbsp;&nbsp;<\/li>\n\n\n\n<li>post\u0119powanie w sytuacjach wyj\u0105tkowych, w tym niebezpiecznych,&nbsp;&nbsp;<\/li>\n\n\n\n<li>przepisy BHP, pierwsza pomoc&nbsp;<\/li>\n\n\n\n<li>ocena techniczna \u017curawi przed przyst\u0105pieniem do pracy,&nbsp;&nbsp;<\/li>\n\n\n\n<li>w\u0142a\u015bciwa konserwacja, u\u017cycie smar\u00f3w i olej\u00f3w,&nbsp;<\/li>\n\n\n\n<li>obs\u0142uga \u017curawia, teoria.&nbsp;&nbsp;<\/li>\n<\/ul>\n\n\n\n<p>Po sko\u0144czonym szkoleniu praktycznym, ka\u017cdy uczestnik odbywa \u0107wiczenia praktyczne, gdzie wykorzystuje nabyt\u0105 wiedz\u0119 podczas pracy z \u017curawiami, uczy si\u0119 w\u0142a\u015bciwej obs\u0142ugi i post\u0119powania w symulowanych sytuacjach wyj\u0105tkowych czy niebezpiecznych.&nbsp;&nbsp;<\/p>\n\n\n\n<p>Po pe\u0142nym szkoleniu, kursant jest zapisywany na egzamin, kt\u00f3ry odbywa si\u0119 przed komisj\u0105 UDT. Pozytywny wynik obu cz\u0119\u015bci jest r\u00f3wnoznaczny ze zdobyciem uprawnie\u0144 i pozwoleniem na wykonywanie pracy operatora i\/lub konserwatora. Uprawnienia s\u0105 wa\u017cne przez 5 lat od daty zdania egzaminu. Mo\u017cna je oczywi\u015bcie przed\u0142u\u017cy\u0107 na kolejne 5 lat, pod warunkiem wykonywania zawodu przez minimum 3. Ponadto wniosek nale\u017cy z\u0142o\u017cy\u0107 nie p\u00f3\u017aniej ni\u017c 3 miesi\u0105ce przed wyga\u015bni\u0119ciem certyfikatu.&nbsp;&nbsp;<\/p>\n\n\n\n<h2 class=\"wp-block-heading\"><strong>Mo\u017cliwo\u015bci po szkoleniu i egzaminie&nbsp;<\/strong>&nbsp;<\/h2>\n\n\n\n<p>Je\u015bli wci\u0105\u017c si\u0119 zastanawiasz, czy warto podchodzi\u0107 do szkolenia i zdawania egzaminu, nasz o\u015brodek zatrudnia najlepszych specjalist\u00f3w z wieloletnim do\u015bwiadczeniem, kt\u00f3rzy sami d\u0142ugo pracowali w bran\u017cy i dziel\u0105 si\u0119 u\u017cyteczn\u0105 wiedz\u0105. &nbsp;<br>Ponadto, operatorzy i konserwatorzy \u017curawi, to ludzie bardzo poszukiwani na rynku pracy. Zdobywaj\u0105c uprawnienia mo\u017cesz zatem nie tylko zdoby\u0107 dobrze p\u0142atn\u0105 posad\u0119, ale te\u017c za\u0142o\u017cy\u0107 w\u0142asn\u0105 firm\u0119. Certyfikat UDT daje mo\u017cliwo\u015bci pracy nie tylko w Polsce, ale i ca\u0142ej Unii Europejskiej.&nbsp;&nbsp;<\/p>\n\n\n\n<p>Przekona\u0142e\u015b si\u0119? Zapraszamy si\u0119 do kontaktu, odpowiemy na wszelkie pytania.&nbsp;&nbsp;<\/p>\n\n\n\n<h2 class=\"wp-block-heading\">Pytania i odpowiedzi<\/h2>\n\n\n\t\t<details\t\thelp class=\"sc_fs_faq sc_card    \"\n\t\topen\t\t>\n\t\t\t\t\t<summary>\n\t\t\t\t<h3>Gdzie mog\u0119 pracowa\u0107 maj\u0105c uprawnienia?<\/h3>\t\t\t\t\t<\/summary>\n\t\t\t\t<div>\n\t\t\t\t\t\t<div class=\"sc_fs_faq__content\">\n\t\t\t\t\n\n<p>Operator oraz konserwator \u017curawi p\u0142ywaj\u0105cych mog\u0105 pracowa\u0107 na statkach oraz platformach wiertniczych w Polsce i ca\u0142ej Unii Europejskiej.&nbsp;<\/p>\n\n\t\t\t<\/div>\n\t\t<\/div>\n\t\t<\/details>\n\t\t\t\t<details\t\thelp class=\"sc_fs_faq sc_card    \"\n\t\t\t\t>\n\t\t\t\t\t<summary>\n\t\t\t\t<h3>Czy po szkoleniu mog\u0119 pracowa\u0107?<\/h3>\t\t\t\t\t<\/summary>\n\t\t\t\t<div>\n\t\t\t\t\t\t<div class=\"sc_fs_faq__content\">\n\t\t\t\t\n\n<p>Nie, szkolenie przygotowuje do egzaminu UDT. Dopiero po uzyskaniu wyniku pozytywnego otrzymuje si\u0119 uprawnienia do pracy.&nbsp;<\/p>\n\n\t\t\t<\/div>\n\t\t<\/div>\n\t\t<\/details>\n\t\t\t\t<details\t\thelp class=\"sc_fs_faq sc_card    \"\n\t\t\t\t>\n\t\t\t\t\t<summary>\n\t\t\t\t<h3>Ile s\u0105 wa\u017cne uprawnienia? <\/h3>\t\t\t\t\t<\/summary>\n\t\t\t\t<div>\n\t\t\t\t\t\t<div class=\"sc_fs_faq__content\">\n\t\t\t\t\n\n<p>Uprawnienia na \u017curawie p\u0142ywaj\u0105ce wa\u017cne s\u0105 przez 5 lat od daty zdania egzaminu.&nbsp;<\/p>\n\n\t\t\t<\/div>\n\t\t<\/div>\n\t\t<\/details>\n\t\t\n<script type=\"application\/ld+json\">\n\t{\n\t\t\"@context\": \"https:\/\/schema.org\",\n\t\t\"@type\": \"FAQPage\",\n\t\t\"mainEntity\": [\n\t\t\t\t\t{\n\t\t\t\t\"@type\": \"Question\",\n\t\t\t\t\"name\": \"Gdzie mog\u0119 pracowa\u0107 maj\u0105c uprawnienia?\",\n\t\t\t\t\"acceptedAnswer\": {\n\t\t\t\t\t\"@type\": \"Answer\",\n\t\t\t\t\t\"text\": \"<p>Operator oraz konserwator \u017curawi p\u0142ywaj\u0105cych mog\u0105 pracowa\u0107 na statkach oraz platformach wiertniczych w Polsce i ca\u0142ej Unii Europejskiej.&nbsp;<\/p>\"\n\t\t\t\t\t\t\t\t\t}\n\t\t\t}\n\t\t\t,\t\t\t\t{\n\t\t\t\t\"@type\": \"Question\",\n\t\t\t\t\"name\": \"Czy po szkoleniu mog\u0119 pracowa\u0107?\",\n\t\t\t\t\"acceptedAnswer\": {\n\t\t\t\t\t\"@type\": \"Answer\",\n\t\t\t\t\t\"text\": \"<p>Nie, szkolenie przygotowuje do egzaminu UDT. Dopiero po uzyskaniu wyniku pozytywnego otrzymuje si\u0119 uprawnienia do pracy.&nbsp;<\/p>\"\n\t\t\t\t\t\t\t\t\t}\n\t\t\t}\n\t\t\t,\t\t\t\t{\n\t\t\t\t\"@type\": \"Question\",\n\t\t\t\t\"name\": \"Ile s\u0105 wa\u017cne uprawnienia? \",\n\t\t\t\t\"acceptedAnswer\": {\n\t\t\t\t\t\"@type\": \"Answer\",\n\t\t\t\t\t\"text\": \"<p>Uprawnienia na \u017curawie p\u0142ywaj\u0105ce wa\u017cne s\u0105 przez 5 lat od daty zdania egzaminu.&nbsp;<\/p>\"\n\t\t\t\t\t\t\t\t\t}\n\t\t\t}\n\t\t\t\t\t\t]\n\t}\n<\/script>\n","protected":false},"excerpt":{"rendered":"<p>\u017burawie p\u0142ywaj\u0105ce, zwane r\u00f3wnie\u017c pok\u0142adowymi czy statkowym, to maszyny d\u017awigowe s\u0142u\u017c\u0105ce do za\u0142adunku i roz\u0142adunku towaru, w tym wypadku na statkach oraz platformach wiertniczych.&nbsp;&nbsp; Tak jak pozosta\u0142e rodzaje \u017curawi, podlegaj\u0105 one pod doz\u00f3r techniczny. Aby wi\u0119c m\u00f3c pracowa\u0107 z nimi, czy to w roli operatora czy konserwatora, niezb\u0119dne jest zdobycia uprawnie\u0144 wydawanych przez UDT. W tym celu nale\u017cy zda\u0107 egzamin przed ich komisj\u0105.&nbsp;&nbsp; Aby si\u0119 jednak dobrze do takiego egzaminu przygotowa\u0107, najpierw trzeba odby\u0107 szkolenie. Nasza firma oferuje kursy zar\u00f3wno dla operator\u00f3w, jak i konserwator\u00f3w \u017curawi p\u0142ywaj\u0105cych. Poznasz teori\u0119 oraz praktyk\u0119. Poza samym szkoleniem pomagamy w formalno\u015bciach zwi\u0105zanych z zapisami na egzamin oraz p\u00f3\u017aniejszym odbiorem dokument\u00f3w.&nbsp;&nbsp; Zapraszamy zar\u00f3wno klient\u00f3w indywidualnych, jak i firmy. Ka\u017cdy uczestnik musi spe\u0142ni\u0107 kilka wymaga\u0144, aby m\u00f3c przyst\u0105pi\u0107 do szkolenia:&nbsp;&nbsp; Jak wygl\u0105da ramowy program kursu? W cz\u0119\u015bci teoretycznej przeka\u017cemy Ci nast\u0119puj\u0105c\u0105 wiedz\u0119:&nbsp; Po sko\u0144czonym szkoleniu praktycznym, ka\u017cdy uczestnik odbywa \u0107wiczenia praktyczne, gdzie wykorzystuje nabyt\u0105 wiedz\u0119 podczas pracy z \u017curawiami, uczy si\u0119 w\u0142a\u015bciwej obs\u0142ugi i post\u0119powania w symulowanych sytuacjach wyj\u0105tkowych czy niebezpiecznych.&nbsp;&nbsp; Po pe\u0142nym szkoleniu, kursant jest zapisywany na egzamin, kt\u00f3ry odbywa si\u0119 przed komisj\u0105 UDT. Pozytywny wynik obu cz\u0119\u015bci jest r\u00f3wnoznaczny ze zdobyciem uprawnie\u0144 i pozwoleniem na wykonywanie pracy operatora i\/lub konserwatora. Uprawnienia s\u0105 wa\u017cne przez 5 lat od daty zdania egzaminu. Mo\u017cna je oczywi\u015bcie przed\u0142u\u017cy\u0107 na kolejne 5 lat, pod warunkiem wykonywania zawodu przez minimum 3. Ponadto wniosek nale\u017cy z\u0142o\u017cy\u0107 nie p\u00f3\u017aniej ni\u017c 3 miesi\u0105ce przed wyga\u015bni\u0119ciem certyfikatu.&nbsp;&nbsp; Mo\u017cliwo\u015bci po szkoleniu i egzaminie&nbsp;&nbsp; Je\u015bli wci\u0105\u017c si\u0119 zastanawiasz, czy warto podchodzi\u0107 do szkolenia i zdawania egzaminu, nasz o\u015brodek zatrudnia najlepszych specjalist\u00f3w [&hellip;]<\/p>\n","protected":false},"author":1,"featured_media":2953,"parent":1828,"menu_order":0,"comment_status":"closed","ping_status":"closed","template":"","meta":{"sfsi_plus_gutenberg_text_before_share":"","sfsi_plus_gutenberg_show_text_before_share":"","sfsi_plus_gutenberg_icon_type":"","sfsi_plus_gutenberg_icon_alignemt":"","sfsi_plus_gutenburg_max_per_row":"","footnotes":""},"class_list":["post-2952","page","type-page","status-publish","has-post-thumbnail","hentry","has_thumb"],"aioseo_notices":[],"_links":{"self":[{"href":"https:\/\/odk-ergon.pl\/en\/wp-json\/wp\/v2\/pages\/2952","targetHints":{"allow":["GET"]}}],"collection":[{"href":"https:\/\/odk-ergon.pl\/en\/wp-json\/wp\/v2\/pages"}],"about":[{"href":"https:\/\/odk-ergon.pl\/en\/wp-json\/wp\/v2\/types\/page"}],"author":[{"embeddable":true,"href":"https:\/\/odk-ergon.pl\/en\/wp-json\/wp\/v2\/users\/1"}],"replies":[{"embeddable":true,"href":"https:\/\/odk-ergon.pl\/en\/wp-json\/wp\/v2\/comments?post=2952"}],"version-history":[{"count":5,"href":"https:\/\/odk-ergon.pl\/en\/wp-json\/wp\/v2\/pages\/2952\/revisions"}],"predecessor-version":[{"id":3438,"href":"https:\/\/odk-ergon.pl\/en\/wp-json\/wp\/v2\/pages\/2952\/revisions\/3438"}],"up":[{"embeddable":true,"href":"https:\/\/odk-ergon.pl\/en\/wp-json\/wp\/v2\/pages\/1828"}],"wp:featuredmedia":[{"embeddable":true,"href":"https:\/\/odk-ergon.pl\/en\/wp-json\/wp\/v2\/media\/2953"}],"wp:attachment":[{"href":"https:\/\/odk-ergon.pl\/en\/wp-json\/wp\/v2\/media?parent=2952"}],"curies":[{"name":"wp","href":"https:\/\/api.w.org\/{rel}","templated":true}]}}