{"id":3036,"date":"2023-03-24T15:19:17","date_gmt":"2023-03-24T14:19:17","guid":{"rendered":"https:\/\/odk-ergon.pl\/?page_id=3036"},"modified":"2023-03-25T00:25:13","modified_gmt":"2023-03-24T23:25:13","slug":"entitlements-cranes","status":"publish","type":"page","link":"https:\/\/odk-ergon.pl\/en\/szkolenia\/uprawnienia-udt-tdt\/uprawnienia-na-suwnice\/","title":{"rendered":"Get your crane licence - courses nationwide"},"content":{"rendered":"\n<p>Nasz firma szkoleniowa z wieloletnim do\u015bwiadczeniem zar\u00f3wno jako u\u017cytkownicy jak i wyk\u0142adowcy oraz instruktorzy, zaprasza na kursy na suwnice. Na zaj\u0119ciach poznasz niezb\u0119dn\u0105 wiedz\u0105 dotycz\u0105c\u0105 tych urz\u0105dze\u0144 oraz przejdziesz praktyczne przeszkolenie, kt\u00f3re pozwol\u0105 zdoby\u0107 uprawnienia.&nbsp;<\/p>\n\n\n\n<p>Suwnice to urz\u0105dzenia pracuj\u0105ce w transporcie bliskim s\u0142u\u017c\u0105ce do podnoszenia i opuszczania \u0142adunk\u00f3w za pomoc\u0105 specjalnych wci\u0105garek. Jak wiele innych tego maszyn podlegaj\u0105 dozorowi technicznemu. Do pracy z nimi potrzebny jest kurs na suwnice, kt\u00f3ry mo\u017cna odby\u0107 w naszym o\u015brodku szkoleniowym.&nbsp;<\/p>\n\n\n\n<p>Maszyny te, inaczej d\u017awignice, posiadaj\u0105 uk\u0142ad poruszaj\u0105cy si\u0119 po dw\u00f3ch torach. U\u017cywamy ich do przenoszenia towar\u00f3w g\u0142\u00f3wnie w halach produkcyjnych i na magazynach, w ograniczonym zakresie i na torach.&nbsp;<\/p>\n\n\n\n<h2 class=\"wp-block-heading\">Suwnice dziel\u0105 si\u0119 na kilka rodzaj\u00f3w:&nbsp;<\/h2>\n\n\n\n<ul class=\"wp-block-list\">\n<li>natorowe lub pomostowe \u2013 ten rodzaj porusza si\u0119 po torach,&nbsp;<\/li>\n\n\n\n<li>podwieszane \u2013 suwnice podwiesza si\u0119 od spodu na torach,&nbsp;<\/li>\n\n\n\n<li>bramowe \u2013 urz\u0105dzenie porusza si\u0119 po torach na ziemi, natomiast most jest nad torami.&nbsp;&nbsp;<\/li>\n<\/ul>\n\n\n\n<p>Aby obs\u0142ugiwa\u0107 kt\u00f3rykolwiek z typ\u00f3w, nale\u017cy odby\u0107 odpowiedni kurs, aby zdoby\u0107 uprawnienia. Podczas zaj\u0119\u0107 teoretycznych kursant zapoznaje si\u0119 szczeg\u00f3\u0142owo z wybranym rodzajem suwnic oraz przechodzi praktyczny kurs ich obs\u0142ugi.&nbsp;<\/p>\n\n\n\n<h2 class=\"wp-block-heading\">Mo\u017cemy wyr\u00f3\u017cni\u0107 dwa typy kurs\u00f3w, zgodnych z wymogami Urz\u0119du Nadzoru Technicznego:&nbsp;<\/h2>\n\n\n\n<ul class=\"wp-block-list\">\n<li>suwnice, wci\u0105gniki i wci\u0105garki og\u00f3lnego przeznaczenia,&nbsp;<\/li>\n\n\n\n<li>suwnice, wci\u0105gniki i wci\u0105garki og\u00f3lnego oraz specjalnego przeznaczenia.&nbsp;<\/li>\n<\/ul>\n\n\n\n<figure class=\"wp-block-image size-full is-resized\"><a href=\"https:\/\/odk-ergon.pl\/wp-content\/uploads\/2023\/03\/suwnice-3.jpg\"><img loading=\"lazy\" decoding=\"async\" src=\"https:\/\/odk-ergon.pl\/wp-content\/uploads\/2023\/03\/suwnice-3.jpg\" alt=\"suwnica podwieszana na hali magazynowej \" class=\"wp-image-3038\" width=\"500\" height=\"335\" srcset=\"https:\/\/odk-ergon.pl\/wp-content\/uploads\/2023\/03\/suwnice-3.jpg 1000w, https:\/\/odk-ergon.pl\/wp-content\/uploads\/2023\/03\/suwnice-3-300x201.jpg 300w, https:\/\/odk-ergon.pl\/wp-content\/uploads\/2023\/03\/suwnice-3-768x515.jpg 768w, https:\/\/odk-ergon.pl\/wp-content\/uploads\/2023\/03\/suwnice-3-18x12.jpg 18w, https:\/\/odk-ergon.pl\/wp-content\/uploads\/2023\/03\/suwnice-3-624x418.jpg 624w\" sizes=\"auto, (max-width: 500px) 100vw, 500px\" \/><\/a><\/figure>\n\n\n\n<p>Ka\u017cdy kurs zako\u0144czony jest egzaminem zdawanym przed Urz\u0119dem Dozoru Technicznego. Sprawdza on wiedz\u0119 oraz umiej\u0119tno\u015bci praktyczne w korzystaniu z suwnic, a przy wyniku pozytywnym kursant otrzymuje uprawnienia do u\u017cywania tych urz\u0105dze\u0144.&nbsp;&nbsp;<\/p>\n\n\n\n<h3 class=\"wp-block-heading\">Kursy poruszaj\u0105 nast\u0119puj\u0105c\u0105 tematyk\u0119:&nbsp;<\/h3>\n\n\n\n<ul class=\"wp-block-list\">\n<li>nadz\u00f3r techniczny maszyn dla wybranego rodzaju suwnic,&nbsp;<\/li>\n\n\n\n<li>budowa oraz eksploatacja maszyn,&nbsp;<\/li>\n\n\n\n<li>obowi\u0105zki operatora suwnicy,&nbsp;<\/li>\n\n\n\n<li>zasady BHP,&nbsp;<\/li>\n\n\n\n<li>praktyczne u\u017cycie suwnic.&nbsp;<\/li>\n<\/ul>\n\n\n\n<p>Oferujemy&nbsp; bogat\u0105 teori\u0119 i zaj\u0119cia z u\u017cyciem maszyn. Uczestnicy zdob\u0119d\u0105 wiedz\u0119 teoretyczn\u0105 oraz naucz\u0105 si\u0119 poprawnie i bezpiecznie sterowa\u0107 suwnicami.&nbsp;<\/p>\n\n\n\n<h2 class=\"wp-block-heading\">Jakie wymogi nale\u017cy spe\u0142ni\u0107, aby przyst\u0105pi\u0107 do kursu:&nbsp;<\/h2>\n\n\n\n<ul class=\"wp-block-list\">\n<li>mie\u0107 uko\u0144czone 18 lat,&nbsp;<\/li>\n\n\n\n<li>mie\u0107 co najmniej podstawowe wykszta\u0142cenie,&nbsp;<\/li>\n\n\n\n<li>mie\u0107 za\u015bwiadczenie lekarskie o braku przeciwwskaza\u0144 do pracy na stanowisku operatora.&nbsp;<\/li>\n<\/ul>\n\n\n\n<h2 class=\"wp-block-heading\"><strong>Co otrzymujesz po zdanym egzaminie<\/strong><strong>?<\/strong><strong><\/strong>&nbsp;<\/h2>\n\n\n\n<ul class=\"wp-block-list\">\n<li>za\u015bwiadczenie honorowane na terenie ca\u0142ej Unii Europejskiej w j\u0119zyki polskim oraz angielskim,&nbsp;<\/li>\n\n\n\n<li>legitymacj\u0119 Urz\u0119du Dozoru Technicznego \u2013 wa\u017cn\u0105 bezterminowo i uprawniaj\u0105c\u0105 do obs\u0142ugi suwnic w ca\u0142ej Polsce&nbsp;<\/li>\n<\/ul>\n\n\n\n<h2 class=\"wp-block-heading\"><strong>Cena kursu<\/strong>&nbsp;<\/h2>\n\n\n\n<p><a href=\"https:\/\/odk-ergon.pl\/en\/cennik\/\">Cena<\/a> zale\u017cy od liczby os\u00f3b w danej grupie, bior\u0105cej udzia\u0142 w zaj\u0119ciach. Egzamin jest zawarty w cenie kursu. Je\u015bli chcesz si\u0119 zg\u0142osi\u0107, <a href=\"https:\/\/odk-ergon.pl\/en\/kontakt\/\">skontaktuj si\u0119 z nami<\/a> telefonicznie, mailowo lub przez formularz zg\u0142oszeniowy, aby om\u00f3wi\u0107 szczeg\u00f3\u0142y.&nbsp;<\/p>\n\n\n\n<figure class=\"wp-block-image size-large is-resized\"><a href=\"https:\/\/odk-ergon.pl\/wp-content\/uploads\/2023\/03\/suwnice.jpg\"><img loading=\"lazy\" decoding=\"async\" src=\"https:\/\/odk-ergon.pl\/wp-content\/uploads\/2023\/03\/suwnice-1024x768.jpg\" alt=\"suwnica przy torach\" class=\"wp-image-3039\" width=\"512\" height=\"384\" srcset=\"https:\/\/odk-ergon.pl\/wp-content\/uploads\/2023\/03\/suwnice-1024x768.jpg 1024w, https:\/\/odk-ergon.pl\/wp-content\/uploads\/2023\/03\/suwnice-300x225.jpg 300w, https:\/\/odk-ergon.pl\/wp-content\/uploads\/2023\/03\/suwnice-768x576.jpg 768w, https:\/\/odk-ergon.pl\/wp-content\/uploads\/2023\/03\/suwnice-1536x1152.jpg 1536w, https:\/\/odk-ergon.pl\/wp-content\/uploads\/2023\/03\/suwnice-16x12.jpg 16w, https:\/\/odk-ergon.pl\/wp-content\/uploads\/2023\/03\/suwnice-640x480.jpg 640w, https:\/\/odk-ergon.pl\/wp-content\/uploads\/2023\/03\/suwnice-624x468.jpg 624w, https:\/\/odk-ergon.pl\/wp-content\/uploads\/2023\/03\/suwnice.jpg 1920w\" sizes=\"auto, (max-width: 512px) 100vw, 512px\" \/><\/a><\/figure>\n\n\n\n<h2 class=\"wp-block-heading\"><strong>Miejsce odbywania si\u0119 kursu<\/strong>&nbsp;<\/h2>\n\n\n\n<p>Szkolimy na terenie Warszawy i nie tylko. Dodatkowo posiadamy w ofercie opcj\u0119 szkolenia z dojazdem do klienta na terenie ca\u0142ej Polski. &nbsp;<br>Cz\u0119\u015b\u0107 praktyczna mo\u017cliwa do zrobienia w miejscu wskazanym przez nas lub u klienta.&nbsp;&nbsp;<\/p>\n\n\n\n<p>Masz jakiekolwiek pytania, chcesz pozna\u0107 cen\u0119 lub um\u00f3wi\u0107 kurs w wybranym miejscu? Zapraszamy do kontaktu, odpowiadamy najszybciej, jak to mo\u017cliwe.&nbsp;<\/p>\n\n\n\n<h2 class=\"wp-block-heading\">Pytania i odpowiedzi<\/h2>\n\n\n\t\t<details\t\thelp class=\"sc_fs_faq sc_card    \"\n\t\topen\t\t>\n\t\t\t\t\t<summary>\n\t\t\t\t<h3>Jakie warunki nale\u017cy spe\u0142ni\u0107, aby zrobi\u0107 uprawnienia? <\/h3>\t\t\t\t\t<\/summary>\n\t\t\t\t<div>\n\t\t\t\t\t\t<div class=\"sc_fs_faq__content\">\n\t\t\t\t\n\n<p>Trzeba mie\u0107 uko\u0144czone 18 lat, szko\u0142\u0119 podstawow\u0105 oraz posiada\u0107 za\u015bwiadczenie lekarskie o braku przeciwwskaza\u0144 do pracy na stanowisku operatora.&nbsp;<\/p>\n\n\t\t\t<\/div>\n\t\t<\/div>\n\t\t<\/details>\n\t\t\t\t<details\t\thelp class=\"sc_fs_faq sc_card    \"\n\t\t\t\t>\n\t\t\t\t\t<summary>\n\t\t\t\t<h3>Jakie s\u0105 rodzaje kurs\u00f3w na operatora suwnic?<\/h3>\t\t\t\t\t<\/summary>\n\t\t\t\t<div>\n\t\t\t\t\t\t<div class=\"sc_fs_faq__content\">\n\t\t\t\t\n\n<p>Szkolimy na dwa <a href=\"https:\/\/odk-ergon.pl\/en\/szkolenia\/szkolenia-na-suwnice\/podstawowe-konstrukcje-suwnic\/\">rodzaje suwnic<\/a>. S\u0105 to suwnice, wci\u0105gniki i wci\u0105garki og\u00f3lnego przeznaczenia, a tak\u017ce druga kategoria obejmuj\u0105ca og\u00f3lnego oraz specjalnego przeznaczenia.<\/p>\n\n\t\t\t<\/div>\n\t\t<\/div>\n\t\t<\/details>\n\t\t\t\t<details\t\thelp class=\"sc_fs_faq sc_card    \"\n\t\t\t\t>\n\t\t\t\t\t<summary>\n\t\t\t\t<h3>Czego mo\u017cna si\u0119 dowiedzie\u0107 na kursie?<\/h3>\t\t\t\t\t<\/summary>\n\t\t\t\t<div>\n\t\t\t\t\t\t<div class=\"sc_fs_faq__content\">\n\t\t\t\t\n\n<p>Kursy poruszaj\u0105 nast\u0119puj\u0105c\u0105 tematyk\u0119: nadz\u00f3r techniczny maszyn dla kategorii I lub II, budow\u0119 oraz eksploatacje maszyn, obowi\u0105zki operatora, zasady bezpiecze\u0144stwa i higieny pracy oraz u\u017cycie suwnic w praktyce.<\/p>\n\n\t\t\t<\/div>\n\t\t<\/div>\n\t\t<\/details>\n\t\t\n<script type=\"application\/ld+json\">\n\t{\n\t\t\"@context\": \"https:\/\/schema.org\",\n\t\t\"@type\": \"FAQPage\",\n\t\t\"mainEntity\": [\n\t\t\t\t\t{\n\t\t\t\t\"@type\": \"Question\",\n\t\t\t\t\"name\": \"Jakie warunki nale\u017cy spe\u0142ni\u0107, aby zrobi\u0107 uprawnienia? \",\n\t\t\t\t\"acceptedAnswer\": {\n\t\t\t\t\t\"@type\": \"Answer\",\n\t\t\t\t\t\"text\": \"<p>Trzeba mie\u0107 uko\u0144czone 18 lat, szko\u0142\u0119 podstawow\u0105 oraz posiada\u0107 za\u015bwiadczenie lekarskie o braku przeciwwskaza\u0144 do pracy na stanowisku operatora.&nbsp;<\/p>\"\n\t\t\t\t\t\t\t\t\t}\n\t\t\t}\n\t\t\t,\t\t\t\t{\n\t\t\t\t\"@type\": \"Question\",\n\t\t\t\t\"name\": \"Jakie s\u0105 rodzaje kurs\u00f3w na operatora suwnic?\",\n\t\t\t\t\"acceptedAnswer\": {\n\t\t\t\t\t\"@type\": \"Answer\",\n\t\t\t\t\t\"text\": \"<p>Szkolimy na dwa rodzaje suwnic. S\u0105 to suwnice, wci\u0105gniki i wci\u0105garki og\u00f3lnego przeznaczenia, a tak\u017ce druga kategoria obejmuj\u0105ca og\u00f3lnego oraz specjalnego przeznaczenia.<\/p>\"\n\t\t\t\t\t\t\t\t\t}\n\t\t\t}\n\t\t\t,\t\t\t\t{\n\t\t\t\t\"@type\": \"Question\",\n\t\t\t\t\"name\": \"Czego mo\u017cna si\u0119 dowiedzie\u0107 na kursie?\",\n\t\t\t\t\"acceptedAnswer\": {\n\t\t\t\t\t\"@type\": \"Answer\",\n\t\t\t\t\t\"text\": \"<p>Kursy poruszaj\u0105 nast\u0119puj\u0105c\u0105 tematyk\u0119: nadz\u00f3r techniczny maszyn dla kategorii I lub II, budow\u0119 oraz eksploatacje maszyn, obowi\u0105zki operatora, zasady bezpiecze\u0144stwa i higieny pracy oraz u\u017cycie suwnic w praktyce.<\/p>\"\n\t\t\t\t\t\t\t\t\t}\n\t\t\t}\n\t\t\t\t\t\t]\n\t}\n<\/script>\n","protected":false},"excerpt":{"rendered":"<p>Nasz firma szkoleniowa z wieloletnim do\u015bwiadczeniem zar\u00f3wno jako u\u017cytkownicy jak i wyk\u0142adowcy oraz instruktorzy, zaprasza na kursy na suwnice. Na zaj\u0119ciach poznasz niezb\u0119dn\u0105 wiedz\u0105 dotycz\u0105c\u0105 tych urz\u0105dze\u0144 oraz przejdziesz praktyczne przeszkolenie, kt\u00f3re pozwol\u0105 zdoby\u0107 uprawnienia.&nbsp; Suwnice to urz\u0105dzenia pracuj\u0105ce w transporcie bliskim s\u0142u\u017c\u0105ce do podnoszenia i opuszczania \u0142adunk\u00f3w za pomoc\u0105 specjalnych wci\u0105garek. Jak wiele innych tego maszyn podlegaj\u0105 dozorowi technicznemu. Do pracy z nimi potrzebny jest kurs na suwnice, kt\u00f3ry mo\u017cna odby\u0107 w naszym o\u015brodku szkoleniowym.&nbsp; Maszyny te, inaczej d\u017awignice, posiadaj\u0105 uk\u0142ad poruszaj\u0105cy si\u0119 po dw\u00f3ch torach. U\u017cywamy ich do przenoszenia towar\u00f3w g\u0142\u00f3wnie w halach produkcyjnych i na magazynach, w ograniczonym zakresie i na torach.&nbsp; Suwnice dziel\u0105 si\u0119 na kilka rodzaj\u00f3w:&nbsp; Aby obs\u0142ugiwa\u0107 kt\u00f3rykolwiek z typ\u00f3w, nale\u017cy odby\u0107 odpowiedni kurs, aby zdoby\u0107 uprawnienia. Podczas zaj\u0119\u0107 teoretycznych kursant zapoznaje si\u0119 szczeg\u00f3\u0142owo z wybranym rodzajem suwnic oraz przechodzi praktyczny kurs ich obs\u0142ugi.&nbsp; Mo\u017cemy wyr\u00f3\u017cni\u0107 dwa typy kurs\u00f3w, zgodnych z wymogami Urz\u0119du Nadzoru Technicznego:&nbsp; Ka\u017cdy kurs zako\u0144czony jest egzaminem zdawanym przed Urz\u0119dem Dozoru Technicznego. Sprawdza on wiedz\u0119 oraz umiej\u0119tno\u015bci praktyczne w korzystaniu z suwnic, a przy wyniku pozytywnym kursant otrzymuje uprawnienia do u\u017cywania tych urz\u0105dze\u0144.&nbsp;&nbsp; Kursy poruszaj\u0105 nast\u0119puj\u0105c\u0105 tematyk\u0119:&nbsp; Oferujemy&nbsp; bogat\u0105 teori\u0119 i zaj\u0119cia z u\u017cyciem maszyn. Uczestnicy zdob\u0119d\u0105 wiedz\u0119 teoretyczn\u0105 oraz naucz\u0105 si\u0119 poprawnie i bezpiecznie sterowa\u0107 suwnicami.&nbsp; Jakie wymogi nale\u017cy spe\u0142ni\u0107, aby przyst\u0105pi\u0107 do kursu:&nbsp; Co otrzymujesz po zdanym egzaminie?&nbsp; Cena kursu&nbsp; Cena zale\u017cy od liczby os\u00f3b w danej grupie, bior\u0105cej udzia\u0142 w zaj\u0119ciach. Egzamin jest zawarty w cenie kursu. Je\u015bli chcesz si\u0119 zg\u0142osi\u0107, skontaktuj si\u0119 z nami telefonicznie, mailowo lub przez formularz zg\u0142oszeniowy, aby om\u00f3wi\u0107 [&hellip;]<\/p>\n","protected":false},"author":1,"featured_media":3037,"parent":1828,"menu_order":0,"comment_status":"closed","ping_status":"closed","template":"","meta":{"sfsi_plus_gutenberg_text_before_share":"","sfsi_plus_gutenberg_show_text_before_share":"","sfsi_plus_gutenberg_icon_type":"","sfsi_plus_gutenberg_icon_alignemt":"","sfsi_plus_gutenburg_max_per_row":"","footnotes":""},"class_list":["post-3036","page","type-page","status-publish","has-post-thumbnail","hentry","has_thumb"],"aioseo_notices":[],"_links":{"self":[{"href":"https:\/\/odk-ergon.pl\/en\/wp-json\/wp\/v2\/pages\/3036","targetHints":{"allow":["GET"]}}],"collection":[{"href":"https:\/\/odk-ergon.pl\/en\/wp-json\/wp\/v2\/pages"}],"about":[{"href":"https:\/\/odk-ergon.pl\/en\/wp-json\/wp\/v2\/types\/page"}],"author":[{"embeddable":true,"href":"https:\/\/odk-ergon.pl\/en\/wp-json\/wp\/v2\/users\/1"}],"replies":[{"embeddable":true,"href":"https:\/\/odk-ergon.pl\/en\/wp-json\/wp\/v2\/comments?post=3036"}],"version-history":[{"count":4,"href":"https:\/\/odk-ergon.pl\/en\/wp-json\/wp\/v2\/pages\/3036\/revisions"}],"predecessor-version":[{"id":3406,"href":"https:\/\/odk-ergon.pl\/en\/wp-json\/wp\/v2\/pages\/3036\/revisions\/3406"}],"up":[{"embeddable":true,"href":"https:\/\/odk-ergon.pl\/en\/wp-json\/wp\/v2\/pages\/1828"}],"wp:featuredmedia":[{"embeddable":true,"href":"https:\/\/odk-ergon.pl\/en\/wp-json\/wp\/v2\/media\/3037"}],"wp:attachment":[{"href":"https:\/\/odk-ergon.pl\/en\/wp-json\/wp\/v2\/media?parent=3036"}],"curies":[{"name":"wp","href":"https:\/\/api.w.org\/{rel}","templated":true}]}}