{"id":3116,"date":"2023-03-24T15:37:19","date_gmt":"2023-03-24T14:37:19","guid":{"rendered":"https:\/\/odk-ergon.pl\/?page_id=3116"},"modified":"2023-03-25T00:03:40","modified_gmt":"2023-03-24T23:03:40","slug":"platforms-and-lifts","status":"publish","type":"page","link":"https:\/\/odk-ergon.pl\/en\/szkolenia\/uprawnienia-udt-tdt\/podesty-i-podnosniki\/","title":{"rendered":"UDT authorisations for platforms and hoists"},"content":{"rendered":"\n<p>Podno\u015bniki ruchome, to inaczej&nbsp; <a href=\"https:\/\/odk-ergon.pl\/en\/szkolenia\/uprawnienia-udt-tdt\/podeste-ruchome\/\">podesty ruchome<\/a> przejezdne wolnobie\u017cne \u2013 to urz\u0105dzenia, jakich u\u017cywa si\u0119 do unoszenia pracownik\u00f3w na budowach podczas prac wysoko\u015bciowych.&nbsp;&nbsp;<\/p>\n\n\n\n<h2 class=\"wp-block-heading\">Podno\u015bniki r\u00f3\u017cni\u0105 si\u0119 mi\u0119dzy sob\u0105 rodzajem nap\u0119du, dzielimy je na te posiadaj\u0105ce:&nbsp;<\/h2>\n\n\n\n<ul class=\"wp-block-list\">\n<li>nap\u0119d elektryczny \u2013 przeznaczone do prac w pomieszczeniach, maj\u0105 wydajny akumulator elektryczny i zazwyczaj s\u0105 niewielkie;&nbsp;<\/li>\n\n\n\n<li>nap\u0119d spalinowy \u2013 przeznaczone do prac w terenie. Zazwyczaj maj\u0105 nap\u0119d na 4 ko\u0142a, co pozwala na przemieszczenie si\u0119 r\u00f3wnie\u017c po nier\u00f3wnej nawierzchni.&nbsp;<\/li>\n<\/ul>\n\n\n\n<h2 class=\"wp-block-heading\">Zalety podno\u015bnik\u00f3w:&nbsp;<\/h2>\n\n\n\n<p>Wyr\u00f3\u017cniamy kilka kluczowych zalet podno\u015bnik\u00f3w, dzi\u0119ki kt\u00f3rym s\u0105 tak cz\u0119sto wykorzystywane do prac budowlanych czy serwisowych:&nbsp;<\/p>\n\n\n\n<ul class=\"wp-block-list\">\n<li>platforma pozwalaj\u0105ca na transport nawet 7 os\u00f3b jednocze\u015bnie,&nbsp;<\/li>\n\n\n\n<li>s\u0105&nbsp; zwrotne i kompaktowe, ich rozmiary pozwalaj\u0105 na prac\u0119 nawet w trudno dost\u0119pnych miejscach,&nbsp;<\/li>\n\n\n\n<li>maj\u0105 szerokie zastosowanie, mo\u017cna ich u\u017cywa\u0107 do prac remontowych zar\u00f3wno na zewn\u0105trz, jak i wewn\u0105trz budynk\u00f3w.&nbsp;<\/li>\n<\/ul>\n\n\n\n<h2 class=\"wp-block-heading\"><strong>Jak zdoby\u0107 uprawnienia?<\/strong>&nbsp;<\/h2>\n\n\n\n<p>Uprawnienia s\u0105 przyznawane przez UDT po pomy\u015blnym zdaniu egzaminu. Mo\u017cna odby\u0107 szkolenie na dowolny rodzaj podno\u015bnik\u00f3w. Kurs oraz egzamin sk\u0142adaj\u0105 si\u0119 z teorii i praktyki, a samo zezwolenie na prac\u0119 jest przyzwane na 5 lub 10 lat \u2013 w zale\u017cno\u015bci od rodzaju urz\u0105dzenia \u2013 wa\u017cne od dnia wydania.&nbsp;<\/p>\n\n\n\n<h2 class=\"wp-block-heading\"><strong>Jak wygl\u0105da kurs?<\/strong>&nbsp;<\/h2>\n\n\n\n<p>Szkolenie z obs\u0142ugi podno\u015bnik\u00f3w jest przeprowadzane stacjonarnie i dzieli si\u0119 na cz\u0119\u015b\u0107 praktyczn\u0105, poprzedzone teoretyczn\u0105. Mo\u017ce odbywa\u0107 si\u0119 zar\u00f3wno dla klienta indywidualnego, jak i pracownik\u00f3w firm.&nbsp;<\/p>\n\n\n\n<p>Wycena kursu jest kwestia indywidualn\u0105 i zale\u017cy od wymog\u00f3w klienta, dlatego te\u017c wszystkie szczeg\u00f3\u0142y ustala si\u0119 przed jego rozpocz\u0119ciem.&nbsp;&nbsp;<\/p>\n\n\n\n<figure class=\"wp-block-image size-large is-resized\"><a href=\"https:\/\/odk-ergon.pl\/wp-content\/uploads\/2023\/03\/podest-2-1.jpg\"><img loading=\"lazy\" decoding=\"async\" src=\"https:\/\/odk-ergon.pl\/wp-content\/uploads\/2023\/03\/podest-2-1-1024x538.jpg\" alt=\"podest o nap\u0119dzie elektrycznym \" class=\"wp-image-3118\" width=\"512\" height=\"269\" srcset=\"https:\/\/odk-ergon.pl\/wp-content\/uploads\/2023\/03\/podest-2-1-1024x538.jpg 1024w, https:\/\/odk-ergon.pl\/wp-content\/uploads\/2023\/03\/podest-2-1-300x158.jpg 300w, https:\/\/odk-ergon.pl\/wp-content\/uploads\/2023\/03\/podest-2-1-768x403.jpg 768w, https:\/\/odk-ergon.pl\/wp-content\/uploads\/2023\/03\/podest-2-1-18x9.jpg 18w, https:\/\/odk-ergon.pl\/wp-content\/uploads\/2023\/03\/podest-2-1-624x328.jpg 624w, https:\/\/odk-ergon.pl\/wp-content\/uploads\/2023\/03\/podest-2-1.jpg 1200w\" sizes=\"auto, (max-width: 512px) 100vw, 512px\" \/><\/a><\/figure>\n\n\n\n<h2 class=\"wp-block-heading\">Tematy poruszane na szkoleniu:&nbsp;<\/h2>\n\n\n\n<ul class=\"wp-block-list\">\n<li>wszystko o dozorze technicznym,&nbsp;<\/li>\n\n\n\n<li>wiedza og\u00f3lna o d\u017awignicach,&nbsp;<\/li>\n\n\n\n<li>poznasz budow\u0119 podest\u00f3w i nauczysz si\u0119 o ich eksploatacji,&nbsp;<\/li>\n\n\n\n<li>zasady BHP,&nbsp;<\/li>\n\n\n\n<li>wykorzystanie wiedzy w praktyce.&nbsp;<\/li>\n<\/ul>\n\n\n\n<p>Szkolenia s\u0105 przeznaczone dla wszystkich pracuj\u0105cych na stanowisku operatora podno\u015bnik\u00f3w koszowych, instalator\u00f3w,&nbsp; pracownik\u00f3w firm budowlanych oraz reklamowych .&nbsp;&nbsp;<\/p>\n\n\n\n<p>Po sko\u0144czonym kursie uzyskujesz uprawnienia do obs\u0142ugi wybranego typu maszyny.&nbsp;<\/p>\n\n\n\n<h3 class=\"wp-block-heading\">Uprawnienia na podesty ruchome dzielimy na kategorie:&nbsp;<\/h3>\n\n\n\n<ul class=\"wp-block-list\">\n<li>stacjonarne;&nbsp;<\/li>\n\n\n\n<li>masztowe;&nbsp;<\/li>\n\n\n\n<li>wisz\u0105ce;&nbsp;<\/li>\n\n\n\n<li>przejezdne;&nbsp;<\/li>\n\n\n\n<li>na pojazdach kolejowych. &nbsp;<\/li>\n<\/ul>\n\n\n\n<h3 class=\"wp-block-heading\">Wymagania, jakie musi spe\u0142ni\u0107 uczestnik to:&nbsp;<\/h3>\n\n\n\n<ul class=\"wp-block-list\">\n<li>uko\u0144czone minimum 18 lat,&nbsp;&nbsp;<\/li>\n\n\n\n<li>co najmniej podstawowe wykszta\u0142cenie,&nbsp;<\/li>\n\n\n\n<li>za\u015bwiadczenie lekarskie o mo\u017cliwo\u015bci wykonywania zawodu.&nbsp;<\/li>\n<\/ul>\n\n\n\n<h2 class=\"wp-block-heading\"><strong>Uprawnienia dla konserwator\u00f3w<\/strong>&nbsp;<\/h2>\n\n\n\n<p>Kiedy ju\u017c zdoby\u0142e\u015b uprawnienia do obs\u0142ugi podno\u015bnik\u00f3w i masz w tym do\u015bwiadczenie, mo\u017cesz zrobi\u0107 r\u00f3wnie\u017c szkolenie na konserwatora tych urz\u0105dze\u0144. Pod okiem wykwalifikowanego&nbsp; specjalisty od konserwacji nauczysz si\u0119, jak ocenia\u0107 stan techniczny maszyn oraz, jak o nie dba\u0107, \u017ceby by\u0142y sprawne i bezpieczne do pracy.&nbsp;&nbsp;<\/p>\n\n\n\n<h3 class=\"wp-block-heading\">W ramach zaj\u0119\u0107 teoretycznych dowiesz si\u0119 o:&nbsp;<\/h3>\n\n\n\n<ul class=\"wp-block-list\">\n<li>budowie podno\u015bnik\u00f3w i ich dzia\u0142anie,&nbsp;<\/li>\n\n\n\n<li>przepisach dozoru technicznego,&nbsp;<\/li>\n\n\n\n<li>obowi\u0105zkach konserwatora,&nbsp;<\/li>\n\n\n\n<li>jakie mog\u0105 by\u0107 usterki i jak si\u0119 ich pozby\u0107,&nbsp;<\/li>\n\n\n\n<li>zasady BHP,&nbsp;<\/li>\n\n\n\n<li>korzystaniu z dokumentacji technicznej,&nbsp;&nbsp;<\/li>\n\n\n\n<li>jak dba\u0107 o dobry stan techniczny urz\u0105dze\u0144.&nbsp;&nbsp;<\/li>\n<\/ul>\n\n\n\n<p>Szkolenie ko\u0144czy si\u0119 egzaminem zdawanym przed komisj\u0105 UDT. Nie musisz martwi\u0107 si\u0119 zapisem &#8211; wykonujemy go w imieniu naszych kursant\u00f3w. Nast\u0119pnym krokiem jest ju\u017c tylko stawienie si\u0119 na egzamin w odpowiednim terminie. Kwalifikacje konserwatora wa\u017cne s\u0105 przez&nbsp;5 lat od daty wystawienia.&nbsp;<br>Maj\u0105c uprawnienia mo\u017cesz pracowa\u0107 dla firm budowlanych, transportowych, remontowych, a tak\u017ce w wypo\u017cyczalniach podest\u00f3w ruchomych \u2013 wsz\u0119dzie tam, gdzie niezb\u0119dny jest specjalista do oceny stanu technicznego i jego poprawienia.&nbsp;<\/p>\n\n\n\n<figure class=\"wp-block-image size-full is-resized\"><a href=\"https:\/\/odk-ergon.pl\/wp-content\/uploads\/2023\/03\/podest-3.jpg\"><img loading=\"lazy\" decoding=\"async\" src=\"https:\/\/odk-ergon.pl\/wp-content\/uploads\/2023\/03\/podest-3.jpg\" alt=\"pracownicy podczas monta\u017cu rusztowania\" class=\"wp-image-3119\" width=\"500\" height=\"500\" srcset=\"https:\/\/odk-ergon.pl\/wp-content\/uploads\/2023\/03\/podest-3.jpg 1000w, https:\/\/odk-ergon.pl\/wp-content\/uploads\/2023\/03\/podest-3-300x300.jpg 300w, https:\/\/odk-ergon.pl\/wp-content\/uploads\/2023\/03\/podest-3-768x768.jpg 768w, https:\/\/odk-ergon.pl\/wp-content\/uploads\/2023\/03\/podest-3-12x12.jpg 12w, https:\/\/odk-ergon.pl\/wp-content\/uploads\/2023\/03\/podest-3-624x624.jpg 624w\" sizes=\"auto, (max-width: 500px) 100vw, 500px\" \/><\/a><\/figure>\n\n\n\n<h2 class=\"wp-block-heading\"><strong>Doradztwo i serwis<\/strong>&nbsp;<\/h2>\n\n\n\n<p>Nasza firma zajmuje si\u0119 tak\u017ce serwisem wszystkich typ\u00f3w podno\u015bnik\u00f3w \u2013 uczymy i naprawiamy. Je\u015bli natomiast potrzebujesz pomocy przy zakupie \u2013 r\u00f3wnie\u017c zapraszamy do kontaktu. Doradzimy Ci sprz\u0119t, jaki b\u0119dzie najlepszy do Twoich potrzeb.&nbsp;<\/p>\n\n\n\n<p>Nasi do\u015bwiadczeni serwisanci i konserwatorzy zajm\u0105 si\u0119 Twoj\u0105 maszyn\u0105, niezale\u017cnie od jej producenta.&nbsp;<\/p>\n\n\n\n<h2 class=\"wp-block-heading\">Pytania i odpowiedzi<\/h2>\n\n\n\t\t<details\t\thelp class=\"sc_fs_faq sc_card    \"\n\t\topen\t\t>\n\t\t\t\t\t<summary>\n\t\t\t\t<h3>Czy poza szkoleniami zajmujecie si\u0119 serwisem?<\/h3>\t\t\t\t\t<\/summary>\n\t\t\t\t<div>\n\t\t\t\t\t\t<div class=\"sc_fs_faq__content\">\n\t\t\t\t\n\n<p>Nasza firma oferuje te\u017c serwis wszystkich typ\u00f3w podno\u015bnik\u00f3w, na jakie mo\u017cna zdoby\u0107 uprawnienia operatora. Szkolimy tak\u017ce z zakresu obs\u0142ugi m.in. \u017curawi, suwnic, w\u00f3zk\u00f3w wid\u0142owych czy \u0142adowarek teleskopowych.<\/p>\n\n\t\t\t<\/div>\n\t\t<\/div>\n\t\t<\/details>\n\t\t\t\t<details\t\thelp class=\"sc_fs_faq sc_card    \"\n\t\t\t\t>\n\t\t\t\t\t<summary>\n\t\t\t\t<h3>Na ile czasu s\u0105 wydawane uprawnienia operatorskie?<\/h3>\t\t\t\t\t<\/summary>\n\t\t\t\t<div>\n\t\t\t\t\t\t<div class=\"sc_fs_faq__content\">\n\t\t\t\t\n\n<p><strong>Uprawnienia dla operatora s\u0105 wydawane na 5 lub 10 lat w zale\u017cno\u015bci od rodzaju maszyny, na kt\u00f3r\u0105 zosta\u0142 zrobiony kurs.<\/strong><\/p>\n\n\t\t\t<\/div>\n\t\t<\/div>\n\t\t<\/details>\n\t\t\t\t<details\t\thelp class=\"sc_fs_faq sc_card    \"\n\t\t\t\t>\n\t\t\t\t\t<summary>\n\t\t\t\t<h3>Kto mo\u017ce wzi\u0105\u0107 udzia\u0142 w szkoleniu? <\/h3>\t\t\t\t\t<\/summary>\n\t\t\t\t<div>\n\t\t\t\t\t\t<div class=\"sc_fs_faq__content\">\n\t\t\t\t\n\n<p>W kursie mo\u017ce wzi\u0105\u0107 udzia\u0142 ka\u017cdy, kto ma uko\u0144czone 18 lat, co najmniej podstawowe wykszta\u0142cenie i odznacza si\u0119 dobrym stanem zdrowia, udokumentowanym.<\/p>\n\n\t\t\t<\/div>\n\t\t<\/div>\n\t\t<\/details>\n\t\t\n<script type=\"application\/ld+json\">\n\t{\n\t\t\"@context\": \"https:\/\/schema.org\",\n\t\t\"@type\": \"FAQPage\",\n\t\t\"mainEntity\": [\n\t\t\t\t\t{\n\t\t\t\t\"@type\": \"Question\",\n\t\t\t\t\"name\": \"Czy poza szkoleniami zajmujecie si\u0119 serwisem?\",\n\t\t\t\t\"acceptedAnswer\": {\n\t\t\t\t\t\"@type\": \"Answer\",\n\t\t\t\t\t\"text\": \"<p>Nasza firma oferuje te\u017c serwis wszystkich typ\u00f3w podno\u015bnik\u00f3w, na jakie mo\u017cna zdoby\u0107 uprawnienia operatora. Szkolimy tak\u017ce z zakresu obs\u0142ugi m.in. \u017curawi, suwnic, w\u00f3zk\u00f3w wid\u0142owych czy \u0142adowarek teleskopowych.<\/p>\"\n\t\t\t\t\t\t\t\t\t}\n\t\t\t}\n\t\t\t,\t\t\t\t{\n\t\t\t\t\"@type\": \"Question\",\n\t\t\t\t\"name\": \"Na ile czasu s\u0105 wydawane uprawnienia operatorskie?\",\n\t\t\t\t\"acceptedAnswer\": {\n\t\t\t\t\t\"@type\": \"Answer\",\n\t\t\t\t\t\"text\": \"<p><strong>Uprawnienia dla operatora s\u0105 wydawane na 5 lub 10 lat w zale\u017cno\u015bci od rodzaju maszyny, na kt\u00f3r\u0105 zosta\u0142 zrobiony kurs.<\/strong><\/p>\"\n\t\t\t\t\t\t\t\t\t}\n\t\t\t}\n\t\t\t,\t\t\t\t{\n\t\t\t\t\"@type\": \"Question\",\n\t\t\t\t\"name\": \"Kto mo\u017ce wzi\u0105\u0107 udzia\u0142 w szkoleniu? \",\n\t\t\t\t\"acceptedAnswer\": {\n\t\t\t\t\t\"@type\": \"Answer\",\n\t\t\t\t\t\"text\": \"<p>W kursie mo\u017ce wzi\u0105\u0107 udzia\u0142 ka\u017cdy, kto ma uko\u0144czone 18 lat, co najmniej podstawowe wykszta\u0142cenie i odznacza si\u0119 dobrym stanem zdrowia, udokumentowanym.<\/p>\"\n\t\t\t\t\t\t\t\t\t}\n\t\t\t}\n\t\t\t\t\t\t]\n\t}\n<\/script>\n","protected":false},"excerpt":{"rendered":"<p>Podno\u015bniki ruchome, to inaczej&nbsp; podesty ruchome przejezdne wolnobie\u017cne \u2013 to urz\u0105dzenia, jakich u\u017cywa si\u0119 do unoszenia pracownik\u00f3w na budowach podczas prac wysoko\u015bciowych.&nbsp;&nbsp; Podno\u015bniki r\u00f3\u017cni\u0105 si\u0119 mi\u0119dzy sob\u0105 rodzajem nap\u0119du, dzielimy je na te posiadaj\u0105ce:&nbsp; Zalety podno\u015bnik\u00f3w:&nbsp; Wyr\u00f3\u017cniamy kilka kluczowych zalet podno\u015bnik\u00f3w, dzi\u0119ki kt\u00f3rym s\u0105 tak cz\u0119sto wykorzystywane do prac budowlanych czy serwisowych:&nbsp; Jak zdoby\u0107 uprawnienia?&nbsp; Uprawnienia s\u0105 przyznawane przez UDT po pomy\u015blnym zdaniu egzaminu. Mo\u017cna odby\u0107 szkolenie na dowolny rodzaj podno\u015bnik\u00f3w. Kurs oraz egzamin sk\u0142adaj\u0105 si\u0119 z teorii i praktyki, a samo zezwolenie na prac\u0119 jest przyzwane na 5 lub 10 lat \u2013 w zale\u017cno\u015bci od rodzaju urz\u0105dzenia \u2013 wa\u017cne od dnia wydania.&nbsp; Jak wygl\u0105da kurs?&nbsp; Szkolenie z obs\u0142ugi podno\u015bnik\u00f3w jest przeprowadzane stacjonarnie i dzieli si\u0119 na cz\u0119\u015b\u0107 praktyczn\u0105, poprzedzone teoretyczn\u0105. Mo\u017ce odbywa\u0107 si\u0119 zar\u00f3wno dla klienta indywidualnego, jak i pracownik\u00f3w firm.&nbsp; Wycena kursu jest kwestia indywidualn\u0105 i zale\u017cy od wymog\u00f3w klienta, dlatego te\u017c wszystkie szczeg\u00f3\u0142y ustala si\u0119 przed jego rozpocz\u0119ciem.&nbsp;&nbsp; Tematy poruszane na szkoleniu:&nbsp; Szkolenia s\u0105 przeznaczone dla wszystkich pracuj\u0105cych na stanowisku operatora podno\u015bnik\u00f3w koszowych, instalator\u00f3w,&nbsp; pracownik\u00f3w firm budowlanych oraz reklamowych .&nbsp;&nbsp; Po sko\u0144czonym kursie uzyskujesz uprawnienia do obs\u0142ugi wybranego typu maszyny.&nbsp; Uprawnienia na podesty ruchome dzielimy na kategorie:&nbsp; Wymagania, jakie musi spe\u0142ni\u0107 uczestnik to:&nbsp; Uprawnienia dla konserwator\u00f3w&nbsp; Kiedy ju\u017c zdoby\u0142e\u015b uprawnienia do obs\u0142ugi podno\u015bnik\u00f3w i masz w tym do\u015bwiadczenie, mo\u017cesz zrobi\u0107 r\u00f3wnie\u017c szkolenie na konserwatora tych urz\u0105dze\u0144. Pod okiem wykwalifikowanego&nbsp; specjalisty od konserwacji nauczysz si\u0119, jak ocenia\u0107 stan techniczny maszyn oraz, jak o nie dba\u0107, \u017ceby by\u0142y sprawne i bezpieczne do pracy.&nbsp;&nbsp; W ramach zaj\u0119\u0107 teoretycznych dowiesz si\u0119 o:&nbsp; Szkolenie ko\u0144czy si\u0119 egzaminem [&hellip;]<\/p>\n","protected":false},"author":1,"featured_media":3117,"parent":1828,"menu_order":0,"comment_status":"closed","ping_status":"closed","template":"","meta":{"sfsi_plus_gutenberg_text_before_share":"","sfsi_plus_gutenberg_show_text_before_share":"","sfsi_plus_gutenberg_icon_type":"","sfsi_plus_gutenberg_icon_alignemt":"","sfsi_plus_gutenburg_max_per_row":"","footnotes":""},"class_list":["post-3116","page","type-page","status-publish","has-post-thumbnail","hentry","has_thumb"],"aioseo_notices":[],"_links":{"self":[{"href":"https:\/\/odk-ergon.pl\/en\/wp-json\/wp\/v2\/pages\/3116","targetHints":{"allow":["GET"]}}],"collection":[{"href":"https:\/\/odk-ergon.pl\/en\/wp-json\/wp\/v2\/pages"}],"about":[{"href":"https:\/\/odk-ergon.pl\/en\/wp-json\/wp\/v2\/types\/page"}],"author":[{"embeddable":true,"href":"https:\/\/odk-ergon.pl\/en\/wp-json\/wp\/v2\/users\/1"}],"replies":[{"embeddable":true,"href":"https:\/\/odk-ergon.pl\/en\/wp-json\/wp\/v2\/comments?post=3116"}],"version-history":[{"count":4,"href":"https:\/\/odk-ergon.pl\/en\/wp-json\/wp\/v2\/pages\/3116\/revisions"}],"predecessor-version":[{"id":3400,"href":"https:\/\/odk-ergon.pl\/en\/wp-json\/wp\/v2\/pages\/3116\/revisions\/3400"}],"up":[{"embeddable":true,"href":"https:\/\/odk-ergon.pl\/en\/wp-json\/wp\/v2\/pages\/1828"}],"wp:featuredmedia":[{"embeddable":true,"href":"https:\/\/odk-ergon.pl\/en\/wp-json\/wp\/v2\/media\/3117"}],"wp:attachment":[{"href":"https:\/\/odk-ergon.pl\/en\/wp-json\/wp\/v2\/media?parent=3116"}],"curies":[{"name":"wp","href":"https:\/\/api.w.org\/{rel}","templated":true}]}}