{"id":3538,"date":"2023-06-23T14:12:11","date_gmt":"2023-06-23T12:12:11","guid":{"rendered":"https:\/\/odk-ergon.pl\/?page_id=3538"},"modified":"2023-06-23T14:12:12","modified_gmt":"2023-06-23T12:12:12","slug":"forklift-truck-repair","status":"publish","type":"page","link":"https:\/\/odk-ergon.pl\/en\/naprawa-wozkow-widlowych\/","title":{"rendered":"Forklift truck repairs"},"content":{"rendered":"<h2 class=\"wp-block-heading\">Forklift trucks - brief characteristics<\/h2>\n\n\n\n<p>Forklift trucks are vehicles with distinctive forks positioned at the front and are used to transport heavy loads, usually on pallets. In addition to being a forklift operator, an important profession is that of a service technician for these machines. A person who repairs and services forklifts must be trained and then pass a state examination and obtain the relevant licence. We warmly invite you to take a look at the maintenance and service offer of the Operators Training Centre!&nbsp;<\/p>\n\n\n\n<h2 class=\"wp-block-heading\">Forklift truck repair and service - information<\/h2>\n\n\n<div class=\"wp-block-image\">\n<figure class=\"alignleft size-large is-resized\"><a href=\"https:\/\/odk-ergon.pl\/wp-content\/uploads\/2023\/05\/s2-2023-05-15T165239.405.jpg\"><img loading=\"lazy\" decoding=\"async\" src=\"https:\/\/odk-ergon.pl\/wp-content\/uploads\/2023\/05\/s2-2023-05-15T165239.405-1024x682.jpg\" alt=\"forklift truck in warehouse\" class=\"wp-image-3539\" width=\"512\" height=\"341\" srcset=\"https:\/\/odk-ergon.pl\/wp-content\/uploads\/2023\/05\/s2-2023-05-15T165239.405-1024x682.jpg 1024w, https:\/\/odk-ergon.pl\/wp-content\/uploads\/2023\/05\/s2-2023-05-15T165239.405-300x200.jpg 300w, https:\/\/odk-ergon.pl\/wp-content\/uploads\/2023\/05\/s2-2023-05-15T165239.405-768x511.jpg 768w, https:\/\/odk-ergon.pl\/wp-content\/uploads\/2023\/05\/s2-2023-05-15T165239.405-1536x1022.jpg 1536w, https:\/\/odk-ergon.pl\/wp-content\/uploads\/2023\/05\/s2-2023-05-15T165239.405-18x12.jpg 18w, https:\/\/odk-ergon.pl\/wp-content\/uploads\/2023\/05\/s2-2023-05-15T165239.405-624x415.jpg 624w, https:\/\/odk-ergon.pl\/wp-content\/uploads\/2023\/05\/s2-2023-05-15T165239.405.jpg 1600w\" sizes=\"auto, (max-width: 512px) 100vw, 512px\" \/><\/a><\/figure>\n<\/div>\n\n\n<p>Forklift servicing and maintenance should always be very thorough and carried out by specialists. An inaccurate, careless repair can cause damage to health and even life. . And the safety of both the forklift operator and those in the vicinity of the equipment is paramount. Our ERGON Centre offers:&nbsp;<\/p>\n\n\n\n<ul class=\"wp-block-list\">\n<li>technical inspection of machinery,&nbsp;<\/li>\n\n\n\n<li>complete overhaul of forklift trucks,&nbsp;<\/li>\n\n\n\n<li>engine, suspension and mast repairs,&nbsp;<\/li>\n\n\n\n<li>repairing controllers,&nbsp;<\/li>\n\n\n\n<li>maintenance of manual gearboxes,&nbsp;<\/li>\n\n\n\n<li>repair of LPG systems,&nbsp;<\/li>\n\n\n\n<li>replacing forks and extensions,&nbsp;<\/li>\n\n\n\n<li>tyre replacement.&nbsp;<\/li>\n<\/ul>\n\n\n\n<p>In addition, if the need arises, we will paint, varnish and sandblast your forklift. We are not afraid of servicing gas installations, sealing transmissions or maintaining the brake system. We will also perform an exhaust gas analysis and replace batteries in electrical equipment without any problems.&nbsp;&nbsp;<\/p>\n\n\n\n<p>In maintenance work, we provide effective solutions, which we always carry out with top-quality tools. We always carry out diagnostics in detail and use high-quality spare parts in repairs.&nbsp;<\/p>\n\n\n<div class=\"wp-block-image\">\n<figure class=\"alignright size-large is-resized\"><a href=\"https:\/\/odk-ergon.pl\/wp-content\/uploads\/2023\/05\/screen_2x-2023-05-12T184951.664.jpg\"><img loading=\"lazy\" decoding=\"async\" src=\"https:\/\/odk-ergon.pl\/wp-content\/uploads\/2023\/05\/screen_2x-2023-05-12T184951.664-1024x684.jpg\" alt=\"ERGON logo on a forklift truck background\" class=\"wp-image-3541\" width=\"512\" height=\"342\" srcset=\"https:\/\/odk-ergon.pl\/wp-content\/uploads\/2023\/05\/screen_2x-2023-05-12T184951.664-1024x684.jpg 1024w, https:\/\/odk-ergon.pl\/wp-content\/uploads\/2023\/05\/screen_2x-2023-05-12T184951.664-300x200.jpg 300w, https:\/\/odk-ergon.pl\/wp-content\/uploads\/2023\/05\/screen_2x-2023-05-12T184951.664-768x513.jpg 768w, https:\/\/odk-ergon.pl\/wp-content\/uploads\/2023\/05\/screen_2x-2023-05-12T184951.664-1536x1025.jpg 1536w, https:\/\/odk-ergon.pl\/wp-content\/uploads\/2023\/05\/screen_2x-2023-05-12T184951.664-18x12.jpg 18w, https:\/\/odk-ergon.pl\/wp-content\/uploads\/2023\/05\/screen_2x-2023-05-12T184951.664-624x417.jpg 624w, https:\/\/odk-ergon.pl\/wp-content\/uploads\/2023\/05\/screen_2x-2023-05-12T184951.664.jpg 1600w\" sizes=\"auto, (max-width: 512px) 100vw, 512px\" \/><\/a><\/figure>\n<\/div>\n\n\n<p>If we have to take your machine to our workshop, don't worry, you will get a replacement machine for the duration of the service. And what's more, we always aim to make our repairs as short as possible so that you don't have to wait long for your machine. At the same time, we do everything very carefully, without neglecting a single detail. We also keep detailed records of all our repairs and supervise maintenance. Our experts will help you prepare your forklift for registration with the Office of Technical Inspection.&nbsp;&nbsp;<\/p>\n\n\n\n<h2 class=\"wp-block-heading\">Forklift trucks - some essential information<\/h2>\n\n\n\n<p>The wide range of products on offer on the market means that companies can very precisely select the forklift trucks they need for specific tasks. One of the categories by which we divide forklift trucks is the type of drive used.&nbsp;&nbsp;<\/p>\n\n\n\n<figure class=\"wp-block-table\"><table><tbody><tr><td><strong>Type of forklift truck<\/strong>&nbsp;<\/td><td><strong>Characteristics<\/strong>&nbsp;<\/td><\/tr><tr><td>Forklift trucks with internal combustion engine&nbsp;<\/td><td>These are forklifts with low fuel consumption, which at the same time reduces the operating costs of the forklift. The diesel engine runs at high revs and works well in harsh environments and when transporting heavy loads. However, the pollution levels of these forklifts are the highest and the high CO2 and exhaust emissions mean that these forklifts are only used outdoors. They cannot be used in halls or warehouses and other enclosed areas, as they would pose a high risk to both the people working there and the goods stored. These trolleys are used, for example, on construction sites, storage yards or transhipment areas.&nbsp;<\/td><\/tr><tr><td>Gas forklift trucks&nbsp;<\/td><td>They are also combustion machines, but run on liquid gas. Such an engine emits significantly less exhaust fumes than a petrol engine. If they are very well ventilated so that there is a continuous exchange of air, they can be used indoors.&nbsp;<\/td><\/tr><tr><td>Electric forklift trucks&nbsp;<\/td><td>Electric trolleys are electric trolleys. The engine does not emit exhaust fumes as it is powered by electricity. They are very economical. There is hardly any noise when using the forklifts and they are small in size. Electric forklifts have a small turning radius which makes manoeuvring in tight spaces much easier. They can be used in confined spaces such as warehouses, production halls, warehouses or large-format shops.&nbsp;&nbsp;<\/td><\/tr><\/tbody><\/table><\/figure>\n\n\n\n<p>In addition to the criterion according to the type of drive used, there are several other divisions of forklift trucks. One of these is the construction of the machine and the intended use. Here, a distinction is made between stacker and lift trucks and high bay, horizontal and vertical order picking.&nbsp;<\/p>\n\n\n<div class=\"wp-block-image\">\n<figure class=\"alignleft size-large is-resized\"><a href=\"https:\/\/odk-ergon.pl\/wp-content\/uploads\/2023\/05\/screen_2x-2023-05-15T165317.031.jpg\"><img loading=\"lazy\" decoding=\"async\" src=\"https:\/\/odk-ergon.pl\/wp-content\/uploads\/2023\/05\/screen_2x-2023-05-15T165317.031-1024x683.jpg\" alt=\"a person bending down at a wheelchair and fixing something\" class=\"wp-image-3540\" width=\"512\" height=\"342\" srcset=\"https:\/\/odk-ergon.pl\/wp-content\/uploads\/2023\/05\/screen_2x-2023-05-15T165317.031-1024x683.jpg 1024w, https:\/\/odk-ergon.pl\/wp-content\/uploads\/2023\/05\/screen_2x-2023-05-15T165317.031-300x200.jpg 300w, https:\/\/odk-ergon.pl\/wp-content\/uploads\/2023\/05\/screen_2x-2023-05-15T165317.031-768x512.jpg 768w, https:\/\/odk-ergon.pl\/wp-content\/uploads\/2023\/05\/screen_2x-2023-05-15T165317.031-1536x1024.jpg 1536w, https:\/\/odk-ergon.pl\/wp-content\/uploads\/2023\/05\/screen_2x-2023-05-15T165317.031-18x12.jpg 18w, https:\/\/odk-ergon.pl\/wp-content\/uploads\/2023\/05\/screen_2x-2023-05-15T165317.031-624x416.jpg 624w, https:\/\/odk-ergon.pl\/wp-content\/uploads\/2023\/05\/screen_2x-2023-05-15T165317.031.jpg 1600w\" sizes=\"auto, (max-width: 512px) 100vw, 512px\" \/><\/a><\/figure>\n<\/div>\n\n\n<h2 class=\"wp-block-heading\">The ERGON Centre invites you to<\/h2>\n\n\n\n<p>If you are looking for a professional and well-executed forklift truck service, come to us!  Feel free to contact us, where we will provide you with all the necessary information and will be happy to answer your questions.&nbsp;&nbsp;<\/p>\n\n\n\n<p>ERGON also provides a wide variety of high-level training courses. We have more than 15 years of experience and our teaching methods are state-of-the-art and allow us to transfer knowledge effectively. We always provide affordable prices, which we always agree with you individually. We offer discounts for larger, organised groups interested in courses. Our head office is in Warsaw. We also offer training courses with travel to the client.&nbsp;<\/p>\n\n\n\n<p>Our wide range of training courses that ERGON has on offer include courses for aerial lift operators, initial and periodic health and safety training, first aid training, high-altitude courses and those that will teach you how to weld and much more.&nbsp;&nbsp;<\/p>\n\n\n\n<p><strong>We look forward to hearing from you!&nbsp;<\/strong><\/p>","protected":false},"excerpt":{"rendered":"<p>W\u00f3zki wid\u0142owe \u2013 kr\u00f3tka charakterystyka W\u00f3zki wid\u0142owe to pojazdy z charakterystycznymi wid\u0142ami umieszczonymi z przodu, s\u0142u\u017c\u0105 do transportowania ci\u0119\u017ckich \u0142adunk\u00f3w, przewa\u017cnie na paletach. Poza byciem operatorem w\u00f3zka wid\u0142owego istotnym zawodem jest serwisant tych urz\u0105dze\u0144. Osoba, kt\u00f3ra naprawia i serwisuje w\u00f3zki wid\u0142owe musi by\u0107 przeszkolona, a nast\u0119pnie zda\u0107 egzamin pa\u0144stwowy i uzyska\u0107 odpowiednie uprawnienia. Zapraszamy serdecznie do zapoznania si\u0119 z ofert\u0105 na konserwacj\u0119 i serwis O\u015brodka Szkolenia Operator\u00f3w!&nbsp; Naprawa i serwis w\u00f3zk\u00f3w wid\u0142owych \u2013 informacje Serwis i konserwacja w\u00f3zk\u00f3w wid\u0142owych powinna by\u0107 zawsze bardzo dok\u0142adna oraz wykonywana przez specjalist\u00f3w. Niedok\u0142adna, niedba\u0142a naprawa mo\u017ce spowodowa\u0107 uszczerbek na zdrowiu, a nawet \u017cyciu. . A bezpiecze\u0144stwo zar\u00f3wno operatora w\u00f3zka wid\u0142owego jak i os\u00f3b przebywaj\u0105cych w pobli\u017cu urz\u0105dzenia, jest najwa\u017cniejsze. Nasz O\u015brodek ERGON oferuje:&nbsp; Ponadto, je\u017celi zaistnieje potrzeba to wymalujemy, polakierujemy i wypiaskujemy w\u00f3zek wid\u0142owy. Nie straszny nam serwis instalacji gazowych, uszczelnianie przek\u0142adni czy konserwacja uk\u0142adu hamulcowego. Bez problemu dokonamy analizy spalin i wymienimy baterie w urz\u0105dzeniach elektrycznych.&nbsp;&nbsp; W pracach konserwacyjnych zapewniamy skuteczne rozwi\u0105zania, kt\u00f3re wykonujemy zawsze z najwy\u017cszej klasy narz\u0119dziami. Diagnostyk\u0119 przeprowadzamy zawsze szczeg\u00f3\u0142owo, a w naprawie korzystamy z wysokiej jako\u015bci cz\u0119\u015bci zamiennych.&nbsp; Je\u017celi b\u0119dziemy zmuszeni zabra\u0107 urz\u0105dzenie do naszego warsztatu, prosz\u0119 si\u0119 nie martwi\u0107, na czas serwisu dostan\u0105 Pa\u0144stwo maszyn\u0119 zast\u0119pcz\u0105. A ponadto zawsze d\u0105\u017cymy do tego, aby nasza naprawa trwa\u0142a jak najkr\u00f3cej i nie musieli Pa\u0144stwo d\u0142ugo czeka\u0107 na swoje urz\u0105dzenie. Jednocze\u015bnie wszystko robimy bardzo dok\u0142adnie, nie zaniedbuj\u0105c ani szczeg\u00f3\u0142u. Prowadzimy tak\u017ce szczeg\u00f3\u0142ow\u0105 dokumentacj\u0119 wszystkich naszych napraw i nadzorujemy konserwacje. Nasi fachowcy pomog\u0105 przygotowa\u0107 w\u00f3zek wid\u0142owy do rejestracji w Urz\u0119dzie Dozoru Technicznego.&nbsp;&nbsp; W\u00f3zki wid\u0142owe \u2013 kilka niezb\u0119dnych [&hellip;]<\/p>\n","protected":false},"author":1,"featured_media":3542,"parent":0,"menu_order":0,"comment_status":"closed","ping_status":"closed","template":"","meta":{"sfsi_plus_gutenberg_text_before_share":"","sfsi_plus_gutenberg_show_text_before_share":"","sfsi_plus_gutenberg_icon_type":"","sfsi_plus_gutenberg_icon_alignemt":"","sfsi_plus_gutenburg_max_per_row":"","footnotes":""},"class_list":["post-3538","page","type-page","status-publish","has-post-thumbnail","hentry","has_thumb"],"aioseo_notices":[],"_links":{"self":[{"href":"https:\/\/odk-ergon.pl\/en\/wp-json\/wp\/v2\/pages\/3538","targetHints":{"allow":["GET"]}}],"collection":[{"href":"https:\/\/odk-ergon.pl\/en\/wp-json\/wp\/v2\/pages"}],"about":[{"href":"https:\/\/odk-ergon.pl\/en\/wp-json\/wp\/v2\/types\/page"}],"author":[{"embeddable":true,"href":"https:\/\/odk-ergon.pl\/en\/wp-json\/wp\/v2\/users\/1"}],"replies":[{"embeddable":true,"href":"https:\/\/odk-ergon.pl\/en\/wp-json\/wp\/v2\/comments?post=3538"}],"version-history":[{"count":2,"href":"https:\/\/odk-ergon.pl\/en\/wp-json\/wp\/v2\/pages\/3538\/revisions"}],"predecessor-version":[{"id":3597,"href":"https:\/\/odk-ergon.pl\/en\/wp-json\/wp\/v2\/pages\/3538\/revisions\/3597"}],"wp:featuredmedia":[{"embeddable":true,"href":"https:\/\/odk-ergon.pl\/en\/wp-json\/wp\/v2\/media\/3542"}],"wp:attachment":[{"href":"https:\/\/odk-ergon.pl\/en\/wp-json\/wp\/v2\/media?parent=3538"}],"curies":[{"name":"wp","href":"https:\/\/api.w.org\/{rel}","templated":true}]}}