{"id":62,"date":"2014-02-10T19:52:54","date_gmt":"2014-02-10T19:52:54","guid":{"rendered":"http:\/\/kursy-udt.kwiaty0.pl\/?page_id=62"},"modified":"2022-06-15T15:35:44","modified_gmt":"2022-06-15T13:35:44","slug":"about-company","status":"publish","type":"page","link":"https:\/\/odk-ergon.pl\/en\/o-firmie\/","title":{"rendered":"About company"},"content":{"rendered":"<div style=\"float: left; padding-right: 10px;\"><div id=\"metaslider-id-636\" style=\"max-width: 200px;\" class=\"ml-slider-3-108-0 metaslider metaslider-flex metaslider-636 ml-slider ms-theme-default nav-hidden\" role=\"region\" aria-label=\"about-company-sale\" data-height=\"150\" data-width=\"200\">\n    <div id=\"metaslider_container_636\">\n        <div id=\"metaslider_636\" class=\"flexslider\">\n            <ul class='slides'>\n                <li style=\"display: block; width: 100%;\" class=\"slide-651 ms-image\" aria-roledescription=\"slide\" data-date=\"2014-04-13 12:21:19\" data-filename=\"01-sale-szkoleniowe1.jpeg\" data-slide-type=\"image\"><img loading=\"lazy\" decoding=\"async\" src=\"https:\/\/odk-ergon.pl\/wp-content\/uploads\/2014\/04\/01-sale-szkoleniowe1.jpeg\" height=\"150\" width=\"200\" alt=\"\" class=\"slider-636 slide-651 msDefaultImage\" \/><\/li>\n                <li style=\"display: none; width: 100%;\" class=\"slide-652 ms-image\" aria-roledescription=\"slide\" data-date=\"2014-04-13 12:21:19\" data-filename=\"02-sala-szkoleniowa1.jpeg\" data-slide-type=\"image\"><img loading=\"lazy\" decoding=\"async\" src=\"https:\/\/odk-ergon.pl\/wp-content\/uploads\/2014\/04\/02-sala-szkoleniowa1.jpeg\" height=\"150\" width=\"200\" alt=\"\" class=\"slider-636 slide-652 msDefaultImage\" \/><\/li>\n                <li style=\"display: none; width: 100%;\" class=\"slide-653 ms-image\" aria-roledescription=\"slide\" data-date=\"2014-04-13 12:21:21\" data-filename=\"03-sala-szkolenia-udt1.jpeg\" data-slide-type=\"image\"><img loading=\"lazy\" decoding=\"async\" src=\"https:\/\/odk-ergon.pl\/wp-content\/uploads\/2014\/04\/03-sala-szkolenia-udt1.jpeg\" height=\"150\" width=\"200\" alt=\"\" class=\"slider-636 slide-653 msDefaultImage\" \/><\/li>\n            <\/ul>\n        <\/div>\n        \n    <\/div>\n<\/div><\/div>\n<div class=\"wyjustuj\">\n<p>The ERGON Personnel Training Center has over 15 years of experience in conducting professional training courses for employees. We provide courses for people who want to obtain professional qualifications. We specialize in G1, G2, G3 training and many more. We also conduct training, thanks to which you can obtain UDT, IP, OHS, as well as fire protection and first aid licenses. We provide a professional staff of trainers and lecturers, thanks to which knowledge is transferred in an accessible way.<\/p>\n<p>Our offer includes preparation courses for exams carried out by the Office of Technical Inspection, as well as various types of position exams, which are conducted, for example, by the Polish Electrical Installation Association (PSE), as well as the Association of Polish Mechanics Engineers (SIMP) and the Association of Food Industry Engineers and Technicians ( SITPS or SITSpo\u017c). We prepare for exams conducted by other units appointed by the Energy Regulatory Office (ERO). In our country, we deal with many examination committees appointed by the Energy Regulatory Office. When it comes to energy problems and the selection of devices, the UDT deals with it, the unit that certifies RES installers. Therefore, it is worth trusting our professionalism, thanks to which everyone will gain the appropriate knowledge and skills that will allow for efficient and safe operation of machines on various types of positions. Our courses are mainly in Warsaw, here is our headquarters, but we remain at the disposal of clients throughout Poland.<\/p>\n<div style=\"float: right; padding-left: 10px;\"><div id=\"metaslider-id-644\" style=\"max-width: 200px;\" class=\"ml-slider-3-108-0 metaslider metaslider-flex metaslider-644 ml-slider ms-theme-default nav-hidden nav-hidden\" role=\"region\" aria-label=\"about-company-sale2\" data-height=\"150\" data-width=\"200\">\n    <div id=\"metaslider_container_644\">\n        <div id=\"metaslider_644\" class=\"flexslider\">\n            <ul class='slides'>\n                <li style=\"display: block; width: 100%;\" class=\"slide-648 ms-image\" aria-roledescription=\"slide\" data-date=\"2014-04-13 12:20:45\" data-filename=\"04-uprawnienia-udt-sale2.jpeg\" data-slide-type=\"image\"><img loading=\"lazy\" decoding=\"async\" src=\"https:\/\/odk-ergon.pl\/wp-content\/uploads\/2014\/04\/04-uprawnienia-udt-sale2.jpeg\" height=\"150\" width=\"200\" alt=\"\" class=\"slider-644 slide-648 msDefaultImage\" \/><\/li>\n                <li style=\"display: none; width: 100%;\" class=\"slide-649 ms-image\" aria-roledescription=\"slide\" data-date=\"2014-04-13 12:20:45\" data-filename=\"05-foto-szkolenia2.jpeg\" data-slide-type=\"image\"><img loading=\"lazy\" decoding=\"async\" src=\"https:\/\/odk-ergon.pl\/wp-content\/uploads\/2014\/04\/05-foto-szkolenia2.jpeg\" height=\"150\" width=\"200\" alt=\"\" class=\"slider-644 slide-649 msDefaultImage\" \/><\/li>\n                <li style=\"display: none; width: 100%;\" class=\"slide-650 ms-image\" aria-roledescription=\"slide\" data-date=\"2014-04-13 12:20:46\" data-filename=\"06-pic-ergon-warszawa2.jpeg\" data-slide-type=\"image\"><img loading=\"lazy\" decoding=\"async\" src=\"https:\/\/odk-ergon.pl\/wp-content\/uploads\/2014\/04\/06-pic-ergon-warszawa2.jpeg\" height=\"150\" width=\"200\" alt=\"\" class=\"slider-644 slide-650 msDefaultImage\" \/><\/li>\n            <\/ul>\n        <\/div>\n        \n    <\/div>\n<\/div><\/div>\n<p>Our <a href=\"https:\/\/odk-ergon.pl\/en\/cennik\/\">offer<\/a> includes training for electrical qualifications, such as G1, G2, G3 training and many other institutions established by the Energy Regulatory Office (ERO). Final exams can be taken before committees all over the country. When it comes to HDS training, they are intended for obtaining qualifications to work for the position of hydraulic truck crane operator. We also have hook lift training, which are given by crane qualifications, as well as crane operator qualifications and other UDT training. All the courses we run are our original curriculum and are tailored to the UDT examination requirements. Therefore, our trainings are always fully effective and guarantee high pass rate. Many students have already trusted us, and 98% of them would recommend our classes to other people.<\/p>\n<p>Our ERGON Personnel Training Center is full of professionalism. We are an entity registered under the number 699 \/ K \/ 95r in the register of schools and non-public institutions of the capital city of Warsaw. We are a non-public educational institution that carries out educational activities.<\/p>\n<p>We invite you to get to know our entire training offer and to take advantage of our professional services. We provide courses on <a href=\"https:\/\/odk-ergon.pl\/en\/szkolenia\/szkolenia-na-suwnice\/uprawnienia\/\">UDT qualifications<\/a> and a course on <a href=\"https:\/\/odk-ergon.pl\/en\/szkolenia\/uprawnienia-udt-tdt\/podeste-ruchome\/\">mobile platforms<\/a> and ADR.<\/p>\n<p><strong>The team of the ERGON Personnel Training Center<\/strong><br \/>\n<em>The information on the website does not constitute a commercial offer and has been developed so that the training participant can be aware of the possibility of obtaining rights from various entities in Poland.<\/em><\/p>\n<\/div>","protected":false},"excerpt":{"rendered":"<p>O\u015brodek Doskonalenia Kadr ERGON posiada ponad 15-letnie do\u015bwiadczenie w prowadzeniu profesjonalnych szkole\u0144 dla pracownik\u00f3w. Zapewniamy kursy dla os\u00f3b, kt\u00f3re chc\u0105 uzyska uprawnienia zawodowe. Nasz\u0105 specjalno\u015bci\u0105 s\u0105 szkolenia G1, G2, G3 oraz wiele innych. Prowadzimy tak\u017ce szkolenia, dzi\u0119ki kt\u00f3rym mo\u017cna uzyska\u0107 uprawnienia elektryczne UDT, IP, BHP, a tak\u017ce P.PO\u017b oraz zwi\u0105zane z pierwsz\u0105 pomoc\u0105. Zapewniamy profesjonaln\u0105 kadr\u0119 szkoleniowc\u00f3w i wyk\u0142adowc\u00f3w, dzi\u0119ki kt\u00f3rym wiedza przekazywana jest w przyst\u0119pny spos\u00f3b. W naszej ofercie znajduj\u0105 si\u0119 kursy przygotowuj\u0105ce do egzamin\u00f3w, jakie przeprowadza Urz\u0105d Dozoru Technicznego, a tak\u017ce r\u00f3\u017cnorodnych typ\u00f3w egzamin\u00f3w stanowiskowych, jakie prowadzi chocia\u017cby Polskie Stowarzyszenie Elektroinstalacyjne (PSE), a tak\u017ce Stowarzyszenie In\u017cynier\u00f3w Mechanik\u00f3w Polskich (SIMP) oraz Stowarzyszenie In\u017cynier\u00f3w i Technik\u00f3w Przemys\u0142u Spo\u017cywczego (SITPS lub SITSpo\u017c). Przygotowujemy do egzamin\u00f3w, jakie przeprowadzane s\u0105 przez pozosta\u0142e jednostki powo\u0142ywane przez Urz\u0105d Regulacji Energetyki (URE). W naszym kraju mamy do czynienia z wieloma komisjami egzaminacyjnymi, jakie powo\u0142uje URE. Je\u015bli chodzi o problemy energetyczne i dob\u00f3r urz\u0105dze\u0144, zajmuje si\u0119 tym UDT, to jednostka jaka jednocze\u015bnie certyfikuje instalator\u00f3w OZE. Warto, zatem zaufa\u0107 naszemu profesjonalizmowi, dzi\u0119ki czemu ka\u017cdy zyska odpowiedni\u0105 wiedz\u0119 i umiej\u0119tno\u015bci, jakie pozwol\u0105 na sprawne i bezpieczne operowanie maszynami na rozmaitych typach stanowisk. Nasze kursy to g\u0142\u00f3wnie Warszawa, tutaj mie\u015bci si\u0119 nasza siedziba, pozostajemy jednak do dyspozycji klient\u00f3w na terenie ca\u0142ej Polski. Nasza oferta zawiera szkolenia na uprawnienia elektryczne, jak chocia\u017cby szkolenia G1, G2, G3 i wiele innych instytucji, jakie s\u0105 powo\u0142ywane przez Urz\u0105d Regulacji Energetyki (URE). Ko\u0144cowe egzaminy mo\u017cna zdawa\u0107 przed komisjami na terenie ca\u0142ego kraju. Je\u015bli chodzi o szkolenia HDS, to s\u0105 one przeznaczone do uzyskania uprawnie\u0144 do pracy w przypadku stanowiska operatora [&hellip;]<\/p>\n","protected":false},"author":1,"featured_media":0,"parent":0,"menu_order":0,"comment_status":"closed","ping_status":"closed","template":"","meta":{"sfsi_plus_gutenberg_text_before_share":"","sfsi_plus_gutenberg_show_text_before_share":"","sfsi_plus_gutenberg_icon_type":"","sfsi_plus_gutenberg_icon_alignemt":"","sfsi_plus_gutenburg_max_per_row":"","footnotes":""},"class_list":["post-62","page","type-page","status-publish","hentry","has_no_thumb"],"aioseo_notices":[],"_links":{"self":[{"href":"https:\/\/odk-ergon.pl\/en\/wp-json\/wp\/v2\/pages\/62","targetHints":{"allow":["GET"]}}],"collection":[{"href":"https:\/\/odk-ergon.pl\/en\/wp-json\/wp\/v2\/pages"}],"about":[{"href":"https:\/\/odk-ergon.pl\/en\/wp-json\/wp\/v2\/types\/page"}],"author":[{"embeddable":true,"href":"https:\/\/odk-ergon.pl\/en\/wp-json\/wp\/v2\/users\/1"}],"replies":[{"embeddable":true,"href":"https:\/\/odk-ergon.pl\/en\/wp-json\/wp\/v2\/comments?post=62"}],"version-history":[{"count":51,"href":"https:\/\/odk-ergon.pl\/en\/wp-json\/wp\/v2\/pages\/62\/revisions"}],"predecessor-version":[{"id":2253,"href":"https:\/\/odk-ergon.pl\/en\/wp-json\/wp\/v2\/pages\/62\/revisions\/2253"}],"wp:attachment":[{"href":"https:\/\/odk-ergon.pl\/en\/wp-json\/wp\/v2\/media?parent=62"}],"curies":[{"name":"wp","href":"https:\/\/api.w.org\/{rel}","templated":true}]}}