{"id":65,"date":"2014-02-12T12:17:15","date_gmt":"2014-02-12T12:17:15","guid":{"rendered":"http:\/\/kursy-udt.kwiaty0.pl\/?page_id=65"},"modified":"2022-06-15T13:20:08","modified_gmt":"2022-06-15T11:20:08","slug":"training","status":"publish","type":"page","link":"https:\/\/odk-ergon.pl\/en\/szkolenia\/","title":{"rendered":"Training"},"content":{"rendered":"<h2>ODK Ergon training courses<\/h2>\n<p>Our <a href=\"https:\/\/odk-ergon.pl\/en\/o-firmie\/\">ERGON Personnel Training Center<\/a> are high-quality courses for qualifications in various areas of professional development. We provide modern training with exams before examination committees, to be chosen by the trainee, among others: SEP (Association of Polish Electrical Engineers), PSE (Polish Association of Electrical Installations), SIMP (Association of Polish Mechanics Engineers), SITPS and SITSpo\u017c (Association of Food Industry Engineers and Technicians) . In addition, our offer includes the remaining ones appointed by the Energy Regulatory Office (ERO): G-1 (electricity), G-2 (heat) and G3 (gases), <a href=\"https:\/\/odk-ergon.pl\/en\/szkolenia\/szkolenia-bhp-warszawa\/\">safety training<\/a>, <a href=\"https:\/\/odk-ergon.pl\/en\/szkolenia\/szkolenie-ppoz-przeciwpozarowe\/\">Fire<\/a>, first aid and UDT (Office of Technical Inspection).<\/p>\n<p>We provide professionally conducted courses for people who want to obtain authorization to work in Poland and abroad. Our trainings are both theoretical and practical knowledge, thanks to which everyone is able to obtain the appropriate qualifications and successfully pass the professional exam. We effectively cooperate with SEP, PSE, SIMP, as well as SITPS and with other entities in the industry and UDT. We provide the best-composed curricula that are always updated to the latest requirements. In addition, we provide not only knowledge useful for the exam, but also for subsequent work in the profession.<\/p>\n<p>We invite you to take advantage of our offer, which are G1, G2, G3 trainings. We run courses in Warsaw, where our center is located, but also in other places, depending on the expectations of our clients. Our activity is not only Warsaw G1, G2, G3 trainings and many others, but also the entire country, so it is worth focusing on our services. When it comes to taking the exam, it takes place in front of committees located all over the country, so everyone can choose the most comfortable options to use. We encourage you to get to know our full offer, we offer the highest quality of education and at the same time favorable prices, so it is worth betting on our training.<\/p>\n<p><strong>Our offer includes:<\/strong><\/p>\n<ul>\n<li>trainings G1, G2, G3 - qualifications to 1kV,<\/li>\n<li>commission powers: SEP, PSE, SIMP, SITPS, HDS,<\/li>\n<li>crane operator training,<\/li>\n<li>a course for a crane operator,<\/li>\n<li>hook lift training,<\/li>\n<li>and many other courses that we offer on our website.<\/li>\n<\/ul>\n<p>We encourage you to take advantage of our offer and to contact our Ergon Personnel Training Center.<\/p>","protected":false},"excerpt":{"rendered":"<p>Szkolenia ODK Ergon Nasz O\u015brodek Doskonalenia Kadr ERGON to wysokiej jako\u015bci kursy na uprawnienia w r\u00f3\u017cnych dziedzinach rozwoju zawodowego. Zapewniamy nowoczesne szkolenia z egzaminami przed komisjami egzaminacyjnymi, do wyboru kursanta m.in.: SEP\u00a0(Stowarzyszenia Elektryk\u00f3w Polskich), PSE (Polskie Stowarzyszenie Elektroinstalacyjne), SIMP (Stowarzyszenie In\u017cynier\u00f3w Mechanik\u00f3w Polskich), SITPS oraz SITSpo\u017c (Stowarzyszenie In\u017cynier\u00f3w i Technik\u00f3w Przemys\u0142u Spo\u017cywczego). Dodatkowo w naszej ofercie znajduj\u0105 si\u0119 pozosta\u0142e, jakie s\u0105 powo\u0142ywane przez Urz\u0105d Regulacji Energetyki (URE): G-1 (elektroenergetyka), G-2 (ciep\u0142o) oraz G3 (gazy), szkolenia BHP, PPO\u017b, pierwszej pomocy oraz UDT (Urz\u0119du Dozoru Technicznego). Zapewniamy profesjonalnie prowadzone kursy dla os\u00f3b, jakie chc\u0105 uzyska\u0107 uprawnienia do pracy w Polsce, a tak\u017ce za granic\u0105. Nasze szkolenia to zar\u00f3wno wiedza teoretyczna, jak i praktyczna, dzi\u0119ki kt\u00f3rej ka\u017cdy jest w stanie uzyska\u0107 odpowiednie uprawnienia i pozytywnie zda\u0107 egzamin zawodowy. Prowadzimy efektywn\u0105 wsp\u00f3\u0142prac\u0119 z SEP, PSE, SIMP, a tak\u017ce SITPS oraz z innymi podmiotami w bran\u017cy oraz UDT. Zapewniamy najlepiej skomponowane programy nauczania, jakie zawsze posiadaj\u0105 aktualizacj\u0119 do najnowszych wymaga\u0144. Dodatkowo zapewniamy nie tylko wiedz\u0119 przydatn\u0105 do egzaminu, ale tak\u017ce do p\u00f3\u017aniejszej pracy w zawodzie. Zapraszamy do skorzystania z naszej oferty, jak\u0105 stanowi\u0105 szkolenia G1, G2, G3. Prowadzimy kursy w Warszawie, gdzie znajduje si\u0119 siedziba naszego o\u015brodka, ale tak\u017ce w innych miejscach, w zale\u017cno\u015bci od oczekiwa\u0144 Klient\u00f3w. Nasza dzia\u0142alno\u015b\u0107 to nie tylko Warszawa szkolenia G1, G2, G3 oraz wiele innych, ale tak\u017ce obszar ca\u0142ego kraju, dlatego warto postawi\u0107 na nasze us\u0142ugi. Je\u015bli chodzi o zdawanie egzaminu, to odbywa si\u0119 on przed komisjami, jakie znajduj\u0105 si\u0119 w ca\u0142ym kraju, wi\u0119c ka\u017cdy mo\u017ce dopasowa\u0107 dla siebie najbardziej komfortowe opcje do wykorzystania. Zach\u0119camy [&hellip;]<\/p>\n","protected":false},"author":1,"featured_media":0,"parent":0,"menu_order":1,"comment_status":"closed","ping_status":"closed","template":"page-templates\/template-podkategorie.php","meta":{"sfsi_plus_gutenberg_text_before_share":"","sfsi_plus_gutenberg_show_text_before_share":"","sfsi_plus_gutenberg_icon_type":"","sfsi_plus_gutenberg_icon_alignemt":"","sfsi_plus_gutenburg_max_per_row":"","footnotes":""},"class_list":["post-65","page","type-page","status-publish","hentry","has_no_thumb"],"aioseo_notices":[],"_links":{"self":[{"href":"https:\/\/odk-ergon.pl\/en\/wp-json\/wp\/v2\/pages\/65","targetHints":{"allow":["GET"]}}],"collection":[{"href":"https:\/\/odk-ergon.pl\/en\/wp-json\/wp\/v2\/pages"}],"about":[{"href":"https:\/\/odk-ergon.pl\/en\/wp-json\/wp\/v2\/types\/page"}],"author":[{"embeddable":true,"href":"https:\/\/odk-ergon.pl\/en\/wp-json\/wp\/v2\/users\/1"}],"replies":[{"embeddable":true,"href":"https:\/\/odk-ergon.pl\/en\/wp-json\/wp\/v2\/comments?post=65"}],"version-history":[{"count":149,"href":"https:\/\/odk-ergon.pl\/en\/wp-json\/wp\/v2\/pages\/65\/revisions"}],"predecessor-version":[{"id":2237,"href":"https:\/\/odk-ergon.pl\/en\/wp-json\/wp\/v2\/pages\/65\/revisions\/2237"}],"wp:attachment":[{"href":"https:\/\/odk-ergon.pl\/en\/wp-json\/wp\/v2\/media?parent=65"}],"curies":[{"name":"wp","href":"https:\/\/api.w.org\/{rel}","templated":true}]}}