{"id":67,"date":"2014-02-12T12:18:28","date_gmt":"2014-02-12T12:18:28","guid":{"rendered":"http:\/\/kursy-udt.kwiaty0.pl\/?page_id=67"},"modified":"2026-03-05T16:36:30","modified_gmt":"2026-03-05T15:36:30","slug":"contact","status":"publish","type":"page","link":"https:\/\/odk-ergon.pl\/en\/kontakt\/","title":{"rendered":"contact"},"content":{"rendered":"<div class=\"wyjustuj\" style=\"margin-bottom: 20px;\">Please contact the ERGON Personnel Training Center if you have any questions related to our training, auditing, implementation or consulting activities. Our employees will try to answer your messages as soon as possible. Please also contact us for a service quote - we have encouraging discounts for groups!<\/div>\n<h3>Main branch:<\/h3>\n<div style=\"float: right; margin-right: 20px; width: 65%; margin-top: -1%; font-size: 80%; color: red;\"><span style=\"font-weight: bold; text-decoration: underline;\">Directions:<\/span> The main branch of ODK Ergon is located in the Galeria Gawra shopping centre on Ip. Local 47 (entrance from the back, second staircase) in order to find us without any problems in the navigation type in the address: 1 Hermana St. There is a car park for customers behind the Gawra Gallery. You are welcome!<\/div>\n<p>ul. Warszawska 58C lok. 47<br \/>\n02-496 Warsaw<br \/>\ntel. <a href=\"tel:+48504010044\">+48 504 010 044<\/a><br \/>\n<a href=\"mailto:biuro@odk-ergon.pl\">biuro@odk-ergon.pl<\/a><\/p>\n<h3>Field offices:<\/h3>\n<div style=\"float: left; margin-right: 20px; width: 210px;\">\n<div style=\"font-weight: bold;\">Bia\u0142ystok branch<\/div>\n<p>ul. New world 9<br \/>\n15-453 Bia\u0142ystok<\/p>\n<\/div>\n<div style=\"float: left; margin-right: 20px; width: 210px;\">\n<div style=\"font-weight: bold;\">Bielsko Bia\u0142a branch<\/div>\n<p>ul. The Defenders of W\u0119gierska G\u00f3rka<br \/>\n34-350 Wegierska G\u00f3rka<\/p>\n<\/div>\n<div style=\"float: left; margin-right: 20px; width: 210px;\">\n<div style=\"font-weight: bold;\">Bydgoszcz branch<\/div>\n<p>ul. Old Port 13<br \/>\n85-068 Bydgoszcz<\/p>\n<\/div>\n<div style=\"clear: both;\">\n<div style=\"float: left; margin-right: 20px; width: 210px;\">\n<div style=\"font-weight: bold;\">Gda\u0144sk branch<\/div>\n<p>ul. Ko\u0142obrzeska 45<br \/>\n80-391 Gda\u0144sk<\/p>\n<\/div>\n<div style=\"float: left; margin-right: 20px; width: 210px;\">\n<div style=\"font-weight: bold;\">Gdynia branch<\/div>\n<p>ul. Zbo\u017cowa 7<br \/>\n81-020 Gdynia<\/p>\n<\/div>\n<div style=\"float: left; margin-right: 20px; width: 210px;\">\n<div style=\"font-weight: bold;\">Katowice branch (Silesia)<\/div>\n<p>ul. Kijowska 51<br \/>\n40-754 Katowice<\/p>\n<\/div>\n<\/div>\n<div style=\"clear: both;\">\n<div style=\"float: left; margin-right: 20px; width: 210px;\">\n<div style=\"font-weight: bold;\">Krakow Branch (Lesser Poland)<\/div>\n<p>ul. Lepkowskiego 9\/23<br \/>\n31-423 Krakow<\/p>\n<\/div>\n<div style=\"float: left; margin-right: 20px; width: 210px;\">\n<div style=\"font-weight: bold;\">Lublin branch<\/div>\n<p>ul. Less than 10<br \/>\n20-080 Lublin<\/p>\n<\/div>\n<div style=\"float: left; margin-right: 20px; width: 210px;\">\n<div style=\"font-weight: bold;\">\u0141\u00f3d\u017a branch<\/div>\n<p>ul. Piotrowska 121<br \/>\n62-061 Lodz<\/p>\n<\/div>\n<\/div>\n<div style=\"clear: both;\">\n<div style=\"float: left; margin-right: 20px; width: 210px;\">\n<div style=\"font-weight: bold;\">Pozna\u0144 branch<\/div>\n<p>ul. Sienkiewicza 20<br \/>\n60-818 Pozna\u0144<\/p>\n<\/div>\n<div style=\"float: left; margin-right: 20px; width: 210px;\">\n<div style=\"font-weight: bold;\">Szczecin branch<\/div>\n<p>ul. Rugia\u0144ska 71<br \/>\n71-653 Szczecin<\/p>\n<\/div>\n<div style=\"float: left; margin-right: 20px; width: 210px;\">\n<div style=\"font-weight: bold;\">Wroc\u0142aw branch<\/div>\n<p>ul. Partnicka 32<br \/>\n53-031 Wroclaw<\/p>\n<\/div>\n<\/div>\n<div style=\"clear: both;\">\n<div style=\"margin-top: 50px; font-weight: bold;\">See how to find us!<\/div>\n<p><iframe loading=\"lazy\" style=\"border: 0;\" src=\"https:\/\/www.google.com\/maps\/embed?pb=!1m18!1m12!1m3!1d2448.1556519187448!2d21.022441415793715!3d52.14967897974572!2m3!1f0!2f0!3f0!3m2!1i1024!2i768!4f13.1!3m3!1m2!1s0x4719328972aba0e7%3A0x4d68343c7175199!2sO%C5%9Brodek%20ERGON%20-%20wysoko%C5%9Bciowe%2C%20hakowy%20-%20sygnalista%2C%20wci%C4%85garki%2C%20%C5%BCurawie%20prze%C5%82adunkowych%2C%20zawiesi%20d%C5%BAwignic!5e0!3m2!1spl!2spl!4v1629066974647!5m2!1spl!2spl\" width=\"600\" height=\"450\" allowfullscreen=\"allowfullscreen\"><\/iframe><\/p>\n<\/div>","protected":false},"excerpt":{"rendered":"<p>Please do not hesitate to contact the ERGON Personnel Improvement Centre if you have any questions relating to our training, auditing, implementation or consultancy activities. Our staff will try to respond to your messages as soon as possible. Please also contact us for a quote for services - we have encouraging discounts for groups! Main branch: directions: The main branch of ODK Ergon is located in the Gawra Gallery shopping centre on 1stp. Local 47 (entrance from the back, second staircase) in order to find us without any problems in the navigation type in the address: 1 Hermana St. There is a car park for customers behind the Gawra Gallery. You are welcome! ul. Warszawska 58C lok. 47 02-496 Warszawa tel. +48 504 010 044 biuro@odk-ergon.pl Field Branches: Bia\u0142ystok Branch ul. Nowy \u015awiat 9 15-453 Bia\u0142ystok Bielsko Bia\u0142a Branch ul. Obro\u0144c\u00f3w W\u0119gierskiej G\u00f3rki 34-350 Wegierska G\u00f3rka Bydgoszcz Branch ul. Stary Port 13 85-068 Bydgoszcz Bydgoszcz Branch Gda\u0144sk ul. Ko\u0142obrzeska 45 80-391 Gda\u0144sk Gdynia Branch ul. Zbo\u017cowa 7 81-020 Gdynia Katowice (\u015al\u0105sk) Branch ul. Kijowska 51 40-754 Katowice Branch Krak\u00f3w (Ma\u0142opolska) ul. Lepkowskiego 9\/23 31-423 Krak\u00f3w Branch Lublin ul. Nieca\u0142a 10 20-080 Lublin Branch \u0141\u00f3d\u017a ul. Piotrowska 121 62-061 \u0141\u00f3d\u017a Branch Pozna\u0144 ul. Sienkiewicza 20 60-818 Pozna\u0144 Branch Szczecin ul. Rugia\u0144ska 71 71-653 Szczecin Branch Wroc\u0142aw ul. Partynicka 32 53-031 Wroc\u0142aw See how to reach us!<\/p>","protected":false},"author":1,"featured_media":0,"parent":0,"menu_order":10,"comment_status":"closed","ping_status":"closed","template":"","meta":{"sfsi_plus_gutenberg_text_before_share":"","sfsi_plus_gutenberg_show_text_before_share":"","sfsi_plus_gutenberg_icon_type":"","sfsi_plus_gutenberg_icon_alignemt":"","sfsi_plus_gutenburg_max_per_row":"","footnotes":""},"class_list":["post-67","page","type-page","status-publish","hentry","has_no_thumb"],"aioseo_notices":[],"_links":{"self":[{"href":"https:\/\/odk-ergon.pl\/en\/wp-json\/wp\/v2\/pages\/67","targetHints":{"allow":["GET"]}}],"collection":[{"href":"https:\/\/odk-ergon.pl\/en\/wp-json\/wp\/v2\/pages"}],"about":[{"href":"https:\/\/odk-ergon.pl\/en\/wp-json\/wp\/v2\/types\/page"}],"author":[{"embeddable":true,"href":"https:\/\/odk-ergon.pl\/en\/wp-json\/wp\/v2\/users\/1"}],"replies":[{"embeddable":true,"href":"https:\/\/odk-ergon.pl\/en\/wp-json\/wp\/v2\/comments?post=67"}],"version-history":[{"count":74,"href":"https:\/\/odk-ergon.pl\/en\/wp-json\/wp\/v2\/pages\/67\/revisions"}],"predecessor-version":[{"id":3700,"href":"https:\/\/odk-ergon.pl\/en\/wp-json\/wp\/v2\/pages\/67\/revisions\/3700"}],"wp:attachment":[{"href":"https:\/\/odk-ergon.pl\/en\/wp-json\/wp\/v2\/media?parent=67"}],"curies":[{"name":"wp","href":"https:\/\/api.w.org\/{rel}","templated":true}]}}