{"id":1195,"date":"2014-08-07T14:55:40","date_gmt":"2014-08-07T14:55:40","guid":{"rendered":"http:\/\/odk-ergon.pl\/?page_id=1195"},"modified":"2014-08-10T18:25:31","modified_gmt":"2014-08-10T18:25:31","slug":"service-bhp","status":"publish","type":"page","link":"https:\/\/odk-ergon.pl\/fr\/uslugi-bhp\/obsluga-bhp\/","title":{"rendered":"Service de sant\u00e9 et de s\u00e9curit\u00e9"},"content":{"rendered":"<div class=\"wyjustuj\">Conform\u00e9ment \u00e0 la loi, chaque entrepreneur doit fournir \u00e0 ses employ\u00e9s et \u00e0 lui-m\u00eame des conditions de travail appropri\u00e9es conform\u00e9ment aux exigences de la sant\u00e9 et de la s\u00e9curit\u00e9 au travail, car la formation des employ\u00e9s et la pr\u00e9paration d&#039;instructions r\u00e9duisent le risque d&#039;accidents du travail. Le Code du travail indique que ces services peuvent \u00eatre confi\u00e9s \u00e0 des sp\u00e9cialistes ext\u00e9rieurs au lieu de travail. Au centre de formation du personnel ERGON, nous vous fournissons des services complets de sant\u00e9 et de s\u00e9curit\u00e9 et <a href=\"https:\/\/odk-ergon.pl\/fr\/szkolenia\/szkolenie-ppoz-przeciwpozarowe\/\">Feu<\/a>. Nous fournissons nos services sous forme d&#039;externalisation, donc en choisissant notre offre, vous n&#039;avez pas \u00e0 cr\u00e9er votre propre \u00e9quipe d&#039;employ\u00e9s responsable des questions de sant\u00e9 et de s\u00e9curit\u00e9 au travail dans l&#039;entreprise. Nos sp\u00e9cialistes dans ce domaine veilleront \u00e0 ce que votre entreprise r\u00e9ponde \u00e0 toutes les exigences l\u00e9gales et \u00e0 ce que les employ\u00e9s soient toujours correctement form\u00e9s.Le service SST de notre centre comprend les services suivants\u00a0:<\/p>\n<ul>\n<li>formation des employ\u00e9s et des employeurs pour tous les postes - formation d&#039;initiation et formation continue<\/li>\n<li>former les salari\u00e9s aux postes de travail<\/li>\n<li>surveillance sur le lieu de travail<\/li>\n<li>conseils techniques et juridiques<\/li>\n<li>pr\u00e9parer la documentation n\u00e9cessaire - analyses, \u00e9valuations des risques professionnels, instructions g\u00e9n\u00e9rales et de travail, documentation post-accidentelle<\/li>\n<li>contr\u00f4les p\u00e9riodiques d&#039;hygi\u00e8ne et de s\u00e9curit\u00e9 dans l&#039;entreprise<\/li>\n<\/ul>\n<p>Si vous souhaitez utiliser nos services, veuillez nous contacter et nos employ\u00e9s \u00e9tabliront un devis personnalis\u00e9 en tenant compte de vos besoins. Nous travaillons dans la ville de Varsovie, ainsi que dans toute la vo\u00efvodie de Mazovie et en Pologne.<\/p>\n<p><a href=\"https:\/\/odk-ergon.pl\/fr\/kontakt\/\">Nous vous invitons cordialement !<\/a><\/p>\n<\/div>","protected":false},"excerpt":{"rendered":"<p>Selon la loi, chaque entrepreneur doit fournir \u00e0 ses employ\u00e9s et \u00e0 lui-m\u00eame des conditions de travail appropri\u00e9es conform\u00e9ment aux exigences de la sant\u00e9 et de la s\u00e9curit\u00e9 au travail, car la formation des employ\u00e9s et la pr\u00e9paration d&#039;instructions r\u00e9duisent le risque d&#039;accidents du travail. Le Code du travail indique que ces services peuvent \u00eatre confi\u00e9s \u00e0 des sp\u00e9cialistes ext\u00e9rieurs au lieu de travail. Au Centre de formation du personnel ERGON, nous offrons des services complets de sant\u00e9 et s\u00e9curit\u00e9 et de protection contre les incendies. Nous fournissons nos services sous forme d&#039;externalisation, donc en choisissant notre offre, vous n&#039;avez pas \u00e0 cr\u00e9er votre propre \u00e9quipe d&#039;employ\u00e9s responsable des questions de sant\u00e9 et de s\u00e9curit\u00e9 au travail dans l&#039;entreprise. Nos sp\u00e9cialistes dans ce domaine veilleront \u00e0 ce que votre entreprise respecte toutes les exigences l\u00e9gales et \u00e0 ce que les employ\u00e9s soient toujours correctement form\u00e9s supervision du travail sur le lieu de travail conseils techniques et juridiques pr\u00e9paration de la documentation n\u00e9cessaire - analyses, \u00e9valuations des risques professionnels, instructions g\u00e9n\u00e9rales et de travail, documentation post-accident inspections p\u00e9riodiques de sant\u00e9 et de s\u00e9curit\u00e9 dans l&#039;entreprise Si vous souhaitez utiliser nos services, veuillez nous contacter, et nos employ\u00e9s pr\u00e9pareront une \u00e9valuation individuelle en tenant compte de vos besoins. Nous travaillons dans la ville de Varsovie, ainsi que dans toute la vo\u00efvodie de Mazovie et en Pologne. Nous vous invitons cordialement !<\/p>","protected":false},"author":1,"featured_media":0,"parent":1193,"menu_order":0,"comment_status":"closed","ping_status":"closed","template":"","meta":{"sfsi_plus_gutenberg_text_before_share":"","sfsi_plus_gutenberg_show_text_before_share":"","sfsi_plus_gutenberg_icon_type":"","sfsi_plus_gutenberg_icon_alignemt":"","sfsi_plus_gutenburg_max_per_row":"","footnotes":""},"class_list":["post-1195","page","type-page","status-publish","hentry","has_no_thumb"],"aioseo_notices":[],"_links":{"self":[{"href":"https:\/\/odk-ergon.pl\/fr\/wp-json\/wp\/v2\/pages\/1195","targetHints":{"allow":["GET"]}}],"collection":[{"href":"https:\/\/odk-ergon.pl\/fr\/wp-json\/wp\/v2\/pages"}],"about":[{"href":"https:\/\/odk-ergon.pl\/fr\/wp-json\/wp\/v2\/types\/page"}],"author":[{"embeddable":true,"href":"https:\/\/odk-ergon.pl\/fr\/wp-json\/wp\/v2\/users\/1"}],"replies":[{"embeddable":true,"href":"https:\/\/odk-ergon.pl\/fr\/wp-json\/wp\/v2\/comments?post=1195"}],"version-history":[{"count":4,"href":"https:\/\/odk-ergon.pl\/fr\/wp-json\/wp\/v2\/pages\/1195\/revisions"}],"predecessor-version":[{"id":1516,"href":"https:\/\/odk-ergon.pl\/fr\/wp-json\/wp\/v2\/pages\/1195\/revisions\/1516"}],"up":[{"embeddable":true,"href":"https:\/\/odk-ergon.pl\/fr\/wp-json\/wp\/v2\/pages\/1193"}],"wp:attachment":[{"href":"https:\/\/odk-ergon.pl\/fr\/wp-json\/wp\/v2\/media?parent=1195"}],"curies":[{"name":"wp","href":"https:\/\/api.w.org\/{rel}","templated":true}]}}