{"id":1202,"date":"2014-08-07T14:59:28","date_gmt":"2014-08-07T14:59:28","guid":{"rendered":"http:\/\/odk-ergon.pl\/?page_id=1202"},"modified":"2014-08-07T19:52:18","modified_gmt":"2014-08-07T19:52:18","slug":"levaluation-des-risques","status":"publish","type":"page","link":"https:\/\/odk-ergon.pl\/fr\/uslugi-bhp\/ocena-ryzyka-zawodowego\/","title":{"rendered":"L&#039;\u00e9valuation des risques"},"content":{"rendered":"<p>L&#039;\u00e9valuation des risques professionnels est l&#039;un des documents de base dans le domaine de la sant\u00e9 et de la s\u00e9curit\u00e9 au travail. Au Centre ERGON, nous pr\u00e9parons une documentation de ce type selon plusieurs m\u00e9thodologies diff\u00e9rentes.<\/p>\n<p>Selon les dispositions de la loi, le risque professionnel est d\u00e9fini comme la probabilit\u00e9 de survenance de menaces, c&#039;est-\u00e0-dire d&#039;\u00e9v\u00e9nements ind\u00e9sirables li\u00e9s au travail effectu\u00e9. Ces \u00e9v\u00e9nements entra\u00eenent des cons\u00e9quences sur la sant\u00e9 ou la vie des salari\u00e9s sous la forme de maladies professionnelles, d&#039;accidents du travail ou de pertes. Le Code du travail indique que l&#039;employeur est tenu de pr\u00e9venir le danger et d&#039;informer ses salari\u00e9s sur le risque professionnel sur le lieu de travail et sur les formes de protection possibles contre ce danger.<\/p>\n<p><strong>Dans notre Centre, nous vous offrons les services suivants :<\/strong><\/p>\n<ul>\n<li>mener des analyses de risques professionnels sur tous les lieux de travail<\/li>\n<li>effectuer des analyses de sant\u00e9 et de s\u00e9curit\u00e9 dans l&#039;entreprise<\/li>\n<li>pr\u00e9paration de la documentation des \u00e9valuations des risques professionnels<\/li>\n<\/ul>\n<p><strong>Nous cr\u00e9ons des \u00e9valuations des risques professionnels selon, entre autres, les normes suivantes :<\/strong><\/p>\n<ul>\n<li>PHA Preliminary Hazard Analysis, Risk matrix (selon PN-N-18002) selon une \u00e9chelle \u00e0 cinq points<\/li>\n<li>indicateur de risque - m\u00e9thode RISK SCORE<\/li>\n<li>m\u00e9thode des facteurs nocifs pour lesquels les mesures ont \u00e9t\u00e9 effectu\u00e9es<\/li>\n<li>M\u00e9thode KIM pour le levage manuel<\/li>\n<li>REBA - \u00c9valuation rapide du corps entier<\/li>\n<li>OWAS - Ovako Working Posture Analysis System - une m\u00e9thode d&#039;analyse de charge statique<\/li>\n<li>FMEA - Mode de d\u00e9faillance et analyse des effets<\/li>\n<li>HAZOP - \u00c9tude de danger et d&#039;op\u00e9rabilit\u00e9<\/li>\n<\/ul>\n<p>Nous vous invitons cordialement \u00e0 choisir nos services !<\/p>","protected":false},"excerpt":{"rendered":"<p>L&#039;\u00e9valuation des risques professionnels est l&#039;un des documents de base dans le domaine de la sant\u00e9 et de la s\u00e9curit\u00e9 au travail. Au Centre ERGON, nous pr\u00e9parons une documentation de ce type selon plusieurs m\u00e9thodologies diff\u00e9rentes. Selon les dispositions de la loi, le risque professionnel est d\u00e9fini comme la probabilit\u00e9 de survenance de menaces, c&#039;est-\u00e0-dire d&#039;\u00e9v\u00e9nements ind\u00e9sirables li\u00e9s au travail effectu\u00e9. Ces \u00e9v\u00e9nements entra\u00eenent des cons\u00e9quences pour la sant\u00e9 ou la vie des travailleurs sous la forme de maladies professionnelles, d&#039;accidents du travail ou de pertes. Le Code du travail indique que l&#039;employeur est tenu de pr\u00e9venir le danger et d&#039;informer ses salari\u00e9s sur le risque professionnel sur le lieu de travail et sur les formes de protection possibles contre ce danger. Dans notre Centre, nous offrons les services suivants : r\u00e9alisation d&#039;analyses des risques professionnels sur tous les lieux de travail r\u00e9alisation d&#039;analyses de sant\u00e9 et de s\u00e9curit\u00e9 dans l&#039;entreprise pr\u00e9paration de la documentation des \u00e9valuations des risques professionnels Nous cr\u00e9ons des \u00e9valuations des risques professionnels selon les normes suivantes, entre autres : PHA Preliminary Hazard Analysis, Matrice de risque (selon la norme PN) -N-18002) selon un indice de risque \u00e0 cinq points - M\u00e9thode RISK SCORE pour les facteurs nocifs dont les mesures ont \u00e9t\u00e9 effectu\u00e9es \u00e0 l&#039;aide de la m\u00e9thode KIM pour le levage manuel REBA - Rapid Entire Body Assessment OWAS - Syst\u00e8me d&#039;analyse de la posture de travail Ovako - m\u00e9thode d&#039;analyse de la charge statique FMEA - Analyse des modes de d\u00e9faillance et des effets HAZOP - \u00c9tude des risques et de l&#039;op\u00e9rabilit\u00e9 Nous vous invitons \u00e0 choisir nos services\u00a0!<\/p>","protected":false},"author":1,"featured_media":0,"parent":1193,"menu_order":0,"comment_status":"closed","ping_status":"closed","template":"","meta":{"sfsi_plus_gutenberg_text_before_share":"","sfsi_plus_gutenberg_show_text_before_share":"","sfsi_plus_gutenberg_icon_type":"","sfsi_plus_gutenberg_icon_alignemt":"","sfsi_plus_gutenburg_max_per_row":"","footnotes":""},"class_list":["post-1202","page","type-page","status-publish","hentry","has_no_thumb"],"aioseo_notices":[],"_links":{"self":[{"href":"https:\/\/odk-ergon.pl\/fr\/wp-json\/wp\/v2\/pages\/1202","targetHints":{"allow":["GET"]}}],"collection":[{"href":"https:\/\/odk-ergon.pl\/fr\/wp-json\/wp\/v2\/pages"}],"about":[{"href":"https:\/\/odk-ergon.pl\/fr\/wp-json\/wp\/v2\/types\/page"}],"author":[{"embeddable":true,"href":"https:\/\/odk-ergon.pl\/fr\/wp-json\/wp\/v2\/users\/1"}],"replies":[{"embeddable":true,"href":"https:\/\/odk-ergon.pl\/fr\/wp-json\/wp\/v2\/comments?post=1202"}],"version-history":[{"count":2,"href":"https:\/\/odk-ergon.pl\/fr\/wp-json\/wp\/v2\/pages\/1202\/revisions"}],"predecessor-version":[{"id":1498,"href":"https:\/\/odk-ergon.pl\/fr\/wp-json\/wp\/v2\/pages\/1202\/revisions\/1498"}],"up":[{"embeddable":true,"href":"https:\/\/odk-ergon.pl\/fr\/wp-json\/wp\/v2\/pages\/1193"}],"wp:attachment":[{"href":"https:\/\/odk-ergon.pl\/fr\/wp-json\/wp\/v2\/media?parent=1202"}],"curies":[{"name":"wp","href":"https:\/\/api.w.org\/{rel}","templated":true}]}}