{"id":1210,"date":"2014-08-07T15:02:54","date_gmt":"2014-08-07T15:02:54","guid":{"rendered":"http:\/\/odk-ergon.pl\/?page_id=1210"},"modified":"2014-08-07T19:56:56","modified_gmt":"2014-08-07T19:56:56","slug":"audit-securite-et-protection-incendie","status":"publish","type":"page","link":"https:\/\/odk-ergon.pl\/fr\/uslugi-bhp\/audyt-bhp-i-ppoz\/","title":{"rendered":"Audit sant\u00e9 et s\u00e9curit\u00e9 et protection incendie"},"content":{"rendered":"<div class=\"wyjustuj\">\n<p>Selon la loi, chaque entreprise doit mettre en \u0153uvre des solutions dans le domaine de la sant\u00e9 et de la s\u00e9curit\u00e9 au travail afin d&#039;offrir aux employ\u00e9s des conditions de travail appropri\u00e9es qui ne mettent pas en danger la sant\u00e9 et la vie des employ\u00e9s. Pour v\u00e9rifier l&#039;\u00e9tat actuel de sant\u00e9 et de s\u00e9curit\u00e9 d&#039;une entreprise, des audits sont effectu\u00e9s qui couvrent \u00e9galement l&#039;\u00e9tat <a href=\"https:\/\/odk-ergon.pl\/fr\/szkolenia\/szkolenie-ppoz-przeciwpozarowe\/\">Feu<\/a>.<\/p>\n<p><strong>Au centre de formation du personnel ERGON, nous fournissons des services complets d&#039;audit de sant\u00e9 et de s\u00e9curit\u00e9. Nous proposons deux variantes de services :<\/strong><\/p>\n<ul>\n<li>Mini contr\u00f4le - comprend notamment la v\u00e9rification de l&#039;exactitude des directives relatives aux r\u00e9glementations en mati\u00e8re de sant\u00e9 et de s\u00e9curit\u00e9 au travail, ainsi que leur respect. L&#039;inspection consiste en une \u00e9valuation des locaux g\u00e9n\u00e9raux de l&#039;entreprise ainsi qu&#039;un entretien avec les employ\u00e9s<\/li>\n<li>Maxi control - couvre un champ de travail plus large et consiste en des visites r\u00e9guli\u00e8res de nos sp\u00e9cialistes sur le lieu de travail. Les prestations comprennent \u00e9galement le conseil et l&#039;assistance aux \u00e9volutions r\u00e9glementaires si n\u00e9cessaire, ainsi que les audits post-accidentels.<\/li>\n<\/ul>\n<p>Nous r\u00e9alisons des audits chez ERGON conform\u00e9ment aux normes PN-N-18001 et OHSAS 18001, en utilisant plusieurs variantes de m\u00e9thodes d&#039;analyse des risques, y compris FMEA - Failure Mode and Effect Analysis et HAZOP - Hazard and Operability Study.<\/p>\n<p>Nos employ\u00e9s se rendront dans vos locaux et effectueront tous les travaux n\u00e9cessaires pour v\u00e9rifier l&#039;\u00e9tat de sant\u00e9 et de s\u00e9curit\u00e9 et, apr\u00e8s l&#039;audit, fourniront les documents pertinents qui r\u00e9sument les activit\u00e9s r\u00e9alis\u00e9es ainsi que les modifications propos\u00e9es, lorsqu&#039;elles sont justifi\u00e9es.<\/p>\n<p><a href=\"https:\/\/odk-ergon.pl\/fr\/kontakt\/\">Nous vous invitons cordialement !<\/a><\/p>\n<\/div>","protected":false},"excerpt":{"rendered":"<p>Selon la loi, chaque entreprise doit mettre en \u0153uvre des solutions dans le domaine de la sant\u00e9 et de la s\u00e9curit\u00e9 au travail afin d&#039;offrir aux employ\u00e9s des conditions de travail appropri\u00e9es qui ne mettent pas en danger la sant\u00e9 et la vie des employ\u00e9s. Afin de v\u00e9rifier l&#039;\u00e9tat actuel de la sant\u00e9 et de la s\u00e9curit\u00e9 dans l&#039;entreprise, des audits sont effectu\u00e9s, qui incluent \u00e9galement l&#039;\u00e9tat de la protection contre les incendies. Au centre de formation du personnel ERGON, nous fournissons des services complets d&#039;audit de sant\u00e9 et de s\u00e9curit\u00e9. Nous proposons deux variantes de services : Mini contr\u00f4le - comprend notamment la v\u00e9rification de l&#039;exactitude des directives relatives aux r\u00e9glementations en mati\u00e8re de sant\u00e9 et de s\u00e9curit\u00e9 au travail, ainsi que leur respect. Le contr\u00f4le consiste \u00e0 \u00e9valuer le si\u00e8ge g\u00e9n\u00e9ral de l&#039;entreprise, ainsi qu&#039;\u00e0 interroger les employ\u00e9s Maxi contr\u00f4le - couvre un champ de travail plus large et consiste en des visites r\u00e9guli\u00e8res de nos sp\u00e9cialistes sur le lieu de travail. Les services assurent \u00e9galement le conseil et l&#039;assistance aux \u00e9volutions de la r\u00e9glementation, si n\u00e9cessaire, ainsi que des audits post-accidentels. y compris FMEA - Analyse des modes de d\u00e9faillance et de leurs effets et HAZOP - \u00c9tude des dangers et de l&#039;op\u00e9rabilit\u00e9. Nos employ\u00e9s se rendront dans vos locaux et effectueront tous les travaux n\u00e9cessaires pour v\u00e9rifier l&#039;\u00e9tat de sant\u00e9 et de s\u00e9curit\u00e9 et, une fois l&#039;audit termin\u00e9, fourniront les documents pertinents qui r\u00e9sument les activit\u00e9s r\u00e9alis\u00e9es ainsi que les modifications propos\u00e9es, lorsqu&#039;elles sont justifi\u00e9es. Nous vous invitons cordialement !<\/p>","protected":false},"author":1,"featured_media":0,"parent":1193,"menu_order":0,"comment_status":"closed","ping_status":"closed","template":"","meta":{"sfsi_plus_gutenberg_text_before_share":"","sfsi_plus_gutenberg_show_text_before_share":"","sfsi_plus_gutenberg_icon_type":"","sfsi_plus_gutenberg_icon_alignemt":"","sfsi_plus_gutenburg_max_per_row":"","footnotes":""},"class_list":["post-1210","page","type-page","status-publish","hentry","has_no_thumb"],"aioseo_notices":[],"_links":{"self":[{"href":"https:\/\/odk-ergon.pl\/fr\/wp-json\/wp\/v2\/pages\/1210","targetHints":{"allow":["GET"]}}],"collection":[{"href":"https:\/\/odk-ergon.pl\/fr\/wp-json\/wp\/v2\/pages"}],"about":[{"href":"https:\/\/odk-ergon.pl\/fr\/wp-json\/wp\/v2\/types\/page"}],"author":[{"embeddable":true,"href":"https:\/\/odk-ergon.pl\/fr\/wp-json\/wp\/v2\/users\/1"}],"replies":[{"embeddable":true,"href":"https:\/\/odk-ergon.pl\/fr\/wp-json\/wp\/v2\/comments?post=1210"}],"version-history":[{"count":2,"href":"https:\/\/odk-ergon.pl\/fr\/wp-json\/wp\/v2\/pages\/1210\/revisions"}],"predecessor-version":[{"id":1325,"href":"https:\/\/odk-ergon.pl\/fr\/wp-json\/wp\/v2\/pages\/1210\/revisions\/1325"}],"up":[{"embeddable":true,"href":"https:\/\/odk-ergon.pl\/fr\/wp-json\/wp\/v2\/pages\/1193"}],"wp:attachment":[{"href":"https:\/\/odk-ergon.pl\/fr\/wp-json\/wp\/v2\/media?parent=1210"}],"curies":[{"name":"wp","href":"https:\/\/api.w.org\/{rel}","templated":true}]}}