{"id":1212,"date":"2014-08-07T15:03:39","date_gmt":"2014-08-07T15:03:39","guid":{"rendered":"http:\/\/odk-ergon.pl\/?page_id=1212"},"modified":"2014-08-07T19:54:52","modified_gmt":"2014-08-07T19:54:52","slug":"certification-machines","status":"publish","type":"page","link":"https:\/\/odk-ergon.pl\/fr\/uslugi-bhp\/certyfikacja-maszyn\/","title":{"rendered":"Certification des machines"},"content":{"rendered":"<div class=\"wyjustuj\">\n<p>Nous certifions les machines conform\u00e9ment aux dispositions de la directive Outils 2009\/104\/CE et de la directive Machines 2006\/42\/CE. Dans la plupart des entreprises, le travail est effectu\u00e9 \u00e0 l&#039;aide de machines, c&#039;est pourquoi il est si important de v\u00e9rifier r\u00e9guli\u00e8rement leur bon fonctionnement. Gr\u00e2ce \u00e0 nos services de certification de machines, ils re\u00e7oivent les certificats appropri\u00e9s de conformit\u00e9 aux normes europ\u00e9ennes.<\/p>\n<p>Apr\u00e8s l&#039;adh\u00e9sion de la Pologne \u00e0 l&#039;Union europ\u00e9enne, la loi a commenc\u00e9 \u00e0 exiger le marquage CE et la d\u00e9claration de conformit\u00e9 du fabricant de l&#039;appareil, qui confirment la conformit\u00e9 de la machine aux directives de l&#039;UE. Toutes les machines achet\u00e9es apr\u00e8s le 1er mai 2004 doivent avoir ces marquages et documents. Les machines achet\u00e9es avant cette date sont soumises \u00e0 la directive fixant les prescriptions minimales de s\u00e9curit\u00e9 et de sant\u00e9. Selon la r\u00e9glementation, ils doivent respecter les exigences minimales en mati\u00e8re de sant\u00e9 et de s\u00e9curit\u00e9.<\/p>\n<p><strong>Nos services comprennent, entre autres, des travaux tels que :<\/strong><\/p>\n<ul>\n<li>adaptation des machines aux exigences minimales selon la directive outils 2009\/104\/CE<\/li>\n<li>\u00e9valuation de la conformit\u00e9 de la machine selon la directive Machines 2006\/42\/CE<\/li>\n<li>audits de s\u00e9curit\u00e9 des machines, qui comprennent la v\u00e9rification de la s\u00e9curit\u00e9 de l&#039;appareil, de sa documentation et de la conformit\u00e9 aux normes<\/li>\n<li>d\u00e9livrer des \u00e9valuations de conformit\u00e9, qui sont \u00e0 la base de la pr\u00e9paration de la d\u00e9claration de conformit\u00e9 CE<\/li>\n<li>\u00e9valuation des risques des machines selon la norme PN EN ISO 12100<\/li>\n<\/ul>\n<p><a href=\"https:\/\/odk-ergon.pl\/fr\/kontakt\/\">Nous vous invitons cordialement \u00e0 utiliser nos services<\/a> certification. Nos sp\u00e9cialistes sont toujours disponibles pour vous aider et r\u00e9pondre \u00e0 vos questions - veuillez nous contacter par e-mail ou par t\u00e9l\u00e9phone. Nous invitons!<\/p>\n<\/div>","protected":false},"excerpt":{"rendered":"<p>Nous certifions les machines conform\u00e9ment aux dispositions de la directive Outils 2009\/104\/CE et de la directive Machines 2006\/42\/CE. Dans la plupart des entreprises, le travail est effectu\u00e9 \u00e0 l&#039;aide de machines, c&#039;est pourquoi il est si important de v\u00e9rifier r\u00e9guli\u00e8rement leur bon fonctionnement. Gr\u00e2ce \u00e0 nos services de certification de machines, ils re\u00e7oivent les certificats appropri\u00e9s de conformit\u00e9 aux normes europ\u00e9ennes. Apr\u00e8s l&#039;adh\u00e9sion de la Pologne \u00e0 l&#039;Union europ\u00e9enne, la loi a commenc\u00e9 \u00e0 exiger le marquage CE et la d\u00e9claration de conformit\u00e9 du fabricant de l&#039;appareil, qui confirment la conformit\u00e9 de la machine aux directives de l&#039;UE. Toutes les machines achet\u00e9es apr\u00e8s le 1er mai 2004 doivent avoir ces marquages et documents. Les machines achet\u00e9es avant cette date sont soumises \u00e0 la directive fixant les prescriptions minimales de s\u00e9curit\u00e9 et de sant\u00e9. Selon la r\u00e9glementation, ils doivent \u00eatre adapt\u00e9s aux exigences minimales en mati\u00e8re de sant\u00e9 et de s\u00e9curit\u00e9. Nos services comprennent, entre autres, des travaux tels que : l&#039;adaptation des machines aux exigences minimales selon la directive outils 2009\/104\/CE, l&#039;\u00e9valuation de la conformit\u00e9 de la machine selon la directive machines 2006\/42\/CE, les audits de s\u00e9curit\u00e9 des machines, qui comprennent la v\u00e9rification de la s\u00e9curit\u00e9 de l&#039;appareil, sa documentation et la conformit\u00e9 aux normes d\u00e9livrant des \u00e9valuations de conformit\u00e9, qui sont \u00e0 la base de la pr\u00e9paration de la d\u00e9claration de conformit\u00e9 CE \u00e9valuation des risques des machines sur la base de la norme PN EN ISO 12100. Nous vous invitons \u00e0 profiter de nos services de certification. Nos sp\u00e9cialistes sont toujours pr\u00eats \u00e0 vous aider et \u00e0 r\u00e9pondre \u00e0 vos questions - veuillez nous contacter par e-mail ou par t\u00e9l\u00e9phone. Nous invitons!<\/p>","protected":false},"author":1,"featured_media":0,"parent":1193,"menu_order":0,"comment_status":"closed","ping_status":"closed","template":"","meta":{"sfsi_plus_gutenberg_text_before_share":"","sfsi_plus_gutenberg_show_text_before_share":"","sfsi_plus_gutenberg_icon_type":"","sfsi_plus_gutenberg_icon_alignemt":"","sfsi_plus_gutenburg_max_per_row":"","footnotes":""},"class_list":["post-1212","page","type-page","status-publish","hentry","has_no_thumb"],"aioseo_notices":[],"_links":{"self":[{"href":"https:\/\/odk-ergon.pl\/fr\/wp-json\/wp\/v2\/pages\/1212","targetHints":{"allow":["GET"]}}],"collection":[{"href":"https:\/\/odk-ergon.pl\/fr\/wp-json\/wp\/v2\/pages"}],"about":[{"href":"https:\/\/odk-ergon.pl\/fr\/wp-json\/wp\/v2\/types\/page"}],"author":[{"embeddable":true,"href":"https:\/\/odk-ergon.pl\/fr\/wp-json\/wp\/v2\/users\/1"}],"replies":[{"embeddable":true,"href":"https:\/\/odk-ergon.pl\/fr\/wp-json\/wp\/v2\/comments?post=1212"}],"version-history":[{"count":2,"href":"https:\/\/odk-ergon.pl\/fr\/wp-json\/wp\/v2\/pages\/1212\/revisions"}],"predecessor-version":[{"id":1495,"href":"https:\/\/odk-ergon.pl\/fr\/wp-json\/wp\/v2\/pages\/1212\/revisions\/1495"}],"up":[{"embeddable":true,"href":"https:\/\/odk-ergon.pl\/fr\/wp-json\/wp\/v2\/pages\/1193"}],"wp:attachment":[{"href":"https:\/\/odk-ergon.pl\/fr\/wp-json\/wp\/v2\/media?parent=1212"}],"curies":[{"name":"wp","href":"https:\/\/api.w.org\/{rel}","templated":true}]}}