{"id":1218,"date":"2014-08-07T15:06:20","date_gmt":"2014-08-07T15:06:20","guid":{"rendered":"http:\/\/odk-ergon.pl\/?page_id=1218"},"modified":"2014-08-07T19:50:36","modified_gmt":"2014-08-07T19:50:36","slug":"evaluation-des-risques-psychosociaux","status":"publish","type":"page","link":"https:\/\/odk-ergon.pl\/fr\/uslugi-bhp\/ocena-zagrozen-psychospolecznych\/","title":{"rendered":"\u00c9valuation des risques psychosociaux"},"content":{"rendered":"<div class=\"wyjustuj\">\n<p>Nous effectuons des \u00e9valuations des risques psychosociaux sur les lieux de travail. Le niveau de risque sp\u00e9cifique est d\u00e9velopp\u00e9 sur la base de tests psychosomatiques et psychologiques, y compris la m\u00e9thodologie de la m\u00e9decine comportementale.<\/p>\n<p><strong>La d\u00e9termination et l&#039;analyse des risques sur le lieu de travail concernent les domaines cl\u00e9s de la conception du travail qui sont li\u00e9s au stress au travail. Ceux-ci sont:<\/strong><\/p>\n<ul>\n<li>exigences sur le lieu de travail - son contenu, son rythme, le nombre de t\u00e2ches, les conditions physiques et le temps de travail<\/li>\n<li>contr\u00f4le du travail - formation, prise de d\u00e9cision et participation de l&#039;employ\u00e9<\/li>\n<li>soutien social - la pr\u00e9sence d&#039;une culture organisationnelle<\/li>\n<li>relations avec les employ\u00e9s<\/li>\n<li>r\u00f4le de l&#039;employ\u00e9 et changement<\/li>\n<\/ul>\n<p><strong>L&#039;\u00e9valuation des risques psychosociaux comprend, sans toutefois s&#039;y limiter\u00a0:<\/strong><\/p>\n<ul>\n<li>effectuer des examens des employ\u00e9s en termes de conditions de travail psychosociales<\/li>\n<li>analyser les r\u00e9sultats collect\u00e9s<\/li>\n<li>pr\u00e9paration de cartes d&#039;\u00e9valuation des risques professionnels pour les risques psychosociaux sur un lieu de travail donn\u00e9 - elles incluent, entre autres, une indication du risque de d\u00e9velopper une maladie donn\u00e9e, ainsi que d&#039;\u00e9ventuelles mesures de r\u00e9duction des risques<\/li>\n<\/ul>\n<p>Ces \u00e9valuations sont r\u00e9alis\u00e9es sur la base de PN-N 18002\u00a0: 2011 : Syst\u00e8mes de gestion de la sant\u00e9 et de la s\u00e9curit\u00e9 au travail - lignes directrices g\u00e9n\u00e9rales pour l&#039;\u00e9valuation des risques professionnels, BSI-PAS 1010\u00a0: 2011 : Orientations sur la gestion des risques psychosociaux sur le lieu de travail, ainsi que comme recommandations OMS : Impact sur la sant\u00e9 des risques psychosociaux au travail : Un aper\u00e7u 2010. Si vous avez des questions, veuillez nous envoyer un e-mail ou nous appeler.<\/p>\n<p>Nous vous invitons \u00e0 utiliser nos services <a href=\"https:\/\/odk-ergon.pl\/fr\/o-firmie\/\">Centre de formation du personnel ERGON<\/a>!<\/p>\n<\/div>","protected":false},"excerpt":{"rendered":"<p>Nous effectuons des \u00e9valuations des risques psychosociaux sur les lieux de travail. Le niveau de risque sp\u00e9cifique est d\u00e9velopp\u00e9 sur la base de tests psychosomatiques et psychologiques, y compris la m\u00e9thodologie de la m\u00e9decine comportementale. L&#039;identification et l&#039;analyse des risques sur le lieu de travail concernent les domaines cl\u00e9s de la conception du travail qui sont li\u00e9s au stress au travail. Ce sont : les exigences du lieu de travail - son contenu, son rythme, le nombre de t\u00e2ches, les conditions physiques et le temps de travail le contr\u00f4le du travail - la formation, la prise de d\u00e9cision et la participation d&#039;un employ\u00e9 le soutien social - la pr\u00e9sence d&#039;une culture organisationnelle les relations avec les employ\u00e9s le r\u00f4le et le changement des employ\u00e9s L&#039;\u00e9valuation des risques psychosociaux comprend, entre autres : la performance l&#039;examen des employ\u00e9s en termes de conditions de travail psychosociales l&#039;analyse des r\u00e9sultats recueillis la pr\u00e9paration de fiches d&#039;\u00e9valuation des risques professionnels pour les risques psychosociaux dans un lieu de travail donn\u00e9 - elles comprennent, entre autres, une indication du risque de d\u00e9velopper des maladies sp\u00e9cifiques , ainsi que d&#039;\u00e9ventuelles mesures de r\u00e9duction des risques Ces \u00e9valuations sont r\u00e9alis\u00e9es sur la base de la norme PN N 18002\u00a0: 2011 : Syst\u00e8mes de gestion de la sant\u00e9 et de la s\u00e9curit\u00e9 au travail - Lignes directrices g\u00e9n\u00e9rales pour l&#039;\u00e9valuation des risques professionnels, BSI-PAS 1010\u00a0: 2011 : Orientations sur la gestion des risques psychosociaux au travail, ainsi que les recommandations de l&#039;OMS : Health Impact of Psychosocial Hazards at Work : An overview 201 0. Si vous avez des questions, veuillez nous envoyer un e-mail ou nous contacter par t\u00e9l\u00e9phone. Nous vous invitons \u00e0 utiliser les services du Centre de Formation du Personnel ERGON !<\/p>","protected":false},"author":1,"featured_media":0,"parent":1193,"menu_order":0,"comment_status":"closed","ping_status":"closed","template":"","meta":{"sfsi_plus_gutenberg_text_before_share":"","sfsi_plus_gutenberg_show_text_before_share":"","sfsi_plus_gutenberg_icon_type":"","sfsi_plus_gutenberg_icon_alignemt":"","sfsi_plus_gutenburg_max_per_row":"","footnotes":""},"class_list":["post-1218","page","type-page","status-publish","hentry","has_no_thumb"],"aioseo_notices":[],"_links":{"self":[{"href":"https:\/\/odk-ergon.pl\/fr\/wp-json\/wp\/v2\/pages\/1218","targetHints":{"allow":["GET"]}}],"collection":[{"href":"https:\/\/odk-ergon.pl\/fr\/wp-json\/wp\/v2\/pages"}],"about":[{"href":"https:\/\/odk-ergon.pl\/fr\/wp-json\/wp\/v2\/types\/page"}],"author":[{"embeddable":true,"href":"https:\/\/odk-ergon.pl\/fr\/wp-json\/wp\/v2\/users\/1"}],"replies":[{"embeddable":true,"href":"https:\/\/odk-ergon.pl\/fr\/wp-json\/wp\/v2\/comments?post=1218"}],"version-history":[{"count":2,"href":"https:\/\/odk-ergon.pl\/fr\/wp-json\/wp\/v2\/pages\/1218\/revisions"}],"predecessor-version":[{"id":1500,"href":"https:\/\/odk-ergon.pl\/fr\/wp-json\/wp\/v2\/pages\/1218\/revisions\/1500"}],"up":[{"embeddable":true,"href":"https:\/\/odk-ergon.pl\/fr\/wp-json\/wp\/v2\/pages\/1193"}],"wp:attachment":[{"href":"https:\/\/odk-ergon.pl\/fr\/wp-json\/wp\/v2\/media?parent=1218"}],"curies":[{"name":"wp","href":"https:\/\/api.w.org\/{rel}","templated":true}]}}