{"id":1220,"date":"2014-08-07T15:08:17","date_gmt":"2014-08-07T15:08:17","guid":{"rendered":"http:\/\/odk-ergon.pl\/?page_id=1220"},"modified":"2021-07-17T20:45:38","modified_gmt":"2021-07-17T19:45:38","slug":"cours-de-premiers-soins-warszawa","status":"publish","type":"page","link":"https:\/\/odk-ergon.pl\/fr\/szkolenia\/kurs-pierwszej-pomocy-warszawa\/","title":{"rendered":"Cours de premiers soins"},"content":{"rendered":"<div style=\"float: left; padding-right: 10px;\"><img decoding=\"async\" src=\"\/wp-content\/uploads\/2014\/08\/medycyna_m.jpg\" alt=\"\" \/><\/div>\n<div class=\"wyjustuj\">\n<p>Au centre de formation du personnel ERGON, nous offrons une formation aux premiers secours \u00e0 notre si\u00e8ge social dans la ville de Varsovie et en d\u00e9placement dans n&#039;importe quel endroit de votre choix. Nous organisons un cours de secourisme qualifi\u00e9 bas\u00e9 sur les derni\u00e8res r\u00e9glementations l\u00e9gales. Ceux d&#039;entre vous qui souhaitent choisir un cours de secourisme sont invit\u00e9s \u00e0 utiliser nos services !<\/p>\n<p>Selon l&#039;art. 209 \u00a7 1 point 2 du Code du travail, tous les employeurs sont tenus de nommer des employ\u00e9s qui suivront un cours de premiers secours et dont les t\u00e2ches sur le lieu de travail comprendront les premiers secours. Sur la base de ces r\u00e9glementations, nous vous proposons une formation aux premiers secours dans notre Centre, qui vous aidera \u00e0 r\u00e9pondre aux exigences l\u00e9gales pr\u00e9sent\u00e9es.<\/p>\n<p>Chaque cours &quot;Secourisme en situation d&#039;urgence vitale et sanitaire&quot; comprend des parties th\u00e9oriques et pratiques. Un programme sp\u00e9cialement d\u00e9velopp\u00e9 permet aux \u00e9tudiants de se familiariser avec tous les aspects du sujet. Pendant les cours, nous utilisons des \u00e9quipements de formation sp\u00e9ciaux, y compris des mannequins modernes, y compris des fant\u00f4mes, gr\u00e2ce auxquels le cours de secourisme qualifi\u00e9 fournit aux participants des comp\u00e9tences compl\u00e8tes. Des moniteurs sauveteurs exp\u00e9riment\u00e9s avec de nombreuses ann\u00e9es d&#039;exp\u00e9rience dans la profession surveillent en permanence le parcours.<\/p>\n<p>Forme des cours : cours magistraux et exercices pratiques<br \/>\nDur\u00e9e des cours : 5 le\u00e7ons de 45 minutes<br \/>\nLieu des cours : Varsovie ou autres lieux indiqu\u00e9s par le client<\/p>\n<h2><strong>Les sujets standard couverts dans nos cours de secourisme comprennent\u00a0:<\/strong><\/h2>\n<ul>\n<li>les aspects l\u00e9gaux<\/li>\n<li>le contenu de la trousse de secours<\/li>\n<li>num\u00e9ros d&#039;urgence avec une description des r\u00e8gles d&#039;appel d&#039;une ambulance<\/li>\n<li>s\u00e9curit\u00e9 ad\u00e9quate du lieu de l&#039;\u00e9v\u00e9nement<\/li>\n<li>r\u00e8gles d&#039;\u00e9vacuation des bless\u00e9s<\/li>\n<li>pr\u00e9sentation de la m\u00e9thode de r\u00e9animation cardiorespiratoire (v\u00e9rification des activit\u00e9s de base de la vie de la victime, de son \u00e9tat de conscience, principes du massage cardiaque, bouche \u00e0 bouche)<\/li>\n<li>pr\u00e9sentation de la m\u00e9thode de r\u00e9animation cardiorespiratoire chez l&#039;enfant<\/li>\n<li>les r\u00e8gles de positionnement de la victime dans une position lat\u00e9rale s\u00fbre<\/li>\n<li>r\u00e8gles relatives au traitement de divers types de blessures - saignements, br\u00fblures, engelures, fractures, blessures de la cavit\u00e9 abdominale, de la t\u00eate, de la poitrine, corps \u00e9trangers dans la plaie, amputation traumatique<\/li>\n<li>r\u00e8gles de conduite dans les cas suivants - \u00e9pilepsie, empoisonnement, \u00e9vanouissement, infarctus du myocarde, \u00e9touffement, d\u00e9charge \u00e9lectrique ou foudre<\/li>\n<\/ul>\n<h3><strong>Notre cours de secourisme comprend les le\u00e7ons pratiques suivantes :<\/strong><\/h3>\n<ul>\n<li>r\u00e9animation cardiopulmonaire<\/li>\n<li>s\u00e9lection des bless\u00e9s et organisation de l&#039;\u00e9vacuation<\/li>\n<li>proc\u00e9dure dans les accidents de la circulation<\/li>\n<li>d\u00e9terminer la position du c\u00f4t\u00e9 s\u00fbr<\/li>\n<li>r\u00e8gles de conduite en cas de suspicion de l\u00e9sion de la colonne vert\u00e9brale<\/li>\n<li>proc\u00e9dure en cas de noyade, d&#039;\u00e9vanouissement, de choc \u00e9lectrique, d&#039;\u00e9touffement, de crise d&#039;\u00e9pilepsie<\/li>\n<\/ul>\n<p>Nous organisons des cours de secourisme ouverts - ils sont accessibles \u00e0 toute personne int\u00e9ress\u00e9e, et \u00e9galement ferm\u00e9s - pour des groupes d\u00e9sign\u00e9s d&#039;employ\u00e9s ou d&#039;autres groupes \u00e9tablis. Dans le cas de groupes ferm\u00e9s, nous sommes en mesure de pr\u00e9parer un cours de secourisme qualifi\u00e9 adapt\u00e9 individuellement aux besoins du client. Nous organisons des cours \u00e0 notre si\u00e8ge dans la ville de Varsovie, mais aussi selon vos souhaits, nous sommes en mesure d&#039;atteindre l&#039;endroit dans la vo\u00efvodie de Mazovie et dans toute la Pologne.<\/p>\n<p>Nous veillons \u00e0 ce que le prix de nos cours soit toujours abordable pour vous. Dans le cas de l&#039;organisation d&#039;une formation pour un groupe plus important, nous proposons des remises int\u00e9ressantes. Veuillez nous contacter et nos employ\u00e9s pr\u00e9pareront un devis de service pour vous. Nous r\u00e9pondrons \u00e9galement \u00e0 toutes vos questions li\u00e9es aux cours.<\/p>\n<p>Les cours &quot;Premiers secours en cas d&#039;urgence vitale et sanitaire&quot; fournissent des comp\u00e9tences utiles qui valent la peine d&#039;\u00eatre connues, car c&#039;est gr\u00e2ce \u00e0 elles que vous pouvez aider les bless\u00e9s et sauver des vies. Avec nous, vous pouvez apprendre \u00e0 les conna\u00eetre de mani\u00e8re approfondie en th\u00e9orie et en pratique, et aupr\u00e8s de sp\u00e9cialistes dans leur domaine.<\/p>\n<p>Nous vous invitons \u00e0 des formations chez nous <a href=\"https:\/\/odk-ergon.pl\/fr\/o-firmie\/\">Centre de formation du personnel ERGON<\/a>!<\/p>\n<\/div>","protected":false},"excerpt":{"rendered":"<p>W O\u015brodku Doskonalenia Kadr ERGON oferujemy Pa\u0144stwu szkolenia pierwsza pomoc w naszej siedzibie w mie\u015bcie Warszawa oraz wyjazdowo w dowolnie wskazanym miejscu. Prowadzimy kurs kwalifikowanej pierwszej pomocy na bazie najnowszych przepis\u00f3w prawa. Tych z Pa\u0144stwa, kt\u00f3rzy chc\u0105 wybra\u0107 kurs pierwszej pomocy, zapraszamy do skorzystania z naszych us\u0142ug! Wed\u0142ug art. 209 \u00a7 1 pkt. 2 Kodeksu pracy wszyscy pracodawcy s\u0105 zobowi\u0105zani do wyznaczenia pracownik\u00f3w, kt\u00f3rzy odb\u0119d\u0105 kurs pierwszej pomocy i do kt\u00f3rych zada\u0144 w zak\u0142adzie pracy b\u0119dzie nale\u017ca\u0142a pierwsza pomoc. Na podstawie tych przepis\u00f3w proponujemy Pa\u0144stwu zrealizowanie szkolenia pierwsza pomoc w naszym O\u015brodku, kt\u00f3re pomo\u017ce Pa\u0144stwu w spe\u0142nieniu przedstawionych wymog\u00f3w prawnych. Ka\u017cde zaj\u0119cia \u201ePierwsza pomoc w stanach zagro\u017cenia \u017cycia i zdrowia\u201d w\u0142\u0105czaj\u0105 cz\u0119\u015b\u0107 teoretyczn\u0105 oraz cz\u0119\u015b\u0107 praktyczn\u0105. Specjalnie dopracowany program nauczania pozwala kursantom na zapoznanie si\u0119 ze wszystkimi aspektami tematu. Podczas zaj\u0119\u0107 wykorzystujemy specjalny sprz\u0119t szkoleniowy, w tym nowoczesne manekiny, w tym fantomy, dzi\u0119ki kt\u00f3rym kurs kwalifikowanej pierwszej pomocy przekazuje kompletne kompetencje uczestnikom. Nad przebiegiem przez ca\u0142y czas czuwaj\u0105 do\u015bwiadczeni instruktorzy ratownicy z wieloletnim sta\u017cem w zawodzie. Forma zaj\u0119\u0107: wyk\u0142ady i \u0107wiczenia praktyczne Czas trwania zaj\u0119\u0107: 5 lekcji po 45 minut Miejsce zaj\u0119\u0107: Warszawa lub inne wskazane przez klienta Standardowy zakres tematyczny, kt\u00f3ry obejmuj\u0105 nasze kursy pierwszej pomocy, to mi\u0119dzy innymi: aspekty prawne zawarto\u015b\u0107 apteczki numery ratunkowe wraz z opisem zasad wzywania karetki pogotowia ratunkowego odpowiednie zabezpieczenie miejsca zdarzenia regu\u0142y prowadzenia ewakuacji os\u00f3b poszkodowanych przedstawienie metody resuscytacji kr\u0105\u017ceniowo-oddechowej (sprawdzanie podstawowych czynno\u015bci \u017cyciowych poszkodowanego, jego stanu \u015bwiadomo\u015bci, zasady wykonania masa\u017cu serca, prowadzenia wentylacji usta-usta) przedstawienie metody resuscytacji kr\u0105\u017ceniowo-oddechowej u dzieci zasady ustawiania poszkodowanego w pozycji bocznej bezpiecznej [&hellip;]<\/p>\n","protected":false},"author":1,"featured_media":1408,"parent":65,"menu_order":1,"comment_status":"closed","ping_status":"closed","template":"","meta":{"sfsi_plus_gutenberg_text_before_share":"","sfsi_plus_gutenberg_show_text_before_share":"","sfsi_plus_gutenberg_icon_type":"","sfsi_plus_gutenberg_icon_alignemt":"","sfsi_plus_gutenburg_max_per_row":"","footnotes":""},"class_list":["post-1220","page","type-page","status-publish","has-post-thumbnail","hentry","has_thumb"],"aioseo_notices":[],"_links":{"self":[{"href":"https:\/\/odk-ergon.pl\/fr\/wp-json\/wp\/v2\/pages\/1220","targetHints":{"allow":["GET"]}}],"collection":[{"href":"https:\/\/odk-ergon.pl\/fr\/wp-json\/wp\/v2\/pages"}],"about":[{"href":"https:\/\/odk-ergon.pl\/fr\/wp-json\/wp\/v2\/types\/page"}],"author":[{"embeddable":true,"href":"https:\/\/odk-ergon.pl\/fr\/wp-json\/wp\/v2\/users\/1"}],"replies":[{"embeddable":true,"href":"https:\/\/odk-ergon.pl\/fr\/wp-json\/wp\/v2\/comments?post=1220"}],"version-history":[{"count":6,"href":"https:\/\/odk-ergon.pl\/fr\/wp-json\/wp\/v2\/pages\/1220\/revisions"}],"predecessor-version":[{"id":1808,"href":"https:\/\/odk-ergon.pl\/fr\/wp-json\/wp\/v2\/pages\/1220\/revisions\/1808"}],"up":[{"embeddable":true,"href":"https:\/\/odk-ergon.pl\/fr\/wp-json\/wp\/v2\/pages\/65"}],"wp:featuredmedia":[{"embeddable":true,"href":"https:\/\/odk-ergon.pl\/fr\/wp-json\/wp\/v2\/media\/1408"}],"wp:attachment":[{"href":"https:\/\/odk-ergon.pl\/fr\/wp-json\/wp\/v2\/media?parent=1220"}],"curies":[{"name":"wp","href":"https:\/\/api.w.org\/{rel}","templated":true}]}}