{"id":1232,"date":"2014-08-07T15:17:44","date_gmt":"2014-08-07T15:17:44","guid":{"rendered":"http:\/\/odk-ergon.pl\/?page_id=1232"},"modified":"2022-02-26T02:23:16","modified_gmt":"2022-02-26T01:23:16","slug":"exigences-de-securite","status":"publish","type":"page","link":"https:\/\/odk-ergon.pl\/fr\/baza-wiedzy\/wymagania-bhp\/","title":{"rendered":"Exigences en mati\u00e8re de sant\u00e9 et de s\u00e9curit\u00e9"},"content":{"rendered":"<div style=\"float:left; padding-right:10px;\"><img decoding=\"async\" src=\"\/wp-content\/uploads\/2014\/08\/wymagania.jpg\" alt=\"\"><\/div>\n<div class=\"wyjustuj\">\n<p>Tout employeur qui emploie au moins un salari\u00e9 est tenu de faire des efforts pour que sa vie et sa sant\u00e9 sur le lieu de travail soient prot\u00e9g\u00e9es de mani\u00e8re ad\u00e9quate. \u00c0 cette fin, des r\u00e9glementations en mati\u00e8re de sant\u00e9 et de s\u00e9curit\u00e9 au travail sont utilis\u00e9es, qui d\u00e9finissent pr\u00e9cis\u00e9ment les conditions de travail s\u00fbres et hygi\u00e9niques \u00e0 diff\u00e9rents types de postes.<\/p>\n<p><strong>Obligations de l&#039;employeur dans le domaine de la sant\u00e9 et de la s\u00e9curit\u00e9 :<\/strong><\/p>\n<ul>\n<li>est tenu de prot\u00e9ger la sant\u00e9 et la vie de ses employ\u00e9s<\/li>\n<li>est responsable de la sant\u00e9 et de la s\u00e9curit\u00e9 au travail sur le lieu de travail<\/li>\n<li>doit organiser le travail d&#039;une mani\u00e8re conforme \u00e0 la loi<\/li>\n<li>r\u00e9pondre aux besoins des employ\u00e9s \u00e0 cet \u00e9gard<\/li>\n<li>veiller \u00e0 la politique de pr\u00e9vention des accidents du travail et des maladies professionnelles<\/li>\n<li>ex\u00e9cuter les arr\u00eat\u00e9s, d\u00e9cisions et ordonnances des organes de contr\u00f4le des conditions de travail<\/li>\n<li>fournir \u00e0 l&#039;employ\u00e9 des informations sur les risques professionnels, les menaces possibles pour la sant\u00e9 et la vie au travail et les activit\u00e9s visant \u00e0 les r\u00e9duire et \u00e0 les \u00e9liminer<\/li>\n<li>nommer des employ\u00e9s pour effectuer les premiers soins, la lutte contre les incendies et l&#039;\u00e9vacuation<\/li>\n<li>bien \u00e9quiper les postes de travail et les machines<\/li>\n<li>indiquer un coordonnateur dont la t\u00e2che sera de superviser la sant\u00e9 et la s\u00e9curit\u00e9 au travail<\/li>\n<li>assurer aux salari\u00e9s une formation initiale et continue<\/li>\n<li>fournir gratuitement des \u00e9quipements de protection individuelle, des chaussures et des v\u00eatements<\/li>\n<\/ul>\n<p>De plus amples informations sur les obligations des entreprises peuvent \u00eatre obtenues aupr\u00e8s de sp\u00e9cialistes dans ce domaine, y compris au sein de notre entreprise. Nous vous fournissons toujours un soutien complet li\u00e9 \u00e0 la mise en \u0153uvre des activit\u00e9s obligatoires, conform\u00e9ment \u00e0 la loi.<\/p>\n<\/div>","protected":false},"excerpt":{"rendered":"<p>Tout employeur qui emploie au moins un salari\u00e9 est tenu de faire des efforts pour que sa vie et sa sant\u00e9 sur le lieu de travail soient prot\u00e9g\u00e9es de mani\u00e8re ad\u00e9quate. \u00c0 cette fin, des r\u00e9glementations en mati\u00e8re de sant\u00e9 et de s\u00e9curit\u00e9 au travail sont utilis\u00e9es, qui d\u00e9finissent pr\u00e9cis\u00e9ment les conditions de travail s\u00fbres et hygi\u00e9niques \u00e0 diff\u00e9rents types de postes. Obligations de l&#039;employeur dans le domaine de la sant\u00e9 et de la s\u00e9curit\u00e9 au travail : est tenu de prot\u00e9ger la sant\u00e9 et la vie de ses employ\u00e9s est responsable de la sant\u00e9 et de la s\u00e9curit\u00e9 au travail sur le lieu de travail, doit organiser le travail d&#039;une mani\u00e8re conforme \u00e0 la loi, r\u00e9pondre aux demandes des employ\u00e9s besoins \u00e0 cet \u00e9gard, veiller \u00e0 la politique de pr\u00e9vention des accidents et des maladies professionnelles, mettre en \u0153uvre les arr\u00eat\u00e9s, d\u00e9cisions, ordonnances des organes de contr\u00f4le des conditions de travail, fournir au salari\u00e9 des informations sur les risques professionnels, les \u00e9ventuelles menaces pour la sant\u00e9 et la vie au travail et sur les activit\u00e9s visant \u00e0 les r\u00e9duire et \u00e0 les \u00e9liminer nommer des employ\u00e9s pour effectuer les premiers soins, la lutte contre l&#039;incendie et l&#039;\u00e9vacuation \u00e9quiper ad\u00e9quatement les postes de travail et les machines nommer un coordonnateur dont la t\u00e2che sera de superviser la sant\u00e9 et la s\u00e9curit\u00e9 au travail fournir aux employ\u00e9s une formation initiale et p\u00e9riodique fournir gratuitement des \u00e9quipements de protection individuelle, des chaussures, des v\u00eatements Plus des informations sur les obligations des entreprises peuvent \u00eatre obtenues aupr\u00e8s de sp\u00e9cialistes dans ce domaine, y compris au sein de notre entreprise. Nous vous fournissons toujours un soutien complet li\u00e9 \u00e0 la mise en \u0153uvre des activit\u00e9s obligatoires conform\u00e9ment \u00e0 la loi.<\/p>","protected":false},"author":1,"featured_media":0,"parent":1226,"menu_order":0,"comment_status":"closed","ping_status":"closed","template":"","meta":{"sfsi_plus_gutenberg_text_before_share":"","sfsi_plus_gutenberg_show_text_before_share":"","sfsi_plus_gutenberg_icon_type":"","sfsi_plus_gutenberg_icon_alignemt":"","sfsi_plus_gutenburg_max_per_row":"","footnotes":""},"class_list":["post-1232","page","type-page","status-publish","hentry","has_thumb"],"aioseo_notices":[],"_links":{"self":[{"href":"https:\/\/odk-ergon.pl\/fr\/wp-json\/wp\/v2\/pages\/1232","targetHints":{"allow":["GET"]}}],"collection":[{"href":"https:\/\/odk-ergon.pl\/fr\/wp-json\/wp\/v2\/pages"}],"about":[{"href":"https:\/\/odk-ergon.pl\/fr\/wp-json\/wp\/v2\/types\/page"}],"author":[{"embeddable":true,"href":"https:\/\/odk-ergon.pl\/fr\/wp-json\/wp\/v2\/users\/1"}],"replies":[{"embeddable":true,"href":"https:\/\/odk-ergon.pl\/fr\/wp-json\/wp\/v2\/comments?post=1232"}],"version-history":[{"count":2,"href":"https:\/\/odk-ergon.pl\/fr\/wp-json\/wp\/v2\/pages\/1232\/revisions"}],"predecessor-version":[{"id":1376,"href":"https:\/\/odk-ergon.pl\/fr\/wp-json\/wp\/v2\/pages\/1232\/revisions\/1376"}],"up":[{"embeddable":true,"href":"https:\/\/odk-ergon.pl\/fr\/wp-json\/wp\/v2\/pages\/1226"}],"wp:attachment":[{"href":"https:\/\/odk-ergon.pl\/fr\/wp-json\/wp\/v2\/media?parent=1232"}],"curies":[{"name":"wp","href":"https:\/\/api.w.org\/{rel}","templated":true}]}}