{"id":1247,"date":"2014-08-07T15:25:59","date_gmt":"2014-08-07T15:25:59","guid":{"rendered":"http:\/\/odk-ergon.pl\/?page_id=1247"},"modified":"2022-02-26T02:06:22","modified_gmt":"2022-02-26T01:06:22","slug":"inspecteur-de-la-sante-et-de-la-securite","status":"publish","type":"page","link":"https:\/\/odk-ergon.pl\/fr\/baza-wiedzy\/inspektor-bhp\/","title":{"rendered":"Inspecteur sant\u00e9 et s\u00e9curit\u00e9"},"content":{"rendered":"<div style=\"float: left; padding-right: 10px;\"><img decoding=\"async\" src=\"\/wp-content\/uploads\/2014\/08\/001-inspektor-rzeczoznawca.jpg\" alt=\"\" \/><\/div>\n<div class=\"wyjustuj\">\n<p>Un inspecteur en sant\u00e9 et s\u00e9curit\u00e9 est une personne qui s&#039;occupe professionnellement de la sant\u00e9 et de la s\u00e9curit\u00e9 au travail. Ses t\u00e2ches comprennent \u00e9galement la coordination, la supervision et d&#039;autres activit\u00e9s li\u00e9es \u00e0 l&#039;\u00e9tat de la sant\u00e9 et de la s\u00e9curit\u00e9 au travail dans l&#039;entreprise, par exemple, la pr\u00e9paration d&#039;\u00e9valuations des risques professionnels pour des postes donn\u00e9s, l&#039;analyse des risques, les proc\u00e9dures post-accidentelles en cas d&#039;accident du travail , pr\u00e9paration d&#039;autres documents, pour le respect de la r\u00e9glementation et l&#039;am\u00e9lioration constante du niveau de s\u00e9curit\u00e9 au travail.<\/p>\n<p>Pour devenir inspecteur dans le domaine de la sant\u00e9 et de la s\u00e9curit\u00e9 au travail, vous devez terminer au moins un coll\u00e8ge technique dans un domaine donn\u00e9, mais des \u00e9tudes sup\u00e9rieures dans la sp\u00e9cialisation correspondante sont optimales, car sur cette base, vous pouvez obtenir des qualifications plus larges qui accordent le titre de sp\u00e9cialiste.<\/p>\n<ul>\n<li>un inspecteur est une personne qui exerce la profession de technicien<\/li>\n<li>un inspecteur sup\u00e9rieur est une personne qui exerce la profession de technicien et qui a 3 ans de pratique ou d&#039;\u00e9tudes sup\u00e9rieures ou d&#039;\u00e9tudes sup\u00e9rieures<\/li>\n<\/ul>\n<h2><strong>Quand faut-il \u00e9tablir un service de sant\u00e9 et de s\u00e9curit\u00e9?<\/strong><\/h2>\n<p>Conform\u00e9ment aux dispositions l\u00e9gales, dans les entreprises qui emploient jusqu&#039;\u00e0 100 personnes, des t\u00e2ches dans le domaine de la sant\u00e9 et de la s\u00e9curit\u00e9 au travail peuvent \u00eatre confi\u00e9es \u00e0 un employ\u00e9 externe. Si 100 salari\u00e9s ou plus sont employ\u00e9s, l&#039;employeur est tenu de mettre en place un service de sant\u00e9 et de s\u00e9curit\u00e9. Par cons\u00e9quent, dans les petites entreprises, il n&#039;est pas n\u00e9cessaire d&#039;embaucher des inspecteurs et de cr\u00e9er un service appropri\u00e9. L&#039;employeur peut \u00e9galement ex\u00e9cuter de mani\u00e8re autonome les t\u00e2ches du service, s&#039;il a suivi une formation. En cas d&#039;identification de risques professionnels sur le lieu de travail, l&#039;inspecteur du travail peut ordonner la cr\u00e9ation d&#039;un service appropri\u00e9 ou l&#039;augmentation de ses effectifs.<\/p>\n<\/div>","protected":false},"excerpt":{"rendered":"<p>Un inspecteur en sant\u00e9 et s\u00e9curit\u00e9 est une personne qui s&#039;occupe professionnellement de la sant\u00e9 et de la s\u00e9curit\u00e9 au travail. Ses t\u00e2ches comprennent \u00e9galement la coordination, la supervision et d&#039;autres activit\u00e9s li\u00e9es \u00e0 l&#039;\u00e9tat de la sant\u00e9 et de la s\u00e9curit\u00e9 au travail dans l&#039;entreprise, par exemple, la pr\u00e9paration d&#039;\u00e9valuations des risques professionnels pour des postes donn\u00e9s, l&#039;analyse des risques, les proc\u00e9dures post-accidentelles en cas d&#039;accident du travail , pr\u00e9paration d&#039;autres documents, pour le respect de la r\u00e9glementation et l&#039;am\u00e9lioration constante du niveau de s\u00e9curit\u00e9 au travail. Pour devenir inspecteur dans le domaine de la sant\u00e9 et de la s\u00e9curit\u00e9 au travail, vous devez terminer au moins une \u00e9cole technique dans un domaine donn\u00e9, mais des \u00e9tudes sup\u00e9rieures dans la sp\u00e9cialisation correspondante sont optimales, car sur cette base, vous pouvez obtenir des qualifications plus larges qui accordent le titre de sp\u00e9cialiste. un inspecteur est une personne qui exerce la profession de technicien un inspecteur sup\u00e9rieur est une personne qui exerce la profession de technicien et qui a 3 ans de pratique ou d&#039;\u00e9tudes sup\u00e9rieures ou postuniversitaires Quand faut-il mettre en place un service d&#039;hygi\u00e8ne et de s\u00e9curit\u00e9 ? Conform\u00e9ment \u00e0 la loi, dans les entreprises qui emploient jusqu&#039;\u00e0 100 personnes, des t\u00e2ches dans le domaine de la sant\u00e9 et de la s\u00e9curit\u00e9 au travail peuvent \u00eatre confi\u00e9es \u00e0 un employ\u00e9 externe. Si 100 salari\u00e9s ou plus sont employ\u00e9s, l&#039;employeur est tenu de mettre en place un service de sant\u00e9 et de s\u00e9curit\u00e9. Par cons\u00e9quent, dans les petites entreprises, il n&#039;est pas n\u00e9cessaire d&#039;embaucher des inspecteurs et de cr\u00e9er un service appropri\u00e9. L&#039;employeur peut \u00e9galement effectuer lui-m\u00eame les t\u00e2ches du service, s&#039;il a suivi une formation. En cas d&#039;identification de risques professionnels sur le lieu de travail, l&#039;inspecteur du travail peut ordonner la cr\u00e9ation d&#039;un service appropri\u00e9 ou l&#039;augmentation de ses effectifs.<\/p>","protected":false},"author":1,"featured_media":1348,"parent":1226,"menu_order":0,"comment_status":"closed","ping_status":"closed","template":"","meta":{"sfsi_plus_gutenberg_text_before_share":"","sfsi_plus_gutenberg_show_text_before_share":"","sfsi_plus_gutenberg_icon_type":"","sfsi_plus_gutenberg_icon_alignemt":"","sfsi_plus_gutenburg_max_per_row":"","footnotes":""},"class_list":["post-1247","page","type-page","status-publish","has-post-thumbnail","hentry","has_thumb"],"aioseo_notices":[],"_links":{"self":[{"href":"https:\/\/odk-ergon.pl\/fr\/wp-json\/wp\/v2\/pages\/1247","targetHints":{"allow":["GET"]}}],"collection":[{"href":"https:\/\/odk-ergon.pl\/fr\/wp-json\/wp\/v2\/pages"}],"about":[{"href":"https:\/\/odk-ergon.pl\/fr\/wp-json\/wp\/v2\/types\/page"}],"author":[{"embeddable":true,"href":"https:\/\/odk-ergon.pl\/fr\/wp-json\/wp\/v2\/users\/1"}],"replies":[{"embeddable":true,"href":"https:\/\/odk-ergon.pl\/fr\/wp-json\/wp\/v2\/comments?post=1247"}],"version-history":[{"count":3,"href":"https:\/\/odk-ergon.pl\/fr\/wp-json\/wp\/v2\/pages\/1247\/revisions"}],"predecessor-version":[{"id":1804,"href":"https:\/\/odk-ergon.pl\/fr\/wp-json\/wp\/v2\/pages\/1247\/revisions\/1804"}],"up":[{"embeddable":true,"href":"https:\/\/odk-ergon.pl\/fr\/wp-json\/wp\/v2\/pages\/1226"}],"wp:featuredmedia":[{"embeddable":true,"href":"https:\/\/odk-ergon.pl\/fr\/wp-json\/wp\/v2\/media\/1348"}],"wp:attachment":[{"href":"https:\/\/odk-ergon.pl\/fr\/wp-json\/wp\/v2\/media?parent=1247"}],"curies":[{"name":"wp","href":"https:\/\/api.w.org\/{rel}","templated":true}]}}