{"id":1249,"date":"2014-08-07T15:27:27","date_gmt":"2014-08-07T15:27:27","guid":{"rendered":"http:\/\/odk-ergon.pl\/?page_id=1249"},"modified":"2014-08-10T18:11:48","modified_gmt":"2014-08-10T18:11:48","slug":"specialiste-sst","status":"publish","type":"page","link":"https:\/\/odk-ergon.pl\/fr\/baza-wiedzy\/specjalista-bhp\/","title":{"rendered":"Sp\u00e9cialiste en sant\u00e9 et s\u00e9curit\u00e9 au travail"},"content":{"rendered":"<div style=\"float:left; padding-right:10px;\"><img decoding=\"async\" src=\"\/wp-content\/uploads\/2014\/08\/specjalista.jpg\" alt=\"\"><\/div>\n<div class=\"wyjustuj\">\n<p>Un sp\u00e9cialiste de la sant\u00e9 et de la s\u00e9curit\u00e9 est une personne qui poss\u00e8de la formation et la pratique appropri\u00e9es pour exercer la profession. Surtout:<\/p>\n<ul style=\"padding-left:190px;\">\n<li>un sp\u00e9cialiste est une personne qui a fait des \u00e9tudes sup\u00e9rieures ou postuniversitaires et au moins 1 an de stage<\/li>\n<li>un sp\u00e9cialiste senior est une personne qui a fait des \u00e9tudes sup\u00e9rieures dans un domaine d&#039;\u00e9tudes ou de sp\u00e9cialisation donn\u00e9, des \u00e9tudes de troisi\u00e8me cycle et au moins 3 ans de pratique<\/li>\n<li>le sp\u00e9cialiste principal est une personne qui a fait des \u00e9tudes sup\u00e9rieures dans un domaine d&#039;\u00e9tudes ou de sp\u00e9cialisation donn\u00e9, des \u00e9tudes de troisi\u00e8me cycle et au moins 5 ans de pratique<\/li>\n<\/ul>\n<p><strong>Selon la loi, un sp\u00e9cialiste de la sant\u00e9 et de la s\u00e9curit\u00e9 est tenu de mettre en \u0153uvre les recommandations r\u00e9sultant des lois et r\u00e8glements, y compris, entre autres :<\/strong><\/p>\n<ul>\n<li>contr\u00f4le constant des conditions de travail<\/li>\n<li>pr\u00e9paration d&#039;\u00e9valuations des risques professionnels et conservation d&#039;autres types de documentation<\/li>\n<li>mener des proc\u00e9dures post-accidentelles<\/li>\n<li>contr\u00f4le de l&#039;exactitude des r\u00e9glementations dans l&#039;entreprise<\/li>\n<li>formation initiale et continue, formation des employ\u00e9s<\/li>\n<li>cr\u00e9ation et mise \u00e0 jour des proc\u00e9dures<\/li>\n<li>coop\u00e9ration avec les autorit\u00e9s de contr\u00f4le<\/li>\n<li>promouvoir la s\u00e9curit\u00e9 dans l&#039;entreprise<\/li>\n<\/ul>\n<p>Actuellement, les entrepreneurs n&#039;ont pas \u00e0 embaucher leurs propres sp\u00e9cialistes, mais ils peuvent confier des travaux \u00e0 des entreprises externes. Cela s&#039;applique aux entreprises de moins de 100 salari\u00e9s. Il existe \u00e9galement d&#039;autres exigences.<\/p>\n<p>Nos employ\u00e9s s&#039;occuperont de l&#039;\u00e9tat de votre entreprise dans le domaine de la sant\u00e9 et de la s\u00e9curit\u00e9 au travail et s\u00e9lectionneront des solutions appropri\u00e9es dans le cadre des r\u00e9glementations l\u00e9gales en vigueur. Ainsi, votre entreprise pourra agir en cons\u00e9quence et offrir un haut niveau de s\u00e9curit\u00e9 aux employ\u00e9s.<\/p>\n<\/div>","protected":false},"excerpt":{"rendered":"<p>Un sp\u00e9cialiste de la sant\u00e9 et de la s\u00e9curit\u00e9 est une personne qui poss\u00e8de la formation et la pratique appropri\u00e9es pour exercer la profession. En particulier : un sp\u00e9cialiste est une personne qui a fait des \u00e9tudes sup\u00e9rieures dans un domaine d&#039;\u00e9tudes ou des \u00e9tudes sup\u00e9rieures et au moins 1 an de stage, un sp\u00e9cialiste senior est une personne qui a fait des \u00e9tudes sup\u00e9rieures dans un domaine ou une sp\u00e9cialisation donn\u00e9e, des \u00e9tudes sup\u00e9rieures et \u00e0 moins 3 ans de pratique, le sp\u00e9cialiste principal est une personne qui d\u00e9tient un dipl\u00f4me universitaire dans un domaine d&#039;\u00e9tudes ou de sp\u00e9cialisation donn\u00e9, des \u00e9tudes postdoctorales et au moins 5 ans de pratique Selon la loi, un sp\u00e9cialiste en sant\u00e9 et s\u00e9curit\u00e9 est tenu de mettre en \u0153uvre les recommandations r\u00e9sultant des lois et r\u00e8glements, y compris : le contr\u00f4le permanent des conditions de travail, la pr\u00e9paration des \u00e9valuations des risques professionnels et la conservation d&#039;autres types de documentation la conduite des proc\u00e9dures post-accidentelles la v\u00e9rification de l&#039;exactitude de la r\u00e9glementation dans l&#039;entreprise la conduite de la formation initiale et continue, la formation des employ\u00e9s la cr\u00e9ation de proc\u00e9dures et les mettre \u00e0 jour coop\u00e9ration avec les autorit\u00e9s de contr\u00f4le promouvoir la s\u00e9curit\u00e9 dans l&#039;entreprise Actuellement, les entrepreneurs ne sont pas oblig\u00e9s d&#039;employer leurs propres sp\u00e9cialistes, mais ils peuvent confier les travaux \u00e0 des entreprises ext\u00e9rieures. Cela s&#039;applique aux entreprises de moins de 100 salari\u00e9s. Il existe \u00e9galement d&#039;autres exigences. Nos employ\u00e9s s&#039;occuperont de mani\u00e8re globale de l&#039;\u00e9tat de votre entreprise en termes de sant\u00e9 et de s\u00e9curit\u00e9 au travail et s\u00e9lectionneront des solutions appropri\u00e9es dans le cadre des r\u00e9glementations l\u00e9gales en vigueur. Ainsi, votre entreprise pourra agir en cons\u00e9quence et offrir un haut niveau de s\u00e9curit\u00e9 aux employ\u00e9s.<\/p>","protected":false},"author":1,"featured_media":0,"parent":1226,"menu_order":0,"comment_status":"closed","ping_status":"closed","template":"","meta":{"sfsi_plus_gutenberg_text_before_share":"","sfsi_plus_gutenberg_show_text_before_share":"","sfsi_plus_gutenberg_icon_type":"","sfsi_plus_gutenberg_icon_alignemt":"","sfsi_plus_gutenburg_max_per_row":"","footnotes":""},"class_list":["post-1249","page","type-page","status-publish","hentry","has_thumb"],"aioseo_notices":[],"_links":{"self":[{"href":"https:\/\/odk-ergon.pl\/fr\/wp-json\/wp\/v2\/pages\/1249","targetHints":{"allow":["GET"]}}],"collection":[{"href":"https:\/\/odk-ergon.pl\/fr\/wp-json\/wp\/v2\/pages"}],"about":[{"href":"https:\/\/odk-ergon.pl\/fr\/wp-json\/wp\/v2\/types\/page"}],"author":[{"embeddable":true,"href":"https:\/\/odk-ergon.pl\/fr\/wp-json\/wp\/v2\/users\/1"}],"replies":[{"embeddable":true,"href":"https:\/\/odk-ergon.pl\/fr\/wp-json\/wp\/v2\/comments?post=1249"}],"version-history":[{"count":6,"href":"https:\/\/odk-ergon.pl\/fr\/wp-json\/wp\/v2\/pages\/1249\/revisions"}],"predecessor-version":[{"id":1509,"href":"https:\/\/odk-ergon.pl\/fr\/wp-json\/wp\/v2\/pages\/1249\/revisions\/1509"}],"up":[{"embeddable":true,"href":"https:\/\/odk-ergon.pl\/fr\/wp-json\/wp\/v2\/pages\/1226"}],"wp:attachment":[{"href":"https:\/\/odk-ergon.pl\/fr\/wp-json\/wp\/v2\/media?parent=1249"}],"curies":[{"name":"wp","href":"https:\/\/api.w.org\/{rel}","templated":true}]}}