{"id":1585,"date":"2016-11-19T20:13:00","date_gmt":"2016-11-19T20:13:00","guid":{"rendered":"http:\/\/odk-ergon.pl\/?page_id=1585"},"modified":"2022-06-15T15:36:33","modified_gmt":"2022-06-15T13:36:33","slug":"categories-sep","status":"publish","type":"page","link":"https:\/\/odk-ergon.pl\/fr\/baza-wiedzy\/kategorie-sep\/","title":{"rendered":"Cat\u00e9gories G1, G2, G3"},"content":{"rendered":"<p><a href=\"http:\/\/odk-ergon.pl\/wp-content\/uploads\/2016\/11\/wire-1098059_640.jpg\"><img loading=\"lazy\" decoding=\"async\" class=\"size-medium wp-image-1588 alignleft\" src=\"http:\/\/odk-ergon.pl\/wp-content\/uploads\/2016\/11\/wire-1098059_640-300x168.jpg\" alt=\"fil-1098059_640\" width=\"300\" height=\"168\" srcset=\"https:\/\/odk-ergon.pl\/wp-content\/uploads\/2016\/11\/wire-1098059_640-300x168.jpg 300w, https:\/\/odk-ergon.pl\/wp-content\/uploads\/2016\/11\/wire-1098059_640-624x351.jpg 624w, https:\/\/odk-ergon.pl\/wp-content\/uploads\/2016\/11\/wire-1098059_640.jpg 640w\" sizes=\"auto, (max-width: 300px) 100vw, 300px\" \/><\/a>Si vous souhaitez exploiter des appareils, des r\u00e9seaux et des installations \u00e9nerg\u00e9tiques, vous devez disposer de SEP, PSE, SIMP, SITPS et bien d&#039;autres. Nous proposons des cours professionnels SEP, PSE, SIMP, SITPS, gr\u00e2ce auxquels chacun peut passer l&#039;examen correctement pr\u00e9par\u00e9.<\/p>\n<p>Aujourd&#039;hui, les pouvoirs individuels sont accord\u00e9s par les entit\u00e9s suivantes: Association des ing\u00e9nieurs \u00e9lectriciens polonais, Association polonaise des installations \u00e9lectriques (PSE), Association des ing\u00e9nieurs polonais en m\u00e9canique (SIMP), Association des ing\u00e9nieurs et techniciens de l&#039;industrie alimentaire (SITPS ou SITSpo\u017c), et bien d&#039;autres . Les examens finaux peuvent \u00eatre pass\u00e9s dans tout le pays. Par cons\u00e9quent, nous vous encourageons \u00e0 profiter de notre offre.<\/p>\n<p>Lors de nos formations SEP, PSE, SIMP, SITPS et autres, nous proposons :<\/p>\n<ul>\n<li>Cours G-1 pour l&#039;industrie de l&#039;\u00e9nergie,<\/li>\n<li>Cours G-2 pour la chaleur,<\/li>\n<li>Cours G-3 pour les gaz.<\/li>\n<\/ul>\n<p>Chaque type de formation est r\u00e9alis\u00e9 avec l&#039;utilisation de divers appareils.<\/p>\n<p>Aujourd&#039;hui, le minist\u00e8re de l&#039;\u00c9nergie s&#039;occupe de toutes les questions relevant du domaine de la politique \u00e9nerg\u00e9tique, ainsi que du march\u00e9 de l&#039;\u00e9nergie et de l&#039;utilisation des sources d&#039;\u00e9nergie individuelles. En outre, il fonctionne \u00e9galement \u00e0 cet \u00e9gard <a href=\"https:\/\/odk-ergon.pl\/fr\/szkolenia\/szkolenia-na-suwnice\/uprawnienia\/\">UDT<\/a>.<\/p>\n<p>Dans le cas des formations SEP, PSE, SIMP, SITPS G-1 dans le domaine de l&#039;ing\u00e9nierie \u00e9nerg\u00e9tique, des dispositifs de production d&#039;\u00e9lectricit\u00e9, des r\u00e9seaux et des installations \u00e9lectriques avec des tensions inf\u00e9rieures et sup\u00e9rieures \u00e0 1 kV sont utilis\u00e9s. Nous fournissons \u00e9galement des groupes \u00e9lectrog\u00e8nes d&#039;une puissance sup\u00e9rieure \u00e0 50W, ainsi que des r\u00e9seaux \u00e9lectriques pour l&#039;\u00e9clairage public, ou des appareils servant \u00e0 l&#039;\u00e9lectrolyse, des \u00e9quipements \u00e9lectrothermiques, ainsi que des appareils antid\u00e9flagrants, des r\u00e9seaux de traction \u00e9lectrique, ainsi que des appareils de mesure et de contr\u00f4le modernes. appareils, il vaut donc la peine de sauvegarder notre formation.<\/p>\n<p>Quand cela vient \u00e0 <a href=\"https:\/\/odk-ergon.pl\/fr\/szkolenia\/szkolenia-sep\/\">Formation PES<\/a>, PSE, SIMP, SITPS G-2 dans le domaine de la chaleur, des dispositifs de production, de traitement, de consommation et de transmission de chaleur sont utilis\u00e9s. Il peut s&#039;agir, par exemple, de chaudi\u00e8res \u00e0 vapeur et \u00e0 eau, ainsi que d&#039;installations et de r\u00e9seaux de chaleur, y compris des appareils auxiliaires d&#039;une puissance sup\u00e9rieure \u00e0 50 kW. Il s&#039;agit \u00e9galement des turbines \u00e0 eau et \u00e0 vapeur, de la climatisation, de la ventilation et des \u00e9quipements industriels servant \u00e0 produire de l&#039;eau chaude et de la vapeur. Nous travaillons \u00e9galement avec des soufflantes, des pompes et des ventilateurs ainsi que des ventouses et des compresseurs d&#039;une puissance sup\u00e9rieure \u00e0 20kW.<\/p>\n<p>Les formations SEP, PSE, SIMP, SITPS G-3 dans le domaine des installations et r\u00e9seaux de gaz sont principalement des g\u00e9n\u00e9rateurs de gaz modernes, des \u00e9quipements de traitement et de transport de combustibles gazeux, ainsi que des r\u00e9seaux de transport de gaz \u00e0 une pression sup\u00e9rieure \u00e0 0,5 MPa. Ce sont \u00e9galement des dispositifs de stockage, des r\u00e9seaux de distribution, ainsi que des turbines \u00e0 gaz, des r\u00e9cepteurs de carburant et d&#039;autres dispositifs de mesure et de contr\u00f4le.<\/p>\n<p>La soci\u00e9t\u00e9 ERGON propose des formations professionnelles en \u00e9lectricit\u00e9 dans le domaine des G-1, G-2, G-3, ainsi qu&#039;une excellente pr\u00e9paration aux examens qui se passent avant SEP, PSE, SIMP, SITPS.<\/p>\n<p>Les informations sur le site Web ne constituent pas une offre commerciale et ont \u00e9t\u00e9 d\u00e9velopp\u00e9es afin que la personne qui entreprend la formation puisse \u00eatre inform\u00e9e de la possibilit\u00e9 d&#039;obtenir des qualifications aupr\u00e8s de diverses entit\u00e9s de formation d&#039;\u00e9lectricien en Pologne.<\/p>","protected":false},"excerpt":{"rendered":"<p>Je\u015bli chcemy obs\u0142ugiwa\u0107 urz\u0105dzenia, sieci oraz instalacje energetyczne, nale\u017cy posiada\u0107 uprawnienia SEP, PSE, SIMP, SITPS oraz wiele innych. Zapewniamy profesjonalne kursy SEP, PSE, SIMP, SITPS, dzi\u0119ki kt\u00f3rym ka\u017cdy mo\u017ce odpowiednio przygotowany podej\u015b\u0107 do egzaminu. Dzisiaj poszczeg\u00f3lne uprawnienia przyznaj\u0105 nast\u0119puj\u0105ce podmioty: Stowarzyszenie Elektryk\u00f3w Polskich, Polskie Stowarzyszenie Elektroinstalacyjne (PSE), Stowarzyszenie In\u017cynier\u00f3w Mechanik\u00f3w Polskich (SIMP), Stowarzyszenie In\u017cynier\u00f3w i Technik\u00f3w Przemys\u0142u Spo\u017cywczego (SITPS lub SITSpo\u017c), a tak\u017ce wiele innych. Egzaminy ko\u0144cowe mo\u017cna zdawa\u0107 na terenie ca\u0142ego kraju. Zach\u0119camy, zatem do skorzystania z naszej oferty. Na naszym szkoleniu SEP, PSE, SIMP, SITPS oraz innych kurs\u00f3w, zapewniamy: kurs G-1 dla elektroenergetyki, kurs G-2 dla ciep\u0142a, kurs G-3 dla gaz\u00f3w. Ka\u017cdy rodzaj szkolenia jest prowadzony z wykorzystaniem urozmaiconych urz\u0105dze\u0144. Dzisiaj Ministerstwo Energii zajmuje si\u0119 prowadzeniem wszelkich spraw w zakresie polityki energetycznej, a tak\u017ce rynku energii oraz wykorzystania poszczeg\u00f3lnych \u017ar\u00f3de\u0142 energii. Dodatkowo w tym zakresie funkcjonuje tak\u017ce UDT. W przypadku szkole\u0144\u00a0 SEP, PSE, SIMP, SITPS G-1 w zakresie elektroenergetyki, wykorzystywane s\u0105 urz\u0105dzenia pr\u0105dotw\u00f3rcze, sieci i instalacji elektroenergetyczne o napi\u0119ciu poni\u017cej i powy\u017cej 1kV. Zapewniamy tak\u017ce zespo\u0142y pr\u0105dotw\u00f3rcze z moc\u0105 powy\u017cej 50W, a tak\u017ce sieci elektryczne dotycz\u0105ce o\u015bwietlenia ulic, czy te\u017c urz\u0105dzenia, jakie wykorzystuje si\u0119 do elektrolizy, sprz\u0119t elektrotermiczny, a tak\u017ce urz\u0105dzenia przewciwwybuchowe, elektryczne sieci trakcyjne, a tak\u017ce nowoczesne urz\u0105dzenia pomiarowe i kontrolne, dlatego warto zapisa\u0107 si\u0119 na nasze szkolenia. Je\u015bli chodzi o szkolenia SEP, PSE, SIMP, SITPS G-2 w zakresie ciep\u0142a wykorzystywane s\u0105 urz\u0105dzenia zajmuj\u0105ce si\u0119 wytwarzaniem, przetwarzaniem, zu\u017cywaniem i przesy\u0142aniem ciep\u0142a. Mog\u0105 to by\u0107 chocia\u017cby kot\u0142y parowe i wodne, a tak\u017ce instalacje i sieci cieplne, \u0142\u0105cznie z urz\u0105dzeniami pomocniczymi, jakie maj\u0105 moc [&hellip;]<\/p>\n","protected":false},"author":1,"featured_media":0,"parent":1226,"menu_order":0,"comment_status":"closed","ping_status":"closed","template":"","meta":{"sfsi_plus_gutenberg_text_before_share":"","sfsi_plus_gutenberg_show_text_before_share":"","sfsi_plus_gutenberg_icon_type":"","sfsi_plus_gutenberg_icon_alignemt":"","sfsi_plus_gutenburg_max_per_row":"","footnotes":""},"class_list":["post-1585","page","type-page","status-publish","hentry","has_thumb"],"aioseo_notices":[],"_links":{"self":[{"href":"https:\/\/odk-ergon.pl\/fr\/wp-json\/wp\/v2\/pages\/1585","targetHints":{"allow":["GET"]}}],"collection":[{"href":"https:\/\/odk-ergon.pl\/fr\/wp-json\/wp\/v2\/pages"}],"about":[{"href":"https:\/\/odk-ergon.pl\/fr\/wp-json\/wp\/v2\/types\/page"}],"author":[{"embeddable":true,"href":"https:\/\/odk-ergon.pl\/fr\/wp-json\/wp\/v2\/users\/1"}],"replies":[{"embeddable":true,"href":"https:\/\/odk-ergon.pl\/fr\/wp-json\/wp\/v2\/comments?post=1585"}],"version-history":[{"count":7,"href":"https:\/\/odk-ergon.pl\/fr\/wp-json\/wp\/v2\/pages\/1585\/revisions"}],"predecessor-version":[{"id":2254,"href":"https:\/\/odk-ergon.pl\/fr\/wp-json\/wp\/v2\/pages\/1585\/revisions\/2254"}],"up":[{"embeddable":true,"href":"https:\/\/odk-ergon.pl\/fr\/wp-json\/wp\/v2\/pages\/1226"}],"wp:attachment":[{"href":"https:\/\/odk-ergon.pl\/fr\/wp-json\/wp\/v2\/media?parent=1585"}],"curies":[{"name":"wp","href":"https:\/\/api.w.org\/{rel}","templated":true}]}}